{"id":432,"date":"2024-04-04T20:59:25","date_gmt":"2024-04-04T18:59:25","guid":{"rendered":"https:\/\/rivoli.dev.hayloft-it.ch\/?post_type=product&#038;p=432"},"modified":"2026-04-08T12:17:14","modified_gmt":"2026-04-08T10:17:14","slug":"le-regard-2-0-traitement-ultra-correctif","status":"publish","type":"product","link":"https:\/\/rivoli.ch\/en\/products-2\/le-regard-2-0-traitement-ultra-correctif\/","title":{"rendered":"Le Regard 2.0 Ultra Corrective Treatment"},"content":{"rendered":"<p><strong>RIVOLI Gen\u00e8ve<\/strong> enhances the eyes with an exceptional treatment. Combining <strong>ancient traditional medicine<\/strong>\u00a0with scientific innovation, <strong>Ultra-Corrective Treatment<\/strong> is much more than just an eye cream: it is a regenerating concentrate with anti-wrinkle, anti-dark circle, and decongestant properties.<\/p>\n<p><strong>Plant-based effectiveness:<\/strong> its <strong>100% natural complex<\/strong> targets the main signs of fatigue around the eyes. It soothes, decongests, and revitalizes the fragile eye area with remarkable precision.<\/p>\n<p><strong>Exclusive ASPRivoli\u00ae technology:<\/strong> at the heart of its formula, the patented <strong>ASPRivoli\u00ae<\/strong> technology activates the skin's natural regeneration mechanisms. It promotes cell repair, visibly reduces the signs of aging, and reveals a rested, luminous, visibly younger-looking eye area.<\/p>\n<p>Its <strong>light,<\/strong> melt-in texture is quickly absorbed without leaving a greasy film, for a more beautiful eye area from the very first applications.<\/p>","protected":false},"excerpt":{"rendered":"<p>Our ultra-corrective eye contour cream fights wrinkles, dark circles, and puffiness.<\/p>","protected":false},"featured_media":1082,"comment_status":"closed","ping_status":"closed","template":"","meta":{"_seopress_robots_primary_cat":"none","_seopress_titles_title":"Cr\u00e8me pour les yeux anti-\u00e2ge, anti-cernes | Rivoli Gen\u00e8ve","_seopress_titles_desc":"D\u00e9couvrez la cr\u00e8me globale anti-\u00e2ge pour le contour des yeux\u00a0: anti-rides, anti-cernes et anti-poches Rivoli Gen\u00e8ve \u2b50 Livraison Gratuite\u00a0","_seopress_robots_index":""},"product_cat":[22],"product_tag":[],"woo-feed-brand":[],"acf":[],"_links":{"self":[{"href":"https:\/\/rivoli.ch\/en\/wp-json\/wp\/v2\/product\/432"}],"collection":[{"href":"https:\/\/rivoli.ch\/en\/wp-json\/wp\/v2\/product"}],"about":[{"href":"https:\/\/rivoli.ch\/en\/wp-json\/wp\/v2\/types\/product"}],"replies":[{"embeddable":true,"href":"https:\/\/rivoli.ch\/en\/wp-json\/wp\/v2\/comments?post=432"}],"wp:featuredmedia":[{"embeddable":true,"href":"https:\/\/rivoli.ch\/en\/wp-json\/wp\/v2\/media\/1082"}],"wp:attachment":[{"href":"https:\/\/rivoli.ch\/en\/wp-json\/wp\/v2\/media?parent=432"}],"wp:term":[{"taxonomy":"product_cat","embeddable":true,"href":"https:\/\/rivoli.ch\/en\/wp-json\/wp\/v2\/product_cat?post=432"},{"taxonomy":"product_tag","embeddable":true,"href":"https:\/\/rivoli.ch\/en\/wp-json\/wp\/v2\/product_tag?post=432"},{"taxonomy":"woo-feed-brand","embeddable":true,"href":"https:\/\/rivoli.ch\/en\/wp-json\/wp\/v2\/woo-feed-brand?post=432"}],"curies":[{"name":"wp","href":"https:\/\/api.w.org\/{rel}","templated":true}]}}