{"id":417,"date":"2024-04-04T20:26:43","date_gmt":"2024-04-04T18:26:43","guid":{"rendered":"https:\/\/rivoli.dev.hayloft-it.ch\/?post_type=product&#038;p=417"},"modified":"2026-01-29T09:16:37","modified_gmt":"2026-01-29T08:16:37","slug":"le-demaquillant-gel-nettoyant","status":"publish","type":"product","link":"https:\/\/rivoli.ch\/en\/products-2\/le-demaquillant-gel-nettoyant\/","title":{"rendered":"Le D\u00e9maquillant Gel Nettoyant"},"content":{"rendered":"<p class=\"translation-block\">RIVOLI <em>Purifying Cleansing Gel<\/em> is the ideal solution for a complete cleansing of the face and eyes. It is particularly suitable for sensitive and dry skin.<\/p>\n<p class=\"translation-block\">The RIVOLI <em>Purifying Cleansing Gel<\/em> removes makeup, even waterproof and long-hold formulas, as well as impurities and pollution micro-particles accumulated throughout the day (-97%*).<\/p>\n<p class=\"translation-block\">Respectful of the skin's microbiota, RIVOLI <em>Purifying Cleansing Gel<\/em> is also detoxifying and regenerating.<\/p>\n<p class=\"translation-block\">Used daily, RIVOLI <em>Purifying Cleansing Gel <\/em> prepares your skin for its evening beauty ritual.<\/p>","protected":false},"excerpt":{"rendered":"<p>Our cleansing, make-up removal and depollution treatment for sensitive skin.<\/p>","protected":false},"featured_media":1504,"comment_status":"closed","ping_status":"closed","template":"","meta":{"_seopress_robots_primary_cat":"none","_seopress_titles_title":"Gel nettoyant d\u00e9maquillant doux | Rivoli Gen\u00e8ve","_seopress_titles_desc":"Gel nettoyant d\u00e9maquillant : \u00e9limine impuret\u00e9s et maquillage waterproof en douceur, id\u00e9al pour les peaux sensibles \u2b50 Livraison Gratuite !","_seopress_robots_index":""},"product_cat":[21],"product_tag":[],"woo-feed-brand":[],"acf":[],"_links":{"self":[{"href":"https:\/\/rivoli.ch\/en\/wp-json\/wp\/v2\/product\/417"}],"collection":[{"href":"https:\/\/rivoli.ch\/en\/wp-json\/wp\/v2\/product"}],"about":[{"href":"https:\/\/rivoli.ch\/en\/wp-json\/wp\/v2\/types\/product"}],"replies":[{"embeddable":true,"href":"https:\/\/rivoli.ch\/en\/wp-json\/wp\/v2\/comments?post=417"}],"wp:featuredmedia":[{"embeddable":true,"href":"https:\/\/rivoli.ch\/en\/wp-json\/wp\/v2\/media\/1504"}],"wp:attachment":[{"href":"https:\/\/rivoli.ch\/en\/wp-json\/wp\/v2\/media?parent=417"}],"wp:term":[{"taxonomy":"product_cat","embeddable":true,"href":"https:\/\/rivoli.ch\/en\/wp-json\/wp\/v2\/product_cat?post=417"},{"taxonomy":"product_tag","embeddable":true,"href":"https:\/\/rivoli.ch\/en\/wp-json\/wp\/v2\/product_tag?post=417"},{"taxonomy":"woo-feed-brand","embeddable":true,"href":"https:\/\/rivoli.ch\/en\/wp-json\/wp\/v2\/woo-feed-brand?post=417"}],"curies":[{"name":"wp","href":"https:\/\/api.w.org\/{rel}","templated":true}]}}