{"id":384,"date":"2024-04-04T19:04:36","date_gmt":"2024-04-04T17:04:36","guid":{"rendered":"https:\/\/rivoli.dev.hayloft-it.ch\/?post_type=product&#038;p=384"},"modified":"2026-04-27T20:17:39","modified_gmt":"2026-04-27T18:17:39","slug":"le-visage-serum-lumiere-n02","status":"publish","type":"product","link":"https:\/\/rivoli.ch\/en\/products-2\/le-visage-serum-lumiere-n02\/","title":{"rendered":"Le Visage S\u00e9rum Lumi\u00e8re N\u00b002"},"content":{"rendered":"<p class=\"translation-block\">The radiance boosting <em>Luminous Serum<\/em> is back with a new, even more effective 02 formula.<\/p>\n<p class=\"translation-block\">Endowed with new corrective virtues, RIVOLI <em>Luminous Serum N\u00b002<\/em> brings the skin instant radiance (+29%* in 30 minutes) and evens out the complexion (reduction in redness and dark spots for 70%* of women after 28 days of use).<\/p>\n<p class=\"translation-block\">Winner of the 2022 Annabelle Prix de Beaut\u00e9 2022 RIVOLI <em>Luminous Serum N\u00b002<\/em> is an anti-aging concentrate with the power to beautify. Enriched with active anti-aging ingredients, it smooths fine lines and wrinkles, and strengthens the cutaneous barrier.<\/p>\n<p class=\"translation-block\">RIVOLI <em>Luminous Serum N\u00b002<\/em> is certified vegan and contains no parabens, silicones, or MICA.<\/p>","protected":false},"excerpt":{"rendered":"<p>Our high-performance serum for a radiant, glowing face.<\/p>","protected":false},"featured_media":1093,"comment_status":"closed","ping_status":"closed","template":"","meta":{"_seopress_robots_primary_cat":"none","_seopress_titles_title":"Serum pour un visage \u00e9clatant et radiant | Rivoli Gen\u00e8ve","_seopress_titles_desc":"S\u00e9rum visage : ravivez l\u2019\u00e9clat de votre peau et obtenez un teint lumineux et uniforme avec le S\u00e9rum Lumi\u00e8re N\u00b002 Le Visage. \u2b50 Livraison Gratuite","_seopress_robots_index":""},"product_cat":[21],"product_tag":[],"woo-feed-brand":[],"acf":[],"_links":{"self":[{"href":"https:\/\/rivoli.ch\/en\/wp-json\/wp\/v2\/product\/384"}],"collection":[{"href":"https:\/\/rivoli.ch\/en\/wp-json\/wp\/v2\/product"}],"about":[{"href":"https:\/\/rivoli.ch\/en\/wp-json\/wp\/v2\/types\/product"}],"replies":[{"embeddable":true,"href":"https:\/\/rivoli.ch\/en\/wp-json\/wp\/v2\/comments?post=384"}],"wp:featuredmedia":[{"embeddable":true,"href":"https:\/\/rivoli.ch\/en\/wp-json\/wp\/v2\/media\/1093"}],"wp:attachment":[{"href":"https:\/\/rivoli.ch\/en\/wp-json\/wp\/v2\/media?parent=384"}],"wp:term":[{"taxonomy":"product_cat","embeddable":true,"href":"https:\/\/rivoli.ch\/en\/wp-json\/wp\/v2\/product_cat?post=384"},{"taxonomy":"product_tag","embeddable":true,"href":"https:\/\/rivoli.ch\/en\/wp-json\/wp\/v2\/product_tag?post=384"},{"taxonomy":"woo-feed-brand","embeddable":true,"href":"https:\/\/rivoli.ch\/en\/wp-json\/wp\/v2\/woo-feed-brand?post=384"}],"curies":[{"name":"wp","href":"https:\/\/api.w.org\/{rel}","templated":true}]}}