{"id":374,"date":"2024-04-04T18:52:37","date_gmt":"2024-04-04T16:52:37","guid":{"rendered":"https:\/\/rivoli.dev.hayloft-it.ch\/?post_type=product&#038;p=374"},"modified":"2026-04-27T22:17:17","modified_gmt":"2026-04-27T20:17:17","slug":"le-visage-masque-reparateur-n02","status":"publish","type":"product","link":"https:\/\/rivoli.ch\/en\/products-2\/le-visage-masque-reparateur-n02\/","title":{"rendered":"Le Visage Masque R\u00e9parateur N\u00b002"},"content":{"rendered":"<p class=\"translation-block\">The <em>Repairing Mask<\/em>, RIVOLI's iconic multifunctional mask, is now available as a new, ultra-rich 02 formula.<\/p>\n<p>Like a personal trainer, it works to maintain skin's youthfulness by stimulating its natural mechanisms.<\/p>\n<p class=\"translation-block\">The RIVOLI <em>Repairing Mask N\u00b002<\/em> improves skin hydration by 70% within 2 hours of application. It also visibly reduces wrinkles while nourishing and toning the skin.<\/p>","protected":false},"excerpt":{"rendered":"<p>Our ultra-rich mask with anti-aging, moisturizing, and nourishing properties.<\/p>","protected":false},"featured_media":1100,"comment_status":"closed","ping_status":"closed","template":"","meta":{"_seopress_robots_primary_cat":"none","_seopress_titles_title":"Masque r\u00e9parateur nourrissant pour le visage | Rivoli Gen\u00e8ve","_seopress_titles_desc":"R\u00e9parez et nourrissez votre peau gr\u00e2ce au masque Le Visage N\u00b002, un masque ultra-riche r\u00e9parateur et nourrissant \u2b50 Livraison Gratuite","_seopress_robots_index":""},"product_cat":[21],"product_tag":[],"woo-feed-brand":[],"acf":[],"_links":{"self":[{"href":"https:\/\/rivoli.ch\/en\/wp-json\/wp\/v2\/product\/374"}],"collection":[{"href":"https:\/\/rivoli.ch\/en\/wp-json\/wp\/v2\/product"}],"about":[{"href":"https:\/\/rivoli.ch\/en\/wp-json\/wp\/v2\/types\/product"}],"replies":[{"embeddable":true,"href":"https:\/\/rivoli.ch\/en\/wp-json\/wp\/v2\/comments?post=374"}],"wp:featuredmedia":[{"embeddable":true,"href":"https:\/\/rivoli.ch\/en\/wp-json\/wp\/v2\/media\/1100"}],"wp:attachment":[{"href":"https:\/\/rivoli.ch\/en\/wp-json\/wp\/v2\/media?parent=374"}],"wp:term":[{"taxonomy":"product_cat","embeddable":true,"href":"https:\/\/rivoli.ch\/en\/wp-json\/wp\/v2\/product_cat?post=374"},{"taxonomy":"product_tag","embeddable":true,"href":"https:\/\/rivoli.ch\/en\/wp-json\/wp\/v2\/product_tag?post=374"},{"taxonomy":"woo-feed-brand","embeddable":true,"href":"https:\/\/rivoli.ch\/en\/wp-json\/wp\/v2\/woo-feed-brand?post=374"}],"curies":[{"name":"wp","href":"https:\/\/api.w.org\/{rel}","templated":true}]}}