{"id":353,"date":"2024-04-04T17:25:01","date_gmt":"2024-04-04T15:25:01","guid":{"rendered":"https:\/\/rivoli.dev.hayloft-it.ch\/?post_type=product&#038;p=353"},"modified":"2026-04-13T20:17:24","modified_gmt":"2026-04-13T18:17:24","slug":"le-privilege-la-creme","status":"publish","type":"product","link":"https:\/\/rivoli.ch\/en\/products-2\/le-privilege-la-creme\/","title":{"rendered":"Le Privil\u00e8ge La Cr\u00e8me"},"content":{"rendered":"<p class=\"translation-block\">RIVOLI has developed the ultimate anti-aging cream: <em>Le Privil\u00e8ge La Cr\u00e8me<\/em><\/p>\n<p class=\"translation-block\">Composed of meticulously selected botanical extracts and highly effective ingredients, RIVOLI <em>La Cr\u00e8me<\/em> is a concentrate of youthfulness for the skin.<\/p>\n<p>It increases hydration (+31% in 12 weeks), reduces the appearance of wrinkles (-11%*), improves elasticity (+17.2%*) and volume (+0.49 mm* cheekbone volume).<\/p>\n<p class=\"translation-block\">Certified vegan, RIVOLI <em>La Cr\u00e8me<\/em> contains no silicones, parabens, PEGs, or micro-plastics.<\/p>\n<p class=\"translation-block\">Day after day, <em>La Cr\u00e8me<\/em> combats the telltale signs of age.<\/p>","protected":false},"excerpt":{"rendered":"<p>Our extra-rich anti-aging cream. Designed for mature skin, it redefines facial contours while firming and filling out fine lines and wrinkles.<\/p>","protected":false},"featured_media":1107,"comment_status":"closed","ping_status":"closed","template":"","meta":{"_seopress_robots_primary_cat":"none","_seopress_titles_title":"Cr\u00e8me anti-\u00e2ge hydratante, haute performance | Rivoli Gen\u00e8ve","_seopress_titles_desc":"D\u00e9couvrez La Cr\u00e8me de Rivoli Gen\u00e8ve, un puissant soin anti-\u00e2ge qui remod\u00e8le, raffermit, comble et hydrate intens\u00e9ment. \u2b50 Livraison Gratuite","_seopress_robots_index":""},"product_cat":[21],"product_tag":[],"woo-feed-brand":[],"acf":[],"_links":{"self":[{"href":"https:\/\/rivoli.ch\/en\/wp-json\/wp\/v2\/product\/353"}],"collection":[{"href":"https:\/\/rivoli.ch\/en\/wp-json\/wp\/v2\/product"}],"about":[{"href":"https:\/\/rivoli.ch\/en\/wp-json\/wp\/v2\/types\/product"}],"replies":[{"embeddable":true,"href":"https:\/\/rivoli.ch\/en\/wp-json\/wp\/v2\/comments?post=353"}],"wp:featuredmedia":[{"embeddable":true,"href":"https:\/\/rivoli.ch\/en\/wp-json\/wp\/v2\/media\/1107"}],"wp:attachment":[{"href":"https:\/\/rivoli.ch\/en\/wp-json\/wp\/v2\/media?parent=353"}],"wp:term":[{"taxonomy":"product_cat","embeddable":true,"href":"https:\/\/rivoli.ch\/en\/wp-json\/wp\/v2\/product_cat?post=353"},{"taxonomy":"product_tag","embeddable":true,"href":"https:\/\/rivoli.ch\/en\/wp-json\/wp\/v2\/product_tag?post=353"},{"taxonomy":"woo-feed-brand","embeddable":true,"href":"https:\/\/rivoli.ch\/en\/wp-json\/wp\/v2\/woo-feed-brand?post=353"}],"curies":[{"name":"wp","href":"https:\/\/api.w.org\/{rel}","templated":true}]}}