{"id":3480,"date":"2025-09-01T16:03:53","date_gmt":"2025-09-01T14:03:53","guid":{"rendered":"https:\/\/rivoli.ch\/?post_type=product&#038;p=3480"},"modified":"2026-04-22T18:17:14","modified_gmt":"2026-04-22T16:17:14","slug":"le-visage-emulsion-re-equilibrante-n02","status":"publish","type":"product","link":"https:\/\/rivoli.ch\/en\/products-2\/le-visage-emulsion-re-equilibrante-n02\/","title":{"rendered":"Le Visage \u00c9mulsion R\u00e9-\u00e9quilibrante N\u00b002"},"content":{"rendered":"<p>Discover the new N\u00b002 version of our Re-balancing Emulsion<\/p>\n<p>Its improved formula soothes sensitive, stressed skin by rebalancing the microbiome weakened by daily stress.<\/p>\n<p>Skin regains optimal health, hydration, and natural radiance.<\/p>\n<p><strong>A deep response to skin imbalances<\/strong><\/p>\n<p>External aggressors, hormonal fluctuations, or a hectic lifestyle are all stress factors that can throw skin off balance.<\/p>\n<p>This N\u00b002 version of our Re-balancing Emulsion has been redesigned to precisely and effectively target the signs of skin stress such as dullness, redness, discomfort, and even irritation.<\/p>\n<p>After 28 days of morning and evening use, 100% of testers reported reduced redness and discomfort.<\/p>\n<p><strong>Proven efficacy in just 4 weeks:<\/strong> :<\/p>\n<ul>\n<li>-12.6% skin redness<\/li>\n<li>+17.8% radiance<\/li>\n<li>-18.7% transepidermal water loss (TEWL reduction)<\/li>\n<\/ul>\n<p class=\"translation-block\">Certified  <a href=\"https:\/\/rivoli.ch\/en\/vegan-cosmetics\/\" target=\"_self\">VEGAN<\/a>, the Re-balancing Emulsion N\u00b002 is formulated in line with our <a href=\"https:\/\/rivoli.ch\/wp-content\/uploads\/2024\/08\/RIVOLI_Blacklist-2024.pdf?srsltid=AfmBOoqw6NhsRi2zvgAEYI84VFmn1CvZm4Hx0isKRRjgg_65iNkYZt0J\" target=\"_self\">our blacklist<\/a> free from silicones, parabens, PEGs, and microplastics.<\/p>","protected":false},"excerpt":{"rendered":"<p>Notre cr\u00e8me apaisante pour les peaux sensibles et stress\u00e9es. Elle r\u00e9duit les rougeurs, les inflammations et r\u00e9-\u00e9quilibre le microbiome.<\/p>","protected":false},"featured_media":3570,"comment_status":"closed","ping_status":"closed","template":"","meta":{"_seopress_robots_primary_cat":"none","_seopress_titles_title":"\u00c9mulsion visage : notre soin apaisant pour peau sensible | Rivoli Gen\u00e8ve","_seopress_titles_desc":"D\u00e9couvrez l\u2019\u00e9mulsion visage r\u00e9-\u00e9quilibrante Le Visage, pour un microbiote cutan\u00e9 sain, une peau apais\u00e9e et un teint frais. \u2b50 Livraison Gratuite","_seopress_robots_index":""},"product_cat":[21],"product_tag":[],"woo-feed-brand":[],"acf":[],"_links":{"self":[{"href":"https:\/\/rivoli.ch\/en\/wp-json\/wp\/v2\/product\/3480"}],"collection":[{"href":"https:\/\/rivoli.ch\/en\/wp-json\/wp\/v2\/product"}],"about":[{"href":"https:\/\/rivoli.ch\/en\/wp-json\/wp\/v2\/types\/product"}],"replies":[{"embeddable":true,"href":"https:\/\/rivoli.ch\/en\/wp-json\/wp\/v2\/comments?post=3480"}],"wp:featuredmedia":[{"embeddable":true,"href":"https:\/\/rivoli.ch\/en\/wp-json\/wp\/v2\/media\/3570"}],"wp:attachment":[{"href":"https:\/\/rivoli.ch\/en\/wp-json\/wp\/v2\/media?parent=3480"}],"wp:term":[{"taxonomy":"product_cat","embeddable":true,"href":"https:\/\/rivoli.ch\/en\/wp-json\/wp\/v2\/product_cat?post=3480"},{"taxonomy":"product_tag","embeddable":true,"href":"https:\/\/rivoli.ch\/en\/wp-json\/wp\/v2\/product_tag?post=3480"},{"taxonomy":"woo-feed-brand","embeddable":true,"href":"https:\/\/rivoli.ch\/en\/wp-json\/wp\/v2\/woo-feed-brand?post=3480"}],"curies":[{"name":"wp","href":"https:\/\/api.w.org\/{rel}","templated":true}]}}