{"id":335,"date":"2024-04-04T16:45:56","date_gmt":"2024-04-04T14:45:56","guid":{"rendered":"https:\/\/rivoli.dev.hayloft-it.ch\/?post_type=product&#038;p=335"},"modified":"2026-04-07T10:17:50","modified_gmt":"2026-04-07T08:17:50","slug":"le-visage-tonique-relaxant","status":"publish","type":"product","link":"https:\/\/rivoli.ch\/en\/products-2\/le-visage-tonique-relaxant\/","title":{"rendered":"Le Visage Tonique Relaxant"},"content":{"rendered":"<p style=\"font-weight: 400;\">RIVOLI Relaxing Tonic is a refreshing, alcohol-free lotion ideal for sensitive skin prone to tingling.<\/p>\n<p style=\"font-weight: 400;\">It eliminates impurities, moisturizes, and soothes the skin.<\/p>\n<p style=\"font-weight: 400;\">It also stimulates the skin's natural ability to protect and regenerate its barrier mechanism.<\/p>","protected":false},"excerpt":{"rendered":"<p>Our soothing, moisturizing toner prepares your skin for further treatments.<\/p>","protected":false},"featured_media":1098,"comment_status":"closed","ping_status":"closed","template":"","meta":{"_seopress_robots_primary_cat":"none","_seopress_titles_title":"Eau tonique apaisante et hydratante pour le visage | Rivoli Gen\u00e8ve","_seopress_titles_desc":"Plus qu'un tonique, ce pr\u00e9-soin apaise et stimule \u00e9galement la capacit\u00e9 naturelle de la peau du visage \u00e0 se prot\u00e9ger des agressions externes.","_seopress_robots_index":""},"product_cat":[21],"product_tag":[],"woo-feed-brand":[],"acf":[],"_links":{"self":[{"href":"https:\/\/rivoli.ch\/en\/wp-json\/wp\/v2\/product\/335"}],"collection":[{"href":"https:\/\/rivoli.ch\/en\/wp-json\/wp\/v2\/product"}],"about":[{"href":"https:\/\/rivoli.ch\/en\/wp-json\/wp\/v2\/types\/product"}],"replies":[{"embeddable":true,"href":"https:\/\/rivoli.ch\/en\/wp-json\/wp\/v2\/comments?post=335"}],"wp:featuredmedia":[{"embeddable":true,"href":"https:\/\/rivoli.ch\/en\/wp-json\/wp\/v2\/media\/1098"}],"wp:attachment":[{"href":"https:\/\/rivoli.ch\/en\/wp-json\/wp\/v2\/media?parent=335"}],"wp:term":[{"taxonomy":"product_cat","embeddable":true,"href":"https:\/\/rivoli.ch\/en\/wp-json\/wp\/v2\/product_cat?post=335"},{"taxonomy":"product_tag","embeddable":true,"href":"https:\/\/rivoli.ch\/en\/wp-json\/wp\/v2\/product_tag?post=335"},{"taxonomy":"woo-feed-brand","embeddable":true,"href":"https:\/\/rivoli.ch\/en\/wp-json\/wp\/v2\/woo-feed-brand?post=335"}],"curies":[{"name":"wp","href":"https:\/\/api.w.org\/{rel}","templated":true}]}}