{"id":322,"date":"2024-04-04T16:23:06","date_gmt":"2024-04-04T14:23:06","guid":{"rendered":"https:\/\/rivoli.dev.hayloft-it.ch\/?post_type=product&#038;p=322"},"modified":"2026-04-19T12:17:09","modified_gmt":"2026-04-19T10:17:09","slug":"le-privilege-leau-de-jour-n02-anti-age-protection","status":"publish","type":"product","link":"https:\/\/rivoli.ch\/en\/products-2\/le-privilege-leau-de-jour-n02-anti-age-protection\/","title":{"rendered":"Le Privil\u00e8ge L\u2019Eau de Jour N\u00b002"},"content":{"rendered":"<h2>Anti-Aging &amp; Protection<\/h2>\n<p class=\"translation-block\">Our iconic <em>Anti-Aging and Protective Mist<\/em> gets a makeover with a new 02 formula.<\/p>\n<p class=\"translation-block\">Sprayed on in a single gesture, The <em>Anti-Aging and Protective Mist N\u00b002<\/em> is a concentrate of pure efficiency. Ideal as the first step in your skincare routine, or during the day over makeup.<\/p>\n<p class=\"translation-block\">Super-effective, RIVOLI <em>Anti-Aging and Protective Mist N\u00b002<\/em> combines multiple benefits for the skin: anti-aging action (-18.7% wrinkles*), hydration (+27%*), firmness (+13.5%*) and protection against pollution and blue light. Full results, obtained by an independent laboratory, can be consulted in the <strong>Proven results<\/strong> section.<\/p>\n<p class=\"translation-block\">Certified vegan, RIVOLI <em>Anti-Aging and Protective Mist N\u00b002<\/em> is a \"clean\" formula. It contains no silicones, parabens or PEGs.<\/p>\n<p class=\"translation-block\">A well-being ally, RIVOLI <em>Anti-Aging and Protective Mist N\u00b002<\/em> is the ultimate remedy against the visible signs of aging and the daily aggravations faced by your skin.<\/p>","protected":false},"excerpt":{"rendered":"<p>Our iconic mist. A multifunctional product, it protects, moisturizes, plumps and firms.<\/p>","protected":false},"featured_media":1066,"comment_status":"closed","ping_status":"closed","template":"","meta":{"_seopress_robots_primary_cat":"none","_seopress_titles_title":"Eau tonique de jour pour le visage Anti-\u00c2ge | Rivoli Gen\u00e8ve","_seopress_titles_desc":"Retrouvez un visage rajeuni avec L'Eau de Jour, brume anti-\u00e2ge. Protection urbaine, activateur de collag\u00e8ne et d\u2019acide hyaluronique \u2b50 Livraison Gratuite\u00a0","_seopress_robots_index":""},"product_cat":[21],"product_tag":[],"woo-feed-brand":[],"acf":[],"_links":{"self":[{"href":"https:\/\/rivoli.ch\/en\/wp-json\/wp\/v2\/product\/322"}],"collection":[{"href":"https:\/\/rivoli.ch\/en\/wp-json\/wp\/v2\/product"}],"about":[{"href":"https:\/\/rivoli.ch\/en\/wp-json\/wp\/v2\/types\/product"}],"replies":[{"embeddable":true,"href":"https:\/\/rivoli.ch\/en\/wp-json\/wp\/v2\/comments?post=322"}],"wp:featuredmedia":[{"embeddable":true,"href":"https:\/\/rivoli.ch\/en\/wp-json\/wp\/v2\/media\/1066"}],"wp:attachment":[{"href":"https:\/\/rivoli.ch\/en\/wp-json\/wp\/v2\/media?parent=322"}],"wp:term":[{"taxonomy":"product_cat","embeddable":true,"href":"https:\/\/rivoli.ch\/en\/wp-json\/wp\/v2\/product_cat?post=322"},{"taxonomy":"product_tag","embeddable":true,"href":"https:\/\/rivoli.ch\/en\/wp-json\/wp\/v2\/product_tag?post=322"},{"taxonomy":"woo-feed-brand","embeddable":true,"href":"https:\/\/rivoli.ch\/en\/wp-json\/wp\/v2\/woo-feed-brand?post=322"}],"curies":[{"name":"wp","href":"https:\/\/api.w.org\/{rel}","templated":true}]}}