{"id":304,"date":"2024-04-04T14:36:30","date_gmt":"2024-04-04T12:36:30","guid":{"rendered":"https:\/\/rivoli.dev.hayloft-it.ch\/?post_type=product&#038;p=304"},"modified":"2026-04-05T00:17:11","modified_gmt":"2026-04-04T22:17:11","slug":"le-privilege-leau-de-nuit-n02-anti-age-et-regeneration","status":"publish","type":"product","link":"https:\/\/rivoli.ch\/en\/products-2\/le-privilege-leau-de-nuit-n02-anti-age-et-regeneration\/","title":{"rendered":"Le Privil\u00e8ge L\u2019Eau de Nuit N\u00b002"},"content":{"rendered":"<h2>Anti-Aging &amp; Renegeration<\/h2>\n<p><em>L\u2019Eau de Nuit<\/em> RIVOLI, our skin care product with nocturnal regenerating and anti-aging properties, now comes in a new 02 formula that suits all skin types.<\/p>\n<p><em>L\u2019Eau de Nuit N\u00b002<\/em> RIVOLI takes advantage of the skin's increased receptiveness during the nocturnal phase of the circadian rhythm. It promotes skin regeneration and combats the visible signs of aging, notably the formation of expression lines.<\/p>\n<p>With film-forming and moisture-regulating properties, <em>L\u2019Eau de Nuit N\u00b002<\/em> RIVOLI 02 also has a moisturizing action (+28.3% after 12 hours*), an essential factor in the skin\u2019s well-being.<\/p>\n<p>Certified vegan and \"clean\", <em>L\u2019Eau de Nuit N\u00b002<\/em> RIVOLI contains no silicones, parabens, or PEGs.<\/p>\n<p>&nbsp;<\/p>","protected":false},"excerpt":{"rendered":"<p>Our nighttime spray to wake up to a relaxed face.<\/p>","protected":false},"featured_media":1073,"comment_status":"closed","ping_status":"closed","template":"","meta":{"_seopress_robots_primary_cat":"none","_seopress_titles_title":"Eau tonique de nuit pour le visage Anti-\u00c2ge | Rivoli Gen\u00e8ve","_seopress_titles_desc":"Eau tonique visage de nuit : L'Eau de Nuit N\u00b002, une brume anti-\u00e2ge et d\u00e9toxifiante pour le visage afin d'am\u00e9liorer le processus de r\u00e9g\u00e9n\u00e9ration nocturne de votre peau.","_seopress_robots_index":""},"product_cat":[21],"product_tag":[],"woo-feed-brand":[],"acf":[],"_links":{"self":[{"href":"https:\/\/rivoli.ch\/en\/wp-json\/wp\/v2\/product\/304"}],"collection":[{"href":"https:\/\/rivoli.ch\/en\/wp-json\/wp\/v2\/product"}],"about":[{"href":"https:\/\/rivoli.ch\/en\/wp-json\/wp\/v2\/types\/product"}],"replies":[{"embeddable":true,"href":"https:\/\/rivoli.ch\/en\/wp-json\/wp\/v2\/comments?post=304"}],"wp:featuredmedia":[{"embeddable":true,"href":"https:\/\/rivoli.ch\/en\/wp-json\/wp\/v2\/media\/1073"}],"wp:attachment":[{"href":"https:\/\/rivoli.ch\/en\/wp-json\/wp\/v2\/media?parent=304"}],"wp:term":[{"taxonomy":"product_cat","embeddable":true,"href":"https:\/\/rivoli.ch\/en\/wp-json\/wp\/v2\/product_cat?post=304"},{"taxonomy":"product_tag","embeddable":true,"href":"https:\/\/rivoli.ch\/en\/wp-json\/wp\/v2\/product_tag?post=304"},{"taxonomy":"woo-feed-brand","embeddable":true,"href":"https:\/\/rivoli.ch\/en\/wp-json\/wp\/v2\/woo-feed-brand?post=304"}],"curies":[{"name":"wp","href":"https:\/\/api.w.org\/{rel}","templated":true}]}}