{"id":2803,"date":"2025-05-02T16:00:21","date_gmt":"2025-05-02T14:00:21","guid":{"rendered":"https:\/\/rivoli.ch\/?post_type=product&#038;p=2803"},"modified":"2026-04-07T12:17:20","modified_gmt":"2026-04-07T10:17:20","slug":"total-lips-your-scrub-your-balm","status":"publish","type":"product","link":"https:\/\/rivoli.ch\/en\/products-2\/total-lips-your-scrub-your-balm\/","title":{"rendered":"TOTAL LIPS YOUR SCRUB \/ YOUR BALM"},"content":{"rendered":"<p style=\"font-weight: 400;\"><strong>Exfoliating Lip Balm \/ Moisturizing Lip Balm<\/strong><\/p>\n<p class=\"translation-block\"><strong>RIVOLI Total Lips<\/strong>  is a lip care duo created to achieve irresistibly smooth and nourished lips. A two steps effective care for perfect lips.<\/p>\n<p class=\"translation-block\"><strong>Step 1:<\/strong><br>\n<strong>RIVOLI Your Lip Scrub<\/strong> is a care gently exfoliate for velvet-smooth lips, enhanced skincare absorption, and flawless lipstick application.<br>\n<strong>Step 2:<\/strong><br>\n<strong>RIVOLI For Your Lips<\/strong> is a balm that deeply hydrate and repair chapped lips for a nourished, even, and beautiful pout.<\/p>\n<p>Both, RIVOLI Your Lip Scrub and For Your Lips  are free from free from parabens, silicones, microplastics and PEG to respect the conditionns of any lips.<\/p>","protected":false},"excerpt":{"rendered":"<p>Baume exfoliant \/ Baume hydratant RIVOLI Total Lips est un coffret incluant 2 soins pour les l\u00e8vres. Obtenez des l\u00e8vres parfaites, irr\u00e9sistiblement douces et hydrat\u00e9es en seulement deux \u00e9tapes. \u00c9tape 1 : RIVOLI Your Lip Scrub est un soin qui exfolie en douceur. Il rend les l\u00e8vres douces ce qui permet une application impeccable de [&hellip;]<\/p>","protected":false},"featured_media":2922,"comment_status":"closed","ping_status":"closed","template":"","meta":{"_seopress_robots_primary_cat":"none","_seopress_titles_title":"","_seopress_titles_desc":"","_seopress_robots_index":""},"product_cat":[21],"product_tag":[],"woo-feed-brand":[],"acf":[],"_links":{"self":[{"href":"https:\/\/rivoli.ch\/en\/wp-json\/wp\/v2\/product\/2803"}],"collection":[{"href":"https:\/\/rivoli.ch\/en\/wp-json\/wp\/v2\/product"}],"about":[{"href":"https:\/\/rivoli.ch\/en\/wp-json\/wp\/v2\/types\/product"}],"replies":[{"embeddable":true,"href":"https:\/\/rivoli.ch\/en\/wp-json\/wp\/v2\/comments?post=2803"}],"wp:featuredmedia":[{"embeddable":true,"href":"https:\/\/rivoli.ch\/en\/wp-json\/wp\/v2\/media\/2922"}],"wp:attachment":[{"href":"https:\/\/rivoli.ch\/en\/wp-json\/wp\/v2\/media?parent=2803"}],"wp:term":[{"taxonomy":"product_cat","embeddable":true,"href":"https:\/\/rivoli.ch\/en\/wp-json\/wp\/v2\/product_cat?post=2803"},{"taxonomy":"product_tag","embeddable":true,"href":"https:\/\/rivoli.ch\/en\/wp-json\/wp\/v2\/product_tag?post=2803"},{"taxonomy":"woo-feed-brand","embeddable":true,"href":"https:\/\/rivoli.ch\/en\/wp-json\/wp\/v2\/woo-feed-brand?post=2803"}],"curies":[{"name":"wp","href":"https:\/\/api.w.org\/{rel}","templated":true}]}}