{"id":1040,"date":"2024-05-31T09:25:10","date_gmt":"2024-05-31T07:25:10","guid":{"rendered":"https:\/\/rivoli.dev.hayloft-it.ch\/?post_type=product&#038;p=1040"},"modified":"2026-04-10T13:17:35","modified_gmt":"2026-04-10T11:17:35","slug":"le-visage-masque-detox-purifiant","status":"publish","type":"product","link":"https:\/\/rivoli.ch\/en\/products-2\/le-visage-masque-detox-purifiant\/","title":{"rendered":"Le Visage Masque D\u00e9tox &#038; Purifiant"},"content":{"rendered":"<p>Our radiance-revealing mask. It cleanses, unclogs pores and detoxifies the skin.<\/p>\n<p>The clinically proven increase in brightness and reduction of pore size will reveal a visibly healthier skin in just 10 minutes!<\/p>\n<p>A true boost of radiance !<\/p>","protected":false},"excerpt":{"rendered":"<p>Our detox and purifying mask for a brightened skin in just 10 minutes.<\/p>","protected":false},"featured_media":1077,"comment_status":"closed","ping_status":"closed","template":"","meta":{"_seopress_robots_primary_cat":"none","_seopress_titles_title":"Masque visage d\u00e9tox et purifiant | Rivoli Gen\u00e8ve","_seopress_titles_desc":"Masque d\u00e9tox pour le visage : obtenez une peau radieuse, un teint lumineux et des pores affin\u00e9s en 10 minutes. \u2b50 Livraison Gratuite","_seopress_robots_index":""},"product_cat":[21],"product_tag":[],"woo-feed-brand":[],"acf":[],"_links":{"self":[{"href":"https:\/\/rivoli.ch\/en\/wp-json\/wp\/v2\/product\/1040"}],"collection":[{"href":"https:\/\/rivoli.ch\/en\/wp-json\/wp\/v2\/product"}],"about":[{"href":"https:\/\/rivoli.ch\/en\/wp-json\/wp\/v2\/types\/product"}],"replies":[{"embeddable":true,"href":"https:\/\/rivoli.ch\/en\/wp-json\/wp\/v2\/comments?post=1040"}],"wp:featuredmedia":[{"embeddable":true,"href":"https:\/\/rivoli.ch\/en\/wp-json\/wp\/v2\/media\/1077"}],"wp:attachment":[{"href":"https:\/\/rivoli.ch\/en\/wp-json\/wp\/v2\/media?parent=1040"}],"wp:term":[{"taxonomy":"product_cat","embeddable":true,"href":"https:\/\/rivoli.ch\/en\/wp-json\/wp\/v2\/product_cat?post=1040"},{"taxonomy":"product_tag","embeddable":true,"href":"https:\/\/rivoli.ch\/en\/wp-json\/wp\/v2\/product_tag?post=1040"},{"taxonomy":"woo-feed-brand","embeddable":true,"href":"https:\/\/rivoli.ch\/en\/wp-json\/wp\/v2\/woo-feed-brand?post=1040"}],"curies":[{"name":"wp","href":"https:\/\/api.w.org\/{rel}","templated":true}]}}