{"id":501,"date":"2024-04-09T10:28:01","date_gmt":"2024-04-09T08:28:01","guid":{"rendered":"https:\/\/rivoli.dev.hayloft-it.ch\/?page_id=501"},"modified":"2026-02-03T10:10:38","modified_gmt":"2026-02-03T09:10:38","slug":"la-marque-rivoli-2","status":"publish","type":"page","link":"https:\/\/rivoli.ch\/en\/la-marque-rivoli-2\/","title":{"rendered":"The RIVOLI brand"},"content":{"rendered":"<div class=\"wp-block-group alignwide is-layout-flow wp-block-group-is-layout-flow\">\n<h1 class=\"wp-block-heading has-text-align-center has-base-color has-text-color has-link-color has-serif-font-family wp-elements-23b5768581fbcf15ba7c552dfa4684f9\">The brand<\/h1>\n\n\n\n<p><\/p>\n\n\n\n<figure data-no-zoom=\"true\" class=\"wp-block-image alignfull size-large\"><img loading=\"lazy\" decoding=\"async\" width=\"1024\" height=\"359\" src=\"https:\/\/rivoli.ch\/wp-content\/uploads\/2025\/10\/Screenshot-2025-10-06-at-12.14.05-1024x359.webp\" alt=\"screenshot 2025 10 06 at 12.14.05\" class=\"wp-image-3999\" srcset=\"https:\/\/rivoli.ch\/wp-content\/uploads\/2025\/10\/Screenshot-2025-10-06-at-12.14.05-1024x359.webp 1024w, https:\/\/rivoli.ch\/wp-content\/uploads\/2025\/10\/Screenshot-2025-10-06-at-12.14.05-300x105.webp 300w, https:\/\/rivoli.ch\/wp-content\/uploads\/2025\/10\/Screenshot-2025-10-06-at-12.14.05-768x269.webp 768w, https:\/\/rivoli.ch\/wp-content\/uploads\/2025\/10\/Screenshot-2025-10-06-at-12.14.05-18x6.webp 18w, https:\/\/rivoli.ch\/wp-content\/uploads\/2025\/10\/Screenshot-2025-10-06-at-12.14.05-600x210.webp 600w, https:\/\/rivoli.ch\/wp-content\/uploads\/2025\/10\/Screenshot-2025-10-06-at-12.14.05.png 1322w\" sizes=\"(max-width: 1024px) 100vw, 1024px\" \/><\/figure>\n<\/div>\n\n\n\n<div class=\"wp-block-group is-layout-constrained wp-block-group-is-layout-constrained\">\n<h2 class=\"wp-block-heading has-text-align-center\">Rivoli, la \u00ab\u00a0Beaut\u00e9 Intelligente\u00a0\u00bb<\/h2>\n\n\n\n<p class=\"has-text-align-center has-normal-font-size translation-block\"><br>The skin is the largest organ of our body and regenerates every 3-4 weeks. It serves as our shield against external aggressions. <br>The \"intelligence\" of the skin lies in its ability to continuously adapt its responses based on the resources available to maintain good health and therefore beauty.<\/p>\n\n\n\n<p class=\"has-text-align-center has-normal-font-size\">Through a meticulous selection of ingredients used, our formulas are designed to safely provide the skin with the necessary ingredients for its balance, thus supporting and enhancing its innate ability to regenerate. This is particularly important for mature and sensitive skin.<\/p>\n<\/div>\n\n\n\n<p><\/p>\n\n\n\n<p class=\"has-text-align-center\"><\/p>\n\n\n\n<div class=\"wp-block-group alignfull has-light-blue-background-color has-background is-layout-constrained wp-block-group-is-layout-constrained\">\n<div class=\"wp-block-group bloc-beauty-la-marque has-white-background-color has-background is-layout-constrained wp-block-group-is-layout-constrained\">\n<p class=\"has-text-align-center has-medium-large-font-size translation-block\">\u201cBeaut\u00e9 intelligente\" (Smart Beauty) means prioritizing the \"intelligence\" of the skin's natural regeneration process in the design of our skincare products.<\/p>\n\n\n\n<div class=\"wp-block-buttons is-content-justification-center is-layout-flex wp-container-core-buttons-is-layout-1 wp-block-buttons-is-layout-flex\">\n<div class=\"wp-block-button\"><a class=\"wp-block-button__link wp-element-button\" href=\"#\">Learn more<\/a><\/div>\n<\/div>\n<\/div>\n<\/div>\n\n\n\n<div class=\"wp-block-media-text alignwide has-media-on-the-right is-stacked-on-mobile marque-bloc-1 la-marque-grid\"><div class=\"wp-block-media-text__content\">\n<h2 class=\"la-marque-grid-title\">RIVOLI is...<br><span>proven efficacy<\/span><\/h2>\n\n\n\n<p>We go far beyond subjective product evaluations by a consumer panel: all our products undergo rigorous clinical testing conducted by an independent laboratory to measure their true effectiveness.<br><br>The excellent results obtained during these tests are explained by a very meticulous selection of ingredients and the systematic use of precursors and lamellar structured liposomes.<\/p>\n\n\n\n<div class=\"wp-block-buttons is-layout-flex wp-block-buttons-is-layout-flex\">\n<div class=\"wp-block-button\"><a class=\"wp-block-button__link wp-element-button\" href=\"https:\/\/rivoli.ch\/en\/the-rivoli-brand\/proven-efficacy\/\">more<\/a><\/div>\n<\/div>\n<\/div><figure class=\"wp-block-media-text__media\" data-no-zoom=\"true\"><img loading=\"lazy\" decoding=\"async\" width=\"586\" height=\"586\" src=\"https:\/\/rivoli.ch\/wp-content\/uploads\/2025\/10\/1dec99ecb21afe9a3ad5987b0577b633.png\" alt=\"1dec99ecb21afe9a3ad5987b0577b633\" class=\"wp-image-4000 size-full\" srcset=\"https:\/\/rivoli.ch\/wp-content\/uploads\/2025\/10\/1dec99ecb21afe9a3ad5987b0577b633.png 586w, https:\/\/rivoli.ch\/wp-content\/uploads\/2025\/10\/1dec99ecb21afe9a3ad5987b0577b633-300x300.webp 300w, https:\/\/rivoli.ch\/wp-content\/uploads\/2025\/10\/1dec99ecb21afe9a3ad5987b0577b633-150x150.webp 150w, https:\/\/rivoli.ch\/wp-content\/uploads\/2025\/10\/1dec99ecb21afe9a3ad5987b0577b633-12x12.webp 12w\" sizes=\"(max-width: 586px) 100vw, 586px\" \/><\/figure><\/div>\n\n\n\n<div class=\"wp-block-media-text alignwide is-stacked-on-mobile marque-bloc-2 la-marque-grid\"><figure class=\"wp-block-media-text__media\" data-no-zoom=\"true\"><img loading=\"lazy\" decoding=\"async\" width=\"474\" height=\"633\" src=\"https:\/\/rivoli.ch\/wp-content\/uploads\/2025\/10\/105081b18dc37161f3a7c548841f2aa9.png\" alt=\"105081b18dc37161f3a7c548841f2aa9\" class=\"wp-image-4001 size-full\" srcset=\"https:\/\/rivoli.ch\/wp-content\/uploads\/2025\/10\/105081b18dc37161f3a7c548841f2aa9.png 474w, https:\/\/rivoli.ch\/wp-content\/uploads\/2025\/10\/105081b18dc37161f3a7c548841f2aa9-225x300.webp 225w, https:\/\/rivoli.ch\/wp-content\/uploads\/2025\/10\/105081b18dc37161f3a7c548841f2aa9-9x12.webp 9w\" sizes=\"(max-width: 474px) 100vw, 474px\" \/><\/figure><div class=\"wp-block-media-text__content\">\n<h2 class=\"la-marque-grid-title translation-block\">RIVOLI is...<br><span>skin friendliness<\/span><\/h2>\n\n\n\n<p>The ingredients we use in our products are selected according to extremely rigorous criteria. We ensure that our products respect the balance of the skin microbiome, an essential condition for healthy skin.<\/p>\n\n\n\n<div class=\"wp-block-buttons is-layout-flex wp-block-buttons-is-layout-flex\">\n<div class=\"wp-block-button\"><a class=\"wp-block-button__link wp-element-button\" href=\"https:\/\/rivoli.ch\/en\/the-rivoli-brand\/skin-friendliness\/\">more<\/a><\/div>\n<\/div>\n<\/div><\/div>\n\n\n\n<div class=\"wp-block-group alignfull has-light-blue-background-color has-background is-layout-constrained wp-block-group-is-layout-constrained\">\n<div class=\"wp-block-media-text alignwide has-media-on-the-right is-stacked-on-mobile marque-bloc-3 la-marque-grid\"><div class=\"wp-block-media-text__content\">\n<h2 class=\"la-marque-grid-title translation-block\">RIVOLI is...<br><span>eco-responsibility <\/span><\/h2>\n\n\n\n<p>We prioritize the use of natural or biosynthetic ingredients. Our products are certified Vegan;<br><br>We are constantly improving the recyclability of our packaging by using materials that are themselves recycled and\/or recyclable.&nbsp;<\/p>\n\n\n\n<div class=\"wp-block-buttons is-layout-flex wp-block-buttons-is-layout-flex\">\n<div class=\"wp-block-button\"><a class=\"wp-block-button__link wp-element-button\" href=\"https:\/\/rivoli.ch\/en\/the-rivoli-brand\/eco-responsibility\/\">more<\/a><\/div>\n<\/div>\n<\/div><figure class=\"wp-block-media-text__media\" data-no-zoom=\"true\"><img loading=\"lazy\" decoding=\"async\" width=\"620\" height=\"474\" src=\"https:\/\/rivoli.ch\/wp-content\/uploads\/2025\/10\/vegan.jpg\" alt=\"vegan\" class=\"wp-image-4005 size-full\" srcset=\"https:\/\/rivoli.ch\/wp-content\/uploads\/2025\/10\/vegan.jpg 620w, https:\/\/rivoli.ch\/wp-content\/uploads\/2025\/10\/vegan-300x229.webp 300w, https:\/\/rivoli.ch\/wp-content\/uploads\/2025\/10\/vegan-16x12.webp 16w, https:\/\/rivoli.ch\/wp-content\/uploads\/2025\/10\/vegan-600x459.webp 600w\" sizes=\"(max-width: 620px) 100vw, 620px\" \/><\/figure><\/div>\n<\/div>\n\n\n\n<div class=\"wp-block-media-text alignwide is-stacked-on-mobile marque-bloc-4 la-marque-grid\"><figure class=\"wp-block-media-text__media\" data-no-zoom=\"true\"><img loading=\"lazy\" decoding=\"async\" width=\"578\" height=\"578\" src=\"https:\/\/rivoli.ch\/wp-content\/uploads\/2025\/10\/0686efbba2d173d1c186cace3271f1e5.png\" alt=\"0686efbba2d173d1c186cace3271f1e5\" class=\"wp-image-4003 size-full\" srcset=\"https:\/\/rivoli.ch\/wp-content\/uploads\/2025\/10\/0686efbba2d173d1c186cace3271f1e5.png 578w, https:\/\/rivoli.ch\/wp-content\/uploads\/2025\/10\/0686efbba2d173d1c186cace3271f1e5-300x300.webp 300w, https:\/\/rivoli.ch\/wp-content\/uploads\/2025\/10\/0686efbba2d173d1c186cace3271f1e5-150x150.webp 150w, https:\/\/rivoli.ch\/wp-content\/uploads\/2025\/10\/0686efbba2d173d1c186cace3271f1e5-12x12.webp 12w\" sizes=\"(max-width: 578px) 100vw, 578px\" \/><\/figure><div class=\"wp-block-media-text__content\">\n<h2 class=\"la-marque-grid-title translation-block\">RIVOLI is...<br><span>Swiss quality<\/span><\/h2>\n\n\n\n<p>Our manufacturing facility is ISO-9001 and ISO-14001 certified, the international standard for environmental responsibility. Additionally, since 2016, the national energy consumption reduction program called \"Act\" has been integrated into its daily management.<\/p>\n\n\n\n<div class=\"wp-block-buttons is-layout-flex wp-block-buttons-is-layout-flex\">\n<div class=\"wp-block-button\"><a class=\"wp-block-button__link wp-element-button\" href=\"https:\/\/rivoli.ch\/en\/the-rivoli-brand\/swiss-quality\/\">more<\/a><\/div>\n<\/div>\n<\/div><\/div>\n\n\n\n<div class=\"wp-block-media-text alignwide has-media-on-the-right is-stacked-on-mobile la-marque-grid\"><div class=\"wp-block-media-text__content\">\n<h2 class=\"la-marque-grid-title translation-block\">RIVOLI is...<br><span>a family affair<\/span><\/h2>\n\n\n\n<p>RIVOLI is a skincare brand founded by two brothers: Kuno and Peter Schweikert. <\/p>\n\n\n\n<p>Drawing upon their extensive experience in the cosmetics industry, they have spent over two decades developing high-performance ingredients and products to meet the expectations of discerning customers seeking truly effective, skin-friendly, and eco-responsible skincare solutions.<\/p>\n\n\n\n<p>Based on their experience and success, they created their RIVOLI skincare brand.<\/p>\n<\/div><figure class=\"wp-block-media-text__media\" data-no-zoom=\"true\"><img loading=\"lazy\" decoding=\"async\" width=\"620\" height=\"461\" src=\"https:\/\/rivoli.ch\/wp-content\/uploads\/2025\/10\/Groupe-de-masques-40.png\" alt=\"groupe de masques 40\" class=\"wp-image-4004 size-full\" srcset=\"https:\/\/rivoli.ch\/wp-content\/uploads\/2025\/10\/Groupe-de-masques-40.png 620w, https:\/\/rivoli.ch\/wp-content\/uploads\/2025\/10\/Groupe-de-masques-40-300x223.webp 300w, https:\/\/rivoli.ch\/wp-content\/uploads\/2025\/10\/Groupe-de-masques-40-16x12.webp 16w, https:\/\/rivoli.ch\/wp-content\/uploads\/2025\/10\/Groupe-de-masques-40-600x446.webp 600w\" sizes=\"(max-width: 620px) 100vw, 620px\" \/><\/figure><\/div>","protected":false},"excerpt":{"rendered":"<p>La marque Rivoli, la \u00ab\u00a0Beaut\u00e9 Intelligente\u00a0\u00bb La peau est l\u2019organe le plus grand de notre corps et se r\u00e9g\u00e9n\u00e8re tous les 3-4 semaines. C\u2019est notre bouclier contre les agressions externes. L\u2019\u201cintelligence\u201d de la peau r\u00e9side dans sa capacit\u00e9 \u00e0 adapter continuellement ses r\u00e9ponses en fonction des ressources dont elle dispose afin de se maintenir en [&hellip;]<\/p>","protected":false},"author":11816,"featured_media":0,"parent":0,"menu_order":0,"comment_status":"closed","ping_status":"closed","template":"","meta":{"_seopress_robots_primary_cat":"","_seopress_titles_title":"","_seopress_titles_desc":"","_seopress_robots_index":"","footnotes":""},"acf":[],"_links":{"self":[{"href":"https:\/\/rivoli.ch\/en\/wp-json\/wp\/v2\/pages\/501"}],"collection":[{"href":"https:\/\/rivoli.ch\/en\/wp-json\/wp\/v2\/pages"}],"about":[{"href":"https:\/\/rivoli.ch\/en\/wp-json\/wp\/v2\/types\/page"}],"author":[{"embeddable":true,"href":"https:\/\/rivoli.ch\/en\/wp-json\/wp\/v2\/users\/11816"}],"replies":[{"embeddable":true,"href":"https:\/\/rivoli.ch\/en\/wp-json\/wp\/v2\/comments?post=501"}],"version-history":[{"count":58,"href":"https:\/\/rivoli.ch\/en\/wp-json\/wp\/v2\/pages\/501\/revisions"}],"predecessor-version":[{"id":4264,"href":"https:\/\/rivoli.ch\/en\/wp-json\/wp\/v2\/pages\/501\/revisions\/4264"}],"wp:attachment":[{"href":"https:\/\/rivoli.ch\/en\/wp-json\/wp\/v2\/media?parent=501"}],"curies":[{"name":"wp","href":"https:\/\/api.w.org\/{rel}","templated":true}]}}