{"id":489,"date":"2024-04-09T10:27:03","date_gmt":"2024-04-09T08:27:03","guid":{"rendered":"https:\/\/rivoli.dev.hayloft-it.ch\/?page_id=489"},"modified":"2024-09-06T17:23:01","modified_gmt":"2024-09-06T15:23:01","slug":"skin-friendliness","status":"publish","type":"page","link":"https:\/\/rivoli.ch\/en\/la-marque-rivoli-2\/skin-friendliness\/","title":{"rendered":"RIVOLI means skin friendliness"},"content":{"rendered":"<div class=\"wp-block-cover alignfull is-light\" style=\"min-height:500px;aspect-ratio:unset;\"><span aria-hidden=\"true\" class=\"wp-block-cover__background has-background-dim-0 has-background-dim\" style=\"background-color:#d7c1c2\"><\/span><img loading=\"lazy\" decoding=\"async\" width=\"1480\" height=\"551\" class=\"wp-block-cover__image-background wp-image-1220\" alt=\"respect de la peau\" src=\"https:\/\/rivoli.ch\/wp-content\/uploads\/2024\/06\/respect-de-la-peau.jpg\" data-object-fit=\"cover\" srcset=\"https:\/\/rivoli.ch\/wp-content\/uploads\/2024\/06\/respect-de-la-peau.jpg 1480w, https:\/\/rivoli.ch\/wp-content\/uploads\/2024\/06\/respect-de-la-peau-300x112.webp 300w, https:\/\/rivoli.ch\/wp-content\/uploads\/2024\/06\/respect-de-la-peau-1024x381.webp 1024w, https:\/\/rivoli.ch\/wp-content\/uploads\/2024\/06\/respect-de-la-peau-768x286.webp 768w, https:\/\/rivoli.ch\/wp-content\/uploads\/2024\/06\/respect-de-la-peau-18x7.webp 18w, https:\/\/rivoli.ch\/wp-content\/uploads\/2024\/06\/respect-de-la-peau-600x223.webp 600w\" sizes=\"(max-width: 1480px) 100vw, 1480px\" \/><div class=\"wp-block-cover__inner-container is-layout-constrained wp-block-cover-is-layout-constrained\">\n<p class=\"has-text-align-center has-large-font-size\"><\/p>\n<\/div><\/div>\n\n\n\n<div class=\"wp-block-group is-layout-constrained wp-block-group-is-layout-constrained\">\n<h1 class=\"wp-block-heading has-text-align-left has-base-color has-text-color has-link-color has-large-font-size wp-elements-0b917a9b75491c3503bed2d972f5bb62\">RIVOLI means skin friendliness <\/h1>\n\n\n\n<p class=\"has-text-align-left has-base-color has-text-color has-link-color has-normal-font-size wp-elements-b56c4fc9eb57f5096f9642bc98b7cbbf\">Research has shown that certain ingredients, particularly for those with sensitive skin, can be potentially irritating or disrupt the skin's delicate balance, leading to dehydration, itching, or inflammation.<\/p>\n<\/div>\n\n\n\n<div class=\"alignwide wp-block-rivoli-overlapping-images\">\n            <div class=\"image-container\">\n            <img decoding=\"async\" src=\"https:\/\/rivoli.ch\/wp-content\/uploads\/2024\/04\/le-respect-du-microbiote-cutane.webp\">\n        <\/div>\n            <div class=\"image-container\">\n            <img decoding=\"async\" src=\"https:\/\/rivoli.ch\/wp-content\/uploads\/2024\/04\/une-selection-stricte-dingredients.webp\">\n        <\/div>\n    <\/div>\n\n\n<h2 class=\"wp-block-heading has-primary-color has-text-color has-link-color has-medium-large-font-size wp-elements-bc3ef2aca1753d5126ab09ba2de655fd\">Respect of the skin microbiome<\/h2>\n\n\n\n<p>RIVOLI has understood in an early stage the crucial role played by a balanced microbiome for maintaining a healthy skin. Maintaining a balance between beneficial and harmful bacteria is essential for the skin to effectively combat external aggressors. This understanding guides the development of all our products, ensuring they preserve the integrity of this essential equilibrium.<\/p>\n\n\n\n<h2 class=\"wp-block-heading has-primary-color has-text-color has-link-color has-medium-large-font-size wp-elements-5df18861e88fd7b0690f7f5773785afe\">A strict ingredient selection process<\/h2>\n\n\n\n<p>The ingredients we use in our products are meticulously chosen based on stringent criteria that far exceed Swiss and European regulations. We rigorously adhere to the precautionary principle, ensuring that any ingredient with potential safety concerns or controversies is excluded from our formulas.<\/p>\n\n\n\n<p><strong>To consult the list of ingredients which are excluded from the composition of our formulation,<\/strong> <a href=\"\/wp-content\/uploads\/2024\/08\/RIVOLI_Blacklist-2024.pdf\" target=\"_blank\" rel=\"noreferrer noopener\">click here.<\/a>.<\/p>\n\n\n\n<div class=\"wp-block-buttons is-layout-flex wp-block-buttons-is-layout-flex\">\n<div class=\"wp-block-button\"><a class=\"wp-block-button__link wp-element-button\" href=\"https:\/\/rivoli.ch\/en\/the-rivoli-brand\/\">Back to the brand page<\/a><\/div>\n<\/div>","protected":false},"excerpt":{"rendered":"<p>RIVOLI c\u2019est le respect de la peau Il est d\u00e9montr\u00e9 que, surtout dans le cas de peaux sensibles, certains ingr\u00e9dients peuvent \u00eatre potentiellement irritants ou provoquer des d\u00e9s\u00e9quilibres cutan\u00e9s qui ont pour cons\u00e9quences une d\u00e9shydratation, des d\u00e9mangeaisons ou une inflammation de la peau. Le respect du microbiome cutan\u00e9 Depuis de nombreuses ann\u00e9es d\u00e9j\u00e0, nous reconnaissons [&hellip;]<\/p>","protected":false},"author":11816,"featured_media":0,"parent":501,"menu_order":0,"comment_status":"closed","ping_status":"closed","template":"","meta":{"_seopress_robots_primary_cat":"","_seopress_titles_title":"","_seopress_titles_desc":"","_seopress_robots_index":"","footnotes":""},"acf":[],"_links":{"self":[{"href":"https:\/\/rivoli.ch\/en\/wp-json\/wp\/v2\/pages\/489"}],"collection":[{"href":"https:\/\/rivoli.ch\/en\/wp-json\/wp\/v2\/pages"}],"about":[{"href":"https:\/\/rivoli.ch\/en\/wp-json\/wp\/v2\/types\/page"}],"author":[{"embeddable":true,"href":"https:\/\/rivoli.ch\/en\/wp-json\/wp\/v2\/users\/11816"}],"replies":[{"embeddable":true,"href":"https:\/\/rivoli.ch\/en\/wp-json\/wp\/v2\/comments?post=489"}],"version-history":[{"count":36,"href":"https:\/\/rivoli.ch\/en\/wp-json\/wp\/v2\/pages\/489\/revisions"}],"predecessor-version":[{"id":1983,"href":"https:\/\/rivoli.ch\/en\/wp-json\/wp\/v2\/pages\/489\/revisions\/1983"}],"up":[{"embeddable":true,"href":"https:\/\/rivoli.ch\/en\/wp-json\/wp\/v2\/pages\/501"}],"wp:attachment":[{"href":"https:\/\/rivoli.ch\/en\/wp-json\/wp\/v2\/media?parent=489"}],"curies":[{"name":"wp","href":"https:\/\/api.w.org\/{rel}","templated":true}]}}