{"id":3301,"date":"2025-08-01T14:15:47","date_gmt":"2025-08-01T12:15:47","guid":{"rendered":"https:\/\/rivoli.ch\/?page_id=3301"},"modified":"2025-08-01T14:16:41","modified_gmt":"2025-08-01T12:16:41","slug":"hand-cream","status":"publish","type":"page","link":"https:\/\/rivoli.ch\/en\/hand-cream\/","title":{"rendered":"Hand cream"},"content":{"rendered":"<h1 class=\"wp-block-heading alignwide has-text-align-left page-category__title\"><strong>Hand cream<\/strong><\/h1>\n\n\n\n<div class=\"wp-block-media-text alignwide is-stacked-on-mobile is-image-fill\"><figure class=\"wp-block-media-text__media\" data-no-zoom=\"true\" style=\"background-image:url(https:\/\/rivoli.ch\/wp-content\/uploads\/2025\/07\/Creme-pour-les-mains-RIVOLI-2-1024x354.webp);background-position:50% 50%\"><img loading=\"lazy\" decoding=\"async\" width=\"1024\" height=\"354\" src=\"https:\/\/rivoli.ch\/wp-content\/uploads\/2025\/07\/Creme-pour-les-mains-RIVOLI-2-1024x354.webp\" alt=\"cre\u0300me pour les mains rivoli 2\" class=\"wp-image-3305 size-full\" srcset=\"https:\/\/rivoli.ch\/wp-content\/uploads\/2025\/07\/Creme-pour-les-mains-RIVOLI-2-1024x354.webp 1024w, https:\/\/rivoli.ch\/wp-content\/uploads\/2025\/07\/Creme-pour-les-mains-RIVOLI-2-300x104.webp 300w, https:\/\/rivoli.ch\/wp-content\/uploads\/2025\/07\/Creme-pour-les-mains-RIVOLI-2-768x266.webp 768w, https:\/\/rivoli.ch\/wp-content\/uploads\/2025\/07\/Creme-pour-les-mains-RIVOLI-2-18x6.webp 18w, https:\/\/rivoli.ch\/wp-content\/uploads\/2025\/07\/Creme-pour-les-mains-RIVOLI-2-600x208.webp 600w, https:\/\/rivoli.ch\/wp-content\/uploads\/2025\/07\/Creme-pour-les-mains-RIVOLI-2.jpg 1300w\" sizes=\"(max-width: 1024px) 100vw, 1024px\" \/><\/figure><div class=\"wp-block-media-text__content\">\n<p class=\"translation-block\">Exposed daily to external aggressors, frequent washing, and temperature variations, your hands are among the most vulnerable areas of the skin. Naturally thinner and with fewer sebaceous glands than the rest of the body, they require specific care to maintain balance and youth. Hand skin often shows the first visible signs of aging. Proper hydration becomes essential to preserve <strong>suppleness, softness, and a youthful <\/strong>appearance.<\/p>\n\n\n\n<p class=\"translation-block\">At Rivoli Gen\u00e8ve, we have developed a unique approach combining Swiss expertise with carefully selected natural actives to meet the specific needs of <a href=\"https:\/\/rivoli.ch\/en\/products-2\/swoof\/zone-dapplication-mains\/\" target=\"_self\">your hands<\/a>.<\/p>\n<\/div><\/div>\n\n\n\n<h2 class=\"wp-block-heading alignwide page-category__title\">Discover the best hand cream by Rivoli Gen\u00e8ve<\/h2>\n\n\n\n<div class=\"wp-block-columns alignwide is-layout-flex wp-container-core-columns-is-layout-2 wp-block-columns-is-layout-flex\">\n<div class=\"wp-block-column is-layout-flow wp-block-column-is-layout-flow\"><div data-block-name=\"woocommerce\/single-product\" data-product-id=\"2440\" class=\"wp-block-woocommerce-single-product\">\n<div class=\"wp-block-columns is-layout-flex wp-container-core-columns-is-layout-1 wp-block-columns-is-layout-flex\">\n<div class=\"wp-block-column is-layout-flow wp-block-column-is-layout-flow\"><div data-block-name=\"woocommerce\/product-image\" data-show-sale-badge=\"false\" data-is-descendent-of-single-product-block=\"true\" class=\"wc-block-components-product-image wc-block-grid__product-image\" style=\"\">\n\t\t\t\t\t<a href=\"https:\/\/rivoli.ch\/en\/products-2\/les-mains-2-0-soin-total-anti-age\/\" style=\"\"> <img loading=\"lazy\" decoding=\"async\" width=\"600\" height=\"600\" src=\"https:\/\/rivoli.ch\/wp-content\/uploads\/2024\/10\/RIV_ECOM-IMAGES_1040X1040_MAINS_1-1-600x600.webp\" class=\"attachment-woocommerce_single size-woocommerce_single\" alt=\"\u00a0Les Mains 2.0 Total Anti\u2011Aging Car\" data-testid=\"product-image\" style=\"max-width:none;object-fit:cover;\" srcset=\"https:\/\/rivoli.ch\/wp-content\/uploads\/2024\/10\/RIV_ECOM-IMAGES_1040X1040_MAINS_1-1-600x600.webp 600w, https:\/\/rivoli.ch\/wp-content\/uploads\/2024\/10\/RIV_ECOM-IMAGES_1040X1040_MAINS_1-1-300x300.webp 300w, https:\/\/rivoli.ch\/wp-content\/uploads\/2024\/10\/RIV_ECOM-IMAGES_1040X1040_MAINS_1-1-1024x1024.webp 1024w, https:\/\/rivoli.ch\/wp-content\/uploads\/2024\/10\/RIV_ECOM-IMAGES_1040X1040_MAINS_1-1-150x150.webp 150w, https:\/\/rivoli.ch\/wp-content\/uploads\/2024\/10\/RIV_ECOM-IMAGES_1040X1040_MAINS_1-1-768x768.webp 768w, https:\/\/rivoli.ch\/wp-content\/uploads\/2024\/10\/RIV_ECOM-IMAGES_1040X1040_MAINS_1-1-12x12.webp 12w, https:\/\/rivoli.ch\/wp-content\/uploads\/2024\/10\/RIV_ECOM-IMAGES_1040X1040_MAINS_1-1.jpg 1040w\" sizes=\"(max-width: 600px) 100vw, 600px\" \/><\/a>\n\t\t\t\t<\/div>\n\n<h3 class=\"has-text-align-center wp-block-post-title\"><a href=\"https:\/\/rivoli.ch\/en\/products-2\/les-mains-2-0-soin-total-anti-age\/\" target=\"_self\" >\u00a0Les Mains 2.0 Total Anti\u2011Aging Car<\/a><\/h3>\n\n<div data-block-name=\"woocommerce\/product-price\" data-text-align=\"center\" data-is-descendent-of-single-product-block=\"true\" class=\"wp-block-woocommerce-product-price\"><div class=\"wc-block-components-product-price wc-block-grid__product-price has-text-align-center has-text-align-center\" style=\"\">\n\t\t\t\t\t<span class=\"woocs_price_code\" data-currency=\"\" data-redraw-id=\"69e49e85ebc02\"  data-product-id=\"2440\"><span class=\"woocommerce-Price-amount amount\"><bdi><span class=\"woocommerce-Price-currencySymbol\">&#67;&#72;&#70;<\/span>&nbsp;29.\u2013<\/bdi><\/span><\/span>\n\t\t\t\t<\/div><\/div><\/div>\n<\/div>\n<\/div><\/div>\n\n\n\n<div class=\"wp-block-column is-layout-flow wp-block-column-is-layout-flow\"><\/div>\n\n\n\n<div class=\"wp-block-column is-layout-flow wp-block-column-is-layout-flow\"><\/div>\n\n\n\n<div class=\"wp-block-column is-layout-flow wp-block-column-is-layout-flow\"><\/div>\n<\/div>\n\n\n\n<h2 class=\"wp-block-heading alignwide has-text-align-left page-category__title\">Benefits of a dedicated hydrating hand cream<\/h2>\n\n\n\n<div class=\"wp-block-columns alignwide page-category__col2 is-layout-flex wp-container-core-columns-is-layout-3 wp-block-columns-is-layout-flex\">\n<div class=\"wp-block-column is-layout-flow wp-block-column-is-layout-flow\">\n<p class=\"translation-block\">A specialized hydrating cream provides a targeted response to the hands\u2019 unique needs. Its <strong>lightweight texture<\/strong> absorbs quickly to form an invisible protective film \u2014 an effective barrier against daily aggressions.<\/p>\n\n\n\n<p class=\"translation-block\"><strong>Rapid absorption<\/strong> delivers optimal hydration thanks to natural ingredients recognized for nourishing properties such as tamarind seed extract (a plant\u2011based hyaluronic acid). This combined action restores suppleness and prevents signs of dryness.<\/p>\n\n\n\n<p class=\"translation-block\">Hands regain their <strong>natural softness<\/strong> even after repeated chores. Regular reparative care protects the surface and preserves elasticity for hands that look smoother, younger, and more comfortable day after day.<\/p>\n<\/div>\n<\/div>\n\n\n\n<h2 class=\"wp-block-heading alignwide page-category__title\">Why choose Rivoli Gen\u00e8ve hand cream?<\/h2>\n\n\n\n<div class=\"wp-block-columns alignwide is-layout-flex wp-container-core-columns-is-layout-4 wp-block-columns-is-layout-flex\">\n<div class=\"wp-block-column is-layout-flow wp-block-column-is-layout-flow\">\n<h3 class=\"wp-block-heading alignwide\"><strong><strong><strong>A reparative formula for renewed skin<\/strong><\/strong><\/strong><\/h3>\n\n\n\n<p class=\"translation-block\">Dry hands need powerful repair. Our formula enriched with ASPRivoli\u00ae precursors combines targeted natural actives to restore fragile hands in depth and regenerate the epidermis. <strong>Precious Passiflora edulis (passion fruit) oil<\/strong>, rich in antioxidants, helps restart the skin\u2019s natural regeneration and healing processes, supporting tissue integrity. As the skin is redensified, it gains thickness.<\/p>\n\n\n\n<p>Its creamy texture sinks in quickly without greasiness, enabling intensive repair of rough zones and micro\u2011cracks. Clinical tests show an 87% increase in hydration after 7 days of use.*<\/p>\n\n\n\n<p>*<em>Tests conducted on 20 volunteers for 28 days under dermatological supervision.<\/em><\/p>\n\n\n\n<h3 class=\"wp-block-heading\"><strong><strong><strong>Our patented ASPRivoli\u00ae technology<\/strong><\/strong><\/strong><\/h3>\n\n\n\n<p>Skin is a living organ that reacts to daily changes \u2014 vitamin deficiency, hormones, stress, pollution. It naturally produces its own actives to defend and adapt.<\/p>\n\n\n\n<p class=\"translation-block\">With age, fatigue, or stress, these mechanisms may weaken. That\u2019s why RIVOLI developed <strong>ASPRivoli\u00ae<\/strong>, based on biological precursors. These ingredients transform into natural actives upon contact with the skin to compensate for specific needs. The result is reinforced, radiant, visibly younger\u2011looking skin. Used regularly, precursors stimulate the skin\u2019s natural regenerative capacities.<\/p>\n<\/div>\n<\/div>\n\n\n\n<div class=\"wp-block-columns alignwide is-layout-flex wp-container-core-columns-is-layout-5 wp-block-columns-is-layout-flex\">\n<div class=\"wp-block-column is-layout-flow wp-block-column-is-layout-flow\">\n<h3 class=\"wp-block-heading alignwide\"><strong><strong><strong>The best cream for dehydrated hands marked by dark spots<\/strong><\/strong><\/strong><\/h3>\n\n\n\n<p class=\"translation-block\"><a href=\"https:\/\/rivoli.ch\/en\/products-2\/les-mains-2-0-soin-total-anti-age\/\" target=\"_self\">Our <strong>Les Mains 2.0<\/strong><\/a>  cream revolutionizes hand care thanks to its unique complex of <strong>Rheum rhaponticum and Panthenyl Triacetate<\/strong>. This exclusive combination inhibits melanin formation and blocks its transfer to <strong>keratinocytes<\/strong>, visibly reducing dark spots by 15.4% after 28 days of use.<\/p>\n\n\n\n<p>Its enriched formula creates a protective film that restores the natural barrier. Reparative actives \u2014 combined with Rivoli expertise \u2014 intensively regenerate fragile areas for hands that feel smoother and more comfortable.<\/p>\n\n\n\n<p>Daily application reveals a silky texture that melts instantly onto the skin. Hands regain suppleness and softness, while tone gradually becomes more uniform with visible results from the first uses.<\/p>\n<\/div>\n<\/div>\n\n\n\n<h2 class=\"wp-block-heading alignwide page-category__title\">How to apply<\/h2>\n\n\n\n<div class=\"wp-block-columns alignwide is-layout-flex wp-container-core-columns-is-layout-6 wp-block-columns-is-layout-flex\">\n<div class=\"wp-block-column is-layout-flow wp-block-column-is-layout-flow\">\n<p>For optimal effectiveness, apply your hand cream at least twice a day: in the morning to protect from daily aggressors and in the evening before bed to promote overnight regeneration.<\/p>\n\n\n\n<p>Massage gently over the hands using circular motions from the center of the palm outward. Pay special attention to sensitive zones such as the joints and nail contours. This massage technique stimulates microcirculation and optimizes active absorption.<\/p>\n<\/div>\n<\/div>\n\n\n\n<figure data-no-zoom=\"true\" class=\"wp-block-image alignfull size-large\"><a href=\"https:\/\/rivoli.ch\/wp-content\/uploads\/2025\/07\/Creme-pour-les-mains-RIVOLI.jpg\"><img loading=\"lazy\" decoding=\"async\" width=\"1024\" height=\"354\" src=\"https:\/\/rivoli.ch\/wp-content\/uploads\/2025\/07\/Creme-pour-les-mains-RIVOLI-1024x354.webp\" alt=\"cre\u0300me pour les mains rivoli\" class=\"wp-image-3306\" srcset=\"https:\/\/rivoli.ch\/wp-content\/uploads\/2025\/07\/Creme-pour-les-mains-RIVOLI-1024x354.webp 1024w, https:\/\/rivoli.ch\/wp-content\/uploads\/2025\/07\/Creme-pour-les-mains-RIVOLI-300x104.webp 300w, https:\/\/rivoli.ch\/wp-content\/uploads\/2025\/07\/Creme-pour-les-mains-RIVOLI-768x266.webp 768w, https:\/\/rivoli.ch\/wp-content\/uploads\/2025\/07\/Creme-pour-les-mains-RIVOLI-18x6.webp 18w, https:\/\/rivoli.ch\/wp-content\/uploads\/2025\/07\/Creme-pour-les-mains-RIVOLI-600x208.webp 600w, https:\/\/rivoli.ch\/wp-content\/uploads\/2025\/07\/Creme-pour-les-mains-RIVOLI.jpg 1300w\" sizes=\"(max-width: 1024px) 100vw, 1024px\" \/><\/a><\/figure>\n\n\n\n<div class=\"wp-block-columns alignwide is-layout-flex wp-container-core-columns-is-layout-7 wp-block-columns-is-layout-flex\">\n<div class=\"wp-block-column is-content-justification-center is-layout-constrained wp-block-column-is-layout-constrained\">\n<h2 class=\"wp-block-heading\">All about hand creams<\/h2>\n\n\n<\/div>\n<\/div>","protected":false},"excerpt":{"rendered":"<p>Cr\u00e8me pour les mains Expos\u00e9es quotidiennement aux agressions ext\u00e9rieures, lavages fr\u00e9quents et variations de temp\u00e9rature, vos mains sont parmi les zones les plus vuln\u00e9rables de votre peau. Leur \u00e9piderme, naturellement plus fin et moins riche en glandes s\u00e9bac\u00e9es que le reste du corps, n\u00e9cessite des soins sp\u00e9cifiques pour maintenir son \u00e9quilibre et sa jeunesse. La [&hellip;]<\/p>","protected":false},"author":11849,"featured_media":3306,"parent":0,"menu_order":0,"comment_status":"closed","ping_status":"closed","template":"","meta":{"_seopress_robots_primary_cat":"","_seopress_titles_title":"Cr\u00e8me pour les mains : nos soins anti-\u00e2ge","_seopress_titles_desc":"Redonnez jeunesse \u00e0 vos mains avec notre cr\u00e8me pour les mains anti-\u00e2ge pour une peau douce et hydrat\u00e9e.","_seopress_robots_index":"","footnotes":""},"acf":[],"_links":{"self":[{"href":"https:\/\/rivoli.ch\/en\/wp-json\/wp\/v2\/pages\/3301"}],"collection":[{"href":"https:\/\/rivoli.ch\/en\/wp-json\/wp\/v2\/pages"}],"about":[{"href":"https:\/\/rivoli.ch\/en\/wp-json\/wp\/v2\/types\/page"}],"author":[{"embeddable":true,"href":"https:\/\/rivoli.ch\/en\/wp-json\/wp\/v2\/users\/11849"}],"replies":[{"embeddable":true,"href":"https:\/\/rivoli.ch\/en\/wp-json\/wp\/v2\/comments?post=3301"}],"version-history":[{"count":4,"href":"https:\/\/rivoli.ch\/en\/wp-json\/wp\/v2\/pages\/3301\/revisions"}],"predecessor-version":[{"id":3399,"href":"https:\/\/rivoli.ch\/en\/wp-json\/wp\/v2\/pages\/3301\/revisions\/3399"}],"wp:featuredmedia":[{"embeddable":true,"href":"https:\/\/rivoli.ch\/en\/wp-json\/wp\/v2\/media\/3306"}],"wp:attachment":[{"href":"https:\/\/rivoli.ch\/en\/wp-json\/wp\/v2\/media?parent=3301"}],"curies":[{"name":"wp","href":"https:\/\/api.w.org\/{rel}","templated":true}]}}