{"id":4470,"date":"2026-04-27T09:24:15","date_gmt":"2026-04-27T07:24:15","guid":{"rendered":"https:\/\/rivoli.ch\/?post_type=product&#038;p=4470"},"modified":"2026-04-27T15:39:03","modified_gmt":"2026-04-27T13:39:03","slug":"le-privilege-base-traitante-n02","status":"publish","type":"product","link":"https:\/\/rivoli.ch\/de\/produkte\/le-privilege-base-traitante-n02\/","title":{"rendered":"Le Privil\u00e8ge Base Traitante N\u00b002"},"content":{"rendered":"<p class=\"translation-block\">Le Privil\u00e8ge Base Traitante N\u00b002&nbsp;n\u2019est pas une simple reformulation &nbsp;\u2013 offerte en deux teintes: LIGHT BEIGE &amp; MEDIUM BEIGE \u2013 c\u2019est une am\u00e9lioration scientfique pour une <strong>peau plus prot\u00e8g\u00e9e<\/strong> contre les m\u00e9faits des UV et le stress oxidatif. Une peau <strong>renforc\u00e9e face aux aggressons externes. <\/strong>Les <strong>pores sont affin\u00e9s<\/strong> et <strong>la peau plus hydrat\u00e9e. <\/strong><\/p>\n<p class=\"translation-block\">Sa texture l\u00e9g\u00e8re et&nbsp;<strong>non occlusive<\/strong>&nbsp;s\u2019int\u00e8gre parfaitement avec n\u2019importe quelle routine de beaut\u00e9 du matin.<\/p>\n<p class=\"translation-block\">Ses deux nouvelles teintes <strong>LIGHT BEIGE &amp; MEDIUM<\/strong> <strong>BEIGE<\/strong> sont parfaites pour les peaux claires comme plus mattes.<\/p>\n<p>Sa philosophie: ne pas masquer la peau, mais de la soutenir.<\/p>\n<p>Certifi\u00e9e v\u00e9gan, sans sillicones, ni parabens.<\/p>","protected":false},"excerpt":{"rendered":"<p>Un soin 4 en 1\u00a0: D\u00e9fense de la peau,\u00a0Protection de la barri\u00e8re cutan\u00e9e,\u00a0Effets matifiants &amp; hydratants.<\/p>\n<p>Unifie\u00a0et embellit le teint. Existe en deux teintes.<\/p>","protected":false},"featured_media":4481,"comment_status":"closed","ping_status":"closed","template":"","meta":{"_seopress_robots_primary_cat":"none","_seopress_titles_title":"Base maquillage, primer soin traitant | Rivoli Gen\u00e8ve","_seopress_titles_desc":"D\u00e9couvrez \"Le Privil\u00e8ge\", une Base de Maquillage, mais aussi un soin anti-\u00e2ge 4-en-1 pour un teint liss\u00e9. \u2b50 Livraison Gratuite !","_seopress_robots_index":""},"product_cat":[21],"product_tag":[],"woo-feed-brand":[],"acf":[],"_links":{"self":[{"href":"https:\/\/rivoli.ch\/de\/wp-json\/wp\/v2\/product\/4470"}],"collection":[{"href":"https:\/\/rivoli.ch\/de\/wp-json\/wp\/v2\/product"}],"about":[{"href":"https:\/\/rivoli.ch\/de\/wp-json\/wp\/v2\/types\/product"}],"replies":[{"embeddable":true,"href":"https:\/\/rivoli.ch\/de\/wp-json\/wp\/v2\/comments?post=4470"}],"wp:featuredmedia":[{"embeddable":true,"href":"https:\/\/rivoli.ch\/de\/wp-json\/wp\/v2\/media\/4481"}],"wp:attachment":[{"href":"https:\/\/rivoli.ch\/de\/wp-json\/wp\/v2\/media?parent=4470"}],"wp:term":[{"taxonomy":"product_cat","embeddable":true,"href":"https:\/\/rivoli.ch\/de\/wp-json\/wp\/v2\/product_cat?post=4470"},{"taxonomy":"product_tag","embeddable":true,"href":"https:\/\/rivoli.ch\/de\/wp-json\/wp\/v2\/product_tag?post=4470"},{"taxonomy":"woo-feed-brand","embeddable":true,"href":"https:\/\/rivoli.ch\/de\/wp-json\/wp\/v2\/woo-feed-brand?post=4470"}],"curies":[{"name":"wp","href":"https:\/\/api.w.org\/{rel}","templated":true}]}}