{"id":438,"date":"2024-04-04T21:10:38","date_gmt":"2024-04-04T19:10:38","guid":{"rendered":"https:\/\/rivoli.dev.hayloft-it.ch\/?post_type=product&#038;p=438"},"modified":"2026-04-09T16:17:13","modified_gmt":"2026-04-09T14:17:13","slug":"le-regard-serum-liftant-eclat-2-0","status":"publish","type":"product","link":"https:\/\/rivoli.ch\/de\/produkte\/le-regard-serum-liftant-eclat-2-0\/","title":{"rendered":"Le Regard S\u00e9rum Liftant \u00c9clat 2.0"},"content":{"rendered":"<p class=\"translation-block\"><em>Le Regard S\u00e9rum Liftant \u00c9clat 2.0<\/em> RIVOLI ist eine hochwertige Pflege f\u00fcr die Augenkonturen. Es l\u00e4sst die Augen erstrahlen, belebt den Glanz und beseitigt M\u00fcdigkeitserscheinungen im Nu.<\/p>\n<p class=\"translation-block\"><em>Le Regard S\u00e9rum Liftant \u00c9clat 2.0<\/em> RIVOLI ist nicht nur eine \u00abGlanzleistung\u00bb, sondern verf\u00fcgt auch \u00fcber hervorragende Anti-Aging-Eigenschaften: Es reduziert Falten (-22,8 % Falten in 28 Tagen***) und st\u00e4rkt die Hautstruktur.<\/p>\n<p class=\"translation-block\">Das vegan zertifizierte <em>Le Regard S\u00e9rum Liftant \u00c9clat 2.0<\/em> RIVOLI enth\u00e4lt weder Silikone noch andere verzichtbare Inhaltsstoffe. Die Rezeptur sch\u00fctzt die Mikrobiota der Haut.<\/p>","protected":false},"excerpt":{"rendered":"<p>Unser Premium-Serum f\u00fcr Ihre Augenkontur. Hilft gegen M\u00fcdigkeit, sorgt f\u00fcr frischen Glanz und gl\u00e4ttet Falten.<\/p>","protected":false},"featured_media":1079,"comment_status":"closed","ping_status":"closed","template":"","meta":{"_seopress_robots_primary_cat":"none","_seopress_titles_title":"S\u00e9rum hydratant pour les yeux anti-fatigue | Rivoli Gen\u00e8ve","_seopress_titles_desc":"D\u00e9couvrez le s\u00e9rum liftant et raviveur d'\u00e9clat pour le contour des yeux. Un s\u00e9rum hydratant anti-fatigue et coup d'\u00e9clat \u2b50 Livraison Gratuite\u00a0","_seopress_robots_index":""},"product_cat":[22],"product_tag":[],"woo-feed-brand":[],"acf":[],"_links":{"self":[{"href":"https:\/\/rivoli.ch\/de\/wp-json\/wp\/v2\/product\/438"}],"collection":[{"href":"https:\/\/rivoli.ch\/de\/wp-json\/wp\/v2\/product"}],"about":[{"href":"https:\/\/rivoli.ch\/de\/wp-json\/wp\/v2\/types\/product"}],"replies":[{"embeddable":true,"href":"https:\/\/rivoli.ch\/de\/wp-json\/wp\/v2\/comments?post=438"}],"wp:featuredmedia":[{"embeddable":true,"href":"https:\/\/rivoli.ch\/de\/wp-json\/wp\/v2\/media\/1079"}],"wp:attachment":[{"href":"https:\/\/rivoli.ch\/de\/wp-json\/wp\/v2\/media?parent=438"}],"wp:term":[{"taxonomy":"product_cat","embeddable":true,"href":"https:\/\/rivoli.ch\/de\/wp-json\/wp\/v2\/product_cat?post=438"},{"taxonomy":"product_tag","embeddable":true,"href":"https:\/\/rivoli.ch\/de\/wp-json\/wp\/v2\/product_tag?post=438"},{"taxonomy":"woo-feed-brand","embeddable":true,"href":"https:\/\/rivoli.ch\/de\/wp-json\/wp\/v2\/woo-feed-brand?post=438"}],"curies":[{"name":"wp","href":"https:\/\/api.w.org\/{rel}","templated":true}]}}