{"id":432,"date":"2024-04-04T20:59:25","date_gmt":"2024-04-04T18:59:25","guid":{"rendered":"https:\/\/rivoli.dev.hayloft-it.ch\/?post_type=product&#038;p=432"},"modified":"2026-05-02T10:17:56","modified_gmt":"2026-05-02T08:17:56","slug":"le-regard-2-0-traitement-ultra-correctif","status":"publish","type":"product","link":"https:\/\/rivoli.ch\/de\/produkte\/le-regard-2-0-traitement-ultra-correctif\/","title":{"rendered":"Le Regard 2.0 Traitement Ultra Correctif"},"content":{"rendered":"<p><strong>RIVOLI Gen\u00e8ve<\/strong> versch\u00f6nert den Blick mit einer au\u00dfergew\u00f6hnlichen Pflege. Entstanden aus der Verbindung zwischen <strong>zwischen jahrtausendealter traditioneller Medizin<\/strong>\u00a0und wissenschaftlicher Innovation <strong>Ultra-Korrigierende Pflege<\/strong> ist viel mehr als nur eine Augencreme: Sie ist ein regenerierendes Konzentrat mit Anti-Falten-, Anti-Augenringe- und abschwellenden Eigenschaften.<\/p>\n<p><strong>Pflanzliche Wirksamkeit:<\/strong> der <strong>100 % nat\u00fcrliche Komplex<\/strong> bek\u00e4mpft die wichtigsten Anzeichen von M\u00fcdigkeit im Bereich der Augenpartie. Er beruhigt, mindert Schwellungen und revitalisiert die empfindliche Augenpartie mit bemerkenswerter Pr\u00e4zision.<\/p>\n<p><strong>Exklusive ASPRivoli\u00ae-Technologie:<\/strong> Das Herzst\u00fcck der Formel bildet die patentierte <strong>ASPRivoli\u00ae<\/strong> die die nat\u00fcrlichen Regenerationsmechanismen der Haut aktiviert. Sie f\u00f6rdert die Zellreparatur, reduziert sichtbar die Zeichen der Hautalterung und sorgt f\u00fcr einen ausgeruhten, strahlenden und sichtbar j\u00fcngeren Blick.<\/p>\n<p>Die <strong>leichte, zart schmelzende Textur<\/strong> zieht schnell ein, ohne einen Fettfilm zu hinterlassen, und sorgt schon nach den ersten Anwendungen f\u00fcr einen versch\u00f6nerten Blick.<\/p>","protected":false},"excerpt":{"rendered":"<p>Unsere ultra-korrektive Augenkonturencreme: Gegen Falten, Augenringe und Tr\u00e4nens\u00e4cke.<\/p>","protected":false},"featured_media":1082,"comment_status":"closed","ping_status":"closed","template":"","meta":{"_seopress_robots_primary_cat":"none","_seopress_titles_title":"Cr\u00e8me pour les yeux anti-\u00e2ge, anti-cernes | Rivoli Gen\u00e8ve","_seopress_titles_desc":"D\u00e9couvrez la cr\u00e8me globale anti-\u00e2ge pour le contour des yeux\u00a0: anti-rides, anti-cernes et anti-poches Rivoli Gen\u00e8ve \u2b50 Livraison Gratuite\u00a0","_seopress_robots_index":""},"product_cat":[22],"product_tag":[],"woo-feed-brand":[],"acf":[],"_links":{"self":[{"href":"https:\/\/rivoli.ch\/de\/wp-json\/wp\/v2\/product\/432"}],"collection":[{"href":"https:\/\/rivoli.ch\/de\/wp-json\/wp\/v2\/product"}],"about":[{"href":"https:\/\/rivoli.ch\/de\/wp-json\/wp\/v2\/types\/product"}],"replies":[{"embeddable":true,"href":"https:\/\/rivoli.ch\/de\/wp-json\/wp\/v2\/comments?post=432"}],"wp:featuredmedia":[{"embeddable":true,"href":"https:\/\/rivoli.ch\/de\/wp-json\/wp\/v2\/media\/1082"}],"wp:attachment":[{"href":"https:\/\/rivoli.ch\/de\/wp-json\/wp\/v2\/media?parent=432"}],"wp:term":[{"taxonomy":"product_cat","embeddable":true,"href":"https:\/\/rivoli.ch\/de\/wp-json\/wp\/v2\/product_cat?post=432"},{"taxonomy":"product_tag","embeddable":true,"href":"https:\/\/rivoli.ch\/de\/wp-json\/wp\/v2\/product_tag?post=432"},{"taxonomy":"woo-feed-brand","embeddable":true,"href":"https:\/\/rivoli.ch\/de\/wp-json\/wp\/v2\/woo-feed-brand?post=432"}],"curies":[{"name":"wp","href":"https:\/\/api.w.org\/{rel}","templated":true}]}}