{"id":392,"date":"2024-04-04T19:19:27","date_gmt":"2024-04-04T17:19:27","guid":{"rendered":"https:\/\/rivoli.dev.hayloft-it.ch\/?post_type=product&#038;p=392"},"modified":"2026-04-08T12:17:14","modified_gmt":"2026-04-08T10:17:14","slug":"le-visage-creme-de-jour-jeunesse-n02","status":"publish","type":"product","link":"https:\/\/rivoli.ch\/de\/produkte\/le-visage-creme-de-jour-jeunesse-n02\/","title":{"rendered":"Le Visage Cr\u00e8me de Jour Jeunesse N\u00b002"},"content":{"rendered":"<p class=\"translation-block\"><em>Le Visage La Cr\u00e8me de Jour Jeunesse N\u00b002<\/em> RIVOLI ist der Schl\u00fcssel zu einer j\u00fcngeren Haut.<\/p>\n<p class=\"translation-block\">Als echtes Vitalit\u00e4tskonzentrat gl\u00e4ttet <em>Le Visage Cr\u00e8me de Jour Jeunesse N\u00b002<\/em> RIVOLI sichtbar die Falten (-33 %*).<\/p>\n<p class=\"translation-block\"><em>Le Visage La Cr\u00e8me de Jour Jeunesse N\u00b002<\/em> RIVOLI sch\u00fctzt die Haut vor sch\u00e4dlichen Einfl\u00fcssen, den sie in st\u00e4dtischer Umgebung tagt\u00e4glich ausgesetzt ist, und beugt der sch\u00e4dlichen Auswirkung von UV-Strahlen, Ozon, blauem Licht und Umweltverschmutzungen vor.<\/p>","protected":false},"excerpt":{"rendered":"<p>Unsere urbane Multidefensiv- und Anti-Aging-Tagescreme.<\/p>","protected":false},"featured_media":1094,"comment_status":"closed","ping_status":"closed","template":"","meta":{"_seopress_robots_primary_cat":"none","_seopress_titles_title":"Cr\u00e8me de Jour Anti-\u00c2ge pour le Visage | Rivoli Gen\u00e8ve","_seopress_titles_desc":"Cr\u00e8me de jour anti-\u00e2ge Le Visage Rivoli Gen\u00e8ve, protection urbaine 2 en 1 contre UV, lumi\u00e8re bleue, pollution et agressions. \u2b50 Livraison Gratuite","_seopress_robots_index":""},"product_cat":[21],"product_tag":[],"woo-feed-brand":[],"acf":[],"_links":{"self":[{"href":"https:\/\/rivoli.ch\/de\/wp-json\/wp\/v2\/product\/392"}],"collection":[{"href":"https:\/\/rivoli.ch\/de\/wp-json\/wp\/v2\/product"}],"about":[{"href":"https:\/\/rivoli.ch\/de\/wp-json\/wp\/v2\/types\/product"}],"replies":[{"embeddable":true,"href":"https:\/\/rivoli.ch\/de\/wp-json\/wp\/v2\/comments?post=392"}],"wp:featuredmedia":[{"embeddable":true,"href":"https:\/\/rivoli.ch\/de\/wp-json\/wp\/v2\/media\/1094"}],"wp:attachment":[{"href":"https:\/\/rivoli.ch\/de\/wp-json\/wp\/v2\/media?parent=392"}],"wp:term":[{"taxonomy":"product_cat","embeddable":true,"href":"https:\/\/rivoli.ch\/de\/wp-json\/wp\/v2\/product_cat?post=392"},{"taxonomy":"product_tag","embeddable":true,"href":"https:\/\/rivoli.ch\/de\/wp-json\/wp\/v2\/product_tag?post=392"},{"taxonomy":"woo-feed-brand","embeddable":true,"href":"https:\/\/rivoli.ch\/de\/wp-json\/wp\/v2\/woo-feed-brand?post=392"}],"curies":[{"name":"wp","href":"https:\/\/api.w.org\/{rel}","templated":true}]}}