{"id":384,"date":"2024-04-04T19:04:36","date_gmt":"2024-04-04T17:04:36","guid":{"rendered":"https:\/\/rivoli.dev.hayloft-it.ch\/?post_type=product&#038;p=384"},"modified":"2026-04-07T18:17:09","modified_gmt":"2026-04-07T16:17:09","slug":"le-visage-serum-lumiere-n02","status":"publish","type":"product","link":"https:\/\/rivoli.ch\/de\/produkte\/le-visage-serum-lumiere-n02\/","title":{"rendered":"Le Visage S\u00e9rum Lumi\u00e8re N\u00b002"},"content":{"rendered":"<p class=\"translation-block\"><em>Le Visage S\u00e9rum Lumi\u00e8re<\/em> sorgt f\u00fcr frischen Glanz und ist nun in einer neuen, noch wirksameren Formel 02 erh\u00e4ltlich.<\/p>\n<p class=\"translation-block\">Mit neuen korrigierenden Eigenschaften verleiht <em>Le Visage S\u00e9rum Lumi\u00e8re N\u00b002<\/em> RIVOLI umgehend mehr Leuchtfraft (+29%* in 30 Minuten) und einen ebenm\u00e4ssigen Teint (Reduzierung von R\u00f6tungen und braunen Flecken bei 70 % aller Frauen nach 28 Anwendungstagen).<\/p>\n<p class=\"translation-block\"><em>Le Visage S\u00e9rum Lumi\u00e8re N\u00b002<\/em> RIVOLI wurde 2022 mit dem Prix de Beaut\u00e9 der Frauenzeitschrift Annabelle ausgezeichnet und ist ein Anti-Aging-Konzentrat mit versch\u00f6nernder Wirkung. Angereichert mit Anti-Aging-Wirkstoffen gl\u00e4ttet es Falten und feine Linien und st\u00e4rkt die Hautbarriere.<\/p>\n<p class=\"translation-block\"><em>Le Visage S\u00e9rum Lumi\u00e8re N\u00b002<\/em> RIVOLI ist vegan zertifiziert und enth\u00e4lt weder Parabene noch Silikone noch Glimmer.<\/p>","protected":false},"excerpt":{"rendered":"<p>Unser Power-Serum f\u00fcr ein leuchtendes und strahlendes Gesicht.<\/p>","protected":false},"featured_media":1093,"comment_status":"closed","ping_status":"closed","template":"","meta":{"_seopress_robots_primary_cat":"none","_seopress_titles_title":"Serum pour un visage \u00e9clatant et radiant | Rivoli Gen\u00e8ve","_seopress_titles_desc":"S\u00e9rum visage : ravivez l\u2019\u00e9clat de votre peau et obtenez un teint lumineux et uniforme avec le S\u00e9rum Lumi\u00e8re N\u00b002 Le Visage. \u2b50 Livraison Gratuite","_seopress_robots_index":""},"product_cat":[21],"product_tag":[],"woo-feed-brand":[],"acf":[],"_links":{"self":[{"href":"https:\/\/rivoli.ch\/de\/wp-json\/wp\/v2\/product\/384"}],"collection":[{"href":"https:\/\/rivoli.ch\/de\/wp-json\/wp\/v2\/product"}],"about":[{"href":"https:\/\/rivoli.ch\/de\/wp-json\/wp\/v2\/types\/product"}],"replies":[{"embeddable":true,"href":"https:\/\/rivoli.ch\/de\/wp-json\/wp\/v2\/comments?post=384"}],"wp:featuredmedia":[{"embeddable":true,"href":"https:\/\/rivoli.ch\/de\/wp-json\/wp\/v2\/media\/1093"}],"wp:attachment":[{"href":"https:\/\/rivoli.ch\/de\/wp-json\/wp\/v2\/media?parent=384"}],"wp:term":[{"taxonomy":"product_cat","embeddable":true,"href":"https:\/\/rivoli.ch\/de\/wp-json\/wp\/v2\/product_cat?post=384"},{"taxonomy":"product_tag","embeddable":true,"href":"https:\/\/rivoli.ch\/de\/wp-json\/wp\/v2\/product_tag?post=384"},{"taxonomy":"woo-feed-brand","embeddable":true,"href":"https:\/\/rivoli.ch\/de\/wp-json\/wp\/v2\/woo-feed-brand?post=384"}],"curies":[{"name":"wp","href":"https:\/\/api.w.org\/{rel}","templated":true}]}}