{"id":353,"date":"2024-04-04T17:25:01","date_gmt":"2024-04-04T15:25:01","guid":{"rendered":"https:\/\/rivoli.dev.hayloft-it.ch\/?post_type=product&#038;p=353"},"modified":"2026-04-22T01:17:38","modified_gmt":"2026-04-21T23:17:38","slug":"le-privilege-la-creme","status":"publish","type":"product","link":"https:\/\/rivoli.ch\/de\/produkte\/le-privilege-la-creme\/","title":{"rendered":"Le Privil\u00e8ge La Cr\u00e8me"},"content":{"rendered":"<p class=\"translation-block\">RIVOLI hat die optimale Anti-Aging-Creme entwickelt: <em>Le Privil\u00e8ge La Cr\u00e8me<\/em>.<\/p>\n<p class=\"translation-block\"><em>Le Privil\u00e8ge La Cr\u00e8me<\/em> RIVOLI enth\u00e4lt sorgf\u00e4ltig ausgew\u00e4hlte Pflanzenextrakte und hochwirksame Inhaltsstoffe und ist ein Jungbrunnen f\u00fcr die Haut.<\/p>\n<p>Sie spendet Feuchtigkeit (+31 % in 12 Wochen), reduziert die Faltenbildung (-11 %*) und erh\u00f6ht Elastizit\u00e4t (+17,2 %*) und Volumen (+0,49\u202fmm* Wangenknochenf\u00fclle).<\/p>\n<p class=\"translation-block\"><em>Le Privil\u00e8ge La Cr\u00e8me<\/em> RIVOLI ist vegan zertifiziert und enth\u00e4lt keine Silikone, Parabene, PEGs oder Mikroplastik.<\/p>\n<p class=\"translation-block\">Jour apr\u00e8s jour, <em>La Cr\u00e8me<\/em> combat les outrages du temps.<\/p>","protected":false},"excerpt":{"rendered":"<p>Unsere besonders reichhaltige Anti-Aging-Creme f\u00fcr reife Haut, zeichnet die Gesichtskonturen neu, strafft und mildert Falten.<\/p>","protected":false},"featured_media":1107,"comment_status":"closed","ping_status":"closed","template":"","meta":{"_seopress_robots_primary_cat":"none","_seopress_titles_title":"Cr\u00e8me anti-\u00e2ge hydratante, haute performance | Rivoli Gen\u00e8ve","_seopress_titles_desc":"D\u00e9couvrez La Cr\u00e8me de Rivoli Gen\u00e8ve, un puissant soin anti-\u00e2ge qui remod\u00e8le, raffermit, comble et hydrate intens\u00e9ment. \u2b50 Livraison Gratuite","_seopress_robots_index":""},"product_cat":[21],"product_tag":[],"woo-feed-brand":[],"acf":[],"_links":{"self":[{"href":"https:\/\/rivoli.ch\/de\/wp-json\/wp\/v2\/product\/353"}],"collection":[{"href":"https:\/\/rivoli.ch\/de\/wp-json\/wp\/v2\/product"}],"about":[{"href":"https:\/\/rivoli.ch\/de\/wp-json\/wp\/v2\/types\/product"}],"replies":[{"embeddable":true,"href":"https:\/\/rivoli.ch\/de\/wp-json\/wp\/v2\/comments?post=353"}],"wp:featuredmedia":[{"embeddable":true,"href":"https:\/\/rivoli.ch\/de\/wp-json\/wp\/v2\/media\/1107"}],"wp:attachment":[{"href":"https:\/\/rivoli.ch\/de\/wp-json\/wp\/v2\/media?parent=353"}],"wp:term":[{"taxonomy":"product_cat","embeddable":true,"href":"https:\/\/rivoli.ch\/de\/wp-json\/wp\/v2\/product_cat?post=353"},{"taxonomy":"product_tag","embeddable":true,"href":"https:\/\/rivoli.ch\/de\/wp-json\/wp\/v2\/product_tag?post=353"},{"taxonomy":"woo-feed-brand","embeddable":true,"href":"https:\/\/rivoli.ch\/de\/wp-json\/wp\/v2\/woo-feed-brand?post=353"}],"curies":[{"name":"wp","href":"https:\/\/api.w.org\/{rel}","templated":true}]}}