{"id":3480,"date":"2025-09-01T16:03:53","date_gmt":"2025-09-01T14:03:53","guid":{"rendered":"https:\/\/rivoli.ch\/?post_type=product&#038;p=3480"},"modified":"2026-04-22T17:17:12","modified_gmt":"2026-04-22T15:17:12","slug":"le-visage-emulsion-re-equilibrante-n02","status":"publish","type":"product","link":"https:\/\/rivoli.ch\/de\/produkte\/le-visage-emulsion-re-equilibrante-n02\/","title":{"rendered":"Le Visage \u00c9mulsion R\u00e9-\u00e9quilibrante N\u00b002"},"content":{"rendered":"<p>Entdecken Sie die neue Version N\u00b002 unserer Re-balancing Emulsion<\/p>\n<p>Die neue Formulierung beruhigt empfindliche, gestresste Haut, indem sie das durch Alltagsstress geschw\u00e4chte Mikrobiom wieder ins Gleichgewicht bringt.<\/p>\n<p>Die Haut gewinnt optimale Gesundheit, intensive Hydration und ihre nat\u00fcrliche Strahlkraft zur\u00fcck.<\/p>\n<p><strong>Eine tiefgreifende Antwort auf Hautungleichgewichte<\/strong><\/p>\n<p>\u00c4u\u00dfere Aggressoren, hormonelle Schwankungen oder ein hektischer Lebensstil \u2013 all diese Faktoren k\u00f6nnen das Gleichgewicht der Haut beeintr\u00e4chtigen.<\/p>\n<p>Die Version N\u00b002 unserer Re-balancing Emulsion wurde gezielt entwickelt, um die Anzeichen von Hautstress wie R\u00f6tungen, Unbehagen oder Irritationen wirksam zu mindern.<\/p>\n<p>Bereits nach 28 Tagen regelm\u00e4\u00dfiger Anwendung, morgens und abends, berichteten 100 % der Proband*innen von einer Reduktion von R\u00f6tungen und Hautunbehagen.<\/p>\n<p><strong>Nachgewiesene Wirksamkeit bereits nach 4 Wochen<\/strong> :<\/p>\n<ul>\n<li>\u201312,6 % Hautr\u00f6tungen<\/li>\n<li>+17,8 % ausstrahlung<\/li>\n<li>\u201318,7 % transepidermaler Wasserverlust (TEWL-Reduktion)<\/li>\n<\/ul>\n<p class=\"translation-block\">Wie alle unsere Produkte wurde auch die Emulsion R\u00e9-\u00e9quilibrante N\u00b002 unter Einhaltung unserer <a href=\"https:\/\/rivoli.ch\/wp-content\/uploads\/2024\/08\/RIVOLI_Blacklist-2024.pdf?srsltid=AfmBOoqw6NhsRi2zvgAEYI84VFmn1CvZm4Hx0isKRRjgg_65iNkYZt0J\" target=\"_self\">Blacklist formuliert<\/a> \u2013 frei von Silikonen, Parabenen, PEGs und Mikroplastik \u2013 und ist zudem <a href=\"https:\/\/rivoli.ch\/de\/vegane-kosmetik\/\" target=\"_self\">VEGAN-zertifiziert<\/a>.<\/p>","protected":false},"excerpt":{"rendered":"<p>Notre cr\u00e8me apaisante pour les peaux sensibles et stress\u00e9es. Elle r\u00e9duit les rougeurs, les inflammations et r\u00e9-\u00e9quilibre le microbiome.<\/p>","protected":false},"featured_media":3570,"comment_status":"closed","ping_status":"closed","template":"","meta":{"_seopress_robots_primary_cat":"none","_seopress_titles_title":"\u00c9mulsion visage : notre soin apaisant pour peau sensible | Rivoli Gen\u00e8ve","_seopress_titles_desc":"D\u00e9couvrez l\u2019\u00e9mulsion visage r\u00e9-\u00e9quilibrante Le Visage, pour un microbiote cutan\u00e9 sain, une peau apais\u00e9e et un teint frais. \u2b50 Livraison Gratuite","_seopress_robots_index":""},"product_cat":[21],"product_tag":[],"woo-feed-brand":[],"acf":[],"_links":{"self":[{"href":"https:\/\/rivoli.ch\/de\/wp-json\/wp\/v2\/product\/3480"}],"collection":[{"href":"https:\/\/rivoli.ch\/de\/wp-json\/wp\/v2\/product"}],"about":[{"href":"https:\/\/rivoli.ch\/de\/wp-json\/wp\/v2\/types\/product"}],"replies":[{"embeddable":true,"href":"https:\/\/rivoli.ch\/de\/wp-json\/wp\/v2\/comments?post=3480"}],"wp:featuredmedia":[{"embeddable":true,"href":"https:\/\/rivoli.ch\/de\/wp-json\/wp\/v2\/media\/3570"}],"wp:attachment":[{"href":"https:\/\/rivoli.ch\/de\/wp-json\/wp\/v2\/media?parent=3480"}],"wp:term":[{"taxonomy":"product_cat","embeddable":true,"href":"https:\/\/rivoli.ch\/de\/wp-json\/wp\/v2\/product_cat?post=3480"},{"taxonomy":"product_tag","embeddable":true,"href":"https:\/\/rivoli.ch\/de\/wp-json\/wp\/v2\/product_tag?post=3480"},{"taxonomy":"woo-feed-brand","embeddable":true,"href":"https:\/\/rivoli.ch\/de\/wp-json\/wp\/v2\/woo-feed-brand?post=3480"}],"curies":[{"name":"wp","href":"https:\/\/api.w.org\/{rel}","templated":true}]}}