{"id":322,"date":"2024-04-04T16:23:06","date_gmt":"2024-04-04T14:23:06","guid":{"rendered":"https:\/\/rivoli.dev.hayloft-it.ch\/?post_type=product&#038;p=322"},"modified":"2026-04-17T05:17:16","modified_gmt":"2026-04-17T03:17:16","slug":"le-privilege-leau-de-jour-n02-anti-age-protection","status":"publish","type":"product","link":"https:\/\/rivoli.ch\/de\/produkte\/le-privilege-leau-de-jour-n02-anti-age-protection\/","title":{"rendered":"Le Privil\u00e8ge L\u2019Eau de Jour N\u00b002"},"content":{"rendered":"<h2>Anti-\u00c2ge &amp; Protection<\/h2>\n<p class=\"translation-block\"><em>L\u2019Eau de Jour<\/em>, unser ikonisches Pflegespray, bekommt ein Upgrade mit einer neuen Formel 02.<\/p>\n<p class=\"translation-block\">Als feiner Spr\u00fchnebel ist das <em>L\u2019Eau de Jour N\u00b002<\/em> eine geballte Effizienz.  Als idealer erster Schritt in Ihrer Hautpflegeroutine oder als erfrischende Erg\u00e4nzung \u00fcber dem Make-up tags\u00fcber.<\/p>\n<p class=\"translation-block\">Das hochwirksame <em>L\u2019Eau de Jour N\u00b002<\/em> RIVOLI bietet viele Vorteile f\u00fcr Ihre Haut: Anti-Aging-Wirkung (-18,7 % Falten*), Feuchtigkeit (+27 %*), Straffheit (+13,5 %*) t sowie Schutz vor Umweltverschmutzung und blauem Licht. Die umfassenden Ergebnisse, durch ein unabh\u00e4ngiges Labor ermittelt, finden Sie bitte im Abschnitt \u201eNachgewiesene Ergebnisse\u201c.<\/p>\n<p class=\"translation-block\">Das vegan zertifizierte <em>L\u2019Eau de Jour N\u00b002<\/em>  RIVOLI fusst auf einer \u00absauberen\u00bb Formel. Es enth\u00e4lt weder Silikone noch Parabene noch PEG.<\/p>\n<p class=\"translation-block\"><em>L'Eau de Jour N\u00b002<\/em> RIVOLI wirkt wie ein Coach f\u00fcr Ihre Haut und ist die ultimative Pflege gegen die Anzeichen der Hautalterung sowie gegen t\u00e4gliche Umweltbelastungen.<\/p>","protected":false},"excerpt":{"rendered":"<p>Unser ikonisches Gesichtsspray. Die multifunktionale Tagespflege gl\u00e4ttet, polstert auf und strafft.<\/p>","protected":false},"featured_media":1066,"comment_status":"closed","ping_status":"closed","template":"","meta":{"_seopress_robots_primary_cat":"none","_seopress_titles_title":"Eau tonique de jour pour le visage Anti-\u00c2ge | Rivoli Gen\u00e8ve","_seopress_titles_desc":"Retrouvez un visage rajeuni avec L'Eau de Jour, brume anti-\u00e2ge. Protection urbaine, activateur de collag\u00e8ne et d\u2019acide hyaluronique \u2b50 Livraison Gratuite\u00a0","_seopress_robots_index":""},"product_cat":[21],"product_tag":[],"woo-feed-brand":[],"acf":[],"_links":{"self":[{"href":"https:\/\/rivoli.ch\/de\/wp-json\/wp\/v2\/product\/322"}],"collection":[{"href":"https:\/\/rivoli.ch\/de\/wp-json\/wp\/v2\/product"}],"about":[{"href":"https:\/\/rivoli.ch\/de\/wp-json\/wp\/v2\/types\/product"}],"replies":[{"embeddable":true,"href":"https:\/\/rivoli.ch\/de\/wp-json\/wp\/v2\/comments?post=322"}],"wp:featuredmedia":[{"embeddable":true,"href":"https:\/\/rivoli.ch\/de\/wp-json\/wp\/v2\/media\/1066"}],"wp:attachment":[{"href":"https:\/\/rivoli.ch\/de\/wp-json\/wp\/v2\/media?parent=322"}],"wp:term":[{"taxonomy":"product_cat","embeddable":true,"href":"https:\/\/rivoli.ch\/de\/wp-json\/wp\/v2\/product_cat?post=322"},{"taxonomy":"product_tag","embeddable":true,"href":"https:\/\/rivoli.ch\/de\/wp-json\/wp\/v2\/product_tag?post=322"},{"taxonomy":"woo-feed-brand","embeddable":true,"href":"https:\/\/rivoli.ch\/de\/wp-json\/wp\/v2\/woo-feed-brand?post=322"}],"curies":[{"name":"wp","href":"https:\/\/api.w.org\/{rel}","templated":true}]}}