{"id":315,"date":"2024-04-04T15:43:51","date_gmt":"2024-04-04T13:43:51","guid":{"rendered":"https:\/\/rivoli.dev.hayloft-it.ch\/?post_type=product&#038;p=315"},"modified":"2026-04-08T10:17:08","modified_gmt":"2026-04-08T08:17:08","slug":"set-la-decouverte","status":"publish","type":"product","link":"https:\/\/rivoli.ch\/de\/produkte\/set-la-decouverte\/","title":{"rendered":"Set \u00ab La D\u00e9couverte \u00bb"},"content":{"rendered":"<p>Eine umfangreiche Pflegeroutine, um unsere vier ikonischen Pflegeprodukte kennenzulernen.<\/p>\n<p>Eine detaillierte Beschreibung jedes Produkts finden Sie im nachstehend.<\/p>","protected":false},"excerpt":{"rendered":"<p>Eine umfangreiche Pflegeroutine, um unsere vier ikonischen Pflegeprodukte kennenzulernen.<\/p>","protected":false},"featured_media":2693,"comment_status":"closed","ping_status":"closed","template":"","meta":{"_seopress_robots_primary_cat":"none","_seopress_titles_title":"Coffret cadeau de soins : routine compl\u00e8te anti-\u00e2ge | Rivoli Gen\u00e8ve","_seopress_titles_desc":"Une routine comple\u0300te pour de\u0301couvrir 4 des soins pour le visage anti-\u00e2ge emble\u0301matiques de la marque suisse Rivoli Gen\u00e8ve. \u2b50 Livraison Gratuite","_seopress_robots_index":""},"product_cat":[21],"product_tag":[],"woo-feed-brand":[],"acf":[],"_links":{"self":[{"href":"https:\/\/rivoli.ch\/de\/wp-json\/wp\/v2\/product\/315"}],"collection":[{"href":"https:\/\/rivoli.ch\/de\/wp-json\/wp\/v2\/product"}],"about":[{"href":"https:\/\/rivoli.ch\/de\/wp-json\/wp\/v2\/types\/product"}],"replies":[{"embeddable":true,"href":"https:\/\/rivoli.ch\/de\/wp-json\/wp\/v2\/comments?post=315"}],"wp:featuredmedia":[{"embeddable":true,"href":"https:\/\/rivoli.ch\/de\/wp-json\/wp\/v2\/media\/2693"}],"wp:attachment":[{"href":"https:\/\/rivoli.ch\/de\/wp-json\/wp\/v2\/media?parent=315"}],"wp:term":[{"taxonomy":"product_cat","embeddable":true,"href":"https:\/\/rivoli.ch\/de\/wp-json\/wp\/v2\/product_cat?post=315"},{"taxonomy":"product_tag","embeddable":true,"href":"https:\/\/rivoli.ch\/de\/wp-json\/wp\/v2\/product_tag?post=315"},{"taxonomy":"woo-feed-brand","embeddable":true,"href":"https:\/\/rivoli.ch\/de\/wp-json\/wp\/v2\/woo-feed-brand?post=315"}],"curies":[{"name":"wp","href":"https:\/\/api.w.org\/{rel}","templated":true}]}}