{"id":304,"date":"2024-04-04T14:36:30","date_gmt":"2024-04-04T12:36:30","guid":{"rendered":"https:\/\/rivoli.dev.hayloft-it.ch\/?post_type=product&#038;p=304"},"modified":"2026-04-07T14:17:12","modified_gmt":"2026-04-07T12:17:12","slug":"le-privilege-leau-de-nuit-n02-anti-age-et-regeneration","status":"publish","type":"product","link":"https:\/\/rivoli.ch\/de\/produkte\/le-privilege-leau-de-nuit-n02-anti-age-et-regeneration\/","title":{"rendered":"Le Privil\u00e8ge L\u2019Eau de Nuit N\u00b002"},"content":{"rendered":"<h2>Anti-\u00c2ge &amp; R\u00e9g\u00e9n\u00e9ration<\/h2>\n<p><em>L\u2019Eau de Nuit<\/em> RIVOLI, unsere Pflege mit n\u00e4chtlichen Regenerations- und Anti-Aging-Kr\u00e4ften, ist f\u00fcr alle Hauttypen in einer neuen Formel 02 erh\u00e4ltlich.<\/p>\n<p><em>L\u2019Eau de Nuit N\u00b002<\/em> RIVOLI wirkt w\u00e4hrend des Schlafs, der Phase des zirkadianen Rhythmus, in dem die Haut am aufnahmef\u00e4higsten ist. Sie sorgt f\u00fcr eine bessere Regeneration und wirkt Alterungserscheinungen wie der Bildung von Mimikfalten entgegen.<\/p>\n<p>Die filmbildenden und feuchtigkeitsregulierenden Eigenschaften von <em>L\u2019Eau de Nuit N\u00b002<\/em> zeigen eine bemerkenswerte Feuchtigkeitsspende (+28,3 % nach 12 Stunden*), was einen entscheidenden Beitrag zur Hautgesundheit leistet.<\/p>\n<p>Das vegan zertifizierte und \u00absaubere\u00bb <em>L\u2019Eau de Nuit N\u00b002<\/em> RIVOLI enth\u00e4lt weder Silikone noch Parabene oder PEG.<\/p>\n<p>&nbsp;<\/p>","protected":false},"excerpt":{"rendered":"<p>Unsere Abendpflege als Spray f\u00fcr ein perfekt erholtes Gesicht am Morgen.<\/p>","protected":false},"featured_media":1073,"comment_status":"closed","ping_status":"closed","template":"","meta":{"_seopress_robots_primary_cat":"none","_seopress_titles_title":"Eau tonique de nuit pour le visage Anti-\u00c2ge | Rivoli Gen\u00e8ve","_seopress_titles_desc":"Eau tonique visage de nuit : L'Eau de Nuit N\u00b002, une brume anti-\u00e2ge et d\u00e9toxifiante pour le visage afin d'am\u00e9liorer le processus de r\u00e9g\u00e9n\u00e9ration nocturne de votre peau.","_seopress_robots_index":""},"product_cat":[21],"product_tag":[],"woo-feed-brand":[],"acf":[],"_links":{"self":[{"href":"https:\/\/rivoli.ch\/de\/wp-json\/wp\/v2\/product\/304"}],"collection":[{"href":"https:\/\/rivoli.ch\/de\/wp-json\/wp\/v2\/product"}],"about":[{"href":"https:\/\/rivoli.ch\/de\/wp-json\/wp\/v2\/types\/product"}],"replies":[{"embeddable":true,"href":"https:\/\/rivoli.ch\/de\/wp-json\/wp\/v2\/comments?post=304"}],"wp:featuredmedia":[{"embeddable":true,"href":"https:\/\/rivoli.ch\/de\/wp-json\/wp\/v2\/media\/1073"}],"wp:attachment":[{"href":"https:\/\/rivoli.ch\/de\/wp-json\/wp\/v2\/media?parent=304"}],"wp:term":[{"taxonomy":"product_cat","embeddable":true,"href":"https:\/\/rivoli.ch\/de\/wp-json\/wp\/v2\/product_cat?post=304"},{"taxonomy":"product_tag","embeddable":true,"href":"https:\/\/rivoli.ch\/de\/wp-json\/wp\/v2\/product_tag?post=304"},{"taxonomy":"woo-feed-brand","embeddable":true,"href":"https:\/\/rivoli.ch\/de\/wp-json\/wp\/v2\/woo-feed-brand?post=304"}],"curies":[{"name":"wp","href":"https:\/\/api.w.org\/{rel}","templated":true}]}}