{"id":2803,"date":"2025-05-02T16:00:21","date_gmt":"2025-05-02T14:00:21","guid":{"rendered":"https:\/\/rivoli.ch\/?post_type=product&#038;p=2803"},"modified":"2026-04-05T17:17:30","modified_gmt":"2026-04-05T15:17:30","slug":"total-lips-your-scrub-your-balm","status":"publish","type":"product","link":"https:\/\/rivoli.ch\/de\/produkte\/total-lips-your-scrub-your-balm\/","title":{"rendered":"TOTAL LIPS YOUR SCRUB \/ YOUR BALM"},"content":{"rendered":"<p style=\"font-weight: 400;\"><strong>Peeling- und Feuchtigkeitsspendender Lippenbalsam<\/strong><\/p>\n<p class=\"translation-block\"><strong>RIVOLI Total Lips<\/strong> st ein Lippenpflege-Duo, das f\u00fcr unwiderstehlich glatte und gepflegte Lippen entwickelt wurde. Eine effektive Zwei-Schritte-Pflege f\u00fcr perfekte Lippen.<\/p>\n<p class=\"translation-block\"><strong>Schritt 1:<\/strong><br>\nDer <strong>RIVOLI Your Lip Scrub<\/strong> ist eine sanft exfolierende Pflege, die samtweiche Lippen verleiht, die Aufnahme von Pflegestoffen optimiert und das Auftragen von Lippenstift perfektioniert.<br>\n<strong>Schritt 2:<\/strong><br>\nDer <strong>RIVOLI For Your Lips<\/strong> ist ein Balsam, der spr\u00f6de Lippen intensiv mit   versorgt und regeneriert \u2013 f\u00fcr ein gepflegtes, ebenm\u00e4\u00dfiges und sch\u00f6nes Lippenbild.<\/p>\n<p>Sowohl der Scrub als auch der Balm sind frei von Parabenen, Silikonen, Mikroplastik und PEGs \u2013 f\u00fcr eine besonders schonende Pflege, die den nat\u00fcrlichen Zustand der Lippen respektiert.<\/p>","protected":false},"excerpt":{"rendered":"<p>Baume exfoliant \/ Baume hydratant RIVOLI Total Lips est un coffret incluant 2 soins pour les l\u00e8vres. Obtenez des l\u00e8vres parfaites, irr\u00e9sistiblement douces et hydrat\u00e9es en seulement deux \u00e9tapes. \u00c9tape 1 : RIVOLI Your Lip Scrub est un soin qui exfolie en douceur. Il rend les l\u00e8vres douces ce qui permet une application impeccable de [&hellip;]<\/p>","protected":false},"featured_media":2922,"comment_status":"closed","ping_status":"closed","template":"","meta":{"_seopress_robots_primary_cat":"none","_seopress_titles_title":"","_seopress_titles_desc":"","_seopress_robots_index":""},"product_cat":[21],"product_tag":[],"woo-feed-brand":[],"acf":[],"_links":{"self":[{"href":"https:\/\/rivoli.ch\/de\/wp-json\/wp\/v2\/product\/2803"}],"collection":[{"href":"https:\/\/rivoli.ch\/de\/wp-json\/wp\/v2\/product"}],"about":[{"href":"https:\/\/rivoli.ch\/de\/wp-json\/wp\/v2\/types\/product"}],"replies":[{"embeddable":true,"href":"https:\/\/rivoli.ch\/de\/wp-json\/wp\/v2\/comments?post=2803"}],"wp:featuredmedia":[{"embeddable":true,"href":"https:\/\/rivoli.ch\/de\/wp-json\/wp\/v2\/media\/2922"}],"wp:attachment":[{"href":"https:\/\/rivoli.ch\/de\/wp-json\/wp\/v2\/media?parent=2803"}],"wp:term":[{"taxonomy":"product_cat","embeddable":true,"href":"https:\/\/rivoli.ch\/de\/wp-json\/wp\/v2\/product_cat?post=2803"},{"taxonomy":"product_tag","embeddable":true,"href":"https:\/\/rivoli.ch\/de\/wp-json\/wp\/v2\/product_tag?post=2803"},{"taxonomy":"woo-feed-brand","embeddable":true,"href":"https:\/\/rivoli.ch\/de\/wp-json\/wp\/v2\/woo-feed-brand?post=2803"}],"curies":[{"name":"wp","href":"https:\/\/api.w.org\/{rel}","templated":true}]}}