{"id":2440,"date":"2024-10-29T11:05:37","date_gmt":"2024-10-29T10:05:37","guid":{"rendered":"https:\/\/rivoli.ch\/?post_type=product&#038;p=2440"},"modified":"2026-04-05T00:17:09","modified_gmt":"2026-04-04T22:17:09","slug":"les-mains-2-0-soin-total-anti-age","status":"publish","type":"product","link":"https:\/\/rivoli.ch\/de\/produkte\/les-mains-2-0-soin-total-anti-age\/","title":{"rendered":"Les Mains 2.0 \u2013 Globale Anti-Aging-Pflege f\u00fcr die H\u00e4nde"},"content":{"rendered":"<div>\n<div>\n<p class=\"Body\"><span lang=\"FR\">Die ultimative globale Anti-Aging-Pflege f\u00fcr die H\u00e4nde.<\/span><\/p>\n<\/div>\n<p class=\"Body\"><span lang=\"FR\">Die Haut unserer H\u00e4nde wird st\u00e4ndig beansprucht, oft vernachl\u00e4ssigt und ist t\u00e4glichen Belastungen ausgesetzt (UV-Strahlung, h\u00e4ufiges Reinigen), so dass sie besonders anf\u00e4llig f\u00fcr Alterungserscheinungen ist.<\/span><\/p>\n<\/div>\n<div>\n<p class=\"Body\"><span lang=\"FR\">Les Mains 2.0 - Total Anti-Aging Pflege wurde entwickelt, um der Haut ein jugendlicheres und eleganteres Aussehen zu verleihen. Die Haut wird vor UV-Sch\u00e4den gesch\u00fctzt, verdichtet, gut mit Feuchtigkeit versorgt und dunkle Flecken werden reduziert.<\/span><\/p>\n<\/div>\n<div>\n<p class=\"Body\"><span lang=\"FR\">Die au\u00dfergew\u00f6hnlichen Ergebnisse dieser Handbehandlung sind klinisch erwiesen.<\/span><\/p>\n<\/div>\n<div>\n<p class=\"Body translation-block\">Die Handpflege Les Mains 2.0 ist VEGAN-zertifiziert und wurde in \u00dcbereinstimmung mit unserer <a href=\"https:\/\/rivoli.ch\/wp-content\/uploads\/2024\/08\/RIVOLI_Blacklist-2024.pdf\" target=\"_self\">Blacklist<\/a> formuliert, insbesondere ohne Silikone, Parabene, PEG und Mikroplastik.<\/p>\n<\/div>\n<div>\n<p class=\"Default\"><span lang=\"FR-CH\">\u00a0<\/span><\/p>\n<\/div>","protected":false},"excerpt":{"rendered":"<div><span lang=\"FR-CH\">Notre traitement anti-\u00e2ge, anti-taches, super hydratant pour les mains.<\/span><\/div>","protected":false},"featured_media":2538,"comment_status":"closed","ping_status":"closed","template":"","meta":{"_seopress_robots_primary_cat":"none","_seopress_titles_title":"Cr\u00e8me anti-\u00e2ge, anti-taches pour Les Mains | Rivoli Gen\u00e8ve","_seopress_titles_desc":"Cr\u00e8me pour les mains \"Les Mains 2.0\" : offrez \u00e0 votre peau jeunesse et soin total anti-\u00e2ge. \u2b50 Livraison Gratuite !","_seopress_robots_index":""},"product_cat":[23],"product_tag":[],"woo-feed-brand":[],"acf":[],"_links":{"self":[{"href":"https:\/\/rivoli.ch\/de\/wp-json\/wp\/v2\/product\/2440"}],"collection":[{"href":"https:\/\/rivoli.ch\/de\/wp-json\/wp\/v2\/product"}],"about":[{"href":"https:\/\/rivoli.ch\/de\/wp-json\/wp\/v2\/types\/product"}],"replies":[{"embeddable":true,"href":"https:\/\/rivoli.ch\/de\/wp-json\/wp\/v2\/comments?post=2440"}],"wp:featuredmedia":[{"embeddable":true,"href":"https:\/\/rivoli.ch\/de\/wp-json\/wp\/v2\/media\/2538"}],"wp:attachment":[{"href":"https:\/\/rivoli.ch\/de\/wp-json\/wp\/v2\/media?parent=2440"}],"wp:term":[{"taxonomy":"product_cat","embeddable":true,"href":"https:\/\/rivoli.ch\/de\/wp-json\/wp\/v2\/product_cat?post=2440"},{"taxonomy":"product_tag","embeddable":true,"href":"https:\/\/rivoli.ch\/de\/wp-json\/wp\/v2\/product_tag?post=2440"},{"taxonomy":"woo-feed-brand","embeddable":true,"href":"https:\/\/rivoli.ch\/de\/wp-json\/wp\/v2\/woo-feed-brand?post=2440"}],"curies":[{"name":"wp","href":"https:\/\/api.w.org\/{rel}","templated":true}]}}