{"id":1040,"date":"2024-05-31T09:25:10","date_gmt":"2024-05-31T07:25:10","guid":{"rendered":"https:\/\/rivoli.dev.hayloft-it.ch\/?post_type=product&#038;p=1040"},"modified":"2026-04-25T10:17:37","modified_gmt":"2026-04-25T08:17:37","slug":"le-visage-masque-detox-purifiant","status":"publish","type":"product","link":"https:\/\/rivoli.ch\/de\/produkte\/le-visage-masque-detox-purifiant\/","title":{"rendered":"Le Visage Masque D\u00e9tox &#038; Purifiant"},"content":{"rendered":"<p>Diese Maske bek\u00e4mpft die sch\u00e4dlichen Auswirkungen der Umweltverschmutzung und der t\u00e4glichen Umwelteinfl\u00fcsse.<\/p>\n<p>In nur 10 Minuten sieht Ihre Haut sichtbar ges\u00fcnder und besser aus. Klinische Ergebnisse zeigen, dass die Haut strahlender wirkt und die Poren sichtbar verfeinert werden.<\/p>\n<p>Es ist eine wahre Ausstrahlung f\u00fcr Ihre Haut!<\/p>","protected":false},"excerpt":{"rendered":"<p>Eine strahlende Haut mit unserer Detox-Maske in nur 10 Minuten.<\/p>","protected":false},"featured_media":1077,"comment_status":"closed","ping_status":"closed","template":"","meta":{"_seopress_robots_primary_cat":"none","_seopress_titles_title":"Masque visage d\u00e9tox et purifiant | Rivoli Gen\u00e8ve","_seopress_titles_desc":"Masque d\u00e9tox pour le visage : obtenez une peau radieuse, un teint lumineux et des pores affin\u00e9s en 10 minutes. \u2b50 Livraison Gratuite","_seopress_robots_index":""},"product_cat":[21],"product_tag":[],"woo-feed-brand":[],"acf":[],"_links":{"self":[{"href":"https:\/\/rivoli.ch\/de\/wp-json\/wp\/v2\/product\/1040"}],"collection":[{"href":"https:\/\/rivoli.ch\/de\/wp-json\/wp\/v2\/product"}],"about":[{"href":"https:\/\/rivoli.ch\/de\/wp-json\/wp\/v2\/types\/product"}],"replies":[{"embeddable":true,"href":"https:\/\/rivoli.ch\/de\/wp-json\/wp\/v2\/comments?post=1040"}],"wp:featuredmedia":[{"embeddable":true,"href":"https:\/\/rivoli.ch\/de\/wp-json\/wp\/v2\/media\/1077"}],"wp:attachment":[{"href":"https:\/\/rivoli.ch\/de\/wp-json\/wp\/v2\/media?parent=1040"}],"wp:term":[{"taxonomy":"product_cat","embeddable":true,"href":"https:\/\/rivoli.ch\/de\/wp-json\/wp\/v2\/product_cat?post=1040"},{"taxonomy":"product_tag","embeddable":true,"href":"https:\/\/rivoli.ch\/de\/wp-json\/wp\/v2\/product_tag?post=1040"},{"taxonomy":"woo-feed-brand","embeddable":true,"href":"https:\/\/rivoli.ch\/de\/wp-json\/wp\/v2\/woo-feed-brand?post=1040"}],"curies":[{"name":"wp","href":"https:\/\/api.w.org\/{rel}","templated":true}]}}