{"id":54,"date":"2024-01-30T08:20:18","date_gmt":"2024-01-30T07:20:18","guid":{"rendered":"https:\/\/rivoli.dev.hayloft-it.ch\/?page_id=54"},"modified":"2024-09-06T15:53:19","modified_gmt":"2024-09-06T13:53:19","slug":"droit-de-retractation","status":"publish","type":"page","link":"https:\/\/rivoli.ch\/de\/droit-de-retractation\/","title":{"rendered":"Widerrufsrecht"},"content":{"rendered":"<h1 class=\"wp-block-heading has-large-font-size\">Widerrufsrecht<\/h1>\n\n\n\n<p>Widerrufsbelehrung f\u00fcr Verbraucher im Zusammenhang mit einem Vertrag \u00fcber Waren, die in einer Sendung geliefert werden<\/p>\n\n\n\n<p>Bedingungen f\u00fcr den Widerruf<\/p>\n\n\n\n<p>Ein Verbraucher ist eine nat\u00fcrliche Person, die ein Rechtsgesch\u00e4ft zu Zwecken abschlie\u00dft, die \u00fcberwiegend weder ihrer gewerblichen noch ihrer selbstst\u00e4ndigen beruflichen T\u00e4tigkeit zugerechnet werden k\u00f6nnen.<\/p>\n\n\n\n<p>Rechte auf Widerruf<\/p>\n\n\n\n<p>Sie haben das Recht, diesen Vertrag innerhalb von vierzehn Tagen ohne Angabe von Gr\u00fcnden zu widerrufen. Die Widerrufsfrist betr\u00e4gt vierzehn Tage ab dem Tag, an dem Sie oder ein von Ihnen benannter Dritter, der nicht der Bef\u00f6rderer ist, die Waren in Besitz genommen haben. Um Ihr Widerrufsrecht auszu\u00fcben, m\u00fcssen Sie uns ([einsetzen: Name\/Firma, Anschrift, Telefonnummer und E-Mail-Adresse]) mittels einer eindeutigen Erkl\u00e4rung (z. B. ein per Post versandter Brief oder eine E-Mail) \u00fcber Ihren Entschluss, diesen Vertrag zu widerrufen, informieren. Sie k\u00f6nnen daf\u00fcr das beigef\u00fcgte Muster-Widerrufsformular verwenden, m\u00fcssen dies aber nicht tun. Zur Wahrung der Widerrufsfrist gen\u00fcgt es, wenn Sie die Mitteilung \u00fcber die Aus\u00fcbung des Widerrufsrechts vor Ablauf der Widerrufsfrist absenden.<\/p>\n\n\n\n<p>Folgen des Widerrufs<\/p>\n\n\n\n<p>Wenn Du diesen Vertrag widerrufst, haben wir Dir alle Zahlungen, die wir von Dir erhalten haben, einschlie\u00dflich der Lieferkosten (mit Ausnahme der zus\u00e4tzlichen Kosten, die sich daraus ergeben, da\u00df Du eine andere Art der Lieferung als die von uns angebotene, g\u00fcnstigste Standardlieferung gew\u00e4hlt haben), unverz\u00fcglich und sp\u00e4testens binnen vierzehn Tagen ab dem Tag zur\u00fcckzuzahlen, an dem die Mitteilung \u00fcber Deinen Widerruf dieses Vertrags bei uns eingegangen ist. F\u00fcr diese R\u00fcckzahlung verwenden wir dasselbe Zahlungsmittel, das Du bei der urspr\u00fcnglichen Transaktion eingesetzt hast, es sei denn, mit Dir wurde ausdr\u00fccklich etwas anderes vereinbart. In keinem Fall werden Dir wegen dieser R\u00fcckzahlung Entgelte berechnet. Wir k\u00f6nnen die R\u00fcckzahlung verweigern, bis wir die Waren wieder zur\u00fcckerhalten haben oder bis Du den Nachweis erbracht hast, da\u00df Du die Waren zur\u00fcckgesandt hast, je nachdem, welches der fr\u00fchere Zeitpunkt ist.<\/p>\n\n\n\n<p>Die direkten Kosten f\u00fcr die R\u00fccksendung der Waren sind von Ihnen zu tragen.<\/p>\n\n\n\n<p>Sie m\u00fcssen f\u00fcr den Wertverlust der Waren nur aufkommen, wenn dieser Wertverlust auf einen Umgang mit den Waren zur\u00fcckzuf\u00fchren ist, der nicht notwendig ist, um die Qualit\u00e4t, die Eigenschaften und die Funktionsweise der Waren zu testen.<\/p>\n\n\n\n<p>Muster f\u00fcr ein Widerrufsformular<\/p>\n\n\n\n<p>(Bitte f\u00fcllen Sie dieses Formular aus und senden Sie es zur\u00fcck, wenn Sie den Vertrag widerrufen wollen.)<\/p>\n\n\n\n<p>\u2013 \u00c0 RIVOLI GEN\u00c8VE Vertrieb GmbH, Lustgartenstrasse 103, D-79576 Weil am Rhein, contact@rivoli.ch&nbsp;:<\/p>\n\n\n\n<p>- Hiermit widerrufe(n) ich \/ wir (*) den von mir \/ uns (*) abgeschlossenen Vertrag \u00fcber den Kauf der folgenden Waren (*) \/ die Erbringung der folgenden Dienstleistung (*).<\/p>\n\n\n\n<p>- Bestellt am (*) \/ erhalten am (*)<\/p>\n\n\n\n<p>- Name des\/der Verbraucher(s)<\/p>\n\n\n\n<p>- Adresse des \/ der Verbraucher(s)<\/p>\n\n\n\n<p>- Unterschrift des\/der Verbraucher(s) (nur bei Zustellung in Papierform)<\/p>\n\n\n\n<p>- Datum<\/p>\n\n\n\n<p>\u2014\u2014\u2014\u2014\u2014\u2014\u2014\u2014\u2014\u2014\u2014\u2014\u2014<\/p>\n\n\n\n<p>(*) Nichtzutreffendes streichen.<\/p>\n\n\n\n<p>Ausschluss oder vorzeitiges Erl\u00f6schen des Widerrufsrechts<\/p>\n\n\n\n<p>Das Widerrufsrecht gilt nicht f\u00fcr Vertr\u00e4ge<\/p>\n\n\n\n<p>zur Lieferung von Waren, die nicht vorgefertigt sind und f\u00fcr deren Herstellung eine individuelle Auswahl oder Spezifikation durch den Verbraucher ma\u00dfgeblich ist oder die eindeutig auf die pers\u00f6nlichen Bed\u00fcrfnisse des Verbrauchers zugeschnitten sind ;<\/p>\n\n\n\n<p>f\u00fcr die Lieferung von Waren, die schnell verderben k\u00f6nnen oder deren Verfallsdatum schnell \u00fcberschritten w\u00fcrde ;<\/p>\n\n\n\n<p>f\u00fcr die Lieferung von alkoholischen Getr\u00e4nken, deren Preis zum Zeitpunkt des Vertragsabschlusses vereinbart wurde, die aber fr\u00fchestens 30 Tage nach Vertragsabschluss geliefert werden k\u00f6nnen und deren aktueller Wert von Marktschwankungen abh\u00e4ngt, die der Unternehmer nicht beeinflussen kann ;<\/p>\n\n\n\n<p>f\u00fcr die Lieferung von Zeitungen, Zeitschriften oder Magazinen, mit Ausnahme von Abonnementvertr\u00e4gen.<\/p>\n\n\n\n<p>Das Widerrufsrecht erlischt vorzeitig bei Vertr\u00e4gen<\/p>\n\n\n\n<p>zur Lieferung versiegelter Waren, die aus Gr\u00fcnden des Gesundheitsschutzes oder der Hygiene nicht zur R\u00fcckgabe geeignet sind, wenn ihre Versiegelung nach der Lieferung entfernt wurde ;<\/p>\n\n\n\n<p>zur Lieferung von Waren, die nach der Lieferung untrennbar mit anderen G\u00fctern vermischt wurden, je nach Art der Ware ;<\/p>\n\n\n\n<p>f\u00fcr die Lieferung von Ton- oder Videoaufnahmen oder Computersoftware in einer versiegelten Verpackung, wenn das Siegel nach der Lieferung entfernt wurde.<\/p>\n\n\n\n<p><\/p>","protected":false},"excerpt":{"rendered":"<p>Droit de r\u00e9tractation Politique de r\u00e9tractation pour les consommateurs dans le cadre d\u2019un contrat portant sur des marchandises livr\u00e9es en une seule fois Politique de r\u00e9tractation Un consommateur est toute personne physique qui conclut une transaction juridique \u00e0 des fins qui ne peuvent \u00eatre attribu\u00e9es de mani\u00e8re pr\u00e9dominante ni \u00e0 son activit\u00e9 commerciale ni \u00e0 [&hellip;]<\/p>","protected":false},"author":1,"featured_media":0,"parent":0,"menu_order":0,"comment_status":"closed","ping_status":"closed","template":"","meta":{"_seopress_robots_primary_cat":"","_seopress_titles_title":"","_seopress_titles_desc":"","_seopress_robots_index":"","footnotes":""},"acf":[],"_links":{"self":[{"href":"https:\/\/rivoli.ch\/de\/wp-json\/wp\/v2\/pages\/54"}],"collection":[{"href":"https:\/\/rivoli.ch\/de\/wp-json\/wp\/v2\/pages"}],"about":[{"href":"https:\/\/rivoli.ch\/de\/wp-json\/wp\/v2\/types\/page"}],"author":[{"embeddable":true,"href":"https:\/\/rivoli.ch\/de\/wp-json\/wp\/v2\/users\/1"}],"replies":[{"embeddable":true,"href":"https:\/\/rivoli.ch\/de\/wp-json\/wp\/v2\/comments?post=54"}],"version-history":[{"count":4,"href":"https:\/\/rivoli.ch\/de\/wp-json\/wp\/v2\/pages\/54\/revisions"}],"predecessor-version":[{"id":1960,"href":"https:\/\/rivoli.ch\/de\/wp-json\/wp\/v2\/pages\/54\/revisions\/1960"}],"wp:attachment":[{"href":"https:\/\/rivoli.ch\/de\/wp-json\/wp\/v2\/media?parent=54"}],"curies":[{"name":"wp","href":"https:\/\/api.w.org\/{rel}","templated":true}]}}