{"id":501,"date":"2024-04-09T10:28:01","date_gmt":"2024-04-09T08:28:01","guid":{"rendered":"https:\/\/rivoli.dev.hayloft-it.ch\/?page_id=501"},"modified":"2026-02-03T10:10:38","modified_gmt":"2026-02-03T09:10:38","slug":"la-marque-rivoli-2","status":"publish","type":"page","link":"https:\/\/rivoli.ch\/de\/la-marque-rivoli-2\/","title":{"rendered":"Die Marke RIVOLI"},"content":{"rendered":"<div class=\"wp-block-group alignwide is-layout-flow wp-block-group-is-layout-flow\">\n<h1 class=\"wp-block-heading has-text-align-center has-base-color has-text-color has-link-color has-serif-font-family wp-elements-23b5768581fbcf15ba7c552dfa4684f9\">Die Marke<\/h1>\n\n\n\n<p><\/p>\n\n\n\n<figure data-no-zoom=\"true\" class=\"wp-block-image alignfull size-large\"><img loading=\"lazy\" decoding=\"async\" width=\"1024\" height=\"359\" src=\"https:\/\/rivoli.ch\/wp-content\/uploads\/2025\/10\/Screenshot-2025-10-06-at-12.14.05-1024x359.webp\" alt=\"screenshot 2025 10 06 at 12.14.05\" class=\"wp-image-3999\" srcset=\"https:\/\/rivoli.ch\/wp-content\/uploads\/2025\/10\/Screenshot-2025-10-06-at-12.14.05-1024x359.webp 1024w, https:\/\/rivoli.ch\/wp-content\/uploads\/2025\/10\/Screenshot-2025-10-06-at-12.14.05-300x105.webp 300w, https:\/\/rivoli.ch\/wp-content\/uploads\/2025\/10\/Screenshot-2025-10-06-at-12.14.05-768x269.webp 768w, https:\/\/rivoli.ch\/wp-content\/uploads\/2025\/10\/Screenshot-2025-10-06-at-12.14.05-18x6.webp 18w, https:\/\/rivoli.ch\/wp-content\/uploads\/2025\/10\/Screenshot-2025-10-06-at-12.14.05-600x210.webp 600w, https:\/\/rivoli.ch\/wp-content\/uploads\/2025\/10\/Screenshot-2025-10-06-at-12.14.05.png 1322w\" sizes=\"(max-width: 1024px) 100vw, 1024px\" \/><\/figure>\n<\/div>\n\n\n\n<div class=\"wp-block-group is-layout-constrained wp-block-group-is-layout-constrained\">\n<h2 class=\"wp-block-heading has-text-align-center\">Rivoli, la \u00ab\u00a0Beaut\u00e9 Intelligente\u00a0\u00bb<\/h2>\n\n\n\n<p class=\"has-text-align-center has-normal-font-size translation-block\"><br>Die Haut ist das gr\u00f6sste Organ unseres K\u00f6rpers und erneuert sich alle 3-4 Wochen. <br>Sie dient als Schutzschild gegen \u00e4ussere Einfl\u00fcsse. Die \u00abIntelligenz\u00bb der Haut liegt in ihrer F\u00e4higkeit, ihre Reaktionen kontinuierlich an die verf\u00fcgbaren Ressourcen anzupassen, um Gesundheit und damit auch Sch\u00f6nheit zu erhalten.<\/p>\n\n\n\n<p class=\"has-text-align-center has-normal-font-size\">Durch eine sorgf\u00e4ltige Auswahl der verwendeten Inhaltsstoffe sind unsere Rezepturen darauf ausgelegt, der Haut die f\u00fcr ihr Gleichgewicht notwendigen Wirkstoffe sicher zur Verf\u00fcgung zu stellen und so ihre angeborene Regenerationsf\u00e4higkeit zu unterst\u00fctzen und zu verst\u00e4rken. Dies ist besonders wichtig f\u00fcr reife und empfindliche Haut.<\/p>\n<\/div>\n\n\n\n<p><\/p>\n\n\n\n<p class=\"has-text-align-center\"><\/p>\n\n\n\n<div class=\"wp-block-group alignfull has-light-blue-background-color has-background is-layout-constrained wp-block-group-is-layout-constrained\">\n<div class=\"wp-block-group bloc-beauty-la-marque has-white-background-color has-background is-layout-constrained wp-block-group-is-layout-constrained\">\n<p class=\"has-text-align-center has-medium-large-font-size translation-block\">\u00abBeaut\u00e9 intelligente\u00bb (Intelligente Sch\u00f6nheit) bedeutet, dass wir bei der Entwicklung unserer Hautpflegeprodukte die \u00abIntelligenz\u00bb der nat\u00fcrlichen Regenerationsprozesse der Haut in den Vordergrund stellen.<\/p>\n\n\n\n<div class=\"wp-block-buttons is-content-justification-center is-layout-flex wp-container-core-buttons-is-layout-1 wp-block-buttons-is-layout-flex\">\n<div class=\"wp-block-button\"><a class=\"wp-block-button__link wp-element-button\" href=\"#\">MEHR ERFAHREN<\/a><\/div>\n<\/div>\n<\/div>\n<\/div>\n\n\n\n<div class=\"wp-block-media-text alignwide has-media-on-the-right is-stacked-on-mobile marque-bloc-1 la-marque-grid\"><div class=\"wp-block-media-text__content\">\n<h2 class=\"la-marque-grid-title\">RIVOLI heisst...<br><span>nachgewiesene Wirksamkeit<\/span><\/h2>\n\n\n\n<p>Wir beschr\u00e4nken uns nicht nur auf Produktbewertungen durch ein Verbraucherpanel. Alle unsere Produkte durchlaufen strenge klinische Tests, um ihre wahre Wirksamkeit von einem unabh\u00e4ngigen Labor messen zu lassen.<br><br>Unsere hervorragenden Testergebnisse sind zweifellos auf die sorgf\u00e4ltige Auswahl hochwertiger Inhaltsstoffe sowie den gezielten Einsatz von Prekursoren (Vorstufen) und lamellaren Liposomen in unseren Formulierungen zur\u00fcckzuf\u00fchren.<\/p>\n\n\n\n<div class=\"wp-block-buttons is-layout-flex wp-block-buttons-is-layout-flex\">\n<div class=\"wp-block-button\"><a class=\"wp-block-button__link wp-element-button\" href=\"https:\/\/rivoli.ch\/de\/die-marke-rivoli\/nachgewiesene-wirksamkeit\/\">mehr erfahren<\/a><\/div>\n<\/div>\n<\/div><figure class=\"wp-block-media-text__media\" data-no-zoom=\"true\"><img loading=\"lazy\" decoding=\"async\" width=\"586\" height=\"586\" src=\"https:\/\/rivoli.ch\/wp-content\/uploads\/2025\/10\/1dec99ecb21afe9a3ad5987b0577b633.png\" alt=\"1dec99ecb21afe9a3ad5987b0577b633\" class=\"wp-image-4000 size-full\" srcset=\"https:\/\/rivoli.ch\/wp-content\/uploads\/2025\/10\/1dec99ecb21afe9a3ad5987b0577b633.png 586w, https:\/\/rivoli.ch\/wp-content\/uploads\/2025\/10\/1dec99ecb21afe9a3ad5987b0577b633-300x300.webp 300w, https:\/\/rivoli.ch\/wp-content\/uploads\/2025\/10\/1dec99ecb21afe9a3ad5987b0577b633-150x150.webp 150w, https:\/\/rivoli.ch\/wp-content\/uploads\/2025\/10\/1dec99ecb21afe9a3ad5987b0577b633-12x12.webp 12w\" sizes=\"(max-width: 586px) 100vw, 586px\" \/><\/figure><\/div>\n\n\n\n<div class=\"wp-block-media-text alignwide is-stacked-on-mobile marque-bloc-2 la-marque-grid\"><figure class=\"wp-block-media-text__media\" data-no-zoom=\"true\"><img loading=\"lazy\" decoding=\"async\" width=\"474\" height=\"633\" src=\"https:\/\/rivoli.ch\/wp-content\/uploads\/2025\/10\/105081b18dc37161f3a7c548841f2aa9.png\" alt=\"105081b18dc37161f3a7c548841f2aa9\" class=\"wp-image-4001 size-full\" srcset=\"https:\/\/rivoli.ch\/wp-content\/uploads\/2025\/10\/105081b18dc37161f3a7c548841f2aa9.png 474w, https:\/\/rivoli.ch\/wp-content\/uploads\/2025\/10\/105081b18dc37161f3a7c548841f2aa9-225x300.webp 225w, https:\/\/rivoli.ch\/wp-content\/uploads\/2025\/10\/105081b18dc37161f3a7c548841f2aa9-9x12.webp 9w\" sizes=\"(max-width: 474px) 100vw, 474px\" \/><\/figure><div class=\"wp-block-media-text__content\">\n<h2 class=\"la-marque-grid-title translation-block\">RIVOLI heisst\u2026<br><span> Hautfreundlichkeit <\/span><\/h2>\n\n\n\n<p>Die Inhaltsstoffe unserer Produkte werden nach \u00e4usserst strengen Kriterien ausgew\u00e4hlt. Wir achten darauf, dass unsere Produkte das Gleichgewicht des Hautmikrobioms respektieren \u2013 eine wesentliche Voraussetzung f\u00fcr gesunde Haut.<\/p>\n\n\n\n<div class=\"wp-block-buttons is-layout-flex wp-block-buttons-is-layout-flex\">\n<div class=\"wp-block-button\"><a class=\"wp-block-button__link wp-element-button\" href=\"https:\/\/rivoli.ch\/de\/die-marke-rivoli\/hautfreundlichkeit\/\">mehr erfahren<\/a><\/div>\n<\/div>\n<\/div><\/div>\n\n\n\n<div class=\"wp-block-group alignfull has-light-blue-background-color has-background is-layout-constrained wp-block-group-is-layout-constrained\">\n<div class=\"wp-block-media-text alignwide has-media-on-the-right is-stacked-on-mobile marque-bloc-3 la-marque-grid\"><div class=\"wp-block-media-text__content\">\n<h2 class=\"la-marque-grid-title translation-block\">RIVOLI heisst\u2026<br><span>R\u00fccksicht auf die Umwelt <\/span><\/h2>\n\n\n\n<p>Wir setzen auf die Verwendung nat\u00fcrlicher und biosynthetischer Inhaltsstoffe. Unsere Produkte sind vegan zertifiziert.<br><br>Wir verbessern kontinuierlich die Recyclingf\u00e4higkeit unserer Verpackungen durch die Verwendung von recycelten und\/oder recycelbaren Materialien.&nbsp;<\/p>\n\n\n\n<div class=\"wp-block-buttons is-layout-flex wp-block-buttons-is-layout-flex\">\n<div class=\"wp-block-button\"><a class=\"wp-block-button__link wp-element-button\" href=\"https:\/\/rivoli.ch\/de\/die-marke-rivoli\/ruecksicht-umwelt\/\">mehr erfahren<\/a><\/div>\n<\/div>\n<\/div><figure class=\"wp-block-media-text__media\" data-no-zoom=\"true\"><img loading=\"lazy\" decoding=\"async\" width=\"620\" height=\"474\" src=\"https:\/\/rivoli.ch\/wp-content\/uploads\/2025\/10\/vegan.jpg\" alt=\"vegan\" class=\"wp-image-4005 size-full\" srcset=\"https:\/\/rivoli.ch\/wp-content\/uploads\/2025\/10\/vegan.jpg 620w, https:\/\/rivoli.ch\/wp-content\/uploads\/2025\/10\/vegan-300x229.webp 300w, https:\/\/rivoli.ch\/wp-content\/uploads\/2025\/10\/vegan-16x12.webp 16w, https:\/\/rivoli.ch\/wp-content\/uploads\/2025\/10\/vegan-600x459.webp 600w\" sizes=\"(max-width: 620px) 100vw, 620px\" \/><\/figure><\/div>\n<\/div>\n\n\n\n<div class=\"wp-block-media-text alignwide is-stacked-on-mobile marque-bloc-4 la-marque-grid\"><figure class=\"wp-block-media-text__media\" data-no-zoom=\"true\"><img loading=\"lazy\" decoding=\"async\" width=\"578\" height=\"578\" src=\"https:\/\/rivoli.ch\/wp-content\/uploads\/2025\/10\/0686efbba2d173d1c186cace3271f1e5.png\" alt=\"0686efbba2d173d1c186cace3271f1e5\" class=\"wp-image-4003 size-full\" srcset=\"https:\/\/rivoli.ch\/wp-content\/uploads\/2025\/10\/0686efbba2d173d1c186cace3271f1e5.png 578w, https:\/\/rivoli.ch\/wp-content\/uploads\/2025\/10\/0686efbba2d173d1c186cace3271f1e5-300x300.webp 300w, https:\/\/rivoli.ch\/wp-content\/uploads\/2025\/10\/0686efbba2d173d1c186cace3271f1e5-150x150.webp 150w, https:\/\/rivoli.ch\/wp-content\/uploads\/2025\/10\/0686efbba2d173d1c186cace3271f1e5-12x12.webp 12w\" sizes=\"(max-width: 578px) 100vw, 578px\" \/><\/figure><div class=\"wp-block-media-text__content\">\n<h2 class=\"la-marque-grid-title translation-block\">RIVOLI heisst\u2026<br><span>Schweizer Qualit\u00e4t<\/span><\/h2>\n\n\n\n<p>Unser Produktionsstandort ist ISO-9001 und ISO-14001 zertifiziert \u2013 der internationale Standard f\u00fcr Umweltverantwortung. Seit 2016 nimmt das Unternehmen am Schweizer Programm zur Senkung des Energieverbrauchs namens \u00abAct\u00bb teil.<\/p>\n\n\n\n<div class=\"wp-block-buttons is-layout-flex wp-block-buttons-is-layout-flex\">\n<div class=\"wp-block-button\"><a class=\"wp-block-button__link wp-element-button\" href=\"https:\/\/rivoli.ch\/de\/die-marke-rivoli\/schweizer-qualitaet\/\">mehr erfahren<\/a><\/div>\n<\/div>\n<\/div><\/div>\n\n\n\n<div class=\"wp-block-media-text alignwide has-media-on-the-right is-stacked-on-mobile la-marque-grid\"><div class=\"wp-block-media-text__content\">\n<h2 class=\"la-marque-grid-title translation-block\">RIVOLI heisst\u2026<br><span>ein Familienunternehmen<\/span><\/h2>\n\n\n\n<p>RIVOLI ist eine von zwei Br\u00fcdern, Kuno und Peter Schweikert, gegr\u00fcndete Hautpflegemarke. <\/p>\n\n\n\n<p>Mit ihrer langj\u00e4hrigen Erfahrung in der Kosmetikbranche haben sie \u00fcber zwei Jahrzehnte hinweg hochwirksame Inhaltsstoffe und Produkte entwickelt, um die Erwartungen anspruchsvoller Kunden zu erf\u00fcllen, die nach wirklich effektiven, hautfreundlichen und umweltbewussten Hautpflegel\u00f6sungen suchen.<\/p>\n\n\n\n<p>Basierend auf ihren Erfahrungen und Erfolgen gr\u00fcndeten sie ihre Pflegemarke RIVOLI.<\/p>\n<\/div><figure class=\"wp-block-media-text__media\" data-no-zoom=\"true\"><img loading=\"lazy\" decoding=\"async\" width=\"620\" height=\"461\" src=\"https:\/\/rivoli.ch\/wp-content\/uploads\/2025\/10\/Groupe-de-masques-40.png\" alt=\"groupe de masques 40\" class=\"wp-image-4004 size-full\" srcset=\"https:\/\/rivoli.ch\/wp-content\/uploads\/2025\/10\/Groupe-de-masques-40.png 620w, https:\/\/rivoli.ch\/wp-content\/uploads\/2025\/10\/Groupe-de-masques-40-300x223.webp 300w, https:\/\/rivoli.ch\/wp-content\/uploads\/2025\/10\/Groupe-de-masques-40-16x12.webp 16w, https:\/\/rivoli.ch\/wp-content\/uploads\/2025\/10\/Groupe-de-masques-40-600x446.webp 600w\" sizes=\"(max-width: 620px) 100vw, 620px\" \/><\/figure><\/div>","protected":false},"excerpt":{"rendered":"<p>La marque Rivoli, la \u00ab\u00a0Beaut\u00e9 Intelligente\u00a0\u00bb La peau est l\u2019organe le plus grand de notre corps et se r\u00e9g\u00e9n\u00e8re tous les 3-4 semaines. C\u2019est notre bouclier contre les agressions externes. L\u2019\u201cintelligence\u201d de la peau r\u00e9side dans sa capacit\u00e9 \u00e0 adapter continuellement ses r\u00e9ponses en fonction des ressources dont elle dispose afin de se maintenir en [&hellip;]<\/p>","protected":false},"author":11816,"featured_media":0,"parent":0,"menu_order":0,"comment_status":"closed","ping_status":"closed","template":"","meta":{"_seopress_robots_primary_cat":"","_seopress_titles_title":"","_seopress_titles_desc":"","_seopress_robots_index":"","footnotes":""},"acf":[],"_links":{"self":[{"href":"https:\/\/rivoli.ch\/de\/wp-json\/wp\/v2\/pages\/501"}],"collection":[{"href":"https:\/\/rivoli.ch\/de\/wp-json\/wp\/v2\/pages"}],"about":[{"href":"https:\/\/rivoli.ch\/de\/wp-json\/wp\/v2\/types\/page"}],"author":[{"embeddable":true,"href":"https:\/\/rivoli.ch\/de\/wp-json\/wp\/v2\/users\/11816"}],"replies":[{"embeddable":true,"href":"https:\/\/rivoli.ch\/de\/wp-json\/wp\/v2\/comments?post=501"}],"version-history":[{"count":58,"href":"https:\/\/rivoli.ch\/de\/wp-json\/wp\/v2\/pages\/501\/revisions"}],"predecessor-version":[{"id":4264,"href":"https:\/\/rivoli.ch\/de\/wp-json\/wp\/v2\/pages\/501\/revisions\/4264"}],"wp:attachment":[{"href":"https:\/\/rivoli.ch\/de\/wp-json\/wp\/v2\/media?parent=501"}],"curies":[{"name":"wp","href":"https:\/\/api.w.org\/{rel}","templated":true}]}}