{"id":497,"date":"2024-04-09T10:27:19","date_gmt":"2024-04-09T08:27:19","guid":{"rendered":"https:\/\/rivoli.dev.hayloft-it.ch\/?page_id=497"},"modified":"2024-09-06T17:21:27","modified_gmt":"2024-09-06T15:21:27","slug":"nachgewiesene-wirksamkeit","status":"publish","type":"page","link":"https:\/\/rivoli.ch\/de\/la-marque-rivoli-2\/nachgewiesene-wirksamkeit\/","title":{"rendered":"RIVOLI heisst nachgewiesene Wirksamkeit"},"content":{"rendered":"<div class=\"wp-block-cover alignfull is-light\" style=\"min-height:500px;aspect-ratio:unset;\"><span aria-hidden=\"true\" class=\"wp-block-cover__background has-background-dim\" style=\"background-color:#dce0e8\"><\/span><img loading=\"lazy\" decoding=\"async\" width=\"1920\" height=\"731\" class=\"wp-block-cover__image-background wp-image-1510\" alt=\"riv cover pict fb 2\" src=\"https:\/\/rivoli.ch\/wp-content\/uploads\/2024\/07\/RIV_COVER-PICT_FB_2.jpg\" data-object-fit=\"cover\" srcset=\"https:\/\/rivoli.ch\/wp-content\/uploads\/2024\/07\/RIV_COVER-PICT_FB_2.jpg 1920w, https:\/\/rivoli.ch\/wp-content\/uploads\/2024\/07\/RIV_COVER-PICT_FB_2-300x114.webp 300w, https:\/\/rivoli.ch\/wp-content\/uploads\/2024\/07\/RIV_COVER-PICT_FB_2-1024x390.webp 1024w, https:\/\/rivoli.ch\/wp-content\/uploads\/2024\/07\/RIV_COVER-PICT_FB_2-768x292.webp 768w, https:\/\/rivoli.ch\/wp-content\/uploads\/2024\/07\/RIV_COVER-PICT_FB_2-1536x585.webp 1536w, https:\/\/rivoli.ch\/wp-content\/uploads\/2024\/07\/RIV_COVER-PICT_FB_2-18x7.webp 18w, https:\/\/rivoli.ch\/wp-content\/uploads\/2024\/07\/RIV_COVER-PICT_FB_2-600x228.webp 600w\" sizes=\"(max-width: 1920px) 100vw, 1920px\" \/><div class=\"wp-block-cover__inner-container is-layout-constrained wp-block-cover-is-layout-constrained\">\n<p class=\"has-text-align-center has-large-font-size\"><\/p>\n<\/div><\/div>\n\n\n\n<div class=\"wp-block-group is-layout-constrained wp-block-group-is-layout-constrained\">\n<h1 class=\"wp-block-heading has-text-align-left has-base-color has-text-color has-link-color has-large-font-size wp-elements-9b6a4fc4814c4ea929756a9a174a2ef7\">RIVOLI heisst nachgewiesene Wirksamkeit<\/h1>\n\n\n\n<p class=\"has-text-align-left has-base-color has-text-color has-link-color has-normal-font-size wp-elements-217945b61b4aa80711fa8cd50c6a2b6e\"><strong>Kontinuierliche Investitionen in die Forschung und die enge Zusammenarbeit mit unserem wissenschaftlichen Komitee erlauben uns, die neusten Erkenntnisse der Hautbiologie in unsere Hautpflegeprodukte anzuwenden.<\/strong><\/p>\n\n\n\n<p class=\"has-text-align-left has-normal-font-size\">Wir beschr\u00e4nken uns nicht nur auf Produktbewertungen durch ein Verbraucherpanel. Alle unsere Produkte durchlaufen strenge klinische Tests, um ihre wahre Wirksamkeit von einem unabh\u00e4ngigen Labor messen zu lassen.<\/p>\n\n\n\n<p class=\"has-text-align-left has-normal-font-size\">Unsere hervorragenden Testergebnisse sind zweifellos auf die sorgf\u00e4ltige Auswahl hochwertiger Inhaltsstoffe sowie den gezielten Einsatz von Prekursoren (Vorstufen) und lamellaren Liposomen in unseren Formulierungen zur\u00fcckzuf\u00fchren.<\/p>\n<\/div>\n\n\n\n<div class=\"alignwide wp-block-rivoli-overlapping-images\">\n            <div class=\"image-container\">\n            <img decoding=\"async\" src=\"https:\/\/rivoli.ch\/wp-content\/uploads\/2024\/04\/download-2.webp\">\n        <\/div>\n            <div class=\"image-container\">\n            <img decoding=\"async\" src=\"https:\/\/rivoli.ch\/wp-content\/uploads\/2024\/04\/download-1.webp\">\n        <\/div>\n    <\/div>\n\n\n<h2 class=\"wp-block-heading has-primary-color has-text-color has-link-color has-medium-large-font-size wp-elements-38e42648224dc2131d4dedc484f7c412 translation-block\">ASPRivoli<sup>\u00ae<\/sup> : la technologie des pr\u00e9curseurs<\/h2>\n\n\n\n<p class=\"translation-block\">Dank des systematischen Einsatzes von Vorl\u00e4ufern (ASPRivoli<sup>\u00ae<\/sup> Technologie) k\u00f6nnen wir personalisierte Hautpflegel\u00f6sungen anbieten, die sich nahtlos an die spezifischen Bed\u00fcrfnisse jedes Hauttyps anpassen und gleichzeitig das empfindliche Gleichgewicht des Hautmikrobioms bewahren. Die durch die Vorl\u00e4ufer gew\u00e4hrte optimale Dosierung essentieller Wirkstoffe erm\u00f6glicht es der Haut, ihre nat\u00fcrlichen Schutz- und Regenerationsprozesse ohne Risiko einer \u00dcberdosierung zu reaktivieren.<\/p>\n\n\n\n<h2 class=\"wp-block-heading has-primary-color has-text-color has-link-color has-medium-large-font-size wp-elements-ccaf4f18ab8e57d8822e395ebc7d0166\">MLSRivoli<sup>\u00ae<\/sup> die Multi Lamellar-Technologie<\/h2>\n\n\n\n<p>Dieser Komplex aus Phospholipiden, Ceramiden und Squalan imitiert die multilamellare Struktur der Haut und erm\u00f6glicht so biomimetische Formulierungen, die das hauteigene \u00d6kosystem respektieren und den Einsatz aggressiver Emulgatoren minimieren. Sie st\u00e4rkt die Hautbarriere und regeneriert die Epidermis f\u00fcr optimale Feuchtigkeit und Schutz vor \u00e4u\u00dferen Einfl\u00fcssen.<\/p>\n\n\n\n<div class=\"wp-block-buttons is-layout-flex wp-block-buttons-is-layout-flex\">\n<div class=\"wp-block-button\"><a class=\"wp-block-button__link wp-element-button\" href=\"https:\/\/rivoli.ch\/de\/die-marke-rivoli\/\">Zur\u00fcck zur Seite Die Marke<\/a><\/div>\n<\/div>","protected":false},"excerpt":{"rendered":"<p>RIVOLI c\u2019est l\u2019efficacit\u00e9 prouv\u00e9e Gr\u00e2ce au travail constant de notre comit\u00e9 scientifique et \u00e0 nos investissements continus dans la recherche, nous sommes en mesure d\u2019offrir des produits de soins qui tiennent compte des derni\u00e8res d\u00e9couvertes en mati\u00e8re de biologie cutan\u00e9e. Nous allons bien au-del\u00e0 d&rsquo;une \u00e9valuation produit subjective par un panel de consommateurs: tous nos [&hellip;]<\/p>","protected":false},"author":11816,"featured_media":0,"parent":501,"menu_order":0,"comment_status":"closed","ping_status":"closed","template":"","meta":{"_seopress_robots_primary_cat":"","_seopress_titles_title":"","_seopress_titles_desc":"","_seopress_robots_index":"","footnotes":""},"acf":[],"_links":{"self":[{"href":"https:\/\/rivoli.ch\/de\/wp-json\/wp\/v2\/pages\/497"}],"collection":[{"href":"https:\/\/rivoli.ch\/de\/wp-json\/wp\/v2\/pages"}],"about":[{"href":"https:\/\/rivoli.ch\/de\/wp-json\/wp\/v2\/types\/page"}],"author":[{"embeddable":true,"href":"https:\/\/rivoli.ch\/de\/wp-json\/wp\/v2\/users\/11816"}],"replies":[{"embeddable":true,"href":"https:\/\/rivoli.ch\/de\/wp-json\/wp\/v2\/comments?post=497"}],"version-history":[{"count":40,"href":"https:\/\/rivoli.ch\/de\/wp-json\/wp\/v2\/pages\/497\/revisions"}],"predecessor-version":[{"id":1981,"href":"https:\/\/rivoli.ch\/de\/wp-json\/wp\/v2\/pages\/497\/revisions\/1981"}],"up":[{"embeddable":true,"href":"https:\/\/rivoli.ch\/de\/wp-json\/wp\/v2\/pages\/501"}],"wp:attachment":[{"href":"https:\/\/rivoli.ch\/de\/wp-json\/wp\/v2\/media?parent=497"}],"curies":[{"name":"wp","href":"https:\/\/api.w.org\/{rel}","templated":true}]}}