{"id":493,"date":"2024-04-09T10:27:13","date_gmt":"2024-04-09T08:27:13","guid":{"rendered":"https:\/\/rivoli.dev.hayloft-it.ch\/?page_id=493"},"modified":"2024-09-06T17:24:12","modified_gmt":"2024-09-06T15:24:12","slug":"ruecksicht-umwelt","status":"publish","type":"page","link":"https:\/\/rivoli.ch\/de\/la-marque-rivoli-2\/ruecksicht-umwelt\/","title":{"rendered":"RIVOLI heisst R\u00fccksicht auf die Umwelt\u00a0"},"content":{"rendered":"<div class=\"wp-block-cover alignfull is-light\" style=\"min-height:500px;aspect-ratio:unset;\"><span aria-hidden=\"true\" class=\"wp-block-cover__background has-background-dim-0 has-background-dim\" style=\"background-color:#c6c6c6\"><\/span><img loading=\"lazy\" decoding=\"async\" width=\"2040\" height=\"758\" class=\"wp-block-cover__image-background wp-image-1251\" alt=\"rivoli eco responsabilite header\" src=\"https:\/\/rivoli.ch\/wp-content\/uploads\/2024\/06\/rivoli-eco-responsabilite-header.jpg\" data-object-fit=\"cover\" srcset=\"https:\/\/rivoli.ch\/wp-content\/uploads\/2024\/06\/rivoli-eco-responsabilite-header.jpg 2040w, https:\/\/rivoli.ch\/wp-content\/uploads\/2024\/06\/rivoli-eco-responsabilite-header-300x111.webp 300w, https:\/\/rivoli.ch\/wp-content\/uploads\/2024\/06\/rivoli-eco-responsabilite-header-1024x380.webp 1024w, https:\/\/rivoli.ch\/wp-content\/uploads\/2024\/06\/rivoli-eco-responsabilite-header-768x285.webp 768w, https:\/\/rivoli.ch\/wp-content\/uploads\/2024\/06\/rivoli-eco-responsabilite-header-1536x571.webp 1536w, https:\/\/rivoli.ch\/wp-content\/uploads\/2024\/06\/rivoli-eco-responsabilite-header-18x7.webp 18w, https:\/\/rivoli.ch\/wp-content\/uploads\/2024\/06\/rivoli-eco-responsabilite-header-600x223.webp 600w\" sizes=\"(max-width: 2040px) 100vw, 2040px\" \/><div class=\"wp-block-cover__inner-container is-layout-constrained wp-block-cover-is-layout-constrained\">\n<p class=\"has-text-align-center has-large-font-size\"><\/p>\n<\/div><\/div>\n\n\n\n<div class=\"wp-block-group is-layout-constrained wp-block-group-is-layout-constrained\">\n<h1 class=\"wp-block-heading has-text-align-left has-base-color has-text-color has-link-color has-large-font-size wp-elements-a37046ee09ea49e0d56266a1a67ced78\">RIVOLI heisst R\u00fccksicht auf die Umwelt&nbsp;<\/h1>\n\n\n\n<p class=\"has-text-align-left has-base-color has-text-color has-link-color has-normal-font-size wp-elements-2063ea72f88e2ea04c0fb011913b9054\">F\u00fcr Rivoli bedeutet Luxus, Pflegeprodukte anzubieten, die die Haut schonen.<\/p>\n<\/div>\n\n\n\n<div class=\"alignwide wp-block-rivoli-overlapping-images\">\n            <div class=\"image-container\">\n            <img decoding=\"async\" src=\"https:\/\/rivoli.ch\/wp-content\/uploads\/2024\/06\/rivoli-eco-responsabilite-1.jpg\">\n        <\/div>\n            <div class=\"image-container\">\n            <img decoding=\"async\" src=\"https:\/\/rivoli.ch\/wp-content\/uploads\/2024\/06\/rivoli-eco-responsabilite-2.jpg\">\n        <\/div>\n    <\/div>\n\n\n<h2 class=\"wp-block-heading has-primary-color has-text-color has-link-color has-medium-large-font-size wp-elements-47f4bcaaee3e1b7141bed70973ab75ac\">Verantwortungsbewusste Formulierungen<\/h2>\n\n\n\n<p>RIVOLI ist bestrebt, verantwortungsvolle Rezepturen zu entwickeln: Wir priorisieren die Verwendung nat\u00fcrlicher Inhaltsstoffe, die aus pflanzlichen, mineralischen und biosynthetischen Quellen stammen. Wir vermeiden bewusst Inhaltsstoffe, von denen bekannt ist, dass sie sch\u00e4dliche Auswirkungen auf die Umwelt haben, aus begrenzten und nicht erneuerbaren Ressourcen stammen oder Kinderarbeit beinhalten.<\/p>\n\n\n\n<p>Unsere Produkte sind VEGAN zertifiziert.<\/p>\n\n\n\n<h2 class=\"wp-block-heading has-primary-color has-text-color has-link-color has-medium-large-font-size wp-elements-4dd902f628d63d23744954f0e78aa5f2\">Nachhaltige Verpackung<\/h2>\n\n\n\n<p>F\u00fcr unsere Prim\u00e4rverpackungen bevorzugen wir Glas. Sollte aufgrund von Produktanforderungen eine Tube notwendig sein, wird diese mindestens teilweise aus recyceltem Kunststoff hergestellt und ist recycelbar.&nbsp;<\/p>\n\n\n\n<p>Sekund\u00e4rverpackungen bestehen aus Karton\/Papier, das entweder FSC-zertifiziert oder aus recycelten Materialien hergestellt ist. Wir verwenden kein Cellophan (nicht recycelbar) mehr f\u00fcr unsere Verpackungen.<\/p>\n\n\n\n<h2 class=\"wp-block-heading has-primary-color has-text-color has-link-color has-medium-large-font-size wp-elements-a6a6b8cb1d30f1919ecde3935c3c3fa7\">Verantwortungsvolle Herstellung<\/h2>\n\n\n\n<p>Wir engagieren uns f\u00fcr nachhaltiges und ethisches Handeln, von der Entwicklung bis zum fertigen Produkt.<\/p>\n\n\n\n<p>Unser Produktionsstandort befindet sich im Herzen der H\u00fcgel und W\u00e4lder des Emmentals (Kanton Bern, Schweiz) und ist zertifiziert nach:<\/p>\n\n\n\n<ul>\n<li>Cosmetic GMP ISO-22716<\/li>\n\n\n\n<li>Prozessmanagement ISO-9001<\/li>\n\n\n\n<li>Umweltmanagement ISO-14001&nbsp;<\/li>\n<\/ul>\n\n\n\n<div class=\"wp-block-buttons is-layout-flex wp-block-buttons-is-layout-flex\">\n<div class=\"wp-block-button\"><a class=\"wp-block-button__link wp-element-button\" href=\"https:\/\/rivoli.ch\/de\/die-marke-rivoli\/\">Zur\u00fcck zur Seite Die Marke<\/a><\/div>\n<\/div>","protected":false},"excerpt":{"rendered":"<p>RIVOLI c\u2019est l\u2019\u00e9co-responsabilit\u00e9&nbsp; Pour Rivoli, le luxe c\u2019est d\u2019offrir des soins qui respectent la peau. Des formules responsables Dans l&rsquo;\u00e9laboration de nos produits, nous privil\u00e9gions l&rsquo;utilisation d\u2019ingr\u00e9dients d&rsquo;origine naturelle (v\u00e9g\u00e9tale ou min\u00e9rale ou de biosynth\u00e8se) et nous renon\u00e7ons \u00e0 utiliser des mati\u00e8res premi\u00e8res soit connues pour avoir un impact n\u00e9gatif sur l\u2019environnement,&nbsp; soit parce que [&hellip;]<\/p>","protected":false},"author":11816,"featured_media":0,"parent":501,"menu_order":0,"comment_status":"closed","ping_status":"closed","template":"","meta":{"_seopress_robots_primary_cat":"","_seopress_titles_title":"","_seopress_titles_desc":"","_seopress_robots_index":"","footnotes":""},"acf":[],"_links":{"self":[{"href":"https:\/\/rivoli.ch\/de\/wp-json\/wp\/v2\/pages\/493"}],"collection":[{"href":"https:\/\/rivoli.ch\/de\/wp-json\/wp\/v2\/pages"}],"about":[{"href":"https:\/\/rivoli.ch\/de\/wp-json\/wp\/v2\/types\/page"}],"author":[{"embeddable":true,"href":"https:\/\/rivoli.ch\/de\/wp-json\/wp\/v2\/users\/11816"}],"replies":[{"embeddable":true,"href":"https:\/\/rivoli.ch\/de\/wp-json\/wp\/v2\/comments?post=493"}],"version-history":[{"count":22,"href":"https:\/\/rivoli.ch\/de\/wp-json\/wp\/v2\/pages\/493\/revisions"}],"predecessor-version":[{"id":1984,"href":"https:\/\/rivoli.ch\/de\/wp-json\/wp\/v2\/pages\/493\/revisions\/1984"}],"up":[{"embeddable":true,"href":"https:\/\/rivoli.ch\/de\/wp-json\/wp\/v2\/pages\/501"}],"wp:attachment":[{"href":"https:\/\/rivoli.ch\/de\/wp-json\/wp\/v2\/media?parent=493"}],"curies":[{"name":"wp","href":"https:\/\/api.w.org\/{rel}","templated":true}]}}