{"id":3434,"date":"2025-08-07T15:27:56","date_gmt":"2025-08-07T13:27:56","guid":{"rendered":"https:\/\/rivoli.ch\/?page_id=3434"},"modified":"2025-08-07T15:27:58","modified_gmt":"2025-08-07T13:27:58","slug":"vegane-kosmetik","status":"publish","type":"page","link":"https:\/\/rivoli.ch\/de\/vegane-kosmetik\/","title":{"rendered":"RIVOLI \u2014 Vegane Kosmetik im Dienste Ihrer Haut"},"content":{"rendered":"<div class=\"wp-block-group alignwide is-layout-flow wp-block-group-is-layout-flow\">\n<h1 class=\"wp-block-heading has-text-align-center has-base-color has-text-color has-link-color has-serif-font-family has-huge-font-size wp-elements-2c81d043ef3079c1550e30c3cd9633bf\">RIVOLI \u2014 Vegane Kosmetik im Dienste Ihrer Haut<\/h1>\n\n\n\n<p class=\"has-text-align-center has-primary-color has-text-color has-link-color has-medium-large-font-size wp-elements-758fae70aa037825e5058e011d6a765a\">&nbsp;<\/p>\n\n\n\n<div class=\"wp-block-columns alignwide is-layout-flex wp-container-core-columns-is-layout-1 wp-block-columns-is-layout-flex\">\n<div class=\"wp-block-column is-layout-flow wp-block-column-is-layout-flow\">\n<p class=\"has-text-align-left has-medium-font-size\">Unser Engagement f\u00fcr vegane Kosmetik ist weit mehr als nur ein Trend. Dieser zukunftsweisende Ansatz, den wir bereits 2016 eingef\u00fchrt haben, verbindet Schweizer wissenschaftliche Expertise mit absolutem Respekt f\u00fcr das Tierwohl und die Umwelt. In unseren Laboren im Emmental entwickelt, beweisen unsere Formeln, dass Exzellenz und Ethik harmonisch koexistieren k\u00f6nnen.<\/p>\n<\/div>\n\n\n\n<div class=\"wp-block-column is-layout-flow wp-block-column-is-layout-flow\">\n<p class=\"has-text-align-left has-medium-font-size\">Die vegane Zertifizierung der meisten unserer Produkte garantiert den vollst\u00e4ndigen Verzicht auf Inhaltsstoffe tierischen Ursprungs \u2013 ohne Kompromisse bei der Wirksamkeit. Unsere exklusive ASP\u00ae-Technologie (Advanced Skin Precursors) setzt auf streng ausgew\u00e4hlte pflanzliche Wirkstoffe, die klinisch nachgewiesene Ergebnisse f\u00fcr alle Hauttypen liefern.<\/p>\n<\/div>\n<\/div>\n<\/div>\n\n\n\n<div class=\"wp-block-media-text alignwide has-media-on-the-right is-stacked-on-mobile marque-bloc-1\" style=\"grid-template-columns:auto 42%\"><div class=\"wp-block-media-text__content\">\n<h2 class=\"wp-block-heading has-base-color has-text-color has-link-color has-medium-large-font-size wp-elements-1184456efefa97f19baa7af4416ae191\">Unsere Produkte im Dienste Ihrer Sch\u00f6nheit<\/h2>\n\n\n\n<p>&nbsp;<\/p>\n\n\n\n<ul>\n<li>Nachgewiesene Wirksamkeit : Validiert durch unabh\u00e4ngige klinische Tests.<\/li>\n\n\n\n<li>Respektvolle Formeln : Schonen Ihre Haut und die Natur gleicherma\u00dfen.<\/li>\n\n\n\n<li>Schweizer Herstellung : Zertifiziert nach ISO-9001 und ISO-14001.<\/li>\n\n\n\n<li>Stetige Innovation : Im Dienste Ihrer individuellen Sch\u00f6nheit.<\/li>\n<\/ul>\n\n\n\n<div class=\"wp-block-buttons is-layout-flex wp-block-buttons-is-layout-flex\">\n<div class=\"wp-block-button\"><a class=\"wp-block-button__link wp-element-button\" href=\"https:\/\/rivoli.ch\/de\/produkte\/\">D\u00c9COUVRIR NOS Produits<\/a><\/div>\n<\/div>\n<\/div><figure class=\"wp-block-media-text__media\" data-no-zoom=\"true\"><img loading=\"lazy\" decoding=\"async\" width=\"789\" height=\"599\" src=\"https:\/\/rivoli.ch\/wp-content\/uploads\/2024\/07\/rivoli-vegan-logo-small.jpg\" alt=\"rivoli vegan logo small\" class=\"wp-image-1497 size-full\" srcset=\"https:\/\/rivoli.ch\/wp-content\/uploads\/2024\/07\/rivoli-vegan-logo-small.jpg 789w, https:\/\/rivoli.ch\/wp-content\/uploads\/2024\/07\/rivoli-vegan-logo-small-300x228.webp 300w, https:\/\/rivoli.ch\/wp-content\/uploads\/2024\/07\/rivoli-vegan-logo-small-768x583.webp 768w, https:\/\/rivoli.ch\/wp-content\/uploads\/2024\/07\/rivoli-vegan-logo-small-16x12.webp 16w, https:\/\/rivoli.ch\/wp-content\/uploads\/2024\/07\/rivoli-vegan-logo-small-600x456.webp 600w\" sizes=\"(max-width: 789px) 100vw, 789px\" \/><\/figure><\/div>\n\n\n\n<div class=\"wp-block-media-text alignwide is-stacked-on-mobile is-image-fill marque-bloc-2\"><figure class=\"wp-block-media-text__media\" data-no-zoom=\"true\" style=\"background-image:url(https:\/\/rivoli.ch\/wp-content\/uploads\/2024\/04\/des-soins-ecoresponsables-1024x683.webp);background-position:50% 50%\"><img loading=\"lazy\" decoding=\"async\" width=\"1024\" height=\"683\" src=\"https:\/\/rivoli.ch\/wp-content\/uploads\/2024\/04\/des-soins-ecoresponsables-1024x683.webp\" alt=\"des soins ecoresponsables\" class=\"wp-image-566 size-full\" srcset=\"https:\/\/rivoli.ch\/wp-content\/uploads\/2024\/04\/des-soins-ecoresponsables-1024x683.webp 1024w, https:\/\/rivoli.ch\/wp-content\/uploads\/2024\/04\/des-soins-ecoresponsables-600x400.webp 600w, https:\/\/rivoli.ch\/wp-content\/uploads\/2024\/04\/des-soins-ecoresponsables-300x200.webp 300w, https:\/\/rivoli.ch\/wp-content\/uploads\/2024\/04\/des-soins-ecoresponsables-768x512.webp 768w, https:\/\/rivoli.ch\/wp-content\/uploads\/2024\/04\/des-soins-ecoresponsables-1536x1024.webp 1536w, https:\/\/rivoli.ch\/wp-content\/uploads\/2024\/04\/des-soins-ecoresponsables-18x12.webp 18w, https:\/\/rivoli.ch\/wp-content\/uploads\/2024\/04\/des-soins-ecoresponsables.webp 2048w\" sizes=\"(max-width: 1024px) 100vw, 1024px\" \/><\/figure><div class=\"wp-block-media-text__content\">\n<h2 class=\"wp-block-heading has-base-color has-text-color has-link-color has-medium-large-font-size wp-elements-a0828c5f9dd21cfd5862664e4f2db031\"><strong>Vegane Kosmetik: Eine Definition<\/strong><\/h2>\n\n\n\n<p>Vegane Hautpflege repr\u00e4sentiert eine neue Generation von Behandlungen, die Effektivit\u00e4t und Ethik vereinen. Diese Produkte schlie\u00dfen alle tierischen Inhaltsstoffe oder Derivate aus ihrer Zusammensetzung aus. \u00dcber die Rezeptur hinaus werden echte vegane Kosmetika in keiner Phase an Tieren getestet \u2013 ein vollst\u00e4ndig Cruelty-free Ansatz.<\/p>\n\n\n\n<p>Diese verantwortungsbewusste Vision von Sch\u00f6nheit beeintr\u00e4chtigt die Leistung keineswegs. Im Gegenteil: Vegane Formeln priorisieren hochkonzentrierte pflanzliche Wirkstoffe und fortschrittliche Biotechnologie. Vertrauensw\u00fcrdige Vegan-Siegel zertifizieren diesen doppelten Anspruch an Ethik und Resultate.<\/p>\n\n\n\n<p>En choisissant nos produits de beaut\u00e9 v\u00e9gans, vous optez pour une beaut\u00e9 consciente qui respecte \u00e0 la fois votre peau et vos valeurs. Cette alternative moderne aux cosm\u00e9tiques traditionnels r\u00e9pond aux attentes croissantes des consommateurs en mati\u00e8re de transparence et de responsabilit\u00e9 environnementale, tout en garantissant des r\u00e9sultats visibles sur la peau.<\/p>\n<\/div><\/div>\n\n\n\n<div class=\"wp-block-media-text alignwide has-media-on-the-right is-stacked-on-mobile marque-bloc-3\"><div class=\"wp-block-media-text__content\">\n<h2 class=\"wp-block-heading has-base-color has-text-color has-link-color has-medium-large-font-size wp-elements-86c03d58e879e6aebe8f9d4fd2af8dd5\"><strong>Unsere veganen und tierversuchsfreien Produkte\u00a0<\/strong><\/h2>\n\n\n\n<p class=\"translation-block\">Fast alle unsere Produkte sind von <a href=\"https:\/\/www.vegansociety.com\/\" target=\"_self\">The Vegan Society<\/a> oder <a href=\"https:\/\/www.swissveg.ch\/fr\" target=\"_self\">Swissveg<\/a> akkreditiert, was Folgendes garantiert :<\/p>\n\n\n\n<ul>\n<li>Keine Inhaltsstoffe tierischen Ursprungs.<\/li>\n\n\n\n<li>Gentechnikfreie Inhaltsstoffe (Non-GMO).<\/li>\n\n\n\n<li>Cruelty-free Entwicklung : Weder unsere Endprodukte noch deren Inhaltsstoffe werden an Tieren getestet.<\/li>\n<\/ul>\n\n\n\n<p>Bei der Entwicklung unserer veganen Beauty-Produkte bevorzugen wir Inhaltsstoffe nat\u00fcrlichen Ursprungs \u2013 pflanzlich, mineralisch oder biosynthetisch. Rohstoffe mit negativen Umweltauswirkungen oder solche aus nicht erneuerbaren Ressourcen sind strikt ausgeschlossen.<\/p>\n\n\n\n<p>&nbsp;<\/p>\n<\/div><figure class=\"wp-block-media-text__media\" data-no-zoom=\"true\"><img loading=\"lazy\" decoding=\"async\" width=\"1024\" height=\"1024\" src=\"https:\/\/rivoli.ch\/wp-content\/uploads\/2024\/04\/privilege-eau-jour-2-anti-age-protection-2-1024x1024.webp\" alt=\"le privil\u00e8ge l\u2019eau de jour n\u00b002 anti \u00c2ge &amp; protection\" class=\"wp-image-328 size-full\" srcset=\"https:\/\/rivoli.ch\/wp-content\/uploads\/2024\/04\/privilege-eau-jour-2-anti-age-protection-2-1024x1024.webp 1024w, https:\/\/rivoli.ch\/wp-content\/uploads\/2024\/04\/privilege-eau-jour-2-anti-age-protection-2-300x300.webp 300w, https:\/\/rivoli.ch\/wp-content\/uploads\/2024\/04\/privilege-eau-jour-2-anti-age-protection-2-600x600.webp 600w, https:\/\/rivoli.ch\/wp-content\/uploads\/2024\/04\/privilege-eau-jour-2-anti-age-protection-2-150x150.webp 150w, https:\/\/rivoli.ch\/wp-content\/uploads\/2024\/04\/privilege-eau-jour-2-anti-age-protection-2-768x768.webp 768w, https:\/\/rivoli.ch\/wp-content\/uploads\/2024\/04\/privilege-eau-jour-2-anti-age-protection-2-12x12.webp 12w, https:\/\/rivoli.ch\/wp-content\/uploads\/2024\/04\/privilege-eau-jour-2-anti-age-protection-2.jpg 1280w\" sizes=\"(max-width: 1024px) 100vw, 1024px\" \/><\/figure><\/div>\n\n\n\n<div class=\"wp-block-media-text alignwide is-stacked-on-mobile marque-bloc-4\"><figure class=\"wp-block-media-text__media\" data-no-zoom=\"true\"><img loading=\"lazy\" decoding=\"async\" width=\"789\" height=\"599\" src=\"https:\/\/rivoli.ch\/wp-content\/uploads\/2024\/05\/rivoli-histoire-famille.jpg\" alt=\"rivoli histoire famille\" class=\"wp-image-964 size-full\" srcset=\"https:\/\/rivoli.ch\/wp-content\/uploads\/2024\/05\/rivoli-histoire-famille.jpg 789w, https:\/\/rivoli.ch\/wp-content\/uploads\/2024\/05\/rivoli-histoire-famille-300x228.webp 300w, https:\/\/rivoli.ch\/wp-content\/uploads\/2024\/05\/rivoli-histoire-famille-768x583.webp 768w, https:\/\/rivoli.ch\/wp-content\/uploads\/2024\/05\/rivoli-histoire-famille-16x12.webp 16w, https:\/\/rivoli.ch\/wp-content\/uploads\/2024\/05\/rivoli-histoire-famille-600x456.webp 600w\" sizes=\"(max-width: 789px) 100vw, 789px\" \/><\/figure><div class=\"wp-block-media-text__content\">\n<h2 class=\"wp-block-heading has-base-color has-text-color has-link-color has-medium-large-font-size wp-elements-c0ab04b9d084ee908810c8454d99ea03\">Eine anspruchsvolle Zertifizierung f\u00fcr verantwortungsbewusste Sch\u00f6nheit<\/h2>\n\n\n\n<p>Unser Zertifizierungsprozess umfasst regelm\u00e4\u00dfige Audits und volle Transparenz bei den Herstellungsprozessen. Jede Charge wird in unserer ISO-zertifizierten Anlage im Emmental analysiert, um die Einhaltung h\u00f6chster veganer Standards zu gew\u00e4hrleisten.<br><br>Dank dieses Siegels k\u00f6nnen Sie sicher sein, dass RIVOLI Gen\u00e8ve das Beste aus der Kosmetikforschung bietet, w\u00e4hrend Ihre Haut respektiert wird.<\/p>\n<\/div><\/div>\n\n\n\n<div class=\"wp-block-media-text alignwide has-media-on-the-right is-stacked-on-mobile\"><div class=\"wp-block-media-text__content\">\n<h2 class=\"wp-block-heading has-base-color has-text-color has-link-color has-medium-large-font-size wp-elements-82a6f12fd9e34fb31d3220e82471326f\">RIVOLI: Vegane Hautpflege f\u00fcr intelligente Sch\u00f6nheit<\/h2>\n\n\n\n<p>Da die Sch\u00f6nheit jeder Frau einzigartig ist, wei\u00df RIVOLI Gen\u00e8ve, dass auch ihre Haut einzigartig ist. Jahrelange Forschung erm\u00f6glichte die Entwicklung von Smart-Ingredients und Formeln, die sich jedem Hauttyp individuell anpassen.<br>&nbsp;<\/p>\n<\/div><figure class=\"wp-block-media-text__media\" data-no-zoom=\"true\"><img loading=\"lazy\" decoding=\"async\" width=\"1024\" height=\"390\" src=\"https:\/\/rivoli.ch\/wp-content\/uploads\/2024\/07\/RIV_COVER-PICT_FB_2-1024x390.webp\" alt=\"riv cover pict fb 2\" class=\"wp-image-1510 size-full\" srcset=\"https:\/\/rivoli.ch\/wp-content\/uploads\/2024\/07\/RIV_COVER-PICT_FB_2-1024x390.webp 1024w, https:\/\/rivoli.ch\/wp-content\/uploads\/2024\/07\/RIV_COVER-PICT_FB_2-300x114.webp 300w, https:\/\/rivoli.ch\/wp-content\/uploads\/2024\/07\/RIV_COVER-PICT_FB_2-768x292.webp 768w, https:\/\/rivoli.ch\/wp-content\/uploads\/2024\/07\/RIV_COVER-PICT_FB_2-1536x585.webp 1536w, https:\/\/rivoli.ch\/wp-content\/uploads\/2024\/07\/RIV_COVER-PICT_FB_2-18x7.webp 18w, https:\/\/rivoli.ch\/wp-content\/uploads\/2024\/07\/RIV_COVER-PICT_FB_2-600x228.webp 600w, https:\/\/rivoli.ch\/wp-content\/uploads\/2024\/07\/RIV_COVER-PICT_FB_2.jpg 1920w\" sizes=\"(max-width: 1024px) 100vw, 1024px\" \/><\/figure><\/div>\n\n\n\n<div class=\"wp-block-media-text alignwide is-stacked-on-mobile is-image-fill\"><figure class=\"wp-block-media-text__media\" data-no-zoom=\"true\" style=\"background-image:url(https:\/\/rivoli.ch\/wp-content\/uploads\/2025\/08\/soins-pour-le-visage-rivoli.jpg);background-position:50% 50%\"><img loading=\"lazy\" decoding=\"async\" width=\"600\" height=\"300\" src=\"https:\/\/rivoli.ch\/wp-content\/uploads\/2025\/08\/soins-pour-le-visage-rivoli.jpg\" alt=\"soins pour le visage rivoli\" class=\"wp-image-3382 size-full\" srcset=\"https:\/\/rivoli.ch\/wp-content\/uploads\/2025\/08\/soins-pour-le-visage-rivoli.jpg 600w, https:\/\/rivoli.ch\/wp-content\/uploads\/2025\/08\/soins-pour-le-visage-rivoli-300x150.webp 300w, https:\/\/rivoli.ch\/wp-content\/uploads\/2025\/08\/soins-pour-le-visage-rivoli-18x9.webp 18w\" sizes=\"(max-width: 600px) 100vw, 600px\" \/><\/figure><div class=\"wp-block-media-text__content\">\n<h2 class=\"wp-block-heading has-base-color has-text-color has-link-color has-medium-large-font-size wp-elements-a1fbac3d041619094fe02e9fc9b0562b\">Ein innovativer veganer Ansatz f\u00fcr Premium-Anti-Aging<\/h2>\n\n\n\n<p>Mit einzigartigen Technologien wie den Advanced Skin Precursors\u00ae und multilamellaren Strukturen passen sich die RIVOLI-Behandlungen der Haut jeder Frau an. Sie bek\u00e4mpfen den individuellen Hautalterungsprozess und respektieren dabei sowohl die Hautbarriere als auch die Umwelt.<\/p>\n\n\n\n<h2 class=\"wp-block-heading has-base-color has-text-color has-link-color has-medium-large-font-size wp-elements-06f9bc23aeee7369bc9176f123d7c46f\">RIVOLI Advanced Skin Precursors\u00ae (ASP\u00ae)<\/h2>\n\n\n\n<p>Das einzigartige Konzept von RIVOLI Gen\u00e8ve basiert auf der \u201eVorstufen-Technologie\u201c. Diese stimuliert die nat\u00fcrliche Aktivit\u00e4t der Haut, indem sie ihr von innen heraus Vorstufenelemente zuf\u00fchrt. Die Haut wandelt diese intelligent in nat\u00fcrliche biologische Wirkstoffe (Proteine, Aminos\u00e4uren usw.) um.<\/p>\n<\/div><\/div>","protected":false},"excerpt":{"rendered":"<p>RIVOLI, des cosm\u00e9tiques v\u00e9gans au service de votre peau Notre engagement pour une cosm\u00e9tique v\u00e9gane repr\u00e9sente bien plus qu&rsquo;une simple tendance. Cette approche novatrice, mise en place d\u00e8s 2016, combine notre expertise scientifique suisse avec le respect absolu du bien-\u00eatre animal et de l&rsquo;environnement. Nos formules, d\u00e9velopp\u00e9es dans nos laboratoires de l&rsquo;Emmental, d\u00e9montrent qu&rsquo;excellence et [&hellip;]<\/p>","protected":false},"author":11849,"featured_media":0,"parent":0,"menu_order":0,"comment_status":"closed","ping_status":"closed","template":"","meta":{"_seopress_robots_primary_cat":"","_seopress_titles_title":"Cosm\u00e9tiques vegan Rivoli : l'alliance parfaite entre \u00e9thique et efficacit\u00e9","_seopress_titles_desc":"Optez pour des cosm\u00e9tiques vegan alliant efficacit\u00e9 et \u00e9thique, fabriqu\u00e9s en Suisse par Rivoli Gen\u00e8ve pour une beaut\u00e9 responsable !","_seopress_robots_index":"","footnotes":""},"acf":[],"_links":{"self":[{"href":"https:\/\/rivoli.ch\/de\/wp-json\/wp\/v2\/pages\/3434"}],"collection":[{"href":"https:\/\/rivoli.ch\/de\/wp-json\/wp\/v2\/pages"}],"about":[{"href":"https:\/\/rivoli.ch\/de\/wp-json\/wp\/v2\/types\/page"}],"author":[{"embeddable":true,"href":"https:\/\/rivoli.ch\/de\/wp-json\/wp\/v2\/users\/11849"}],"replies":[{"embeddable":true,"href":"https:\/\/rivoli.ch\/de\/wp-json\/wp\/v2\/comments?post=3434"}],"version-history":[{"count":5,"href":"https:\/\/rivoli.ch\/de\/wp-json\/wp\/v2\/pages\/3434\/revisions"}],"predecessor-version":[{"id":3439,"href":"https:\/\/rivoli.ch\/de\/wp-json\/wp\/v2\/pages\/3434\/revisions\/3439"}],"wp:attachment":[{"href":"https:\/\/rivoli.ch\/de\/wp-json\/wp\/v2\/media?parent=3434"}],"curies":[{"name":"wp","href":"https:\/\/api.w.org\/{rel}","templated":true}]}}