{"id":3320,"date":"2025-08-01T10:53:38","date_gmt":"2025-08-01T08:53:38","guid":{"rendered":"https:\/\/rivoli.ch\/?page_id=3320"},"modified":"2025-10-17T10:27:38","modified_gmt":"2025-10-17T08:27:38","slug":"nachtcreme","status":"publish","type":"page","link":"https:\/\/rivoli.ch\/de\/nachtcreme\/","title":{"rendered":"Nachtcreme"},"content":{"rendered":"<h1 class=\"wp-block-heading alignwide has-text-align-left page-category__title\"><strong>Nachtcreme<\/strong><\/h1>\n\n\n\n<div class=\"wp-block-media-text alignwide is-stacked-on-mobile\"><figure class=\"wp-block-media-text__media\" data-no-zoom=\"true\"><img loading=\"lazy\" decoding=\"async\" width=\"1024\" height=\"354\" src=\"https:\/\/rivoli.ch\/wp-content\/uploads\/2025\/07\/Creme-de-nuit-RIVOLI-2-1024x354.webp\" alt=\"cre\u0300me de nuit rivoli 2\" class=\"wp-image-3324 size-full\" srcset=\"https:\/\/rivoli.ch\/wp-content\/uploads\/2025\/07\/Creme-de-nuit-RIVOLI-2-1024x354.webp 1024w, https:\/\/rivoli.ch\/wp-content\/uploads\/2025\/07\/Creme-de-nuit-RIVOLI-2-300x104.webp 300w, https:\/\/rivoli.ch\/wp-content\/uploads\/2025\/07\/Creme-de-nuit-RIVOLI-2-768x266.webp 768w, https:\/\/rivoli.ch\/wp-content\/uploads\/2025\/07\/Creme-de-nuit-RIVOLI-2-18x6.webp 18w, https:\/\/rivoli.ch\/wp-content\/uploads\/2025\/07\/Creme-de-nuit-RIVOLI-2-600x208.webp 600w, https:\/\/rivoli.ch\/wp-content\/uploads\/2025\/07\/Creme-de-nuit-RIVOLI-2.jpg 1300w\" sizes=\"(max-width: 1024px) 100vw, 1024px\" \/><\/figure><div class=\"wp-block-media-text__content\">\n<p>Nachts durchl\u00e4uft die Haut eine intensive Regenerationsphase. Die Nachtcreme von Rivoli Gen\u00e8ve unterst\u00fctzt diesen nat\u00fcrlichen Prozess mit hochwirksamen Formeln, angereichert mit intelligenten Vorstufen und aktiven Inhaltsstoffen. Die auf individuelle Bed\u00fcrfnisse abgestimmten Produkte helfen, das Gleichgewicht wiederherzustellen, Anzeichen von M\u00fcdigkeit zu mindern und die nat\u00fcrliche Ausstrahlung zu bewahren. Entdecken Sie unsere Auswahl an Nachtpflegeprodukten f\u00fcr einen strahlenden Teint \u2013 Tag f\u00fcr Tag.<\/p>\n<\/div><\/div>\n\n\n\n<h2 class=\"wp-block-heading alignwide page-category__title\">Entdecken Sie die beste Handcreme von Rivoli Gen\u00e8ve<\/h2>\n\n\n\n<div class=\"wp-block-columns alignwide is-layout-flex wp-container-core-columns-is-layout-3 wp-block-columns-is-layout-flex\">\n<div class=\"wp-block-column is-layout-flow wp-block-column-is-layout-flow\"><div data-block-name=\"woocommerce\/single-product\" data-product-id=\"1776\" class=\"wp-block-woocommerce-single-product\">\n<div class=\"wp-block-columns is-layout-flex wp-container-core-columns-is-layout-1 wp-block-columns-is-layout-flex\">\n<div class=\"wp-block-column is-layout-flow wp-block-column-is-layout-flow\"><div data-block-name=\"woocommerce\/product-image\" data-show-sale-badge=\"false\" data-is-descendent-of-single-product-block=\"true\" class=\"wc-block-components-product-image wc-block-grid__product-image\" style=\"\">\n\t\t\t\t\t<a href=\"https:\/\/rivoli.ch\/de\/produkte\/le-visage-creme-de-nuit-jeunesse-n02\/\" style=\"\"> <img loading=\"lazy\" decoding=\"async\" width=\"600\" height=\"600\" src=\"https:\/\/rivoli.ch\/wp-content\/uploads\/2024\/08\/RIV_ECOM-IMAGES_1040X1040_CDNJ02_1-600x600.webp\" class=\"attachment-woocommerce_single size-woocommerce_single\" alt=\"Le Visage Cr\u00e8me de Nuit Jeunesse N\u00b002\" data-testid=\"product-image\" style=\"max-width:none;object-fit:cover;\" srcset=\"https:\/\/rivoli.ch\/wp-content\/uploads\/2024\/08\/RIV_ECOM-IMAGES_1040X1040_CDNJ02_1-600x600.webp 600w, https:\/\/rivoli.ch\/wp-content\/uploads\/2024\/08\/RIV_ECOM-IMAGES_1040X1040_CDNJ02_1-300x300.webp 300w, https:\/\/rivoli.ch\/wp-content\/uploads\/2024\/08\/RIV_ECOM-IMAGES_1040X1040_CDNJ02_1-1024x1024.webp 1024w, https:\/\/rivoli.ch\/wp-content\/uploads\/2024\/08\/RIV_ECOM-IMAGES_1040X1040_CDNJ02_1-150x150.webp 150w, https:\/\/rivoli.ch\/wp-content\/uploads\/2024\/08\/RIV_ECOM-IMAGES_1040X1040_CDNJ02_1-768x768.webp 768w, https:\/\/rivoli.ch\/wp-content\/uploads\/2024\/08\/RIV_ECOM-IMAGES_1040X1040_CDNJ02_1-12x12.webp 12w, https:\/\/rivoli.ch\/wp-content\/uploads\/2024\/08\/RIV_ECOM-IMAGES_1040X1040_CDNJ02_1.jpg 1040w\" sizes=\"(max-width: 600px) 100vw, 600px\" \/><\/a>\n\t\t\t\t<\/div>\n\n<h3 class=\"has-text-align-center wp-block-post-title\"><a href=\"https:\/\/rivoli.ch\/de\/produkte\/le-visage-creme-de-nuit-jeunesse-n02\/\" target=\"_self\" >Le Visage Cr\u00e8me de Nuit Jeunesse N\u00b002<\/a><\/h3>\n\n<div data-block-name=\"woocommerce\/product-price\" data-text-align=\"center\" data-is-descendent-of-single-product-block=\"true\" class=\"wp-block-woocommerce-product-price\"><div class=\"wc-block-components-product-price wc-block-grid__product-price has-text-align-center has-text-align-center\" style=\"\">\n\t\t\t\t\t<span class=\"woocs_price_code\" data-currency=\"\" data-redraw-id=\"69d637695c6e3\"  data-product-id=\"1776\">\u00e0 partir de <span class=\"woocommerce-Price-amount amount\"><bdi><span class=\"woocommerce-Price-currencySymbol\">&#67;&#72;&#70;<\/span>&nbsp;64.\u2013<\/bdi><\/span><\/span>\n\t\t\t\t<\/div><\/div><\/div>\n<\/div>\n<\/div><\/div>\n\n\n\n<div class=\"wp-block-column is-layout-flow wp-block-column-is-layout-flow\"><div data-block-name=\"woocommerce\/single-product\" data-product-id=\"304\" class=\"wp-block-woocommerce-single-product\">\n<div class=\"wp-block-columns is-layout-flex wp-container-core-columns-is-layout-2 wp-block-columns-is-layout-flex\">\n<div class=\"wp-block-column is-layout-flow wp-block-column-is-layout-flow\"><div data-block-name=\"woocommerce\/product-image\" data-show-sale-badge=\"false\" data-is-descendent-of-single-product-block=\"true\" class=\"wc-block-components-product-image wc-block-grid__product-image\" style=\"\">\n\t\t\t\t\t<a href=\"https:\/\/rivoli.ch\/de\/produkte\/le-privilege-leau-de-nuit-n02-anti-age-et-regeneration\/\" style=\"\"> <img loading=\"lazy\" decoding=\"async\" width=\"600\" height=\"600\" src=\"https:\/\/rivoli.ch\/wp-content\/uploads\/2024\/04\/RIV_LEau-de-Nuit-pack-ECOM-IMAGES_1040X1040_WHITE__13-600x600.webp\" class=\"attachment-woocommerce_single size-woocommerce_single\" alt=\"Le Privil\u00e8ge L\u2019Eau de Nuit N\u00b002\" data-testid=\"product-image\" style=\"max-width:none;object-fit:cover;\" srcset=\"https:\/\/rivoli.ch\/wp-content\/uploads\/2024\/04\/RIV_LEau-de-Nuit-pack-ECOM-IMAGES_1040X1040_WHITE__13-600x600.webp 600w, https:\/\/rivoli.ch\/wp-content\/uploads\/2024\/04\/RIV_LEau-de-Nuit-pack-ECOM-IMAGES_1040X1040_WHITE__13-300x300.webp 300w, https:\/\/rivoli.ch\/wp-content\/uploads\/2024\/04\/RIV_LEau-de-Nuit-pack-ECOM-IMAGES_1040X1040_WHITE__13-1024x1024.webp 1024w, https:\/\/rivoli.ch\/wp-content\/uploads\/2024\/04\/RIV_LEau-de-Nuit-pack-ECOM-IMAGES_1040X1040_WHITE__13-150x150.webp 150w, https:\/\/rivoli.ch\/wp-content\/uploads\/2024\/04\/RIV_LEau-de-Nuit-pack-ECOM-IMAGES_1040X1040_WHITE__13-768x768.webp 768w, https:\/\/rivoli.ch\/wp-content\/uploads\/2024\/04\/RIV_LEau-de-Nuit-pack-ECOM-IMAGES_1040X1040_WHITE__13-12x12.webp 12w, https:\/\/rivoli.ch\/wp-content\/uploads\/2024\/04\/RIV_LEau-de-Nuit-pack-ECOM-IMAGES_1040X1040_WHITE__13.jpg 1040w\" sizes=\"(max-width: 600px) 100vw, 600px\" \/><\/a>\n\t\t\t\t<\/div>\n\n<h3 class=\"has-text-align-center wp-block-post-title\"><a href=\"https:\/\/rivoli.ch\/de\/produkte\/le-privilege-leau-de-nuit-n02-anti-age-et-regeneration\/\" target=\"_self\" >Le Privil\u00e8ge L\u2019Eau de Nuit N\u00b002<\/a><\/h3>\n\n<div data-block-name=\"woocommerce\/product-price\" data-text-align=\"center\" data-is-descendent-of-single-product-block=\"true\" class=\"wp-block-woocommerce-product-price\"><div class=\"wc-block-components-product-price wc-block-grid__product-price has-text-align-center has-text-align-center\" style=\"\">\n\t\t\t\t\t<span class=\"woocs_price_code\" data-currency=\"\" data-redraw-id=\"69d6376968ef8\"  data-product-id=\"304\">\u00e0 partir de <span class=\"woocommerce-Price-amount amount\"><bdi><span class=\"woocommerce-Price-currencySymbol\">&#67;&#72;&#70;<\/span>&nbsp;85.\u2013<\/bdi><\/span><\/span>\n\t\t\t\t<\/div><\/div><\/div>\n<\/div>\n<\/div><\/div>\n\n\n\n<div class=\"wp-block-column is-layout-flow wp-block-column-is-layout-flow\"><\/div>\n\n\n\n<div class=\"wp-block-column is-layout-flow wp-block-column-is-layout-flow\"><\/div>\n<\/div>\n\n\n\n<h2 class=\"wp-block-heading alignwide has-text-align-left page-category__title\">Warum ist die Nacht die ideale Zeit f\u00fcr die Hautpflege?<\/h2>\n\n\n\n<div class=\"wp-block-columns alignwide page-category__col2 is-layout-flex wp-container-core-columns-is-layout-4 wp-block-columns-is-layout-flex\">\n<div class=\"wp-block-column is-layout-flow wp-block-column-is-layout-flow\">\n<p class=\"translation-block\">Night is a privileged moment for your skin: during sleep it reaches its peak of <strong>cellular regeneration<\/strong>. Cell renewal accelerates, collagen production increases, and circulation naturally intensifies. The skin becomes more receptive to care.<\/p>\n\n\n\n<p class=\"translation-block\">A night cream \u2014 with a formulation specifically adapted to this key moment \u2014 supplies <strong>essential nutrients<\/strong> your skin needs to optimize the natural regeneration process. Its generally richer texture provides deep, long\u2011lasting hydration while concentrated actives work in synergy with the skin\u2019s repair mechanisms.<\/p>\n\n\n\n<p class=\"translation-block\">To maximize benefits, apply every evening to <strong>perfectly cleansed<\/strong> skin using gentle upward motions from the lower to the upper face. This simple gesture promotes absorption and stimulates <strong>microcirculation<\/strong> for a fresh, rested look on waking.<\/p>\n<\/div>\n<\/div>\n\n\n\n<h2 class=\"wp-block-heading alignwide page-category__title\">Die Geheimnisse regenerierter Haut \u00fcber Nacht<\/h2>\n\n\n\n<div class=\"wp-block-columns alignwide is-layout-flex wp-container-core-columns-is-layout-5 wp-block-columns-is-layout-flex\">\n<div class=\"wp-block-column is-layout-flow wp-block-column-is-layout-flow\">\n<p>Die Nacht ver\u00e4ndert die biologischen Mechanismen der Haut grundlegend. Hautzellen aktivieren DNA-Reparatursysteme, die Sch\u00e4den durch UV-Strahlung und Umweltschadstoffe beheben.<\/p>\n\n\n\n<p>Nachtcremes mit reichhaltiger Textur und hochkonzentrierten Feuchtigkeitsspendern begleiten diese wichtige Phase. Angereichert mit Inhaltsstoffen nat\u00fcrlichen Ursprungs, pflegen sie die Haut intensiv und st\u00e4rken gleichzeitig ihre Barriere.<\/p>\n\n\n\n<p>Nacht f\u00fcr Nacht unterst\u00fctzen diese gezielten Behandlungen die nat\u00fcrliche Zellerneuerung und gehen auf die wichtigsten Hautbed\u00fcrfnisse ein. Die enthaltenen Vitamine und Antioxidantien wirken zusammen, um die Zeichen der Hautalterung zu mindern und Ihre Haut optimal auf den neuen Tag vorzubereiten.<\/p>\n<\/div>\n<\/div>\n\n\n\n<h2 class=\"wp-block-heading alignwide page-category__title\">Die Wahl der richtigen Nachtcreme nach Hauttyp<\/h2>\n\n\n\n<div class=\"wp-block-columns alignwide is-layout-flex wp-container-core-columns-is-layout-6 wp-block-columns-is-layout-flex\">\n<div class=\"wp-block-column is-layout-flow wp-block-column-is-layout-flow\">\n<p class=\"translation-block\"><strong>Trockene Haut<\/strong>: Reichhaltige Formeln mit Hyalurons\u00e4ure sowie pflanzlichen Buttern und \u00d6len stellen den Hydrolipidfilm w\u00e4hrend des Schlafs wieder her.<\/p>\n\n\n\n<p class=\"translation-block\">Mischhaut bis fettige Haut: Leichte, nicht komedogene Texturen sind hier ideal. Eine <strong>angepasste Routine<\/strong> enth\u00e4lt regulierende Wirkstoffe wie Niacinamid, um die Talgproduktion auszugleichen, ohne die Haut zu dehydrieren.<\/p>\n\n\n\n<p class=\"translation-block\">Empfindliche Haut: Beruhigende, parf\u00fcmfreie Formeln, angereichert mit Calendula- oder Kamillenextrakten, sind die beste Wahl. Diese st\u00e4rken die Hautbarriere und reduzieren Reaktionen auf <strong>\u00e4u\u00dfere Reize<\/strong>.<\/p>\n\n\n\n<p class=\"translation-block\">Reife Haut: Ab einem Alter von 45\u201350 Jahren nimmt der Gehalt an Kollagen und Elastin ab, die Dichte und Elastizit\u00e4t sinken und die Barriere wird d\u00fcnner. Die Nachtpflege sollte hier starke Feuchtigkeitsspender wie Hyalurons\u00e4ure mit Kollagenvorstufen kombinieren, um die <strong>Geweberegeneration<\/strong> \u00fcber Nacht zu stimulieren.<\/p>\n<\/div>\n<\/div>\n\n\n\n<h2 class=\"wp-block-heading alignwide page-category__title\">Anti-Aging-Expertise in der Nachtpflege<\/h2>\n\n\n\n<div class=\"wp-block-columns alignwide is-layout-flex wp-container-core-columns-is-layout-7 wp-block-columns-is-layout-flex\">\n<div class=\"wp-block-column is-layout-flow wp-block-column-is-layout-flow\">\n<p>W\u00e4hrend Sie schlafen, aktiviert die Haut von Natur aus ihre Abwehrmechanismen gegen die Hautalterung. Anti-Aging-Nachtpflegen verst\u00e4rken diese Aktivit\u00e4t, indem sie die Synthese von Kollagen und Elastin stimulieren \u2013 zwei essenzielle Proteine f\u00fcr die Straffheit der Haut.<\/p>\n\n\n\n<p>Basierend auf Wirkstoffen wie Retinol oder Peptiden, st\u00e4rken diese Formeln die Hautstruktur und reduzieren sichtbar Linien und Falten.<\/p>\n\n\n\n<p class=\"translation-block\">Ihre <strong>nachgewiesene Wirksamkeit<\/strong> beruht auf der Synchronisation mit den biologischen Rhythmen der Haut, um die Zeichen der Zeit zu verlangsamen und gleichzeitig das Gleichgewicht zu bewahren.<\/p>\n<\/div>\n<\/div>\n\n\n\n<h2 class=\"wp-block-heading alignwide page-category__title\">RIVOLI: Schweizer Innovation<\/h2>\n\n\n\n<div class=\"wp-block-columns alignwide is-layout-flex wp-container-core-columns-is-layout-8 wp-block-columns-is-layout-flex\">\n<div class=\"wp-block-column is-layout-flow wp-block-column-is-layout-flow\">\n<p class=\"translation-block\">Tauchen Sie ein in ein sensorisches, regenerierendes n\u00e4chtliches Erlebnis mit der <a href=\"https:\/\/rivoli.ch\/de\/produkte\/le-visage-creme-de-nuit-jeunesse-n02\/\" target=\"_self\">Nachtcreme von RIVOLI<\/a>, die entwickelt wurde, um die Haut im Schlaf zu versch\u00f6nern.<\/p>\n\n\n\n<p class=\"translation-block\">Angereichert mit <em>Lespedeza capitata-Extrakt<\/em>, reaktiviert sie den Zellstoffwechsel und reduziert Anzeichen von M\u00fcdigkeit f\u00fcr einen strahlenderen Teint nach dem Aufwachen. Dank des Wirkstoffs <em>Sericosid<\/em> aus der Wurzel der <em>Terminalia sericea<\/em> wird die Regeneration stimuliert und Festigkeit sowie Elastizit\u00e9it sichtbar verbessert. Die Formel integriert zudem die exklusive ASPRivoli\u00ae-Technologie in Kombination mit feuchtigkeitsbindenden Wirkstoffen f\u00fcr eine verst\u00e4rkte, langanhaltende Hydratation.<\/p>\n\n\n\n<p>Schlie\u00dflich beruhigt der DreamScentz\u2122-Duft mit zarten Noten von Rose, Himbeere und Ylang-Ylang die Sinne, verbessert die Schlafqualit\u00e4t und steigert so die regenerative Wirksamkeit der Creme. Nacht f\u00fcr Nacht wirkt die Haut revitalisiert, erholt und sichtbar j\u00fcnger.<\/p>\n\n\n\n<p class=\"translation-block\">\u00a0\u00fcr eine optimale Wirkung kann die Nachtcreme mit anderen RIVOLI-Produkten kombiniert werden, darunter das <a href=\"https:\/\/rivoli.ch\/de\/produkte\/le-privilege-leau-de-nuit-n02-anti-age-et-regeneration\/\" target=\"_self\">L'Eau de Nuit N\u00b002<\/a>, dessen feiner Nebel die Haut auf die Aufnahme der Wirkstoffe vorbereitet und gleichzeitig die Sinne vor dem Schlafengehen beruhigt.<\/p>\n<\/div>\n<\/div>\n\n\n\n<figure data-no-zoom=\"true\" class=\"wp-block-image alignfull size-large\"><a href=\"https:\/\/rivoli.ch\/wp-content\/uploads\/2025\/07\/Creme-de-nuit-RIVOLI.jpg\"><img loading=\"lazy\" decoding=\"async\" width=\"1024\" height=\"354\" src=\"https:\/\/rivoli.ch\/wp-content\/uploads\/2025\/07\/Creme-de-nuit-RIVOLI-1024x354.webp\" alt=\"cre\u0300me de nuit rivoli\" class=\"wp-image-3325\" srcset=\"https:\/\/rivoli.ch\/wp-content\/uploads\/2025\/07\/Creme-de-nuit-RIVOLI-1024x354.webp 1024w, https:\/\/rivoli.ch\/wp-content\/uploads\/2025\/07\/Creme-de-nuit-RIVOLI-300x104.webp 300w, https:\/\/rivoli.ch\/wp-content\/uploads\/2025\/07\/Creme-de-nuit-RIVOLI-768x266.webp 768w, https:\/\/rivoli.ch\/wp-content\/uploads\/2025\/07\/Creme-de-nuit-RIVOLI-18x6.webp 18w, https:\/\/rivoli.ch\/wp-content\/uploads\/2025\/07\/Creme-de-nuit-RIVOLI-600x208.webp 600w, https:\/\/rivoli.ch\/wp-content\/uploads\/2025\/07\/Creme-de-nuit-RIVOLI.jpg 1300w\" sizes=\"(max-width: 1024px) 100vw, 1024px\" \/><\/a><\/figure>\n\n\n\n<div class=\"wp-block-columns alignwide is-layout-flex wp-container-core-columns-is-layout-9 wp-block-columns-is-layout-flex\">\n<div class=\"wp-block-column is-content-justification-center is-layout-constrained wp-block-column-is-layout-constrained\">\n<h2 class=\"wp-block-heading\">Alles \u00fcber Nachtcremes<\/h2>\n\n\n<\/div>\n<\/div>","protected":false},"excerpt":{"rendered":"<p>Cr\u00e8me de nuit Pendant la nuit, la peau entre dans une phase de r\u00e9g\u00e9n\u00e9ration intense. Les cr\u00e8mes de nuit Rivoli Gen\u00e8ve accompagnent ce processus naturel gr\u00e2ce \u00e0 des formules hautement performantes, enrichies en actifs et pr\u00e9curseurs intelligents. Adapt\u00e9es \u00e0 chaque besoin cutan\u00e9, elles aident \u00e0 restaurer l&rsquo;\u00e9quilibre de la peau, att\u00e9nuer les signes de fatigue [&hellip;]<\/p>","protected":false},"author":11849,"featured_media":3324,"parent":0,"menu_order":0,"comment_status":"closed","ping_status":"closed","template":"","meta":{"_seopress_robots_primary_cat":"","_seopress_titles_title":"Cr\u00e8mes de nuit : bienfaits pour une peau r\u00e9g\u00e9n\u00e9r\u00e9e","_seopress_titles_desc":"Optimisez votre peau avec notre cr\u00e8me de nuit Rivoli pour une hydratation intense et un r\u00e9veil \u00e9clatant. D\u00e9couvrez nos soins nocturnes suisses.","_seopress_robots_index":"","footnotes":""},"acf":[],"_links":{"self":[{"href":"https:\/\/rivoli.ch\/de\/wp-json\/wp\/v2\/pages\/3320"}],"collection":[{"href":"https:\/\/rivoli.ch\/de\/wp-json\/wp\/v2\/pages"}],"about":[{"href":"https:\/\/rivoli.ch\/de\/wp-json\/wp\/v2\/types\/page"}],"author":[{"embeddable":true,"href":"https:\/\/rivoli.ch\/de\/wp-json\/wp\/v2\/users\/11849"}],"replies":[{"embeddable":true,"href":"https:\/\/rivoli.ch\/de\/wp-json\/wp\/v2\/comments?post=3320"}],"version-history":[{"count":6,"href":"https:\/\/rivoli.ch\/de\/wp-json\/wp\/v2\/pages\/3320\/revisions"}],"predecessor-version":[{"id":4019,"href":"https:\/\/rivoli.ch\/de\/wp-json\/wp\/v2\/pages\/3320\/revisions\/4019"}],"wp:featuredmedia":[{"embeddable":true,"href":"https:\/\/rivoli.ch\/de\/wp-json\/wp\/v2\/media\/3324"}],"wp:attachment":[{"href":"https:\/\/rivoli.ch\/de\/wp-json\/wp\/v2\/media?parent=3320"}],"curies":[{"name":"wp","href":"https:\/\/api.w.org\/{rel}","templated":true}]}}