{"id":3301,"date":"2025-08-01T14:15:47","date_gmt":"2025-08-01T12:15:47","guid":{"rendered":"https:\/\/rivoli.ch\/?page_id=3301"},"modified":"2025-08-01T14:16:41","modified_gmt":"2025-08-01T12:16:41","slug":"handcreme","status":"publish","type":"page","link":"https:\/\/rivoli.ch\/de\/handcreme\/","title":{"rendered":"Handcreme"},"content":{"rendered":"<h1 class=\"wp-block-heading alignwide has-text-align-left page-category__title\"><strong>Handcreme<\/strong><\/h1>\n\n\n\n<div class=\"wp-block-media-text alignwide is-stacked-on-mobile is-image-fill\"><figure class=\"wp-block-media-text__media\" data-no-zoom=\"true\" style=\"background-image:url(https:\/\/rivoli.ch\/wp-content\/uploads\/2025\/07\/Creme-pour-les-mains-RIVOLI-2-1024x354.webp);background-position:50% 50%\"><img loading=\"lazy\" decoding=\"async\" width=\"1024\" height=\"354\" src=\"https:\/\/rivoli.ch\/wp-content\/uploads\/2025\/07\/Creme-pour-les-mains-RIVOLI-2-1024x354.webp\" alt=\"cre\u0300me pour les mains rivoli 2\" class=\"wp-image-3305 size-full\" srcset=\"https:\/\/rivoli.ch\/wp-content\/uploads\/2025\/07\/Creme-pour-les-mains-RIVOLI-2-1024x354.webp 1024w, https:\/\/rivoli.ch\/wp-content\/uploads\/2025\/07\/Creme-pour-les-mains-RIVOLI-2-300x104.webp 300w, https:\/\/rivoli.ch\/wp-content\/uploads\/2025\/07\/Creme-pour-les-mains-RIVOLI-2-768x266.webp 768w, https:\/\/rivoli.ch\/wp-content\/uploads\/2025\/07\/Creme-pour-les-mains-RIVOLI-2-18x6.webp 18w, https:\/\/rivoli.ch\/wp-content\/uploads\/2025\/07\/Creme-pour-les-mains-RIVOLI-2-600x208.webp 600w, https:\/\/rivoli.ch\/wp-content\/uploads\/2025\/07\/Creme-pour-les-mains-RIVOLI-2.jpg 1300w\" sizes=\"(max-width: 1024px) 100vw, 1024px\" \/><\/figure><div class=\"wp-block-media-text__content\">\n<p class=\"translation-block\">T\u00e4glich \u00e4u\u00dferen Einfl\u00fcssen, h\u00e4ufigem Waschen und Temperaturschwankungen ausgesetzt, geh\u00f6ren Ihre H\u00e4nde zu den empfindlichsten Hautpartien. Da die <strong>Haut<\/strong> hier von Natur aus d\u00fcnner ist und weniger Talgdr\u00fcsen besitzt, ben\u00f6tigt sie eine spezielle Pflege, um ihr Gleichgewicht und ihre Jugendlichkeit zu bewahren. Oft zeigen sich an den H\u00e4nden die ersten sichtbaren Zeichen der Hautalterung. Eine optimale Hydratation ist daher <strong>unerl\u00e4sslich, um Geschmeidigkeit, Weichheit und ein jugendliches Aussehen<\/strong> zu erhalten.<\/p>\n\n\n\n<p class=\"translation-block\">Bei Rivoli Gen\u00e8ve haben wir einen einzigartigen Ansatz entwickelt, der Schweizer Expertise mit sorgf\u00e4ltig ausgew\u00e4hlten nat\u00fcrlichen Wirkstoffen kombiniert.<\/p>\n<\/div><\/div>\n\n\n\n<h2 class=\"wp-block-heading alignwide page-category__title\">Entdecken Sie die beste Handcreme von Rivoli Gen\u00e8ve<\/h2>\n\n\n\n<div class=\"wp-block-columns alignwide is-layout-flex wp-container-core-columns-is-layout-2 wp-block-columns-is-layout-flex\">\n<div class=\"wp-block-column is-layout-flow wp-block-column-is-layout-flow\"><div data-block-name=\"woocommerce\/single-product\" data-product-id=\"2440\" class=\"wp-block-woocommerce-single-product\">\n<div class=\"wp-block-columns is-layout-flex wp-container-core-columns-is-layout-1 wp-block-columns-is-layout-flex\">\n<div class=\"wp-block-column is-layout-flow wp-block-column-is-layout-flow\"><div data-block-name=\"woocommerce\/product-image\" data-show-sale-badge=\"false\" data-is-descendent-of-single-product-block=\"true\" class=\"wc-block-components-product-image wc-block-grid__product-image\" style=\"\">\n\t\t\t\t\t<a href=\"https:\/\/rivoli.ch\/de\/produkte\/les-mains-2-0-soin-total-anti-age\/\" style=\"\"> <img loading=\"lazy\" decoding=\"async\" width=\"600\" height=\"600\" src=\"https:\/\/rivoli.ch\/wp-content\/uploads\/2024\/10\/RIV_ECOM-IMAGES_1040X1040_MAINS_1-1-600x600.webp\" class=\"attachment-woocommerce_single size-woocommerce_single\" alt=\"Les Mains 2.0 \u2013 Globale Anti-Aging-Pflege f\u00fcr die H\u00e4nde\" data-testid=\"product-image\" style=\"max-width:none;object-fit:cover;\" srcset=\"https:\/\/rivoli.ch\/wp-content\/uploads\/2024\/10\/RIV_ECOM-IMAGES_1040X1040_MAINS_1-1-600x600.webp 600w, https:\/\/rivoli.ch\/wp-content\/uploads\/2024\/10\/RIV_ECOM-IMAGES_1040X1040_MAINS_1-1-300x300.webp 300w, https:\/\/rivoli.ch\/wp-content\/uploads\/2024\/10\/RIV_ECOM-IMAGES_1040X1040_MAINS_1-1-1024x1024.webp 1024w, https:\/\/rivoli.ch\/wp-content\/uploads\/2024\/10\/RIV_ECOM-IMAGES_1040X1040_MAINS_1-1-150x150.webp 150w, https:\/\/rivoli.ch\/wp-content\/uploads\/2024\/10\/RIV_ECOM-IMAGES_1040X1040_MAINS_1-1-768x768.webp 768w, https:\/\/rivoli.ch\/wp-content\/uploads\/2024\/10\/RIV_ECOM-IMAGES_1040X1040_MAINS_1-1-12x12.webp 12w, https:\/\/rivoli.ch\/wp-content\/uploads\/2024\/10\/RIV_ECOM-IMAGES_1040X1040_MAINS_1-1.jpg 1040w\" sizes=\"(max-width: 600px) 100vw, 600px\" \/><\/a>\n\t\t\t\t<\/div>\n\n<h3 class=\"has-text-align-center wp-block-post-title\"><a href=\"https:\/\/rivoli.ch\/de\/produkte\/les-mains-2-0-soin-total-anti-age\/\" target=\"_self\" >Les Mains 2.0 \u2013 Globale Anti-Aging-Pflege f\u00fcr die H\u00e4nde<\/a><\/h3>\n\n<div data-block-name=\"woocommerce\/product-price\" data-text-align=\"center\" data-is-descendent-of-single-product-block=\"true\" class=\"wp-block-woocommerce-product-price\"><div class=\"wc-block-components-product-price wc-block-grid__product-price has-text-align-center has-text-align-center\" style=\"\">\n\t\t\t\t\t<span class=\"woocs_price_code\" data-currency=\"\" data-redraw-id=\"69e4a4f49541d\"  data-product-id=\"2440\"><span class=\"woocommerce-Price-amount amount\"><bdi><span class=\"woocommerce-Price-currencySymbol\">&#67;&#72;&#70;<\/span>&nbsp;29.\u2013<\/bdi><\/span><\/span>\n\t\t\t\t<\/div><\/div><\/div>\n<\/div>\n<\/div><\/div>\n\n\n\n<div class=\"wp-block-column is-layout-flow wp-block-column-is-layout-flow\"><\/div>\n\n\n\n<div class=\"wp-block-column is-layout-flow wp-block-column-is-layout-flow\"><\/div>\n\n\n\n<div class=\"wp-block-column is-layout-flow wp-block-column-is-layout-flow\"><\/div>\n<\/div>\n\n\n\n<h2 class=\"wp-block-heading alignwide has-text-align-left page-category__title\">Vorteile einer speziellen feuchtigkeitsspendenden Handcreme<\/h2>\n\n\n\n<div class=\"wp-block-columns alignwide page-category__col2 is-layout-flex wp-container-core-columns-is-layout-3 wp-block-columns-is-layout-flex\">\n<div class=\"wp-block-column is-layout-flow wp-block-column-is-layout-flow\">\n<p class=\"translation-block\">Eine spezialisierte Pflege bietet eine gezielte Antwort auf die besonderen Bed\u00fcrfnisse der H\u00e4nde. Ihre <strong>leichte Textur<\/strong> zieht schnell ein und bildet einen unsichtbaren Schutzfilm \u2013 eine wirksame Barriere gegen t\u00e4gliche Belastungen.<\/p>\n\n\n\n<p class=\"translation-block\"><strong>Dank Inhaltsstoffen<\/strong> wie Tamarindensamen-Extrakt (eine pflanzliche Hyalurons\u00e4ure) wird die Haut intensiv mit Feuchtigkeit versorgt.<\/p>\n\n\n\n<p class=\"translation-block\">Die H\u00e4nde gewinnen ihre <strong>nat\u00fcrliche Weichheit<\/strong> zur\u00fcck, die Elastizit\u00e4t wird bewahrt und die Haut wirkt Tag f\u00fcr Tag glatter und verj\u00fcngt.<\/p>\n<\/div>\n<\/div>\n\n\n\n<h2 class=\"wp-block-heading alignwide page-category__title\">Warum die Handcreme von Rivoli Gen\u00e8ve w\u00e4hlen?<\/h2>\n\n\n\n<div class=\"wp-block-columns alignwide is-layout-flex wp-container-core-columns-is-layout-4 wp-block-columns-is-layout-flex\">\n<div class=\"wp-block-column is-layout-flow wp-block-column-is-layout-flow\">\n<h3 class=\"wp-block-heading alignwide\"><strong><strong><strong>Eine reparierende Formel f\u00fcr regenerierte Haut<\/strong><\/strong><\/strong><\/h3>\n\n\n\n<p class=\"translation-block\">Trockene H\u00e4nde ben\u00f6tigen eine kraftvolle Regeneration. Unsere mit ASPRivoli\u00ae-Vorstufen angereicherte Formel kombiniert nat\u00fcrliche Wirkstoffe, um strapazierte H\u00e4nde tiefenwirksam zu pflegen. <strong>Kostbares Passiflora edulis (Passionsfrucht)-\u00d6l<\/strong>, reich an Antioxidantien, unterst\u00fctzt die nat\u00fcrlichen Heilungsprozesse und die Integrit\u00e4t des Gewebes. Die Haut gewinnt an Dichte und Widerstandskraft.<\/p>\n\n\n\n<p>Die cremige Textur zieht sofort ein, ohne einen Fettfilm zu hinterlassen. Klinische Tests belegen eine Steigerung der Feuchtigkeit um 87 % nach nur 7 Tagen.*<\/p>\n\n\n\n<p>*<em>*Tests durchgef\u00fchrt an 20 Freiwilligen \u00fcber 28 Tage unter dermatologischer Aufsicht.<\/em><\/p>\n\n\n\n<h3 class=\"wp-block-heading\"><strong><strong><strong>Unsere patentierte ASPRivoli\u00ae-Technologie<\/strong><\/strong><\/strong><\/h3>\n\n\n\n<p>Die Haut ist ein lebendiges Organ, das auf Stress, Hormone und Umweltverschmutzung reagiert.<\/p>\n\n\n\n<p class=\"translation-block\">Mit der Zeit lassen ihre nat\u00fcrlichen Abwehrmechanismen nach. <strong>ASPRivoli\u00ae<\/strong> basiert auf biologischen Vorstufen, die sich erst bei Kontakt mit der Haut in aktive Wirkstoffe verwandeln, um gezielte M\u00e4ngel auszugleichen. Das Ergebnis ist eine gest\u00e4rkte, strahlende und sichtbar j\u00fcngere Haut.<\/p>\n<\/div>\n<\/div>\n\n\n\n<div class=\"wp-block-columns alignwide is-layout-flex wp-container-core-columns-is-layout-5 wp-block-columns-is-layout-flex\">\n<div class=\"wp-block-column is-layout-flow wp-block-column-is-layout-flow\">\n<h3 class=\"wp-block-heading alignwide\"><strong><strong><strong>Die beste Creme f\u00fcr feuchtigkeitsarme Haut mit Pigmentflecken<\/strong><\/strong><\/strong><\/h3>\n\n\n\n<p class=\"translation-block\">Unsere <a href=\"https:\/\/rivoli.ch\/de\/produkte\/les-mains-2-0-soin-total-anti-age\/\" target=\"_self\">Creme <strong>Les Mains 2.0<\/strong><\/a> revolutioniert die Handpflege dank ihres exklusiven Komplexes aus <strong>Rheum rhaponticumund Panthenyl-Triacetat<\/strong>. Diese Kombination hemmt die Melaninbildung und reduziert Pigmentflecken sichtbar um 15,4 % nach 28 Tagen.<\/p>\n\n\n\n<p>Die Haut wird intensiv regeneriert und der Teint wird bereits nach den ersten Anwendungen ebenm\u00e4\u00dfiger.<\/p>\n\n\n\n<p>Bei t\u00e4glicher Anwendung entfaltet sich eine seidige Textur, die sofort mit der Haut verschmilzt. Die H\u00e4nde gewinnen an Geschmeidigkeit und Weichheit zur\u00fcck, w\u00e4hrend der Teint sich nach und nach ausgleicht \u2013 sichtbare Ergebnisse bereits ab der ersten Anwendung.\u00a0<\/p>\n<\/div>\n<\/div>\n\n\n\n<h2 class=\"wp-block-heading alignwide page-category__title\">Anwendungsempfehlung<\/h2>\n\n\n\n<div class=\"wp-block-columns alignwide is-layout-flex wp-container-core-columns-is-layout-6 wp-block-columns-is-layout-flex\">\n<div class=\"wp-block-column is-layout-flow wp-block-column-is-layout-flow\">\n<p>Tragen Sie Ihre Handcreme mindestens zweimal t\u00e4glich auf: morgens zum Schutz und abends zur Unterst\u00fctzung der n\u00e4chtlichen Regeneration.<\/p>\n\n\n\n<p>Massieren Sie das Produkt mit kreisenden Bewegungen von der Handfl\u00e4che nach au\u00dfen ein, wobei Sie besonders auf die Kn\u00f6chel und die Nagelhaut achten sollten.<\/p>\n<\/div>\n<\/div>\n\n\n\n<figure data-no-zoom=\"true\" class=\"wp-block-image alignfull size-large\"><a href=\"https:\/\/rivoli.ch\/wp-content\/uploads\/2025\/07\/Creme-pour-les-mains-RIVOLI.jpg\"><img loading=\"lazy\" decoding=\"async\" width=\"1024\" height=\"354\" src=\"https:\/\/rivoli.ch\/wp-content\/uploads\/2025\/07\/Creme-pour-les-mains-RIVOLI-1024x354.webp\" alt=\"cre\u0300me pour les mains rivoli\" class=\"wp-image-3306\" srcset=\"https:\/\/rivoli.ch\/wp-content\/uploads\/2025\/07\/Creme-pour-les-mains-RIVOLI-1024x354.webp 1024w, https:\/\/rivoli.ch\/wp-content\/uploads\/2025\/07\/Creme-pour-les-mains-RIVOLI-300x104.webp 300w, https:\/\/rivoli.ch\/wp-content\/uploads\/2025\/07\/Creme-pour-les-mains-RIVOLI-768x266.webp 768w, https:\/\/rivoli.ch\/wp-content\/uploads\/2025\/07\/Creme-pour-les-mains-RIVOLI-18x6.webp 18w, https:\/\/rivoli.ch\/wp-content\/uploads\/2025\/07\/Creme-pour-les-mains-RIVOLI-600x208.webp 600w, https:\/\/rivoli.ch\/wp-content\/uploads\/2025\/07\/Creme-pour-les-mains-RIVOLI.jpg 1300w\" sizes=\"(max-width: 1024px) 100vw, 1024px\" \/><\/a><\/figure>\n\n\n\n<div class=\"wp-block-columns alignwide is-layout-flex wp-container-core-columns-is-layout-7 wp-block-columns-is-layout-flex\">\n<div class=\"wp-block-column is-content-justification-center is-layout-constrained wp-block-column-is-layout-constrained\">\n<h2 class=\"wp-block-heading\">Alles \u00fcber Handcremes<\/h2>\n\n\n<\/div>\n<\/div>","protected":false},"excerpt":{"rendered":"<p>Cr\u00e8me pour les mains Expos\u00e9es quotidiennement aux agressions ext\u00e9rieures, lavages fr\u00e9quents et variations de temp\u00e9rature, vos mains sont parmi les zones les plus vuln\u00e9rables de votre peau. Leur \u00e9piderme, naturellement plus fin et moins riche en glandes s\u00e9bac\u00e9es que le reste du corps, n\u00e9cessite des soins sp\u00e9cifiques pour maintenir son \u00e9quilibre et sa jeunesse. La [&hellip;]<\/p>","protected":false},"author":11849,"featured_media":3306,"parent":0,"menu_order":0,"comment_status":"closed","ping_status":"closed","template":"","meta":{"_seopress_robots_primary_cat":"","_seopress_titles_title":"Cr\u00e8me pour les mains : nos soins anti-\u00e2ge","_seopress_titles_desc":"Redonnez jeunesse \u00e0 vos mains avec notre cr\u00e8me pour les mains anti-\u00e2ge pour une peau douce et hydrat\u00e9e.","_seopress_robots_index":"","footnotes":""},"acf":[],"_links":{"self":[{"href":"https:\/\/rivoli.ch\/de\/wp-json\/wp\/v2\/pages\/3301"}],"collection":[{"href":"https:\/\/rivoli.ch\/de\/wp-json\/wp\/v2\/pages"}],"about":[{"href":"https:\/\/rivoli.ch\/de\/wp-json\/wp\/v2\/types\/page"}],"author":[{"embeddable":true,"href":"https:\/\/rivoli.ch\/de\/wp-json\/wp\/v2\/users\/11849"}],"replies":[{"embeddable":true,"href":"https:\/\/rivoli.ch\/de\/wp-json\/wp\/v2\/comments?post=3301"}],"version-history":[{"count":4,"href":"https:\/\/rivoli.ch\/de\/wp-json\/wp\/v2\/pages\/3301\/revisions"}],"predecessor-version":[{"id":3399,"href":"https:\/\/rivoli.ch\/de\/wp-json\/wp\/v2\/pages\/3301\/revisions\/3399"}],"wp:featuredmedia":[{"embeddable":true,"href":"https:\/\/rivoli.ch\/de\/wp-json\/wp\/v2\/media\/3306"}],"wp:attachment":[{"href":"https:\/\/rivoli.ch\/de\/wp-json\/wp\/v2\/media?parent=3301"}],"curies":[{"name":"wp","href":"https:\/\/api.w.org\/{rel}","templated":true}]}}