{"id":3276,"date":"2025-08-01T14:42:50","date_gmt":"2025-08-01T12:42:50","guid":{"rendered":"https:\/\/rivoli.ch\/?page_id=3276"},"modified":"2025-08-01T15:44:16","modified_gmt":"2025-08-01T13:44:16","slug":"gesichtsmaske","status":"publish","type":"page","link":"https:\/\/rivoli.ch\/de\/gesichtsmaske\/","title":{"rendered":"Gesichtsmaske"},"content":{"rendered":"<h1 class=\"wp-block-heading alignwide has-text-align-left page-category__title\">Gesichtsmaske<\/h1>\n\n\n\n<div class=\"wp-block-media-text alignwide is-stacked-on-mobile\"><figure class=\"wp-block-media-text__media\" data-no-zoom=\"true\"><img loading=\"lazy\" decoding=\"async\" width=\"1024\" height=\"354\" src=\"https:\/\/rivoli.ch\/wp-content\/uploads\/2025\/07\/Masque-visage-RIVOLI-1024x354.webp\" alt=\"masque visage rivoli\" class=\"wp-image-3281 size-full\" srcset=\"https:\/\/rivoli.ch\/wp-content\/uploads\/2025\/07\/Masque-visage-RIVOLI-1024x354.webp 1024w, https:\/\/rivoli.ch\/wp-content\/uploads\/2025\/07\/Masque-visage-RIVOLI-300x104.webp 300w, https:\/\/rivoli.ch\/wp-content\/uploads\/2025\/07\/Masque-visage-RIVOLI-768x266.webp 768w, https:\/\/rivoli.ch\/wp-content\/uploads\/2025\/07\/Masque-visage-RIVOLI-18x6.webp 18w, https:\/\/rivoli.ch\/wp-content\/uploads\/2025\/07\/Masque-visage-RIVOLI-600x208.webp 600w, https:\/\/rivoli.ch\/wp-content\/uploads\/2025\/07\/Masque-visage-RIVOLI.jpg 1300w\" sizes=\"(max-width: 1024px) 100vw, 1024px\" \/><\/figure><div class=\"wp-block-media-text__content\">\n<p class=\"translation-block\">Eine Gesichtsmaske ist eine kostbare Sch\u00f6nheitspause, in der Ihre Haut eine konzentrierte und gezielte Pflege erh\u00e4lt.Dank ihres hohen Wirkstoffgehalts und der l\u00e4ngeren Einwirkzeit wirkt sie weit \u00fcber die t\u00e4gliche Routine hinaus in der Tiefe. Eine Maske beantwortet die spezifischen Bed\u00fcrfnisse Ihrer Haut \u2013 ob <strong>Reinigung, intensive Feuchtigkeit, neue Strahlkraft oder zellul\u00e4re Regeneration<\/strong>.<\/p>\n<\/div><\/div>\n\n\n\n<h2 class=\"wp-block-heading alignwide page-category__title\">Entdecken Sie die besten Masken von Rivoli Gen\u00e8ve<\/h2>\n\n\n\n<div class=\"wp-block-columns alignwide is-layout-flex wp-container-core-columns-is-layout-3 wp-block-columns-is-layout-flex\">\n<div class=\"wp-block-column is-layout-flow wp-block-column-is-layout-flow\"><div data-block-name=\"woocommerce\/single-product\" data-product-id=\"1040\" class=\"wp-block-woocommerce-single-product\">\n<div class=\"wp-block-columns is-layout-flex wp-container-core-columns-is-layout-2 wp-block-columns-is-layout-flex\">\n<div class=\"wp-block-column is-layout-flow wp-block-column-is-layout-flow\"><div data-block-name=\"woocommerce\/product-image\" data-show-sale-badge=\"false\" data-is-descendent-of-single-product-block=\"true\" class=\"wc-block-components-product-image wc-block-grid__product-image\" style=\"\">\n\t\t\t\t\t<a href=\"https:\/\/rivoli.ch\/de\/produkte\/le-visage-masque-detox-purifiant\/\" style=\"\"> <img loading=\"lazy\" decoding=\"async\" width=\"600\" height=\"600\" src=\"https:\/\/rivoli.ch\/wp-content\/uploads\/2024\/05\/RIV_LV-Masque-detox-ECOM-IMAGES_1040X1040_WHITE_18-600x600.webp\" class=\"attachment-woocommerce_single size-woocommerce_single\" alt=\"Le Visage Masque D\u00e9tox &amp; Purifiant\" data-testid=\"product-image\" style=\"max-width:none;object-fit:cover;\" srcset=\"https:\/\/rivoli.ch\/wp-content\/uploads\/2024\/05\/RIV_LV-Masque-detox-ECOM-IMAGES_1040X1040_WHITE_18-600x600.webp 600w, https:\/\/rivoli.ch\/wp-content\/uploads\/2024\/05\/RIV_LV-Masque-detox-ECOM-IMAGES_1040X1040_WHITE_18-300x300.webp 300w, https:\/\/rivoli.ch\/wp-content\/uploads\/2024\/05\/RIV_LV-Masque-detox-ECOM-IMAGES_1040X1040_WHITE_18-1024x1024.webp 1024w, https:\/\/rivoli.ch\/wp-content\/uploads\/2024\/05\/RIV_LV-Masque-detox-ECOM-IMAGES_1040X1040_WHITE_18-150x150.webp 150w, https:\/\/rivoli.ch\/wp-content\/uploads\/2024\/05\/RIV_LV-Masque-detox-ECOM-IMAGES_1040X1040_WHITE_18-768x768.webp 768w, https:\/\/rivoli.ch\/wp-content\/uploads\/2024\/05\/RIV_LV-Masque-detox-ECOM-IMAGES_1040X1040_WHITE_18-12x12.webp 12w, https:\/\/rivoli.ch\/wp-content\/uploads\/2024\/05\/RIV_LV-Masque-detox-ECOM-IMAGES_1040X1040_WHITE_18.jpg 1040w\" sizes=\"(max-width: 600px) 100vw, 600px\" \/><\/a>\n\t\t\t\t<\/div>\n\n<h3 class=\"has-text-align-center wp-block-post-title\"><a href=\"https:\/\/rivoli.ch\/de\/produkte\/le-visage-masque-detox-purifiant\/\" target=\"_self\" >Le Visage Masque D\u00e9tox &#038; Purifiant<\/a><\/h3>\n\n<div data-block-name=\"woocommerce\/product-price\" data-text-align=\"center\" data-is-descendent-of-single-product-block=\"true\" class=\"wp-block-woocommerce-product-price\"><div class=\"wc-block-components-product-price wc-block-grid__product-price has-text-align-center has-text-align-center\" style=\"\">\n\t\t\t\t\t<span class=\"woocs_price_code\" data-currency=\"\" data-redraw-id=\"69d8f1de1d0dc\"  data-product-id=\"1040\"><span class=\"woocommerce-Price-amount amount\"><bdi><span class=\"woocommerce-Price-currencySymbol\">&#67;&#72;&#70;<\/span>&nbsp;75.\u2013<\/bdi><\/span><\/span>\n\t\t\t\t<\/div><\/div><\/div>\n\n\n\n<div class=\"wp-block-column is-layout-flow wp-block-column-is-layout-flow\"><div data-block-name=\"woocommerce\/single-product\" data-product-id=\"374\" class=\"wp-block-woocommerce-single-product\">\n<div class=\"wp-block-columns is-layout-flex wp-container-core-columns-is-layout-1 wp-block-columns-is-layout-flex\">\n<div class=\"wp-block-column is-layout-flow wp-block-column-is-layout-flow\"><div data-block-name=\"woocommerce\/product-image\" data-show-sale-badge=\"false\" data-is-descendent-of-single-product-block=\"true\" class=\"wc-block-components-product-image wc-block-grid__product-image\" style=\"\">\n\t\t\t\t\t<a href=\"https:\/\/rivoli.ch\/de\/produkte\/le-visage-masque-reparateur-n02\/\" style=\"\"> <img loading=\"lazy\" decoding=\"async\" width=\"600\" height=\"600\" src=\"https:\/\/rivoli.ch\/wp-content\/uploads\/2024\/04\/RIV_LV-Masque-Reparateur-ECOM-IMAGES_1040X1040_WHITE_20-600x600.webp\" class=\"attachment-woocommerce_single size-woocommerce_single\" alt=\"Le Visage Masque R\u00e9parateur N\u00b002\" data-testid=\"product-image\" style=\"max-width:none;object-fit:cover;\" srcset=\"https:\/\/rivoli.ch\/wp-content\/uploads\/2024\/04\/RIV_LV-Masque-Reparateur-ECOM-IMAGES_1040X1040_WHITE_20-600x600.webp 600w, https:\/\/rivoli.ch\/wp-content\/uploads\/2024\/04\/RIV_LV-Masque-Reparateur-ECOM-IMAGES_1040X1040_WHITE_20-300x300.webp 300w, https:\/\/rivoli.ch\/wp-content\/uploads\/2024\/04\/RIV_LV-Masque-Reparateur-ECOM-IMAGES_1040X1040_WHITE_20-1024x1024.webp 1024w, https:\/\/rivoli.ch\/wp-content\/uploads\/2024\/04\/RIV_LV-Masque-Reparateur-ECOM-IMAGES_1040X1040_WHITE_20-150x150.webp 150w, https:\/\/rivoli.ch\/wp-content\/uploads\/2024\/04\/RIV_LV-Masque-Reparateur-ECOM-IMAGES_1040X1040_WHITE_20-768x768.webp 768w, https:\/\/rivoli.ch\/wp-content\/uploads\/2024\/04\/RIV_LV-Masque-Reparateur-ECOM-IMAGES_1040X1040_WHITE_20-12x12.webp 12w, https:\/\/rivoli.ch\/wp-content\/uploads\/2024\/04\/RIV_LV-Masque-Reparateur-ECOM-IMAGES_1040X1040_WHITE_20.jpg 1040w\" sizes=\"(max-width: 600px) 100vw, 600px\" \/><\/a>\n\t\t\t\t<\/div>\n\n<h3 class=\"has-text-align-center wp-block-post-title\"><a href=\"https:\/\/rivoli.ch\/de\/produkte\/le-visage-masque-reparateur-n02\/\" target=\"_self\" >Le Visage Masque R\u00e9parateur N\u00b002<\/a><\/h3>\n\n<div data-block-name=\"woocommerce\/product-price\" data-text-align=\"center\" data-is-descendent-of-single-product-block=\"true\" class=\"wp-block-woocommerce-product-price\"><div class=\"wc-block-components-product-price wc-block-grid__product-price has-text-align-center has-text-align-center\" style=\"\">\n\t\t\t\t\t<span class=\"woocs_price_code\" data-currency=\"\" data-redraw-id=\"69d8f1de28cb4\"  data-product-id=\"374\"><span class=\"woocommerce-Price-amount amount\"><bdi><span class=\"woocommerce-Price-currencySymbol\">&#67;&#72;&#70;<\/span>&nbsp;98.\u2013<\/bdi><\/span><\/span>\n\t\t\t\t<\/div><\/div><\/div>\n<\/div>\n<\/div><\/div>\n\n\n\n<div class=\"wp-block-column is-layout-flow wp-block-column-is-layout-flow\"><\/div>\n\n\n\n<div class=\"wp-block-column is-layout-flow wp-block-column-is-layout-flow\"><\/div>\n<\/div>\n<\/div><\/div>\n<\/div>\n\n\n\n<h2 class=\"wp-block-heading alignwide has-text-align-left page-category__title\">Warum Masken in der Beauty-Routine essenziell sind<\/h2>\n\n\n\n<div class=\"wp-block-columns alignwide page-category__col2 is-layout-flex wp-container-core-columns-is-layout-4 wp-block-columns-is-layout-flex\">\n<div class=\"wp-block-column is-layout-flow wp-block-column-is-layout-flow\">\n<p class=\"translation-block\">Masken verwandeln Ihre w\u00f6chentliche Routine in einen Wellness-Moment. Ob cremige Texturen oder Gele \u2013 sie liefern hochkonzentrierte Wirkstoffe genau dort, wo Ihre Haut sie am meisten braucht. <br>Das Ergebnis ist ein frischerer Teint,erholte Gesichtsz\u00fcge und ein sichtbar glatteres Hautbild.<\/p>\n<\/div>\n<\/div>\n\n\n\n<h2 class=\"wp-block-heading alignwide page-category__title\">Die wichtigsten Vorteile einer Gesichtsmaske<\/h2>\n\n\n\n<div class=\"wp-block-columns alignwide is-layout-flex wp-container-core-columns-is-layout-5 wp-block-columns-is-layout-flex\">\n<div class=\"wp-block-column is-layout-flow wp-block-column-is-layout-flow\">\n<p class=\"translation-block\"><strong>Reich an nat\u00fcrlichen Inhaltsstoffen<\/strong> wie <strong>Sheabutter<\/strong>, wirkt eine gute Maske wie ein Wirksamkeitskonzentrat. Sie eliminiert abgestorbene Hautzellen und stimuliert die Zellerneuerung f\u00fcr einen <strong>sofortigen Glow<\/strong>.<\/p>\n\n\n\n<p class=\"translation-block\"><strong>Feuchtigkeitsmasken<\/strong> stellen den Hydrolipidfilm wieder her, w\u00e4hrend beruhigende Formeln Reizungen lindern. F\u00fcr eine optimale Regeneration arbeitet eine <strong>Nachtmaske<\/strong> synergetisch mit dem nat\u00fcrlichen Zyklus der Haut.<\/p>\n\n\n\n<p class=\"translation-block\">W\u00e4hrend dieses w\u00f6chentlichen <strong>Entspannungsmoments<\/strong> dringen die Wirkstoffe w\u00e4hrend der Anwendungszeit tief in die Haut ein und hinterlassen ein sichtbar transformiertes und strahlend gesundes Hautbild.\u00a0<\/p>\n<\/div>\n<\/div>\n\n\n\n<h2 class=\"wp-block-heading alignwide page-category__title\">How to choose and apply your mask?<\/h2>\n\n\n\n<div class=\"wp-block-columns alignwide is-layout-flex wp-container-core-columns-is-layout-6 wp-block-columns-is-layout-flex\">\n<div class=\"wp-block-column is-layout-flow wp-block-column-is-layout-flow\">\n<p>Selection depends on skin type and desired results. Combination to oily skin benefits from purifying masks enriched with clays such as kaolin. Dry skin prefers creamy textures with nourishing plant butters and oils.<\/p>\n\n\n\n<p class=\"translation-block\">Prepare the skin <a href=\"https:\/\/rivoli.ch\/de\/gesichtsreiniger\/\" data-type=\"link\" data-id=\"https:\/\/rivoli.ch\/fr\/nettoyant-visage\/\" target=\"_self\">by cleansing<\/a>, then apply an even layer to the face, avoiding the eye contour.<\/p>\n\n\n\n<p class=\"translation-block\">Leave on 10\u201315 minutes according to directions. A gentle massage during rinsing stimulates <strong>microcirculation<\/strong> and boosts results. Finish with your usual cream to seal the benefits.<\/p>\n<\/div>\n<\/div>\n\n\n\n<h2 class=\"wp-block-heading alignwide page-category__title\">Unsere Gesichtsmasken<\/h2>\n\n\n\n<div class=\"wp-block-columns alignwide is-layout-flex wp-container-core-columns-is-layout-7 wp-block-columns-is-layout-flex\">\n<div class=\"wp-block-column is-layout-flow wp-block-column-is-layout-flow\">\n<h3 class=\"wp-block-heading alignwide\"><strong><strong><strong>Detox &amp; Purifying Mask \u2013 Hochwirksame Reinigung<\/strong><\/strong><\/strong><\/h3>\n\n\n\n<p class=\"translation-block\">G\u00f6nnen Sie sich eine kl\u00e4rende Pause mit unserer  <a href=\"https:\/\/rivoli.ch\/de\/produkte\/le-visage-masque-detox-purifiant\/\" target=\"_self\">Detox-Maske<\/a>. Angereichert mit Kaolin (wei\u00dfe Tonerde), entfernt sie \u00fcbersch\u00fcssigen Talg, Unreinheiten und Schadstoffe in einem Schritt.<\/p>\n\n\n\n<p class=\"translation-block\">Die sensorische Formel mit <strong>Kokosnuss\u00f6l und Sheabutter bewahrt<\/strong> den Komfort, w\u00e4hrend Salicyls\u00e4ure und entgiftende Algenextrakte die Poren befreien.<\/p>\n\n\n\n<p>In nur 10 Minuten wirkt das Hautbild verfeinert und die Ausstrahlung wiederhergestellt. Dank Ceramiden und Squalen wird die Hautbarriere nachhaltig gest\u00e4rkt.<\/p>\n\n\n\n<p>Cliniquement test\u00e9, ce soin r\u00e9v\u00e8le une peau assainie d\u00e8s la premi\u00e8re utilisation. Pour une efficacit\u00e9 optimale, appliquez-le g\u00e9n\u00e9reusement une fois par semaine sur peau propre, de pr\u00e9f\u00e9rence le soir, lorsque la peau est la plus r\u00e9ceptive aux actifs purifiants.<\/p>\n<\/div>\n<\/div>\n\n\n\n<div class=\"wp-block-columns alignwide is-layout-flex wp-container-core-columns-is-layout-8 wp-block-columns-is-layout-flex\">\n<div class=\"wp-block-column is-layout-flow wp-block-column-is-layout-flow\">\n<h3 class=\"wp-block-heading alignwide\"><strong><strong><strong>Repair Mask N\u00b002 \u2013 Regeneration \u00fcber Nacht<\/strong><\/strong><\/strong><\/h3>\n\n\n\n<p class=\"translation-block\">Verwandeln Sie Ihre N\u00e4chte in eine <a href=\"https:\/\/rivoli.ch\/de\/produkte\/le-visage-masque-reparateur-n02\/\" target=\"_self\">Reparaturkur<\/a>. Die schmelzende Textur kombiniert <strong>Rizinus\u00f6l und Squalen<\/strong> mit feuchtigkeitsspendendem Tamarinden-Extrakt.<\/p>\n\n\n\n<p class=\"translation-block\">Angereichert mit dem ASPRivoli\u00ae-Vorstufenkomplex, <strong>Niacinamid<\/strong> und zellul\u00e4rem ATP, stimuliert diese Nachtpflege die Erneuerung in den ersten Stunden des Schlafes.<\/p>\n\n\n\n<p>Klinisch erwiesen: Die Hydratation steigt bereits 2 Stunden nach dem Auftragen um +70 % \u2013 f\u00fcr eine prallere und weichere Haut am Morgen.<\/p>\n<\/div>\n<\/div>\n\n\n\n<figure data-no-zoom=\"true\" class=\"wp-block-image alignfull size-large\"><a href=\"https:\/\/rivoli.ch\/wp-content\/uploads\/2025\/07\/Masque-visage-RIVOLI-2.jpg\"><img loading=\"lazy\" decoding=\"async\" width=\"1024\" height=\"354\" src=\"https:\/\/rivoli.ch\/wp-content\/uploads\/2025\/07\/Masque-visage-RIVOLI-2-1024x354.webp\" alt=\"masque visage rivoli 2\" class=\"wp-image-3280\" srcset=\"https:\/\/rivoli.ch\/wp-content\/uploads\/2025\/07\/Masque-visage-RIVOLI-2-1024x354.webp 1024w, https:\/\/rivoli.ch\/wp-content\/uploads\/2025\/07\/Masque-visage-RIVOLI-2-300x104.webp 300w, https:\/\/rivoli.ch\/wp-content\/uploads\/2025\/07\/Masque-visage-RIVOLI-2-768x266.webp 768w, https:\/\/rivoli.ch\/wp-content\/uploads\/2025\/07\/Masque-visage-RIVOLI-2-18x6.webp 18w, https:\/\/rivoli.ch\/wp-content\/uploads\/2025\/07\/Masque-visage-RIVOLI-2-600x208.webp 600w, https:\/\/rivoli.ch\/wp-content\/uploads\/2025\/07\/Masque-visage-RIVOLI-2.jpg 1300w\" sizes=\"(max-width: 1024px) 100vw, 1024px\" \/><\/a><\/figure>\n\n\n\n<div class=\"wp-block-columns alignwide is-layout-flex wp-container-core-columns-is-layout-9 wp-block-columns-is-layout-flex\">\n<div class=\"wp-block-column is-content-justification-center is-layout-constrained wp-block-column-is-layout-constrained\">\n<h2 class=\"wp-block-heading\">Alles \u00fcber Gesichtsmasken<\/h2>\n\n\n<\/div>\n<\/div>","protected":false},"excerpt":{"rendered":"<p>Masque visage Le masque visage repr\u00e9sente une parenth\u00e8se beaut\u00e9 privil\u00e9gi\u00e9e, un moment o\u00f9 votre peau b\u00e9n\u00e9ficie d&rsquo;un soin concentr\u00e9 et cibl\u00e9. Sa richesse en actifs et son temps de pose prolong\u00e9 permettent une action en profondeur, bien au-del\u00e0 des soins quotidiens classiques. V\u00e9ritable concentr\u00e9 d&rsquo;efficacit\u00e9, le masque r\u00e9pond aux besoins sp\u00e9cifiques de votre peau : [&hellip;]<\/p>","protected":false},"author":11849,"featured_media":3281,"parent":0,"menu_order":0,"comment_status":"closed","ping_status":"closed","template":"","meta":{"_seopress_robots_primary_cat":"","_seopress_titles_title":"Masque pour le visage : soins experts pour une peau sublim\u00e9e","_seopress_titles_desc":"Red\u00e9couvrez votre peau avec un masque visage Rivoli : purifiez avec notre d\u00e9tox et r\u00e9parez avec le n\u00b002. \u00c9clat et soin assur\u00e9s.","_seopress_robots_index":"","footnotes":""},"acf":[],"_links":{"self":[{"href":"https:\/\/rivoli.ch\/de\/wp-json\/wp\/v2\/pages\/3276"}],"collection":[{"href":"https:\/\/rivoli.ch\/de\/wp-json\/wp\/v2\/pages"}],"about":[{"href":"https:\/\/rivoli.ch\/de\/wp-json\/wp\/v2\/types\/page"}],"author":[{"embeddable":true,"href":"https:\/\/rivoli.ch\/de\/wp-json\/wp\/v2\/users\/11849"}],"replies":[{"embeddable":true,"href":"https:\/\/rivoli.ch\/de\/wp-json\/wp\/v2\/comments?post=3276"}],"version-history":[{"count":5,"href":"https:\/\/rivoli.ch\/de\/wp-json\/wp\/v2\/pages\/3276\/revisions"}],"predecessor-version":[{"id":3415,"href":"https:\/\/rivoli.ch\/de\/wp-json\/wp\/v2\/pages\/3276\/revisions\/3415"}],"wp:featuredmedia":[{"embeddable":true,"href":"https:\/\/rivoli.ch\/de\/wp-json\/wp\/v2\/media\/3281"}],"wp:attachment":[{"href":"https:\/\/rivoli.ch\/de\/wp-json\/wp\/v2\/media?parent=3276"}],"curies":[{"name":"wp","href":"https:\/\/api.w.org\/{rel}","templated":true}]}}