{"id":3267,"date":"2025-08-01T12:18:07","date_gmt":"2025-08-01T10:18:07","guid":{"rendered":"https:\/\/rivoli.ch\/?page_id=3267"},"modified":"2025-10-24T09:24:23","modified_gmt":"2025-10-24T07:24:23","slug":"beauty-geschenkset","status":"publish","type":"page","link":"https:\/\/rivoli.ch\/de\/beauty-geschenkset\/","title":{"rendered":"Beauty\u2011Geschenkset"},"content":{"rendered":"<h1 class=\"wp-block-heading alignwide has-text-align-left page-category__title\">Beauty\u2011Geschenkset<\/h1>\n\n\n\n<div class=\"wp-block-media-text alignwide is-stacked-on-mobile is-image-fill\"><figure class=\"wp-block-media-text__media\" data-no-zoom=\"true\" style=\"background-image:url(https:\/\/rivoli.ch\/wp-content\/uploads\/2025\/08\/soins-essentiels-rivoli-1024x354.webp);background-position:46% 23%\"><img loading=\"lazy\" decoding=\"async\" width=\"1024\" height=\"354\" src=\"https:\/\/rivoli.ch\/wp-content\/uploads\/2025\/08\/soins-essentiels-rivoli-1024x354.webp\" alt=\"soins essentiels rivoli\" class=\"wp-image-3405 size-full\" srcset=\"https:\/\/rivoli.ch\/wp-content\/uploads\/2025\/08\/soins-essentiels-rivoli-1024x354.webp 1024w, https:\/\/rivoli.ch\/wp-content\/uploads\/2025\/08\/soins-essentiels-rivoli-300x104.webp 300w, https:\/\/rivoli.ch\/wp-content\/uploads\/2025\/08\/soins-essentiels-rivoli-768x266.webp 768w, https:\/\/rivoli.ch\/wp-content\/uploads\/2025\/08\/soins-essentiels-rivoli-18x6.webp 18w, https:\/\/rivoli.ch\/wp-content\/uploads\/2025\/08\/soins-essentiels-rivoli-600x208.webp 600w, https:\/\/rivoli.ch\/wp-content\/uploads\/2025\/08\/soins-essentiels-rivoli.jpg 1300w\" sizes=\"(max-width: 1024px) 100vw, 1024px\" \/><\/figure><div class=\"wp-block-media-text__content\">\n<p>Ein Beauty\u2011Geschenkset ist weit mehr als eine Sammlung von Kosmetikprodukten. Diese Einladung zum Wohlbefinden vereint eine harmonische Auswahl komplement\u00e4rer Pflegeprodukte, die darauf ausgelegt sind, ein personalisiertes Sch\u00f6nheitsritual zu schaffen.<\/p>\n\n\n\n<div class=\"wp-block-columns alignwide is-layout-flex wp-container-core-columns-is-layout-1 wp-block-columns-is-layout-flex\">\n<div class=\"wp-block-column is-layout-flow wp-block-column-is-layout-flow\">\n<p>Die Kunst des Beauty\u2011Geschenksets beruht auf mehreren Schl\u00fcsselprinzipien :<\/p>\n\n\n\n<ul>\n<li>Eine fachkundige Auswahl an Produkten, die sich gegenseitig erg\u00e4nzen<\/li>\n\n\n\n<li>Sensorische Texturen, die jede Anwendung in ein Vergn\u00fcgen verwandeln<\/li>\n\n\n\n<li>Kostbare Wirkstoffe, die in Synergie sichtbare Ergebnisse liefern<\/li>\n\n\n\n<li>Ein elegantes Packaging, das das Pflegeerlebnis veredelt<\/li>\n<\/ul>\n\n\n\n<p>&nbsp;<\/p>\n<\/div>\n<\/div>\n<\/div><\/div>\n\n\n\n<h2 class=\"wp-block-heading alignwide page-category__title\"><strong>Anti\u2011Age\u2011Gesichtspflege\u2011Sets von RIVOLI<\/strong><\/h2>\n\n\n\n<div class=\"wp-block-columns alignwide is-layout-flex wp-container-core-columns-is-layout-2 wp-block-columns-is-layout-flex\">\n<div class=\"wp-block-column is-layout-flow wp-block-column-is-layout-flow\">\n<p class=\"translation-block\"><a href=\"https:\/\/rivoli.ch\/de\/produkte\/set-la-decouverte\/\" data-type=\"link\" data-id=\"https:\/\/rivoli.ch\/fr\/produits\/set-la-decouverte\/\" target=\"_self\">Set \u00abLa D\u00e9couverte\u00bb<\/a>: Entdecken Sie die RIVOLI\u2011Welt mit vier ikonischen Reisegr\u00f6\u00dfen \u2013 L\u2019Eau de Jour, Le S\u00e9rum Lumi\u00e8re, die R\u00e9\u2011\u00e9quilibrante Emulsion und die Reparaturmaske. Die Routine b\u00fcndelt unsere ASPRivoli\u00ae\u2011Expertise.<\/p>\n\n\n\n<p class=\"translation-block\"><a href=\"https:\/\/rivoli.ch\/de\/produkte\/total-lips-your-scrub-your-balm\/\" data-type=\"link\" data-id=\"https:\/\/rivoli.ch\/fr\/produits\/total-lips-your-scrub-your-balm\/\" target=\"_self\">TOTAL LIPS Duo <\/a>(YOUR SCRUB \/ YOUR BALM): Sanftes Peeling mit nat\u00fcrlichen Mikrok\u00f6rnern + n\u00e4hrender Balsam mit kostbaren \u00d6len f\u00fcr geschmeidige Lippen.<\/p>\n\n\n\n<p class=\"translation-block\"><a href=\"https:\/\/rivoli.ch\/de\/produkte\/rivoli-tote\/\" target=\"_self\">RIVOLI Tote Bag<\/a>: Elegantes, praktisches Accessoire f\u00fcr jeden Tag.<\/p>\n<\/div>\n<\/div>\n\n\n\n<div class=\"wp-block-columns is-layout-flex wp-container-core-columns-is-layout-6 wp-block-columns-is-layout-flex\">\n<div class=\"wp-block-column is-layout-flow wp-block-column-is-layout-flow\"><div data-block-name=\"woocommerce\/single-product\" data-product-id=\"315\" class=\"wp-block-woocommerce-single-product\">\n<div class=\"wp-block-columns is-layout-flex wp-container-core-columns-is-layout-3 wp-block-columns-is-layout-flex\">\n<div class=\"wp-block-column is-layout-flow wp-block-column-is-layout-flow\"><div data-block-name=\"woocommerce\/product-image\" data-show-sale-badge=\"false\" data-is-descendent-of-single-product-block=\"true\" class=\"wc-block-components-product-image wc-block-grid__product-image\" style=\"\">\n\t\t\t\t\t<a href=\"https:\/\/rivoli.ch\/de\/produkte\/set-la-decouverte\/\" style=\"\"> <img loading=\"lazy\" decoding=\"async\" width=\"600\" height=\"600\" src=\"https:\/\/rivoli.ch\/wp-content\/uploads\/2024\/04\/RIV_ECOM-DECOUVERT_1040X1040_-600x600.webp\" class=\"attachment-woocommerce_single size-woocommerce_single\" alt=\"Set \u00ab La D\u00e9couverte \u00bb\" data-testid=\"product-image\" style=\"max-width:none;object-fit:cover;\" srcset=\"https:\/\/rivoli.ch\/wp-content\/uploads\/2024\/04\/RIV_ECOM-DECOUVERT_1040X1040_-600x600.webp 600w, https:\/\/rivoli.ch\/wp-content\/uploads\/2024\/04\/RIV_ECOM-DECOUVERT_1040X1040_-300x300.webp 300w, https:\/\/rivoli.ch\/wp-content\/uploads\/2024\/04\/RIV_ECOM-DECOUVERT_1040X1040_-1024x1024.webp 1024w, https:\/\/rivoli.ch\/wp-content\/uploads\/2024\/04\/RIV_ECOM-DECOUVERT_1040X1040_-150x150.webp 150w, https:\/\/rivoli.ch\/wp-content\/uploads\/2024\/04\/RIV_ECOM-DECOUVERT_1040X1040_-768x768.webp 768w, https:\/\/rivoli.ch\/wp-content\/uploads\/2024\/04\/RIV_ECOM-DECOUVERT_1040X1040_-12x12.webp 12w, https:\/\/rivoli.ch\/wp-content\/uploads\/2024\/04\/RIV_ECOM-DECOUVERT_1040X1040_.jpg 1040w\" sizes=\"(max-width: 600px) 100vw, 600px\" \/><\/a>\n\t\t\t\t<\/div>\n\n<h3 class=\"has-text-align-center wp-block-post-title\"><a href=\"https:\/\/rivoli.ch\/de\/produkte\/set-la-decouverte\/\" target=\"_self\" >Set \u00ab La D\u00e9couverte \u00bb<\/a><\/h3>\n\n<div data-block-name=\"woocommerce\/product-price\" data-text-align=\"center\" data-is-descendent-of-single-product-block=\"true\" class=\"wp-block-woocommerce-product-price\"><div class=\"wc-block-components-product-price wc-block-grid__product-price has-text-align-center has-text-align-center\" style=\"\">\n\t\t\t\t\t<span class=\"woocs_price_code\" data-currency=\"\" data-redraw-id=\"69f27f553ae51\"  data-product-id=\"315\"><span class=\"woocommerce-Price-amount amount\"><bdi><span class=\"woocommerce-Price-currencySymbol\">&#67;&#72;&#70;<\/span>&nbsp;37.\u2013<\/bdi><\/span><\/span>\n\t\t\t\t<\/div><\/div><\/div>\n<\/div>\n<\/div><\/div>\n\n\n\n<div class=\"wp-block-column is-layout-flow wp-block-column-is-layout-flow\"><div data-block-name=\"woocommerce\/single-product\" data-product-id=\"2803\" class=\"wp-block-woocommerce-single-product\">\n<div class=\"wp-block-columns is-layout-flex wp-container-core-columns-is-layout-4 wp-block-columns-is-layout-flex\">\n<div class=\"wp-block-column is-layout-flow wp-block-column-is-layout-flow\"><div data-block-name=\"woocommerce\/product-image\" data-show-sale-badge=\"false\" data-is-descendent-of-single-product-block=\"true\" class=\"wc-block-components-product-image wc-block-grid__product-image\" style=\"\">\n\t\t\t\t\t<a href=\"https:\/\/rivoli.ch\/de\/produkte\/total-lips-your-scrub-your-balm\/\" style=\"\"> <img loading=\"lazy\" decoding=\"async\" width=\"600\" height=\"600\" src=\"https:\/\/rivoli.ch\/wp-content\/uploads\/2025\/03\/RIV_IMAGES_1800X1800_300dpi__DUO-LIPS_1-600x600.webp\" class=\"attachment-woocommerce_single size-woocommerce_single\" alt=\"TOTAL LIPS YOUR SCRUB \/ YOUR BALM\" data-testid=\"product-image\" style=\"max-width:none;object-fit:cover;\" srcset=\"https:\/\/rivoli.ch\/wp-content\/uploads\/2025\/03\/RIV_IMAGES_1800X1800_300dpi__DUO-LIPS_1-600x600.webp 600w, https:\/\/rivoli.ch\/wp-content\/uploads\/2025\/03\/RIV_IMAGES_1800X1800_300dpi__DUO-LIPS_1-300x300.webp 300w, https:\/\/rivoli.ch\/wp-content\/uploads\/2025\/03\/RIV_IMAGES_1800X1800_300dpi__DUO-LIPS_1-150x150.webp 150w, https:\/\/rivoli.ch\/wp-content\/uploads\/2025\/03\/RIV_IMAGES_1800X1800_300dpi__DUO-LIPS_1-768x768.webp 768w, https:\/\/rivoli.ch\/wp-content\/uploads\/2025\/03\/RIV_IMAGES_1800X1800_300dpi__DUO-LIPS_1-12x12.webp 12w, https:\/\/rivoli.ch\/wp-content\/uploads\/2025\/03\/RIV_IMAGES_1800X1800_300dpi__DUO-LIPS_1.jpg 900w\" sizes=\"(max-width: 600px) 100vw, 600px\" \/><\/a>\n\t\t\t\t<\/div>\n\n<h3 class=\"has-text-align-center wp-block-post-title\"><a href=\"https:\/\/rivoli.ch\/de\/produkte\/total-lips-your-scrub-your-balm\/\" target=\"_self\" >TOTAL LIPS YOUR SCRUB \/ YOUR BALM<\/a><\/h3>\n\n<div data-block-name=\"woocommerce\/product-price\" data-text-align=\"center\" data-is-descendent-of-single-product-block=\"true\" class=\"wp-block-woocommerce-product-price\"><div class=\"wc-block-components-product-price wc-block-grid__product-price has-text-align-center has-text-align-center\" style=\"\">\n\t\t\t\t\t<span class=\"woocs_price_code\" data-currency=\"\" data-redraw-id=\"69f27f554608e\"  data-product-id=\"2803\"><span class=\"woocommerce-Price-amount amount\"><bdi><span class=\"woocommerce-Price-currencySymbol\">&#67;&#72;&#70;<\/span>&nbsp;49.\u2013<\/bdi><\/span><\/span>\n\t\t\t\t<\/div><\/div><\/div>\n<\/div>\n<\/div><\/div>\n\n\n\n<div class=\"wp-block-column is-layout-flow wp-block-column-is-layout-flow\"><div data-block-name=\"woocommerce\/single-product\" data-product-id=\"631\" class=\"wp-block-woocommerce-single-product\">\n<div class=\"wp-block-columns is-layout-flex wp-container-core-columns-is-layout-5 wp-block-columns-is-layout-flex\">\n<div class=\"wp-block-column is-layout-flow wp-block-column-is-layout-flow\"><div data-block-name=\"woocommerce\/product-image\" data-show-sale-badge=\"false\" data-image-sizing=\"thumbnail\" data-is-descendent-of-single-product-block=\"true\" class=\"wc-block-components-product-image wc-block-grid__product-image\" style=\"\">\n\t\t\t\t\t<a href=\"https:\/\/rivoli.ch\/de\/produkte\/rivoli-tote\/\" style=\"\"> <img loading=\"lazy\" decoding=\"async\" width=\"300\" height=\"300\" src=\"https:\/\/rivoli.ch\/wp-content\/uploads\/2024\/01\/RIV_TOTE_BAG_PRESS_V2-300x300.webp\" class=\"attachment-woocommerce_thumbnail size-woocommerce_thumbnail\" alt=\"RIVOLI Tote Bag\" data-testid=\"product-image\" style=\"max-width:none;object-fit:cover;\" srcset=\"https:\/\/rivoli.ch\/wp-content\/uploads\/2024\/01\/RIV_TOTE_BAG_PRESS_V2-300x300.webp 300w, https:\/\/rivoli.ch\/wp-content\/uploads\/2024\/01\/RIV_TOTE_BAG_PRESS_V2-150x150.webp 150w\" sizes=\"(max-width: 300px) 100vw, 300px\" \/><\/a>\n\t\t\t\t<\/div>\n\n<h3 class=\"has-text-align-center wp-block-post-title\"><a href=\"https:\/\/rivoli.ch\/de\/produkte\/rivoli-tote\/\" target=\"_self\" >RIVOLI Tote Bag<\/a><\/h3>\n\n<div data-block-name=\"woocommerce\/product-price\" data-text-align=\"center\" data-is-descendent-of-single-product-block=\"true\" class=\"wp-block-woocommerce-product-price\"><div class=\"wc-block-components-product-price wc-block-grid__product-price has-text-align-center has-text-align-center\" style=\"\">\n\t\t\t\t\t<span class=\"woocs_price_code\" data-currency=\"\" data-redraw-id=\"69f27f554dab1\"  data-product-id=\"631\"><span class=\"woocommerce-Price-amount amount\"><bdi><span class=\"woocommerce-Price-currencySymbol\">&#67;&#72;&#70;<\/span>&nbsp;25.\u2013<\/bdi><\/span><\/span>\n\t\t\t\t<\/div><\/div><\/div>\n<\/div>\n<\/div><\/div>\n<\/div>\n\n\n\n<div class=\"wp-block-columns alignwide is-layout-flex wp-container-core-columns-is-layout-7 wp-block-columns-is-layout-flex\">\n<div class=\"wp-block-column is-layout-flow wp-block-column-is-layout-flow\">\n<h3 class=\"wp-block-heading alignwide\"><strong><strong><strong>Individuell abgestimmte Sets<\/strong><\/strong><\/strong><\/h3>\n\n\n\n<p>Die Vielfalt der Hauttypen erfordert ma\u00dfgeschneiderte Zusammenstellungen. Sensible Haut liebt beruhigende Formeln mit nat\u00fcrlichen Aktivstoffen (z.\u202fB. Tamarindenkern). Misch\u2011 bis fettige Haut profitiert von kl\u00e4renden Sets mit leichten Texturen und regulierenden Inhaltsstoffen.<\/p>\n\n\n\n<p>Reife Haut gewinnt an Ausstrahlung dank Anti\u2011Age\u2011Sets mit konzentriertem Serum und n\u00e4hrender Creme. Dehydrierte Haut findet Komfort in Ritualen mit Vitamin B3 und wertvollen \u00d6len.<\/p>\n\n\n\n<p>&nbsp;<\/p>\n<\/div>\n<\/div>\n\n\n\n<h2 class=\"wp-block-heading alignwide page-category__title\">Personalisiertes Ritual im Set<\/h2>\n\n\n\n<div class=\"wp-block-columns alignwide is-layout-flex wp-container-core-columns-is-layout-8 wp-block-columns-is-layout-flex\">\n<div class=\"wp-block-column is-layout-flow wp-block-column-is-layout-flow\">\n<h3 class=\"wp-block-heading alignwide\"><strong><strong><strong><strong>Personalisierung und Wirksamkeit<\/strong><\/strong><\/strong><\/strong><\/h3>\n\n\n\n<p>Personalisierte Sets sind die Antwort auf die wachsende Nachfrage nach Orientierung bei der t\u00e4glichen Hautpflege-Routine. Da jede Haut einzigartig ist, erm\u00f6glichen Ihnen diese Sets, Ihr Pflegeritual individuell an Ihren Hauttyp, Ihr Alter und Ihre spezifischen Hautbed\u00fcrfnisse anzupassen.<\/p>\n\n\n\n<h3 class=\"wp-block-heading\">Synergie der Wirkstoffe<\/h3>\n\n\n\n<p class=\"translation-block\">Die sorgf\u00e4ltig aufeinander abgestimmte Kombination der Produkte innerhalb eines Sets optimiert deren komplement\u00e4re Wirkung. Ein <a href=\"https:\/\/rivoli.ch\/de\/gesichtsserum\/\" data-type=\"page\" data-id=\"3293\" target=\"_self\">Serum<\/a> bereitet die Haut ideal auf die nachfolgende Feuchtigkeitspflege vor, w\u00e4hrend eine w\u00f6chentliche Maske die Effekte verst\u00e4rkt \u2013 f\u00fcr sichtbar bessere Ergebnisse.<\/p>\n\n\n\n<h3 class=\"wp-block-heading\"><strong><strong><strong>Einfachheit in der Anwendung<\/strong><\/strong><\/strong><\/h3>\n\n\n\n<p>Die detaillierte Packungsbeilage, die jedem Set beiliegt, f\u00fchrt Sie sicher durch die Reihenfolge und H\u00e4ufigkeit der Anwendung. Dieser p\u00e4dagogische Ansatz verwandelt Ihre Routine in einen besonderen Wohlf\u00fchlmoment und f\u00f6rdert langfristige, nachhaltige Resultate.<\/p>\n<\/div>\n<\/div>\n\n\n\n<h2 class=\"wp-block-heading alignwide page-category__title\">Warum ein nat\u00fcrliches Pflegeset verschenken?<\/h2>\n\n\n\n<div class=\"wp-block-columns alignwide is-layout-flex wp-container-core-columns-is-layout-9 wp-block-columns-is-layout-flex\">\n<div class=\"wp-block-column is-layout-flow wp-block-column-is-layout-flow\">\n<p class=\"translation-block\">Die steigende Nachfrage nach Clean Cosmetics spiegelt das wachsende Bewusstsein der Verbraucher wider. Pflegesets erf\u00fcllen diesen Wunsch durch gesunde Formulierungen, die das \u00d6kosystem der Haut respektieren und mit pflanzlichen <a href=\"https:\/\/rivoli.ch\/de\/die-marke-rivoli\/ruecksicht-umwelt\/\" target=\"_self\">Wirkstoffen angereichert sind<\/a>, die f\u00fcr ihre nachgewiesene Wirksamkeit ausgew\u00e4hlt wurden.<\/p>\n\n\n\n<p class=\"translation-block\">Die <strong>umweltfreundlich gestalteten<\/strong>, recycelbaren Verpackungen verleihen dem Erlebnis eine verantwortungsbewusste Dimension. Dieser ganzheitliche Ansatz erm\u00f6glicht es, die Vorz\u00fcge einer ges\u00fcnderen Kosmetik zu entdecken, ohne auf das sensorische Vergn\u00fcgen raffinierter Texturen und zarter D\u00fcfte verzichten zu m\u00fcssen.<\/p>\n<\/div>\n<\/div>\n\n\n\n<h2 class=\"wp-block-heading alignwide page-category__title\"><strong>Die Kunst, Wohlbefinden zu verschenken: Muttertag, Valentinstag, Geburtstage\u2026<\/strong><\/h2>\n\n\n\n<div class=\"wp-block-columns alignwide is-layout-flex wp-container-core-columns-is-layout-10 wp-block-columns-is-layout-flex\">\n<div class=\"wp-block-column is-layout-flow wp-block-column-is-layout-flow\">\n<p class=\"translation-block\">Die Wahl des <strong>perfekten Geschenks<\/strong> erfordert viel Aufmerksamkeit f\u00fcr den Geschmack und die Bed\u00fcrfnisse der beschenkten Person. Ein personalisierter <strong>Moment der Entspannung <\/strong>in Form eines Beauty-Sets ist eine aufmerksame Wahl f\u00fcr alle <strong>Anl\u00e4sse<\/strong> im Jahr \u2013 vom <strong>Muttertag<\/strong> bis zum <strong>Valentinstag<\/strong>.<\/p>\n\n\n\n<p class=\"translation-block\"><strong>Reisegr\u00f6\u00dfen<\/strong> erm\u00f6glichen es, die Lieblingsprodukte \u00fcberallhin mitzunehmen, w\u00e4hrend komplette Rituale das Badezimmer in ein wahres Spa verwandeln. Eine sorgf\u00e4ltige Auswahl nach Hauttyp und Duftvorlieben garantiert das <strong>ideale Geschenk<\/strong> \u2013 von <a href=\"https:\/\/rivoli.ch\/de\/gesichtscreme\/\" data-type=\"page\" data-id=\"3004\" target=\"_self\">beruhigender Gesichtspflege<\/a> bis hin zu Experten-Sets f\u00fcr Anti-Aging.<\/p>\n\n\n\n<p class=\"translation-block\">F\u00fcr Kurzentschlossene bietet ein <strong>Geschenkgutschein<\/strong> die Freiheit, sich ein pers\u00f6nliches Wohlf\u00fchlritual selbst zusammenzustellen, <strong>ohne das Risiko einer Fehlentscheidung einzugehen<\/strong>. Diese pers\u00f6nliche Aufmerksamkeit eignet sich gleicherma\u00dfen f\u00fcr <strong>Frauen und M\u00e4nner<\/strong>, da jeder eine auf seine spezifischen Bed\u00fcrfnisse zugeschnittene Pflege entdecken kann.<\/p>\n<\/div>\n<\/div>\n\n\n\n<figure data-no-zoom=\"true\" class=\"wp-block-image alignfull size-large\"><a href=\"https:\/\/rivoli.ch\/wp-content\/uploads\/2025\/08\/coffret-cadeau-soin-beaute-rivoli.jpg\"><img loading=\"lazy\" decoding=\"async\" width=\"1024\" height=\"354\" src=\"https:\/\/rivoli.ch\/wp-content\/uploads\/2025\/08\/coffret-cadeau-soin-beaute-rivoli-1024x354.webp\" alt=\"coffret cadeau soin beaute rivoli\" class=\"wp-image-3404\" srcset=\"https:\/\/rivoli.ch\/wp-content\/uploads\/2025\/08\/coffret-cadeau-soin-beaute-rivoli-1024x354.webp 1024w, https:\/\/rivoli.ch\/wp-content\/uploads\/2025\/08\/coffret-cadeau-soin-beaute-rivoli-300x104.webp 300w, https:\/\/rivoli.ch\/wp-content\/uploads\/2025\/08\/coffret-cadeau-soin-beaute-rivoli-768x266.webp 768w, https:\/\/rivoli.ch\/wp-content\/uploads\/2025\/08\/coffret-cadeau-soin-beaute-rivoli-18x6.webp 18w, https:\/\/rivoli.ch\/wp-content\/uploads\/2025\/08\/coffret-cadeau-soin-beaute-rivoli-600x208.webp 600w, https:\/\/rivoli.ch\/wp-content\/uploads\/2025\/08\/coffret-cadeau-soin-beaute-rivoli.jpg 1300w\" sizes=\"(max-width: 1024px) 100vw, 1024px\" \/><\/a><\/figure>\n\n\n\n<h2 class=\"wp-block-heading alignwide page-category__title\"><strong>RIVOLI \u2013 Schweizer Pflegeexpertise<\/strong><\/h2>\n\n\n\n<div class=\"wp-block-columns alignwide is-layout-flex wp-container-core-columns-is-layout-12 wp-block-columns-is-layout-flex\">\n<div class=\"wp-block-column is-layout-flow wp-block-column-is-layout-flow\">\n<div class=\"wp-block-columns alignwide is-layout-flex wp-container-core-columns-is-layout-11 wp-block-columns-is-layout-flex\">\n<div class=\"wp-block-column is-layout-flow wp-block-column-is-layout-flow\">\n<p class=\"translation-block\">Im Herzen des Schweizer Emmentals entwickelt RIVOLI au\u00dfergew\u00f6hnliche Pflegeprodukte in seiner ISO-9001-zertifizierten Produktionsst\u00e4tte. Unser einzigartiges Know-how basiert auf der <a href=\"https:\/\/rivoli.ch\/de\/die-marke-rivoli\/nachgewiesene-wirksamkeit\/\" data-type=\"link\" data-id=\"https:\/\/rivoli.ch\/fr\/la-marque-rivoli\/efficacite-prouvee\/\" target=\"_self\">patentierten ASPRivoli\u00ae-Technologie<\/a>, dem Ergebnis langj\u00e4hriger biotechnologischer Forschung.<\/p>\n\n\n\n<p>Die Formeln von RIVOLI vereinen kraftvolle nat\u00fcrliche Wirkstoffe mit wegweisenden wissenschaftlichen Innovationen.Jedes Produkt wird von unabh\u00e4ngigen Laboren streng gepr\u00fcft, um eine nachgewiesene Wirksamkeit bei der Zellregeneration und dem Erhalt einer strahlenden Haut zu garantieren.<\/p>\n\n\n\n<p class=\"translation-block\">Unser Engagement zeigt sich in zertifizierten veganen Formeln, umweltfreundlich gestalteten Verpackungen und einer verantwortungsbewussten Produktion. Die RIVOLI-Sets verk\u00f6rpern die perfekte Verbindung aus <strong>Schweizer Exzellenz<\/strong> und <strong>intelligenter Sch\u00f6nheit<\/strong> und bieten ein einzigartiges sensorisches Erlebnis.<\/p>\n\n\n\n<p><\/p>\n<\/div>\n<\/div>\n<\/div>\n<\/div>","protected":false},"excerpt":{"rendered":"<p>Coffret cadeau produit de beaut\u00e9 Les coffrets de soins visage anti-\u00e2ge de la marque RIVOLI Notre Set \u00ab\u00a0La D\u00e9couverte\u00a0\u00bb vous invite \u00e0 explorer l&rsquo;univers RIVOLI \u00e0 travers quatre soins embl\u00e9matiques en format voyage : l&rsquo;Eau de Jour, Le S\u00e9rum Lumi\u00e8re, l&rsquo;\u00c9mulsion R\u00e9-\u00e9quilibrante et le masque r\u00e9parateur. Cette routine compl\u00e8te d\u00e9voile la quintessence de notre expertise [&hellip;]<\/p>","protected":false},"author":11849,"featured_media":3274,"parent":0,"menu_order":0,"comment_status":"closed","ping_status":"closed","template":"","meta":{"_seopress_robots_primary_cat":"","_seopress_titles_title":"Coffret cadeau produit de beaut\u00e9 : notre s\u00e9lection en soins","_seopress_titles_desc":"Coffret cadeau produit de beaut\u00e9 : offrez une routine sensorielle unique et efficace. Transformez chaque soin en un moment de bien-\u00eatre.","_seopress_robots_index":"","footnotes":""},"acf":[],"_links":{"self":[{"href":"https:\/\/rivoli.ch\/de\/wp-json\/wp\/v2\/pages\/3267"}],"collection":[{"href":"https:\/\/rivoli.ch\/de\/wp-json\/wp\/v2\/pages"}],"about":[{"href":"https:\/\/rivoli.ch\/de\/wp-json\/wp\/v2\/types\/page"}],"author":[{"embeddable":true,"href":"https:\/\/rivoli.ch\/de\/wp-json\/wp\/v2\/users\/11849"}],"replies":[{"embeddable":true,"href":"https:\/\/rivoli.ch\/de\/wp-json\/wp\/v2\/comments?post=3267"}],"version-history":[{"count":17,"href":"https:\/\/rivoli.ch\/de\/wp-json\/wp\/v2\/pages\/3267\/revisions"}],"predecessor-version":[{"id":4043,"href":"https:\/\/rivoli.ch\/de\/wp-json\/wp\/v2\/pages\/3267\/revisions\/4043"}],"wp:featuredmedia":[{"embeddable":true,"href":"https:\/\/rivoli.ch\/de\/wp-json\/wp\/v2\/media\/3274"}],"wp:attachment":[{"href":"https:\/\/rivoli.ch\/de\/wp-json\/wp\/v2\/media?parent=3267"}],"curies":[{"name":"wp","href":"https:\/\/api.w.org\/{rel}","templated":true}]}}