{"id":3259,"date":"2025-08-01T14:49:14","date_gmt":"2025-08-01T12:49:14","guid":{"rendered":"https:\/\/rivoli.ch\/?page_id=3259"},"modified":"2025-08-01T14:49:16","modified_gmt":"2025-08-01T12:49:16","slug":"gesichtsreiniger","status":"publish","type":"page","link":"https:\/\/rivoli.ch\/de\/gesichtsreiniger\/","title":{"rendered":"Gesichtsreiniger"},"content":{"rendered":"<h1 class=\"wp-block-heading alignwide has-text-align-left page-category__title\">Gesichtsreiniger<\/h1>\n\n\n\n<div class=\"wp-block-media-text alignwide is-stacked-on-mobile is-image-fill\"><figure class=\"wp-block-media-text__media\" data-no-zoom=\"true\" style=\"background-image:url(https:\/\/rivoli.ch\/wp-content\/uploads\/2025\/07\/Nettoyant-visage-RIVOLI-1024x354.webp);background-position:36% 80%\"><img loading=\"lazy\" decoding=\"async\" width=\"1024\" height=\"354\" src=\"https:\/\/rivoli.ch\/wp-content\/uploads\/2025\/07\/Nettoyant-visage-RIVOLI-1024x354.webp\" alt=\"nettoyant visage rivoli\" class=\"wp-image-3264 size-full\" srcset=\"https:\/\/rivoli.ch\/wp-content\/uploads\/2025\/07\/Nettoyant-visage-RIVOLI-1024x354.webp 1024w, https:\/\/rivoli.ch\/wp-content\/uploads\/2025\/07\/Nettoyant-visage-RIVOLI-300x104.webp 300w, https:\/\/rivoli.ch\/wp-content\/uploads\/2025\/07\/Nettoyant-visage-RIVOLI-768x266.webp 768w, https:\/\/rivoli.ch\/wp-content\/uploads\/2025\/07\/Nettoyant-visage-RIVOLI-18x6.webp 18w, https:\/\/rivoli.ch\/wp-content\/uploads\/2025\/07\/Nettoyant-visage-RIVOLI-600x208.webp 600w, https:\/\/rivoli.ch\/wp-content\/uploads\/2025\/07\/Nettoyant-visage-RIVOLI.jpg 1300w\" sizes=\"(max-width: 1024px) 100vw, 1024px\" \/><\/figure><div class=\"wp-block-media-text__content\">\n<p>Die Reinigung ist der erste und wichtigste Schritt einer effektiven Pflegeroutine. Jeden Tag ist Ihre Haut Schadstoffen,Make-up, \u00fcbersch\u00fcssigem Talg und abgestorbenen Hautzellen ausgesetzt. Eine angepasste Reinigung ist Ihr bester Verb\u00fcndeter, um das Gleichgewicht der Haut zu bewahren.<\/p>\n\n\n\n<p>Bei Rivoli Gen\u00e8ve folgen unsere Reinigungsprodukte der Philosophie der \u201eIntelligent Beauty\u201c: Formeln, die die nat\u00fcrlichen Mechanismen der Haut respektieren und unterst\u00fctzen. Entwickelt in unseren Schweizer Laboren, kombinieren sie sorgf\u00e4ltig ausgew\u00e4hlte Wirkstoffe, um die Haut sanft, aber gr\u00fcndlich zu reinigen, ohne sie auszutrocknen.<\/p>\n\n\n\n<p>\u00a0Entdecken Sie unsere Auswahl an Gesichtsreinigern und w\u00e4hlen Sie denjenigen, der am besten zu Ihrem Hauttyp passt.<\/p>\n<\/div><\/div>\n\n\n\n<h2 class=\"wp-block-heading alignwide page-category__title\">Entdecken Sie unsere besten Rivoli Gen\u00e8ve Reinigungsprodukte<\/h2>\n\n\n\n<div class=\"wp-block-columns alignwide is-layout-flex wp-container-core-columns-is-layout-3 wp-block-columns-is-layout-flex\">\n<div class=\"wp-block-column is-layout-flow wp-block-column-is-layout-flow\"><div data-block-name=\"woocommerce\/single-product\" data-product-id=\"417\" class=\"wp-block-woocommerce-single-product\">\n<div class=\"wp-block-columns is-layout-flex wp-container-core-columns-is-layout-2 wp-block-columns-is-layout-flex\">\n<div class=\"wp-block-column is-layout-flow wp-block-column-is-layout-flow\"><div data-block-name=\"woocommerce\/product-image\" data-show-sale-badge=\"false\" data-is-descendent-of-single-product-block=\"true\" class=\"wc-block-components-product-image wc-block-grid__product-image\" style=\"\">\n\t\t\t\t\t<a href=\"https:\/\/rivoli.ch\/de\/produkte\/le-demaquillant-gel-nettoyant\/\" style=\"\"> <img loading=\"lazy\" decoding=\"async\" width=\"600\" height=\"600\" src=\"https:\/\/rivoli.ch\/wp-content\/uploads\/2024\/04\/RIV_ECOM-IMAGES_1040X1040_WHITE_64-600x600.webp\" class=\"attachment-woocommerce_single size-woocommerce_single\" alt=\"Le D\u00e9maquillant Gel Nettoyant\" data-testid=\"product-image\" style=\"max-width:none;object-fit:cover;\" srcset=\"https:\/\/rivoli.ch\/wp-content\/uploads\/2024\/04\/RIV_ECOM-IMAGES_1040X1040_WHITE_64-600x600.webp 600w, https:\/\/rivoli.ch\/wp-content\/uploads\/2024\/04\/RIV_ECOM-IMAGES_1040X1040_WHITE_64-300x300.webp 300w, https:\/\/rivoli.ch\/wp-content\/uploads\/2024\/04\/RIV_ECOM-IMAGES_1040X1040_WHITE_64-1024x1024.webp 1024w, https:\/\/rivoli.ch\/wp-content\/uploads\/2024\/04\/RIV_ECOM-IMAGES_1040X1040_WHITE_64-150x150.webp 150w, https:\/\/rivoli.ch\/wp-content\/uploads\/2024\/04\/RIV_ECOM-IMAGES_1040X1040_WHITE_64-768x768.webp 768w, https:\/\/rivoli.ch\/wp-content\/uploads\/2024\/04\/RIV_ECOM-IMAGES_1040X1040_WHITE_64-12x12.webp 12w, https:\/\/rivoli.ch\/wp-content\/uploads\/2024\/04\/RIV_ECOM-IMAGES_1040X1040_WHITE_64.jpg 1040w\" sizes=\"(max-width: 600px) 100vw, 600px\" \/><\/a>\n\t\t\t\t<\/div>\n\n<h3 class=\"has-text-align-center wp-block-post-title\"><a href=\"https:\/\/rivoli.ch\/de\/produkte\/le-demaquillant-gel-nettoyant\/\" target=\"_self\" >Le D\u00e9maquillant Gel Nettoyant<\/a><\/h3>\n\n<div data-block-name=\"woocommerce\/product-price\" data-text-align=\"center\" data-is-descendent-of-single-product-block=\"true\" class=\"wp-block-woocommerce-product-price\"><div class=\"wc-block-components-product-price wc-block-grid__product-price has-text-align-center has-text-align-center\" style=\"\">\n\t\t\t\t\t<span class=\"woocs_price_code\" data-currency=\"\" data-redraw-id=\"69d6a7cf4f554\"  data-product-id=\"417\"><span class=\"woocommerce-Price-amount amount\"><bdi><span class=\"woocommerce-Price-currencySymbol\">&#67;&#72;&#70;<\/span>&nbsp;35.\u2013<\/bdi><\/span><\/span>\n\t\t\t\t<\/div><\/div><\/div>\n\n\n\n<div class=\"wp-block-column is-layout-flow wp-block-column-is-layout-flow\"><div data-block-name=\"woocommerce\/single-product\" data-product-id=\"424\" class=\"wp-block-woocommerce-single-product\">\n<div class=\"wp-block-columns is-layout-flex wp-container-core-columns-is-layout-1 wp-block-columns-is-layout-flex\">\n<div class=\"wp-block-column is-layout-flow wp-block-column-is-layout-flow\"><div data-block-name=\"woocommerce\/product-image\" data-show-sale-badge=\"false\" data-is-descendent-of-single-product-block=\"true\" class=\"wc-block-components-product-image wc-block-grid__product-image\" style=\"\">\n\t\t\t\t\t<a href=\"https:\/\/rivoli.ch\/de\/produkte\/le-visage-mousse-nettoyante\/\" style=\"\"> <img loading=\"lazy\" decoding=\"async\" width=\"600\" height=\"600\" src=\"https:\/\/rivoli.ch\/wp-content\/uploads\/2024\/04\/RIV_LV-Mousse-ECOM-IMAGES_1040X1040_WHITE_16-600x600.webp\" class=\"attachment-woocommerce_single size-woocommerce_single\" alt=\"Le Visage Mousse Nettoyante\" data-testid=\"product-image\" style=\"max-width:none;object-fit:cover;\" srcset=\"https:\/\/rivoli.ch\/wp-content\/uploads\/2024\/04\/RIV_LV-Mousse-ECOM-IMAGES_1040X1040_WHITE_16-600x600.webp 600w, https:\/\/rivoli.ch\/wp-content\/uploads\/2024\/04\/RIV_LV-Mousse-ECOM-IMAGES_1040X1040_WHITE_16-300x300.webp 300w, https:\/\/rivoli.ch\/wp-content\/uploads\/2024\/04\/RIV_LV-Mousse-ECOM-IMAGES_1040X1040_WHITE_16-1024x1024.webp 1024w, https:\/\/rivoli.ch\/wp-content\/uploads\/2024\/04\/RIV_LV-Mousse-ECOM-IMAGES_1040X1040_WHITE_16-150x150.webp 150w, https:\/\/rivoli.ch\/wp-content\/uploads\/2024\/04\/RIV_LV-Mousse-ECOM-IMAGES_1040X1040_WHITE_16-768x768.webp 768w, https:\/\/rivoli.ch\/wp-content\/uploads\/2024\/04\/RIV_LV-Mousse-ECOM-IMAGES_1040X1040_WHITE_16-12x12.webp 12w, https:\/\/rivoli.ch\/wp-content\/uploads\/2024\/04\/RIV_LV-Mousse-ECOM-IMAGES_1040X1040_WHITE_16.jpg 1040w\" sizes=\"(max-width: 600px) 100vw, 600px\" \/><\/a>\n\t\t\t\t<\/div>\n\n<h3 class=\"has-text-align-center wp-block-post-title\"><a href=\"https:\/\/rivoli.ch\/de\/produkte\/le-visage-mousse-nettoyante\/\" target=\"_self\" >Le Visage Mousse Nettoyante<\/a><\/h3>\n\n<div data-block-name=\"woocommerce\/product-price\" data-text-align=\"center\" data-is-descendent-of-single-product-block=\"true\" class=\"wp-block-woocommerce-product-price\"><div class=\"wc-block-components-product-price wc-block-grid__product-price has-text-align-center has-text-align-center\" style=\"\">\n\t\t\t\t\t<span class=\"woocs_price_code\" data-currency=\"\" data-redraw-id=\"69d6a7cf598b0\"  data-product-id=\"424\"><span class=\"woocommerce-Price-amount amount\"><bdi><span class=\"woocommerce-Price-currencySymbol\">&#67;&#72;&#70;<\/span>&nbsp;71.\u2013<\/bdi><\/span><\/span>\n\t\t\t\t<\/div><\/div><\/div>\n<\/div>\n<\/div><\/div>\n\n\n\n<div class=\"wp-block-column is-layout-flow wp-block-column-is-layout-flow\"><\/div>\n\n\n\n<div class=\"wp-block-column is-layout-flow wp-block-column-is-layout-flow\"><\/div>\n<\/div>\n<\/div><\/div>\n<\/div>\n\n\n\n<h2 class=\"wp-block-heading alignwide has-text-align-left page-category__title\">Essential benefits of a proper cleanser<\/h2>\n\n\n\n<div class=\"wp-block-columns alignwide page-category__col2 is-layout-flex wp-container-core-columns-is-layout-4 wp-block-columns-is-layout-flex\">\n<div class=\"wp-block-column is-layout-flow wp-block-column-is-layout-flow\">\n<p class=\"translation-block\">At the heart of a successful routine, a well\u2011chosen cleanser acts like a protective first step. Its mission is to preserve the hydrolipidic film while removing <strong>pollution particles<\/strong> and impurities that build up over hours.<\/p>\n\n\n\n<p class=\"translation-block\">Daily use of a <strong>gel<\/strong> or <strong>foam<\/strong> unclogs pores and helps prevent <strong>blackheads<\/strong> and blemishes. Enriched formulas \u2014 for example with coconut oil \u2014 soothe and hydrate while gentle oils support and hydrate the barrier.<\/p>\n\n\n\n<p>Freed of makeup residue and dead cells, skin can breathe again and better receive subsequent care.<\/p>\n<\/div>\n<\/div>\n\n\n\n<h2 class=\"wp-block-heading alignwide page-category__title\">Warum eine Reinigung von Rivoli w\u00e4hlen?<\/h2>\n\n\n\n<div class=\"wp-block-columns alignwide is-layout-flex wp-container-core-columns-is-layout-5 wp-block-columns-is-layout-flex\">\n<div class=\"wp-block-column is-layout-flow wp-block-column-is-layout-flow\">\n<h3 class=\"wp-block-heading alignwide\"><strong><strong><strong><strong>Schweizer Formulierung, die die Haut respektiert<\/strong><\/strong><\/strong><\/strong><\/h3>\n\n\n\n<p class=\"translation-block\"><strong>Rivoli<\/strong> entwickelt in den ISO-zertifizierten Laboren im Emmental Hautpflege nach strengsten Qualit\u00e4tsstandards.<\/p>\n\n\n\n<p>Unsere Formeln enthalten ausschlie\u00dflich milde Tenside aus Zucker und Kokosnuss, die das nat\u00fcrliche Mikrobiom der Haut sch\u00fctzen. Dieser respektvolle Ansatz erm\u00f6glicht es selbst empfindlicher Haut, Komfort und Balance zu finden.<\/p>\n\n\n\n<p>\u00a0Unsere Forschungsteams bevorzugen fortschrittliche Technologien f\u00fcr eine perfekte Hautvertr\u00e4glichkeit und gew\u00e4hrleisten so gut vertr\u00e4gliche Formeln, die dermatologisch getestet werden.<\/p>\n\n\n\n<h3 class=\"wp-block-heading\"><strong><strong><strong>Sorgf\u00e4ltig ausgew\u00e4hlte nat\u00fcrliche Wirkstoffe<\/strong><\/strong><\/strong><\/h3>\n\n\n\n<p>Die Kraft nat\u00fcrlicher Wirkstoffe liegt in ihrer Synergie mit der Haut. Die Labore von Rivoli w\u00e4hlen pflanzliche Inhaltsstoffe aus, die f\u00fcr ihre beruhigenden und feuchtigkeitsspendenden Eigenschaften bekannt sind.<\/p>\n\n\n\n<p>Wir verzichten auf umstrittene Inhaltsstoffe und setzen stattdessen auf nat\u00fcrliche Alternativen, deren Wirksamkeit durch Tests best\u00e4tigt wurde \u2013 so garantieren wir Reinigungsmittel, die sowohl leistungsstark als auch umweltvertr\u00e4glich sind.<\/p>\n\n\n\n<h3 class=\"wp-block-heading\"><strong><strong><strong>Nachgewiesene Wirksamkeit<\/strong><\/strong><\/strong><\/h3>\n\n\n\n<p class=\"translation-block\">Unabh\u00e4ngige klinische Tests belegen eine bemerkenswerte Effizienz: Das <em>Reinigungsgel<\/em> entfernt bereits bei der ersten Anwendung bis zu 97 % der Schmutzpartikel und wasserfestes Make-up, w\u00e4hrend das Mikrobiom der Haut erhalten bleibt.<\/p>\n<\/div>\n<\/div>\n\n\n\n<h2 class=\"wp-block-heading alignwide page-category__title\">Unsere Produkte: Frische und Reinheit<\/h2>\n\n\n\n<div class=\"wp-block-columns alignwide is-layout-flex wp-container-core-columns-is-layout-6 wp-block-columns-is-layout-flex\">\n<div class=\"wp-block-column is-layout-flow wp-block-column-is-layout-flow\">\n<h3 class=\"wp-block-heading alignwide\"><strong><strong><strong>Le D\u00e9maquillant Cleansing Gel \u2013 Frische und Effizienz<\/strong><\/strong><\/strong><\/h3>\n\n\n\n<p class=\"translation-block\">Dieses <em><a href=\"https:\/\/rivoli.ch\/de\/produkte\/le-demaquillant-gel-nettoyant\/\" data-type=\"link\" data-id=\"https:\/\/rivoli.ch\/fr\/produits\/le-demaquillant-gel-nettoyant\/\" target=\"_self\">Reinigungsgel<\/a><\/em> verwandelt die t\u00e4gliche Reinigung in einen Pflegemoment. Die leichte Textur wird bei Kontakt mit Wasser zu einem zarten Schaum.<\/p>\n\n\n\n<p class=\"translation-block\">Dank <strong>Kokosnuss\u00f6l<\/strong> und <strong>antioxidativem Macadamianuss- und Granatapfelsamen\u00f6l<\/strong> bek\u00e4mpft es oxidativen Stress und st\u00e4rkt die Hautbarriere. Die Haut wirkt rein, beruhigt und sichtbar strahlender.<\/p>\n\n\n\n<p class=\"translation-block\">Dieses Reinigungsgel f\u00f6rdert dank antioxidativer  <strong>Macadamia- und Granatapfelkern\u00f6le die Hautregeneration und hilft<\/strong>,  oxidativem Stress entgegenzuwirken. Angereichert mit feuchtigkeitsspendenden und pflegenden Wirkstoffen st\u00e4rkt es die Hautbarriere und bewahrt das Gleichgewicht des Mikrobioms. Nach dem Absp\u00fclen ist die Haut sauber, beruhigt und sichtbar strahlender.<\/p>\n<\/div>\n<\/div>\n\n\n\n<div class=\"wp-block-columns alignwide is-layout-flex wp-container-core-columns-is-layout-7 wp-block-columns-is-layout-flex\">\n<div class=\"wp-block-column is-layout-flow wp-block-column-is-layout-flow\">\n<h3 class=\"wp-block-heading alignwide\"><strong><strong><strong>Le Visage Cleansing Foam \u2013 Tiefenreinigung und Glow<\/strong><\/strong><\/strong><\/h3>\n\n\n\n<p class=\"translation-block\">Erleben Sie die luftige Textur unseres <em><a href=\"https:\/\/rivoli.ch\/de\/produkte\/le-visage-mousse-nettoyante\/\" target=\"_self\">Reinigungsschaums<\/a><\/em>.<\/p>\n\n\n\n<p class=\"translation-block\">Dank Reispulver bietet er ein sanftes Peeling, das das Hautbild verfeinert und den Glow sofort wiederherstellt.<\/p>\n\n\n\n<p class=\"translation-block\">Angereichert mit <strong>Niacinamid und Allantoin<\/strong>, beruhigt dieser Schaum die Haut, f\u00f6rdert die Regeneration und lindert Spannungsgef\u00fchle \u2013 f\u00fcr ein weiches, geschmeidiges Hautgef\u00fchl.<\/p>\n<\/div>\n<\/div>\n\n\n\n<h2 class=\"wp-block-heading alignwide page-category__title\">Welcher Reiniger f\u00fcr welchen Hauttyp?<\/h2>\n\n\n\n<div class=\"wp-block-columns alignwide is-layout-flex wp-container-core-columns-is-layout-8 wp-block-columns-is-layout-flex\">\n<div class=\"wp-block-column is-layout-flow wp-block-column-is-layout-flow\">\n<p>Choosing the right cleanser is essential for preserving the skin\u2019s natural balance. Specific formulas respond to the needs of each epidermis with targeted actives that work in synergy.<\/p>\n<\/div>\n<\/div>\n\n\n\n<div class=\"wp-block-columns alignwide is-layout-flex wp-container-core-columns-is-layout-9 wp-block-columns-is-layout-flex\">\n<div class=\"wp-block-column is-layout-flow wp-block-column-is-layout-flow\">\n<h3 class=\"wp-block-heading alignwide\"><strong><strong><strong>Empfindliche und trockene Haut<\/strong><\/strong><\/strong><\/h3>\n\n\n\n<p class=\"translation-block\">Das <em>Le D\u00e9maquillant Cleansing Gel<\/em> wurde speziell f\u00fcr diese Bed\u00fcrfnisse entwickelt. Es ist seifenfrei, reinigt ohne Irritationen und ist reich an n\u00e4hrendem Squalen und Glycerin, um Feuchtigkeit langanhaltend zu speichern.<\/p>\n\n\n\n<p class=\"translation-block\">&nbsp;<\/p>\n<\/div>\n<\/div>\n\n\n\n<div class=\"wp-block-columns alignwide is-layout-flex wp-container-core-columns-is-layout-10 wp-block-columns-is-layout-flex\">\n<div class=\"wp-block-column is-layout-flow wp-block-column-is-layout-flow\">\n<h3 class=\"wp-block-heading alignwide\"><strong><strong><strong>Mischhaut bis fettige Haut<\/strong><\/strong><\/strong><\/h3>\n\n\n\n<p class=\"translation-block\">Der <em>Le Visage Cleansing Foam<\/em> ist ideal, um \u00fcbersch\u00fcssigen Talg zu entfernen und Poren zu verfeinern. Inhaltsstoffe wie gr\u00fcner Tee, wei\u00dfe Weide und Grapefruit <strong>wirken kl\u00e4rend<\/strong>, w\u00e4hrend Haferproteine die Haut geschmeidig halten.<\/p>\n\n\n\n<p>\u00a0&nbsp;<\/p>\n<\/div>\n<\/div>\n\n\n\n<figure data-no-zoom=\"true\" class=\"wp-block-image alignfull size-large\"><a href=\"https:\/\/rivoli.ch\/wp-content\/uploads\/2025\/07\/Nettoyant-visage-RIVOLI-2.jpg\"><img loading=\"lazy\" decoding=\"async\" width=\"1024\" height=\"354\" src=\"https:\/\/rivoli.ch\/wp-content\/uploads\/2025\/07\/Nettoyant-visage-RIVOLI-2-1024x354.webp\" alt=\"nettoyant visage rivoli 2\" class=\"wp-image-3265\" srcset=\"https:\/\/rivoli.ch\/wp-content\/uploads\/2025\/07\/Nettoyant-visage-RIVOLI-2-1024x354.webp 1024w, https:\/\/rivoli.ch\/wp-content\/uploads\/2025\/07\/Nettoyant-visage-RIVOLI-2-300x104.webp 300w, https:\/\/rivoli.ch\/wp-content\/uploads\/2025\/07\/Nettoyant-visage-RIVOLI-2-768x266.webp 768w, https:\/\/rivoli.ch\/wp-content\/uploads\/2025\/07\/Nettoyant-visage-RIVOLI-2-18x6.webp 18w, https:\/\/rivoli.ch\/wp-content\/uploads\/2025\/07\/Nettoyant-visage-RIVOLI-2-600x208.webp 600w, https:\/\/rivoli.ch\/wp-content\/uploads\/2025\/07\/Nettoyant-visage-RIVOLI-2.jpg 1300w\" sizes=\"(max-width: 1024px) 100vw, 1024px\" \/><\/a><\/figure>\n\n\n\n<div class=\"wp-block-columns alignwide is-layout-flex wp-container-core-columns-is-layout-11 wp-block-columns-is-layout-flex\">\n<div class=\"wp-block-column is-content-justification-center is-layout-constrained wp-block-column-is-layout-constrained\">\n<h2 class=\"wp-block-heading\">Alles \u00fcber die Gesichtsreinigung<\/h2>\n\n\n<\/div>\n<\/div>","protected":false},"excerpt":{"rendered":"<p>Nettoyant visage Le nettoyage du visage repr\u00e9sente la premi\u00e8re \u00e9tape fondamentale d&rsquo;une routine beaut\u00e9 efficace. Votre peau fait face quotidiennement \u00e0 de nombreuses agressions : pollution, maquillage, exc\u00e8s de s\u00e9bum, cellules mortes et autres impuret\u00e9s qui s&rsquo;accumulent au fil de la journ\u00e9e. Un nettoyant adapt\u00e9 devient alors votre meilleur alli\u00e9 pour pr\u00e9server l&rsquo;\u00e9quilibre naturel de [&hellip;]<\/p>","protected":false},"author":11849,"featured_media":3264,"parent":0,"menu_order":0,"comment_status":"closed","ping_status":"closed","template":"","meta":{"_seopress_robots_primary_cat":"","_seopress_titles_title":"Nettoyants visage Rivoli pour une peau parfaitement purifi\u00e9e","_seopress_titles_desc":"Transformez votre rituel beaut\u00e9 avec notre double nettoyage visage. Gel d\u00e9maquillant et mousse nettoyante pour une peau nette et hydrat\u00e9e.","_seopress_robots_index":"","footnotes":""},"acf":[],"_links":{"self":[{"href":"https:\/\/rivoli.ch\/de\/wp-json\/wp\/v2\/pages\/3259"}],"collection":[{"href":"https:\/\/rivoli.ch\/de\/wp-json\/wp\/v2\/pages"}],"about":[{"href":"https:\/\/rivoli.ch\/de\/wp-json\/wp\/v2\/types\/page"}],"author":[{"embeddable":true,"href":"https:\/\/rivoli.ch\/de\/wp-json\/wp\/v2\/users\/11849"}],"replies":[{"embeddable":true,"href":"https:\/\/rivoli.ch\/de\/wp-json\/wp\/v2\/comments?post=3259"}],"version-history":[{"count":5,"href":"https:\/\/rivoli.ch\/de\/wp-json\/wp\/v2\/pages\/3259\/revisions"}],"predecessor-version":[{"id":3409,"href":"https:\/\/rivoli.ch\/de\/wp-json\/wp\/v2\/pages\/3259\/revisions\/3409"}],"wp:featuredmedia":[{"embeddable":true,"href":"https:\/\/rivoli.ch\/de\/wp-json\/wp\/v2\/media\/3264"}],"wp:attachment":[{"href":"https:\/\/rivoli.ch\/de\/wp-json\/wp\/v2\/media?parent=3259"}],"curies":[{"name":"wp","href":"https:\/\/api.w.org\/{rel}","templated":true}]}}