{"id":3249,"date":"2025-08-01T14:57:57","date_gmt":"2025-08-01T12:57:57","guid":{"rendered":"https:\/\/rivoli.ch\/?page_id=3249"},"modified":"2026-01-27T11:21:58","modified_gmt":"2026-01-27T10:21:58","slug":"augenpflege","status":"publish","type":"page","link":"https:\/\/rivoli.ch\/de\/augenpflege\/","title":{"rendered":"Augenpflege: Expertise f\u00fcr eine strahlende Augenpartie"},"content":{"rendered":"<p><\/p>\n\n\n\n<h1 class=\"wp-block-heading alignwide has-text-align-left page-category__title\">Augenpflege: Expertise f\u00fcr eine strahlende Augenpartie<\/h1>\n\n\n\n<div class=\"wp-block-media-text alignwide is-stacked-on-mobile\"><figure class=\"wp-block-media-text__media\" data-no-zoom=\"true\"><img loading=\"lazy\" decoding=\"async\" width=\"1024\" height=\"354\" src=\"https:\/\/rivoli.ch\/wp-content\/uploads\/2025\/07\/soin-contour-des-yeux-RIVOLI-1024x354.webp\" alt=\"soin contour des yeux rivoli\" class=\"wp-image-3257 size-full\" srcset=\"https:\/\/rivoli.ch\/wp-content\/uploads\/2025\/07\/soin-contour-des-yeux-RIVOLI-1024x354.webp 1024w, https:\/\/rivoli.ch\/wp-content\/uploads\/2025\/07\/soin-contour-des-yeux-RIVOLI-300x104.webp 300w, https:\/\/rivoli.ch\/wp-content\/uploads\/2025\/07\/soin-contour-des-yeux-RIVOLI-768x266.webp 768w, https:\/\/rivoli.ch\/wp-content\/uploads\/2025\/07\/soin-contour-des-yeux-RIVOLI-18x6.webp 18w, https:\/\/rivoli.ch\/wp-content\/uploads\/2025\/07\/soin-contour-des-yeux-RIVOLI-600x208.webp 600w, https:\/\/rivoli.ch\/wp-content\/uploads\/2025\/07\/soin-contour-des-yeux-RIVOLI.jpg 1300w\" sizes=\"(max-width: 1024px) 100vw, 1024px\" \/><\/figure><div class=\"wp-block-media-text__content\">\n<p>Die Haut um die Augen ist 3- bis 5-mal d\u00fcnner als im restlichen Gesicht und daher besonders anf\u00e4llig f\u00fcr Anzeichen von M\u00fcdigkeit und Hautalterung. Da diese empfindliche Zone durch Mimik t\u00e4glich mehr als 10.000 Mal beansprucht wird, ben\u00f6tigt sie eine Pflege, die exakt auf ihre einzigartigen Bed\u00fcrfnisse abgestimmt ist.<\/p>\n\n\n\n<p>Eine gezielte Augenpflege bek\u00e4mpft mehrere Probleme gleichzeitig: Linien und Falten, hartn\u00e4ckige Augenringe, Schwellungen und Dehydration. Bei Rivoli Gen\u00e8ve haben wir Hochleistungsformeln entwickelt, die nat\u00fcrliche Wirkstoffe mit patentierten Technologien kombinieren, um Ihren Blick zu verj\u00fcngen.<\/p>\n<\/div><\/div>\n\n\n\n<h2 class=\"wp-block-heading alignwide page-category__title\">Unsere besten Augenpflege-Produkte<\/h2>\n\n\n\n<div class=\"wp-block-columns alignwide is-layout-flex wp-container-core-columns-is-layout-3 wp-block-columns-is-layout-flex\">\n<div class=\"wp-block-column is-layout-flow wp-block-column-is-layout-flow\"><div data-block-name=\"woocommerce\/single-product\" data-product-id=\"432\" class=\"wp-block-woocommerce-single-product\">\n<div class=\"wp-block-columns is-layout-flex wp-container-core-columns-is-layout-1 wp-block-columns-is-layout-flex\">\n<div class=\"wp-block-column is-layout-flow wp-block-column-is-layout-flow\"><div data-block-name=\"woocommerce\/product-image\" data-show-sale-badge=\"false\" data-is-descendent-of-single-product-block=\"true\" class=\"wc-block-components-product-image wc-block-grid__product-image\" style=\"\">\n\t\t\t\t\t<a href=\"https:\/\/rivoli.ch\/de\/produkte\/le-regard-2-0-traitement-ultra-correctif\/\" style=\"\"> <img loading=\"lazy\" decoding=\"async\" width=\"600\" height=\"600\" src=\"https:\/\/rivoli.ch\/wp-content\/uploads\/2024\/04\/RIV_LR-Traitement-t-bottle-ECOM-IMAGES_1040X1040_WHITE_3-600x600.webp\" class=\"attachment-woocommerce_single size-woocommerce_single\" alt=\"Le Regard 2.0 Traitement Ultra Correctif\" data-testid=\"product-image\" style=\"max-width:none;object-fit:cover;\" srcset=\"https:\/\/rivoli.ch\/wp-content\/uploads\/2024\/04\/RIV_LR-Traitement-t-bottle-ECOM-IMAGES_1040X1040_WHITE_3-600x600.webp 600w, https:\/\/rivoli.ch\/wp-content\/uploads\/2024\/04\/RIV_LR-Traitement-t-bottle-ECOM-IMAGES_1040X1040_WHITE_3-300x300.webp 300w, https:\/\/rivoli.ch\/wp-content\/uploads\/2024\/04\/RIV_LR-Traitement-t-bottle-ECOM-IMAGES_1040X1040_WHITE_3-1024x1024.webp 1024w, https:\/\/rivoli.ch\/wp-content\/uploads\/2024\/04\/RIV_LR-Traitement-t-bottle-ECOM-IMAGES_1040X1040_WHITE_3-150x150.webp 150w, https:\/\/rivoli.ch\/wp-content\/uploads\/2024\/04\/RIV_LR-Traitement-t-bottle-ECOM-IMAGES_1040X1040_WHITE_3-768x768.webp 768w, https:\/\/rivoli.ch\/wp-content\/uploads\/2024\/04\/RIV_LR-Traitement-t-bottle-ECOM-IMAGES_1040X1040_WHITE_3-12x12.webp 12w, https:\/\/rivoli.ch\/wp-content\/uploads\/2024\/04\/RIV_LR-Traitement-t-bottle-ECOM-IMAGES_1040X1040_WHITE_3.jpg 1040w\" sizes=\"(max-width: 600px) 100vw, 600px\" \/><\/a>\n\t\t\t\t<\/div>\n\n<h3 class=\"has-text-align-center wp-block-post-title\"><a href=\"https:\/\/rivoli.ch\/de\/produkte\/le-regard-2-0-traitement-ultra-correctif\/\" target=\"_self\" >Le Regard 2.0 Traitement Ultra Correctif<\/a><\/h3>\n\n<div data-block-name=\"woocommerce\/product-price\" data-text-align=\"center\" data-is-descendent-of-single-product-block=\"true\" class=\"wp-block-woocommerce-product-price\"><div class=\"wc-block-components-product-price wc-block-grid__product-price has-text-align-center has-text-align-center\" style=\"\">\n\t\t\t\t\t<span class=\"woocs_price_code\" data-currency=\"\" data-redraw-id=\"69e153cc42ba0\"  data-product-id=\"432\"><span class=\"woocommerce-Price-amount amount\"><bdi><span class=\"woocommerce-Price-currencySymbol\">&#67;&#72;&#70;<\/span>&nbsp;179.\u2013<\/bdi><\/span><\/span>\n\t\t\t\t<\/div><\/div><\/div>\n<\/div>\n<\/div><\/div>\n\n\n\n<div class=\"wp-block-column is-layout-flow wp-block-column-is-layout-flow\"><div data-block-name=\"woocommerce\/single-product\" data-product-id=\"438\" class=\"wp-block-woocommerce-single-product\">\n<div class=\"wp-block-columns is-layout-flex wp-container-core-columns-is-layout-2 wp-block-columns-is-layout-flex\">\n<div class=\"wp-block-column is-layout-flow wp-block-column-is-layout-flow\"><div data-block-name=\"woocommerce\/product-image\" data-show-sale-badge=\"false\" data-is-descendent-of-single-product-block=\"true\" class=\"wc-block-components-product-image wc-block-grid__product-image\" style=\"\">\n\t\t\t\t\t<a href=\"https:\/\/rivoli.ch\/de\/produkte\/le-regard-serum-liftant-eclat-2-0\/\" style=\"\"> <img loading=\"lazy\" decoding=\"async\" width=\"600\" height=\"600\" src=\"https:\/\/rivoli.ch\/wp-content\/uploads\/2024\/04\/RIV_ECOM-IMAGES_1040X1040_WHITE_-600x600.webp\" class=\"attachment-woocommerce_single size-woocommerce_single\" alt=\"Le Regard S\u00e9rum Liftant \u00c9clat 2.0\" data-testid=\"product-image\" style=\"max-width:none;object-fit:cover;\" srcset=\"https:\/\/rivoli.ch\/wp-content\/uploads\/2024\/04\/RIV_ECOM-IMAGES_1040X1040_WHITE_-600x600.webp 600w, https:\/\/rivoli.ch\/wp-content\/uploads\/2024\/04\/RIV_ECOM-IMAGES_1040X1040_WHITE_-300x300.webp 300w, https:\/\/rivoli.ch\/wp-content\/uploads\/2024\/04\/RIV_ECOM-IMAGES_1040X1040_WHITE_-1024x1024.webp 1024w, https:\/\/rivoli.ch\/wp-content\/uploads\/2024\/04\/RIV_ECOM-IMAGES_1040X1040_WHITE_-150x150.webp 150w, https:\/\/rivoli.ch\/wp-content\/uploads\/2024\/04\/RIV_ECOM-IMAGES_1040X1040_WHITE_-768x768.webp 768w, https:\/\/rivoli.ch\/wp-content\/uploads\/2024\/04\/RIV_ECOM-IMAGES_1040X1040_WHITE_-12x12.webp 12w, https:\/\/rivoli.ch\/wp-content\/uploads\/2024\/04\/RIV_ECOM-IMAGES_1040X1040_WHITE_.jpg 1040w\" sizes=\"(max-width: 600px) 100vw, 600px\" \/><\/a>\n\t\t\t\t<\/div>\n\n<h3 class=\"has-text-align-center wp-block-post-title\"><a href=\"https:\/\/rivoli.ch\/de\/produkte\/le-regard-serum-liftant-eclat-2-0\/\" target=\"_self\" >Le Regard S\u00e9rum Liftant \u00c9clat 2.0<\/a><\/h3>\n\n<div data-block-name=\"woocommerce\/product-price\" data-text-align=\"center\" data-is-descendent-of-single-product-block=\"true\" class=\"wp-block-woocommerce-product-price\"><div class=\"wc-block-components-product-price wc-block-grid__product-price has-text-align-center has-text-align-center\" style=\"\">\n\t\t\t\t\t<span class=\"woocs_price_code\" data-currency=\"\" data-redraw-id=\"69e153cc4f1ce\"  data-product-id=\"438\"><span class=\"woocommerce-Price-amount amount\"><bdi><span class=\"woocommerce-Price-currencySymbol\">&#67;&#72;&#70;<\/span>&nbsp;179.\u2013<\/bdi><\/span><\/span>\n\t\t\t\t<\/div><\/div><\/div>\n<\/div>\n<\/div><\/div>\n\n\n\n<div class=\"wp-block-column is-layout-flow wp-block-column-is-layout-flow\"><\/div>\n\n\n\n<div class=\"wp-block-column is-layout-flow wp-block-column-is-layout-flow\"><\/div>\n<\/div>\n\n\n\n<h2 class=\"wp-block-heading alignwide has-text-align-left page-category__title\">Warum ben\u00f6tigt die Augenpartie eine spezielle Pflege?<\/h2>\n\n\n\n<div class=\"wp-block-columns alignwide page-category__col2 is-layout-flex wp-container-core-columns-is-layout-4 wp-block-columns-is-layout-flex\">\n<div class=\"wp-block-column is-layout-flow wp-block-column-is-layout-flow\">\n<p>Ihre Anatomie ist einzigartig: Mit nur etwa 0,5 mm Dicke (gegen\u00fcber 2 mm im restlichen Gesicht) verf\u00fcgt sie \u00fcber kaum sch\u00fctzende Talgdr\u00fcsen.<\/p>\n\n\n\n<p>Die empfindliche Mikro- und Lymphzirkulation reagiert sensibel auf Hormone und oxidativen Stress, was die schnelle Entstehung von Augenringen und Schwellungen erkl\u00e4rt.<\/p>\n\n\n\n<p>Eine herk\u00f6mmliche Gesichtscreme w\u00e4re hier oft zu reichhaltig und k\u00f6nnte zu Milien (Hautgrie\u00df) f\u00fchren.<\/p>\n<\/div>\n<\/div>\n\n\n\n<h2 class=\"wp-block-heading alignwide page-category__title\">Vorteile einer angepassten Augencreme?<\/h2>\n\n\n\n<div class=\"wp-block-columns alignwide is-layout-flex wp-container-core-columns-is-layout-5 wp-block-columns-is-layout-flex\">\n<div class=\"wp-block-column is-layout-flow wp-block-column-is-layout-flow\">\n<h3 class=\"wp-block-heading alignwide\"><strong><strong><strong>Gezielte Anti-Falten-Wirkung<\/strong><\/strong><\/strong><\/h3>\n\n\n\n<p>Hyalurons\u00e4ure in Kombination mit straffenden Peptiden sorgt f\u00fcr einen sofortigen Lifting-Effekt und stimuliert gleichzeitig das nat\u00fcrliche Kollagen.<\/p>\n\n\n\n<p>\u00a0Hyalurons\u00e4ure in Kombination mit straffenden Peptiden sorgt f\u00fcr einen sofortigen Lifting-Effekt und regt gleichzeitig die nat\u00fcrliche Kollagenproduktion an. Diese aufpolsternde Wirkung mildert sichtbar Kr\u00e4henf\u00fc\u00dfe und F\u00e4ltchen um die Augen.<\/p>\n\n\n\n<p>\u00a0Die leichten, nat\u00fcrlichen Texturen ziehen schnell ein und hinterlassen keine R\u00fcckst\u00e4nde \u2013 f\u00fcr ein frischeres, erholteres Aussehen ab der ersten Anwendung.<\/p>\n<\/div>\n<\/div>\n\n\n\n<div class=\"wp-block-columns alignwide is-layout-flex wp-container-core-columns-is-layout-6 wp-block-columns-is-layout-flex\">\n<div class=\"wp-block-column is-layout-flow wp-block-column-is-layout-flow\">\n<h3 class=\"wp-block-heading alignwide\"><strong><strong><strong>Was hilft am effektivsten gegen Augenringe?<\/strong><\/strong><\/strong><\/h3>\n\n\n\n<p>Unsere Schweizer Expertise hat die Mechanismen hinter Augenringen entschl\u00fcsselt: verlangsamte Mikrozirkulation und Pigmentansammlungen.<\/p>\n\n\n\n<p>\u00a0Die Anwendung einer speziellen Augencreme regt den Lymphfluss an und aktiviert die zellul\u00e4re Entgiftung. Vitamin C, kombiniert mit abschwellenden Inhaltsstoffen, gleicht den Hautton aus und l\u00e4sst die Augen strahlen. F\u00fcr optimale Ergebnisse bewahren Sie die Creme im K\u00fchlschrank auf: Der k\u00fchlende Effekt verst\u00e4rkt ihre entw\u00e4ssernde Wirkung.<\/p>\n\n\n\n<p>Die ASPRivoli\u00ae-Technologie st\u00e4rkt die Gef\u00e4\u00dfw\u00e4nde und reguliert die Melaninsynthese. Vitamin C und abschwellende Wirkstoffe vereinheitlichen den Hautton und bringen den Blick zum Strahlen \u2013 oft schon innerhalb von 14 Tagen sichtbar.<\/p>\n<\/div>\n<\/div>\n\n\n\n<div class=\"wp-block-columns alignwide is-layout-flex wp-container-core-columns-is-layout-7 wp-block-columns-is-layout-flex\">\n<div class=\"wp-block-column is-layout-flow wp-block-column-is-layout-flow\">\n<h3 class=\"wp-block-heading alignwide\"><strong><strong><strong>Abschwellender Effekt bei Tr\u00e4nens\u00e4cken<\/strong><\/strong><\/strong><\/h3>\n\n\n\n<p>Pflanzliches Koffein, Rosskastanie und Gurkenextrakt f\u00f6rdern den Lymphabfluss und reduzieren Fl\u00fcssigkeitsansammlungen.<\/p>\n\n\n\n<p>\u00a0Die Geltextur, angereichert mit Rosskastanien- und Gurkenextrakten, st\u00e4rkt die Blutgef\u00e4\u00dfw\u00e4nde und reduziert gleichzeitig Wassereinlagerungen. Um die abschwellende Wirkung zu maximieren, sollte die Anwendung des Produkts von einer sanften Massage begleitet werden, die die Mikrozirkulation anregt.<\/p>\n\n\n\n<p>Klinische Studien zeigen eine Reduktion des Schwellungsvolumens um 7,5 % nach 6 Wochen.<\/p>\n<\/div>\n<\/div>\n\n\n\n<h2 class=\"wp-block-heading alignwide page-category__title\">RIVOLI \u2014 Schweizer Expertise f\u00fcr die Augen<\/h2>\n\n\n\n<div class=\"wp-block-columns alignwide page-category__col2 is-layout-flex wp-container-core-columns-is-layout-8 wp-block-columns-is-layout-flex\">\n<div class=\"wp-block-column is-layout-flow wp-block-column-is-layout-flow\">\n<p>In unserem ISO-zertifizierten Forschungszentrum im Emmental entwickeln Wissenschaftler Formeln, die das empfindliche Gewebe respektieren. Unsere Produkte sind parf\u00fcmfrei, ophthalmologisch getestet und vereinen botanische Extrakte mit modernster Biotechnologie.<\/p>\n\n\n\n<p>Die Ultra Corrective Treatment und das Radiance Lifting Serum verk\u00f6rpern diese Schweizer Expertise. Diese Behandlungen enthalten ASPRivoli\u00ae-Vorl\u00e4uferwirkstoffe, die die Kollagenproduktion auf nat\u00fcrliche Weise anregen, kombiniert mit sorgf\u00e4ltig ausgew\u00e4hlten Pflanzenextrakten.<\/p>\n\n\n\n<p>Unsere Formeln schonen die empfindliche Augenpartie dank ihrer angenehmen, parf\u00fcmfreien Textur und sind mit speziell f\u00fcr diese sensible Zone entwickelten Wirkstoffen angereichert. Jedes Produkt wird augen\u00e4rztlich getestet, um optimale Vertr\u00e4glichkeit zu gew\u00e4hrleisten.<\/p>\n<\/div>\n<\/div>\n\n\n\n<h2 class=\"wp-block-heading alignwide page-category__title\">Le Regard 2.0 \u2014  Unser Signature-Sortiment<\/h2>\n\n\n\n<div class=\"wp-block-columns alignwide is-layout-flex wp-container-core-columns-is-layout-9 wp-block-columns-is-layout-flex\">\n<div class=\"wp-block-column is-layout-flow wp-block-column-is-layout-flow\">\n<h3 class=\"wp-block-heading alignwide\"><strong><strong><strong>Die Ultra Corrective Treatment Behandlung: Hochpr\u00e4zise Anti-Aging-Behandlung<\/strong><\/strong><\/strong><\/h3>\n\n\n\n<p>Ultra Corrective Treatment: Eine Hochpr\u00e4zisions-Pflege mit Niacinamid und Ceramiden. Klinisch best\u00e4tigt: \u201330,3 % Augenringe und \u201323,6 % Falten nach 42 Tagen.<\/p>\n\n\n\n<p class=\"translation-block\">Diese Augenkonturcreme kombiniert aufhellendes <strong>Niacinamid<\/strong>, feuchtigkeitsspendendes <strong>Squalan<\/strong> und reparierende <strong>Ceramide<\/strong>, um die empfindliche Augenpartie zu gl\u00e4tten und zu sch\u00fctzen.\u00a0<\/p>\n\n\n\n<p>Klinische Studien belegen seine Wirksamkeit in mehreren Bereichen: eine Reduzierung von Augenringen um 30,3 % nach 42 Tagen, eine Reduzierung von Falten um 23,6 % und eine sichtbare Verringerung von Tr\u00e4nens\u00e4cken. Die cremige Textur, angereichert mit Tamarindensamenextrakt, sorgt f\u00fcr optimale Feuchtigkeitsversorgung.\u00a0<\/p>\n\n\n\n<p>\u00a0Unsere sanfte und umweltfreundliche Formel, augen\u00e4rztlich getestet, schont die empfindliche Augenpartie. Ultra Corrective Treatment 2.0 sch\u00fctzt diese sensible Zone vor \u00e4u\u00dferen Einfl\u00fcssen und st\u00e4rkt gleichzeitig ihre Barrierefunktion durch die nat\u00fcrliche Reaktivierung von Hautproteinen.<\/p>\n<\/div>\n<\/div>\n\n\n\n<div class=\"wp-block-columns alignwide is-layout-flex wp-container-core-columns-is-layout-10 wp-block-columns-is-layout-flex\">\n<div class=\"wp-block-column is-layout-flow wp-block-column-is-layout-flow\">\n<h3 class=\"wp-block-heading alignwide\"><strong><strong><strong>S\u00e9rum Liftant \u00c9clat \u2014 erhellende Innovation<\/strong><\/strong><\/strong><\/h3>\n\n\n\n<p class=\"translation-block\">S\u00e9rum Liftant \u00c9clat: Ein innovatives Serum mit intelligenten Perlmuttpigmenten f\u00fcr sofortige Leuchtkraft. Bietet einen sofortigen Straffungseffekt: \u201322,8 % Falten in 28 Tagen.<\/p>\n\n\n\n<p>Unsere exklusive Formel vereint straffenden Sorghum-Extrakt mit einem beruhigenden, biotechnologisch gewonnenen Pflanzenkomplex. Diese Synergie aktiver Inhaltsstoffe erweckt die nat\u00fcrliche Ausstrahlung der Augenpartie und gl\u00e4ttet sichtbar feine Linien. So kombiniert sie beispielsweise tonisierenden Sorghum-Extrakt, beruhigendes Panthenol und pflegendes Kokosnuss\u00f6l, um die Augenpartie sichtbar zu erfrischen, zu pflegen und zu revitalisieren.\u00a0<\/p>\n\n\n\n<p class=\"translation-block\">\u00a0Das Serum mit seiner ultraleichten Textur zieht schnell ein und sorgt f\u00fcr einen sofortigen Straffungseffekt.  <a href=\"https:\/\/rivoli.ch\/wp-content\/uploads\/2024\/04\/LE-REGARD-2.0-lifting-radiance.pdf\" target=\"_self\">Klinische Studien <\/a> best\u00e4tigen seine Wirksamkeit: Es reduziert Falten (-22,8 % Falten in 28 Tagen).<\/p>\n<\/div>\n<\/div>\n\n\n\n<figure data-no-zoom=\"true\" class=\"wp-block-image alignfull size-large\"><a href=\"https:\/\/rivoli.ch\/wp-content\/uploads\/2025\/07\/Le-Regard-2.0-RIVOLI.jpg\"><img loading=\"lazy\" decoding=\"async\" width=\"1024\" height=\"354\" src=\"https:\/\/rivoli.ch\/wp-content\/uploads\/2025\/07\/Le-Regard-2.0-RIVOLI-1024x354.webp\" alt=\"Soin contour des yeux le regard 2.0 rivoli\" class=\"wp-image-3253\" srcset=\"https:\/\/rivoli.ch\/wp-content\/uploads\/2025\/07\/Le-Regard-2.0-RIVOLI-1024x354.webp 1024w, https:\/\/rivoli.ch\/wp-content\/uploads\/2025\/07\/Le-Regard-2.0-RIVOLI-300x104.webp 300w, https:\/\/rivoli.ch\/wp-content\/uploads\/2025\/07\/Le-Regard-2.0-RIVOLI-768x266.webp 768w, https:\/\/rivoli.ch\/wp-content\/uploads\/2025\/07\/Le-Regard-2.0-RIVOLI-18x6.webp 18w, https:\/\/rivoli.ch\/wp-content\/uploads\/2025\/07\/Le-Regard-2.0-RIVOLI-600x208.webp 600w, https:\/\/rivoli.ch\/wp-content\/uploads\/2025\/07\/Le-Regard-2.0-RIVOLI.jpg 1300w\" sizes=\"(max-width: 1024px) 100vw, 1024px\" \/><\/a><\/figure>\n\n\n\n<div class=\"wp-block-columns alignwide is-layout-flex wp-container-core-columns-is-layout-11 wp-block-columns-is-layout-flex\">\n<div class=\"wp-block-column is-content-justification-center is-layout-constrained wp-block-column-is-layout-constrained\">\n<h2 class=\"wp-block-heading\">Alles \u00fcber die Augenpflege<\/h2>\n\n\n\n<div class=\"wp-block-group is-layout-constrained wp-block-group-is-layout-constrained\"><\/div>\n<\/div>\n<\/div>","protected":false},"excerpt":{"rendered":"<p>Soin contour des yeux La peau du contour des yeux, 3 \u00e0 5 fois plus fine que celle du reste du visage, est particuli\u00e8rement vuln\u00e9rable aux signes de fatigue et de vieillissement. Cette zone d\u00e9licate, sollicit\u00e9e plus de 10 000 fois par jour par nos expressions, n\u00e9cessite des soins sp\u00e9cifiquement formul\u00e9s pour r\u00e9pondre \u00e0 ses [&hellip;]<\/p>","protected":false},"author":11849,"featured_media":3253,"parent":0,"menu_order":0,"comment_status":"closed","ping_status":"closed","template":"","meta":{"_seopress_robots_primary_cat":"","_seopress_titles_title":"Cr\u00e8me contour des yeux : les secrets d'une peau sublim\u00e9e avec Rivoli","_seopress_titles_desc":"Soin contour des yeux Rivoli : \u00c9clat instantan\u00e9, hydratation profonde, anti-rides avec Le Regard 2.0, pour un regard frais et rajeuni.","_seopress_robots_index":"","footnotes":""},"acf":[],"_links":{"self":[{"href":"https:\/\/rivoli.ch\/de\/wp-json\/wp\/v2\/pages\/3249"}],"collection":[{"href":"https:\/\/rivoli.ch\/de\/wp-json\/wp\/v2\/pages"}],"about":[{"href":"https:\/\/rivoli.ch\/de\/wp-json\/wp\/v2\/types\/page"}],"author":[{"embeddable":true,"href":"https:\/\/rivoli.ch\/de\/wp-json\/wp\/v2\/users\/11849"}],"replies":[{"embeddable":true,"href":"https:\/\/rivoli.ch\/de\/wp-json\/wp\/v2\/comments?post=3249"}],"version-history":[{"count":8,"href":"https:\/\/rivoli.ch\/de\/wp-json\/wp\/v2\/pages\/3249\/revisions"}],"predecessor-version":[{"id":4245,"href":"https:\/\/rivoli.ch\/de\/wp-json\/wp\/v2\/pages\/3249\/revisions\/4245"}],"wp:featuredmedia":[{"embeddable":true,"href":"https:\/\/rivoli.ch\/de\/wp-json\/wp\/v2\/media\/3253"}],"wp:attachment":[{"href":"https:\/\/rivoli.ch\/de\/wp-json\/wp\/v2\/media?parent=3249"}],"curies":[{"name":"wp","href":"https:\/\/api.w.org\/{rel}","templated":true}]}}