{"id":217,"date":"2024-02-02T13:59:21","date_gmt":"2024-02-02T12:59:21","guid":{"rendered":"https:\/\/rivoli.dev.hayloft-it.ch\/?page_id=217"},"modified":"2024-09-06T15:56:50","modified_gmt":"2024-09-06T13:56:50","slug":"politique-de-confidentialite","status":"publish","type":"page","link":"https:\/\/rivoli.ch\/de\/politique-de-confidentialite\/","title":{"rendered":"Datenschutzrichtlinien"},"content":{"rendered":"<h1 class=\"wp-block-heading has-large-font-size\">Datenschutzrichtlinien<\/h1>\n\n\n\n<p>AKTUALISIERT AM 03.04.23<\/p>\n\n\n<div class=\"accordion wp-block-hayloft-accordion\" data-turbo=\"false\">\n            <div class=\"accordion-item\">\n            <h2 class=\"accordion-header\" id=\"69d1389c115c0-heading\">\n                <button class=\"accordion-button\" type=\"button\" data-bs-toggle=\"collapse\" data-bs-target=\"#69d1389c115c0\" aria-expanded=\"true\" aria-controls=\"69d1389c115c0\">\n                    \u00dcber uns                <\/button>\n            <\/h2>\n            <div id=\"69d1389c115c0\" class=\"accordion-collapse collapse show\" aria-labelledby=\"69d1389c115c0-heading\" data-bs-parent=\"#69d1389c115c0\">\n                <div class=\"accordion-body\">\n                    <p>Der Online-Shop www.rivoli.ch wird betrieben von der RIVOLI GEN\u00c8VE Vertrieb GmbH, Inhaberin der Marke RIVOLI, Lustgartenstrasse 103, 79576 Weil am Rhein, Deutschland.<\/p>\n<p>Datenverantwortlicher<br \/>\nDer Datenverantwortliche ist die f\u00fcr die Verarbeitung Ihrer personenbezogenen Daten zust\u00e4ndige Stelle, an die Sie sich bei einem Widerspruch bez\u00fcglich der Verwendung Ihrer Daten wenden k\u00f6nnen.<\/p>\n<p>RIVOLI GEN\u00c8VE Vertrieb GmbH<br \/>\nLustgartenstrasse 103<br \/>\n79576 Weil am Rhein<br \/>\nDeutschland<\/p>\n<p>Email : <a href=\"mailto:dataprotection@rivoli.ch\">dataprotection@rivoli.ch<\/a><\/p>\n                <\/div>\n            <\/div>\n        <\/div>\n            <div class=\"accordion-item\">\n            <h2 class=\"accordion-header\" id=\"69d1389c115c4-heading\">\n                <button class=\"accordion-button collapsed\" type=\"button\" data-bs-toggle=\"collapse\" data-bs-target=\"#69d1389c115c4\" aria-expanded=\"false\" aria-controls=\"69d1389c115c4\">\n                    Zwecke der Verarbeitung personenbezogener Daten                <\/button>\n            <\/h2>\n            <div id=\"69d1389c115c4\" class=\"accordion-collapse collapse\" aria-labelledby=\"69d1389c115c4-heading\" data-bs-parent=\"#69d1389c115c4\">\n                <div class=\"accordion-body\">\n                    <p>Personenbezogene Daten sind die Informationen, anhand derer Sie pers\u00f6nlich direkt oder in Verbindung mit anderen Informationen identifiziert werden k\u00f6nnen.<br \/>\nDie uns w\u00e4hrend des Kaufvorgangs bereitgestellten Angaben sind beschr\u00e4nkt auf die notwendigen Daten f\u00fcr unseren Kundendienst, unter strenger Einhaltung der Vorschriften. Wenn Sie unsere Webseite besuchen, werden Sie aufgefordert, uns in Form von Frageb\u00f6gen oder Formularen Ihre pers\u00f6nlichen Angaben zur Verf\u00fcgung zu stellen. Die mit einem Stern (*) markierten Felder m\u00fcssen ausgef\u00fcllt werden, da die angeforderten Informationen f\u00fcr die Bearbeitung Ihrer Bestellungen erforderlich sind.<br \/>\nJegliche zus\u00e4tzlichen Informationen sind optional und werden verwendet, um Sie besser kennenzulernen. Sie m\u00fcssen diese Felder nicht ausf\u00fcllen, wenn Sie dies nicht m\u00f6chten. Diese Angaben werden verwendet, um Ihre Bestellungen zu dokumentieren und zu bearbeiten, Ihr pers\u00f6nliches Benutzerkonto zu verwalten, Marktumfragen durchzuf\u00fchren und Statistiken zu erstellen, um sicherzustellen, dass die Angebote, die wir Ihnen machen, angemessen sind sowie es uns zu erm\u00f6glichen, sowohl Qualit\u00e4tskontrollen f\u00fcr unsere Dienstleistungen als auch Marktumfragen durchzuf\u00fchren und Ihnen kommerzielle Angebote zu schicken.<\/p>\n                <\/div>\n            <\/div>\n        <\/div>\n            <div class=\"accordion-item\">\n            <h2 class=\"accordion-header\" id=\"69d1389c115c6-heading\">\n                <button class=\"accordion-button collapsed\" type=\"button\" data-bs-toggle=\"collapse\" data-bs-target=\"#69d1389c115c6\" aria-expanded=\"false\" aria-controls=\"69d1389c115c6\">\n                    Ihre Rechte                <\/button>\n            <\/h2>\n            <div id=\"69d1389c115c6\" class=\"accordion-collapse collapse\" aria-labelledby=\"69d1389c115c6-heading\" data-bs-parent=\"#69d1389c115c6\">\n                <div class=\"accordion-body\">\n                    <p>Nachstehend werden Ihre geb\u00fchrenfreien Rechte als Benutzer unserer Webseite in Bezug auf Ihre personenbezogenen Daten angef\u00fchrt:<br \/>\nRecht auf Auskunft \u00fcber die Verarbeitung Ihrer personenbezogenen Daten<br \/>\nRecht auf Zugriff auf die von uns gespeicherten personenbezogenen Daten<br \/>\nRecht auf Berichtigung fehlerhafter oder unvollst\u00e4ndiger personenbezogener Daten<br \/>\nRecht auf Vergessenwerden, d. h. Recht auf L\u00f6schung Ihrer personenbezogenen Daten<br \/>\nRecht auf Beschr\u00e4nkung der Verwendung von personenbezogenen Daten<br \/>\nRecht auf Widerspruch der Verwendung zum Zweck des Profilings und der automatisierten Entscheidungsfindung<br \/>\nRecht auf Widerruf der Genehmigung in Bezug auf die Verarbeitung Ihrer personenbezogenen Daten<br \/>\nRecht auf Erhalt Ihrer personenbezogenen Daten in einem strukturierten, gel\u00e4ufigen maschinenlesbaren Format und \u00dcbertragung Ihrer Daten an einen anderen Datenverantwortlichen<br \/>\nRecht auf Einforderung Ihrer Rechte bei einer zust\u00e4ndigen Beh\u00f6rde<\/p>\n<p>In manchen F\u00e4llen und trotz Ihrer L\u00f6schungsanfrage m\u00fcssen wir m\u00f6glicherweise einige der gespeicherten Daten aufgrund geltender Vorschriften aufbewahren. Wir werden jedoch eine weitere Verarbeitung Ihrer Daten unterbinden.<\/p>\n                <\/div>\n            <\/div>\n        <\/div>\n            <div class=\"accordion-item\">\n            <h2 class=\"accordion-header\" id=\"69d1389c115c8-heading\">\n                <button class=\"accordion-button collapsed\" type=\"button\" data-bs-toggle=\"collapse\" data-bs-target=\"#69d1389c115c8\" aria-expanded=\"false\" aria-controls=\"69d1389c115c8\">\n                    Daten, die wir erheben                <\/button>\n            <\/h2>\n            <div id=\"69d1389c115c8\" class=\"accordion-collapse collapse\" aria-labelledby=\"69d1389c115c8-heading\" data-bs-parent=\"#69d1389c115c8\">\n                <div class=\"accordion-body\">\n                    <h3>Bei der Verarbeitung von Bestellungen<\/h3>\n<p>Vorname*, Nachname*, Firmenname (optional), Land*, Adresse*, Telefonnummer*, E-Mail-Adresse*<br \/>\nNach Best\u00e4tigung der Bestellung verarbeiten wir ebenfalls Daten in Verbindung mit der Bestellung:<br \/>\nGekaufte Produkte, Art der verwendeten Kreditkarte (Visa, Mastercard etc.), Transaktionsdatum und -uhrzeit, IP-Adresse<\/p>\n<h3>Bei der Anmeldung f\u00fcr unseren Newsletter<\/h3>\n<p>Vorname*, Nachname*, Land*, E-Mail-Adresse*<br \/>\nDurch die Anmeldung f\u00fcr den Newsletter stimmen Sie dem Erhalt von Informationen \u00fcber die Marke sowie von kommerziellen Angeboten zu.<\/p>\n<h3>Beim Ausf\u00fcllen eines Kontaktformulars<\/h3>\n<p>Vorname*, Nachname*, Land*, E-Mail-Adresse*<\/p>\n<p>Die Daten werden verwendet, um die besten Dienstleistungen f\u00fcr die Bed\u00fcrfnisse der Kunden zu gew\u00e4hrleisten<\/p>\n                <\/div>\n            <\/div>\n        <\/div>\n            <div class=\"accordion-item\">\n            <h2 class=\"accordion-header\" id=\"69d1389c115ca-heading\">\n                <button class=\"accordion-button collapsed\" type=\"button\" data-bs-toggle=\"collapse\" data-bs-target=\"#69d1389c115ca\" aria-expanded=\"false\" aria-controls=\"69d1389c115ca\">\n                    Aufbewahrung Ihrer personenbezogenen Daten                <\/button>\n            <\/h2>\n            <div id=\"69d1389c115ca\" class=\"accordion-collapse collapse\" aria-labelledby=\"69d1389c115ca-heading\" data-bs-parent=\"#69d1389c115ca\">\n                <div class=\"accordion-body\">\n                    <p>Wir speichern personenbezogene Daten so lange wie dies notwendig ist, um unseren Kunden die angeforderten Dienstleistungen bereitzustellen, f\u00fcr berechtigte Interessen wie z. B. direkte Werbeaktionen, Retargeting (siehe Facebook-Retargeting-Abschnitt unten) und Messungen der Benutzerfrequenz. Wir l\u00f6schen Ihre personenbezogenen Daten nach 3-j\u00e4hriger Inaktivit\u00e4t seit der letzten Interaktion auf der Webseite oder wenn Sie dies w\u00fcnschen und uns davon in Kenntnis setzen.<\/p>\n<p>Nichtsdestotrotz m\u00fcssen wir aufgrund der geltenden Vorschriften in einigen F\u00e4llen und trotz Ihrer L\u00f6schungsanfrage einige Informationen weiterhin speichern. Wir werden in diesem Fall jedoch die Verarbeitung Ihrer Daten f\u00fcr weitere Zwecke beenden.<\/p>\n                <\/div>\n            <\/div>\n        <\/div>\n            <div class=\"accordion-item\">\n            <h2 class=\"accordion-header\" id=\"69d1389c115cb-heading\">\n                <button class=\"accordion-button collapsed\" type=\"button\" data-bs-toggle=\"collapse\" data-bs-target=\"#69d1389c115cb\" aria-expanded=\"false\" aria-controls=\"69d1389c115cb\">\n                    Dritte, an die wir Ihre Daten weitergeben                <\/button>\n            <\/h2>\n            <div id=\"69d1389c115cb\" class=\"accordion-collapse collapse\" aria-labelledby=\"69d1389c115cb-heading\" data-bs-parent=\"#69d1389c115cb\">\n                <div class=\"accordion-body\">\n                    <p>Um sicherzustellen, dass unsere Dienstleistungen gut \u00fcbermittelt werden, m\u00fcssen wir einen Teil Ihrer personenbezogenen Daten an Dritte weitergeben, zum Beispiel:<\/p>\n<p>Postdienstleister<br \/>\nInformationsdienstleister, die f\u00fcr die Wartung und die ordnungsgem\u00e4\u00dfe Funktion der Webseite zust\u00e4ndig sind<br \/>\nOnline-Zahlungsdienstleister<\/p>\n                <\/div>\n            <\/div>\n        <\/div>\n            <div class=\"accordion-item\">\n            <h2 class=\"accordion-header\" id=\"69d1389c115cd-heading\">\n                <button class=\"accordion-button collapsed\" type=\"button\" data-bs-toggle=\"collapse\" data-bs-target=\"#69d1389c115cd\" aria-expanded=\"false\" aria-controls=\"69d1389c115cd\">\n                    Dritte, an die wir Ihre Daten weitergeben - Facebook-Retargeting (aktualisiert am 17.02.2020)                <\/button>\n            <\/h2>\n            <div id=\"69d1389c115cd\" class=\"accordion-collapse collapse\" aria-labelledby=\"69d1389c115cd-heading\" data-bs-parent=\"#69d1389c115cd\">\n                <div class=\"accordion-body\">\n                    <p>Nous utilisons l\u2019outil de retargeting \u00ab Custom Audiences Retargeting \u00bb de Facebook Inc. (1601 S. California Ave., Palo Alto, CA 94304, USA; \u00ab Facebook \u00bb).<\/p>\n<p>Wenn Sie ein Produkt auf unserer Website bestellen, verschl\u00fcsseln wir Ihre E-Mail-Adresse und senden sie in verschl\u00fcsselter Form an Facebook.<\/p>\n<p>Mithilfe dieser verschl\u00fcsselten Informationen kann Facebook dir Produktempfehlungen in Form von gezielten Werbeanzeigen anbieten. Um dieser Retargeting-Praxis \"Custom Audiences Retargeting\" von Facebook zu widersprechen, folgen Sie bitte dem folgenden Link\u00a0<a href=\"https:\/\/www.facebook.com\/ads\/website_custom_audiences\/\" target=\"_blank\" rel=\"noopener\">https:\/\/www.facebook.com\/ads\/website_custom_audiences\/<\/a><\/p>\n                <\/div>\n            <\/div>\n        <\/div>\n            <div class=\"accordion-item\">\n            <h2 class=\"accordion-header\" id=\"69d1389c115ce-heading\">\n                <button class=\"accordion-button collapsed\" type=\"button\" data-bs-toggle=\"collapse\" data-bs-target=\"#69d1389c115ce\" aria-expanded=\"false\" aria-controls=\"69d1389c115ce\">\n                    Daten\u00fcbertragung au\u00dferhalb der EU                <\/button>\n            <\/h2>\n            <div id=\"69d1389c115ce\" class=\"accordion-collapse collapse\" aria-labelledby=\"69d1389c115ce-heading\" data-bs-parent=\"#69d1389c115ce\">\n                <div class=\"accordion-body\">\n                    <p>Da die RIVOLI GEN\u00c8VE Vertrieb GmbH ein Schweizer Unternehmen ist, ist die \u00dcbermittlung von Daten in die Schweiz daher selbstverst\u00e4ndlich, einige Dienstleister haben ihren Sitz ebenfalls in der Schweiz. Die Schweiz verf\u00fcgt \u00fcber ein angemessenes Datenschutzniveau, d.h. gleichwertig mit dem der Europ\u00e4ischen Union.<br \/>\nWie sch\u00fctzen wir Ihre personenbezogenen Daten?<\/p>\n<p>Wir achten auf den Schutz der gespeicherten personenbezogenen Daten der Benutzer und wir haben Ma\u00dfnahmen ergriffen, um ihren Verlust oder einen Datenverlust zu vermeiden.<\/p>\n<p>Wir beschr\u00e4nken den Zugriff auf Ihre personenbezogenen Daten auf eine begrenzte Liste von Angestellten und Dienstleistern, die vorstehend genannt werden.<\/p>\n<p>Unsere Webseite verwendet das Secure-Sockets-Layer-Protokoll (SSL-Protokoll) zur Verschl\u00fcsselung oder Kodierung von Informationen, die von Ihrem Ger\u00e4t und dem Server an uns \u00fcbermittelt werden.<\/p>\n<p>Trotz dieser Sicherheitsvorkehrungen k\u00f6nnen wir die Risiken eines Verlusts, einer Vernichtung oder Verbreitung von personenbezogenen Daten nicht ausschlie\u00dfen, die naturgem\u00e4\u00df bei der Online-Weitergabe von personenbezogenen Daten bestehen. Die Benutzer akzeptieren die vorstehend genannten Risiken und machen das Unternehmen nicht f\u00fcr etwaige Verletzungen der Sicherheit verantwortlich.<\/p>\n                <\/div>\n            <\/div>\n        <\/div>\n            <div class=\"accordion-item\">\n            <h2 class=\"accordion-header\" id=\"69d1389c115cf-heading\">\n                <button class=\"accordion-button collapsed\" type=\"button\" data-bs-toggle=\"collapse\" data-bs-target=\"#69d1389c115cf\" aria-expanded=\"false\" aria-controls=\"69d1389c115cf\">\n                    Cookies                <\/button>\n            <\/h2>\n            <div id=\"69d1389c115cf\" class=\"accordion-collapse collapse\" aria-labelledby=\"69d1389c115cf-heading\" data-bs-parent=\"#69d1389c115cf\">\n                <div class=\"accordion-body\">\n                    <p><strong>Was ist ein Cookie?<\/strong><br \/>\nCookies sind kleine Textdateien, die auf Ihrem digitalen Ger\u00e4t gespeichert werden. Einige werden nach Beendigung der Browser-Sitzung gel\u00f6scht, andere werden gespeichert, um den Browser beim n\u00e4chsten Besuch wiederzuerkennen.<\/p>\n<p><strong>Von uns verwendete Cookies<\/strong><br \/>\nErforderliche Cookies: Einige Funktionen sind ohne diese nicht gew\u00e4hrleistet, wie zum Beispiel der Zugang zu gesch\u00fctzten Bereichen, einige Texteintr\u00e4ge oder die Zusicherung, dass die Online-Zahlung ordnungsgem\u00e4\u00df funktioniert.<\/p>\n<p>Funktionalit\u00e4ts-Cookies: Sie dienen h\u00e4ufig der Zeiteinsparung, z. B. durch automatische Eintr\u00e4ge beim Ausf\u00fcllen eines Formulars. Derartige Cookies sind \u00fcblicherweise ein Jahr lang g\u00fcltig.<\/p>\n<p>Leistungs-Cookies: Sie werden verwendet, um Einblicke in die Leistung unserer Webseite und die demografischen Daten der Benutzer wie die Anzahl der Besuche auf einer spezifischen Seite zu erhalten.<\/p>\n<p>Werbe-Cookies: Sie werden f\u00fcr direkte Werbezwecke verwendet. Sie helfen uns beispielsweise dabei, unser Publikum mit unseren Online-Werbungen gezielter anzusprechen.<\/p>\n                <\/div>\n            <\/div>\n        <\/div>\n            <div class=\"accordion-item\">\n            <h2 class=\"accordion-header\" id=\"69d1389c115d1-heading\">\n                <button class=\"accordion-button collapsed\" type=\"button\" data-bs-toggle=\"collapse\" data-bs-target=\"#69d1389c115d1\" aria-expanded=\"false\" aria-controls=\"69d1389c115d1\">\n                    Wie kann ich Cookies akzeptieren oder blockieren?                <\/button>\n            <\/h2>\n            <div id=\"69d1389c115d1\" class=\"accordion-collapse collapse\" aria-labelledby=\"69d1389c115d1-heading\" data-bs-parent=\"#69d1389c115d1\">\n                <div class=\"accordion-body\">\n                    <p>Bei dem ersten Besuch eines Nutzers auf unserer Website erscheint ein Banner, um ihn \u00fcber die Verwendung von Cookies zu informieren.Durch die weitere Nutzung unserer Website akzeptiert der Benutzer unsere Cookie-Richtlinien.<br \/>\nEr kann seinen Browser jedoch so einstellen, dass er die Verwendung von Cookies \u00e4ndert oder blockiert, indem er den folgenden Links folgt:<\/p>\n<p>Internet Explorer :\u00a0<a href=\"https:\/\/support.microsoft.com\/fr-fr\/help\/17442\/windows-internet-explorer-delete-manage-cookies\" target=\"_blank\" rel=\"noopener\">https:\/\/support.microsoft.com\/fr-fr\/help\/17442\/windows-internet-explorer-delete-manage-cookies<\/a><\/p>\n<p>Chrome :\u00a0<a href=\"https:\/\/support.google.com\/chrome\/answer\/95647?co=GENIE.%C2%A0Platform%3DDesktop&amp;hl=fr\" target=\"_blank\" rel=\"noopener\">https:\/\/support.google.com\/chrome\/answer\/95647?co=GENIE.\u00a0Platform%3DDesktop&amp;hl=fr<\/a><\/p>\n<p>Firefox :\u00a0<a href=\"https:\/\/support.mozilla.org\/fr\/kb\/autoriser-bloquer-cookies-preferences-sites\" target=\"_blank\" rel=\"noopener\">https:\/\/support.mozilla.org\/fr\/kb\/autoriser-bloquer-cookies-preferences-sites<\/a><\/p>\n<p>Safari (Mac) :\u00a0<a href=\"https:\/\/support.apple.com\/fr-fr\/guide\/safari\/sfri11471\/mac\" target=\"_blank\" rel=\"noopener\">https:\/\/support.apple.com\/fr-fr\/guide\/safari\/sfri11471\/mac<\/a><\/p>\n<p>Safari (iphone &amp; ipad) :\u00a0<a href=\"https:\/\/support.apple.com\/fr-fr\/HT201265\" target=\"_blank\" rel=\"noopener\">https:\/\/support.apple.com\/fr-fr\/HT201265<\/a><\/p>\n<p>Opera (version anglaise) :\u00a0<a href=\"https:\/\/help.opera.com\/en\/latest\/web-preferences\/\" target=\"_blank\" rel=\"noopener\">https:\/\/help.opera.com\/en\/latest\/web-preferences\/<\/a><\/p>\n<p><strong>Von uns verwendete Cookies von Dritten<br \/>\n<\/strong>Da wir keine Kontrolle \u00fcber diese Cookies haben, k\u00f6nnen wir nicht gew\u00e4hrleisten, dass die Cookies von Dritten dem geltenden Recht entsprechen.<\/p>\n<p><strong>Google Adwords<br \/>\n<\/strong>Google AdWords ist ein Werbedienst von Google Inc. (1600 Amphitheatre Parkway, Mountain View, CA 94043, USA, Google).<br \/>\nDie Cookies werden verwendet, um die Werbeleistungen wie z. B. eine vorgenommene Umkehrung, nachdem der Benutzer auf die Google Suchmaschine geklickt hat, nachzuverfolgen. Diese Cookies verfallen \u00fcblicherweise nach 30 Tagen und identifizieren den Benutzer niemals direkt oder in Verbindung mit anderen Informationen pers\u00f6nlich.<\/p>\n<p><strong>Google Analytics<br \/>\n<\/strong>Google AdWords ist ein Werbedienst von Google Inc. (1600 Amphitheatre Parkway, Mountain View, CA 94043, USA, Google).<br \/>\nDie Cookies werden verwendet, um die Werbeleistungen wie z. B. eine vorgenommene Umkehrung, nachdem der Benutzer auf die Google Suchmaschine geklickt hat, nachzuverfolgen. Diese Cookies verfallen \u00fcblicherweise nach 30 Tagen und identifizieren den Benutzer niemals direkt oder in Verbindung mit anderen Informationen pers\u00f6nlich.<\/p>\n<p><strong>Facebook<br \/>\n<\/strong>Wir nutzen den Werbedienst von Facebook Inc. (1601 S. California Ave., Palo Alto, CA 94304, USA, Facebook). Die Facebook-Cookies werden verwendet, um die Benutzer unserer Webseite zu identifizieren, die ein Facebook-Konto haben und ihnen individuelle Werbung vorzuschlagen. Die Benutzer werden niemals direkt oder in Kombination mit anderen Informationen pers\u00f6nlich identifiziert.<\/p>\n                <\/div>\n            <\/div>\n        <\/div>\n            <div class=\"accordion-item\">\n            <h2 class=\"accordion-header\" id=\"69d1389c115ec-heading\">\n                <button class=\"accordion-button collapsed\" type=\"button\" data-bs-toggle=\"collapse\" data-bs-target=\"#69d1389c115ec\" aria-expanded=\"false\" aria-controls=\"69d1389c115ec\">\n                    An dieser Vertraulichkeitsrichtlinie vorgenommene \u00c4nderungen                <\/button>\n            <\/h2>\n            <div id=\"69d1389c115ec\" class=\"accordion-collapse collapse\" aria-labelledby=\"69d1389c115ec-heading\" data-bs-parent=\"#69d1389c115ec\">\n                <div class=\"accordion-body\">\n                    <p>Etwaige \u00c4nderungen an dieser Vertraulichkeitsrichtlinie werden auf der Webseite ver\u00f6ffentlicht und an alle Benutzer per E-Mail gesendet. Die Benutzer werden aufgefordert, diese Richtlinie regelm\u00e4\u00dfig zu lesen, um zu erfahren, ob \u00c4nderungen daran vorgenommen wurden.<\/p>\n                <\/div>\n            <\/div>\n        <\/div>\n    <\/div>","protected":false},"excerpt":{"rendered":"<p>Politique de confidentialit\u00e9 Derni\u00e8re mise \u00e0 jour le 03.04.2023<\/p>","protected":false},"author":1,"featured_media":0,"parent":0,"menu_order":0,"comment_status":"closed","ping_status":"closed","template":"","meta":{"_seopress_robots_primary_cat":"","_seopress_titles_title":"","_seopress_titles_desc":"","_seopress_robots_index":"","footnotes":""},"acf":[],"_links":{"self":[{"href":"https:\/\/rivoli.ch\/de\/wp-json\/wp\/v2\/pages\/217"}],"collection":[{"href":"https:\/\/rivoli.ch\/de\/wp-json\/wp\/v2\/pages"}],"about":[{"href":"https:\/\/rivoli.ch\/de\/wp-json\/wp\/v2\/types\/page"}],"author":[{"embeddable":true,"href":"https:\/\/rivoli.ch\/de\/wp-json\/wp\/v2\/users\/1"}],"replies":[{"embeddable":true,"href":"https:\/\/rivoli.ch\/de\/wp-json\/wp\/v2\/comments?post=217"}],"version-history":[{"count":14,"href":"https:\/\/rivoli.ch\/de\/wp-json\/wp\/v2\/pages\/217\/revisions"}],"predecessor-version":[{"id":1963,"href":"https:\/\/rivoli.ch\/de\/wp-json\/wp\/v2\/pages\/217\/revisions\/1963"}],"wp:attachment":[{"href":"https:\/\/rivoli.ch\/de\/wp-json\/wp\/v2\/media?parent=217"}],"curies":[{"name":"wp","href":"https:\/\/api.w.org\/{rel}","templated":true}]}}