{"id":215,"date":"2024-02-02T13:58:58","date_gmt":"2024-02-02T12:58:58","guid":{"rendered":"https:\/\/rivoli.dev.hayloft-it.ch\/?page_id=215"},"modified":"2024-09-06T15:55:12","modified_gmt":"2024-09-06T13:55:12","slug":"mentions-legales","status":"publish","type":"page","link":"https:\/\/rivoli.ch\/de\/mentions-legales\/","title":{"rendered":"Impressum"},"content":{"rendered":"<h1 class=\"wp-block-heading has-large-font-size\">Impressum<\/h1>\n\n\n\n<p>Informationen gem\u00e4\u00df Art. 5 Telemediengesetz (TMG)<\/p>\n\n\n\n<p>Verantwortlich f\u00fcr den gesamten Inhalt nebst Produktbeschreibungen und Preisangaben sowie m\u00f6glichen Datenschutz- und Markenrechtsverletzungen:<\/p>\n\n\n\n<p>RIVOLI GEN\u00c8VE Vertrieb GmbH<br>Lustgartenstrasse 103<br>79576 Weil am Rhein<br>Deutschland<br>Tel. : +49 (0) 7621-5605371<br>Gesch\u00e4ftsf\u00fchrer: Christian Mohn<br>Eingetragen: Handelsregister B des Amtsgerichts Freiburg im Breisgau \/ HRB 103759<br>Steuernummer: 47 242 67183<br>Ust.-ID-Nr.: DE 304 134 253<br>E-mail :&nbsp;<a href=\"mailto:contact@rivoli.ch\">contact@rivoli.ch<\/a><br>Datenschutz:&nbsp;<a href=\"mailto:contact@rivoli.ch\">contact@rivoli.ch<\/a><br>F\u00fcr den Datenschutz beauftragt: Thomas Ritter<\/p>\n\n\n\n<p>Alle Bestellungen, die Sie \u00fcber diesen Onlineshop ausl\u00f6sen, werden ausschlie\u00dflich von folgendem Partner durchgef\u00fchrt, der f\u00fcr uns als Kommission\u00e4r t\u00e4tig ist:<\/p>\n\n\n\n<p>ALLTIME Logistics GmbH<br>Lustgartenstrasse 103<br>79576 Weil am Rhein<br>Deutschland<br>E-mail :&nbsp;service@rivoli-shop.de<br>Ust.-ID-Nr.: DE 290 857 142<br>Gesch\u00e4ftsf\u00fchrer : Dirk Fischer<br>Eingetragen: Handelsregister B des Amtsgerichts Freiburg im Breisgau \/ HRB 701270<\/p>\n\n\n\n<p>Durch Absenden der Bestellung erkennen Sie auch die AGB der ALLTIME Logistics GmbH als Teil des geschlossenen Kaufvertrages an und best\u00e4tigen, von Ihrem Widerrufsrecht als Verbraucher Kenntnis genommen zu haben. Die ALLTIME Logistics GmbH ist Rechnungssteller und Versender und somit Ihr Vertragspartner. Sie sind daher gehalten, etwaig auftretende Probleme rund um Ihre Bestellung mit der ALLTIME Logistics GmbH zu kl\u00e4ren. Eine schuldbefreiende Zahlung ist nur an die ALLTIME Logistics GmbH m\u00f6glich.<\/p>\n\n\n\n<p class=\"translation-block\">Hinweis: Die Europ\u00e4ische Kommission stellt eine Plattform zur Online-Streitbeilegung (OS) bereit. Die Plattform finden Sie unter http:\/\/ec.europa.eu\/consumers\/odr\/ Die RIVOLI GEN\u00c8VE Vertrieb GmbH und die ALLTIME Logistics GmbH sind zur Teilnahme an einem Streitbeilegungsverfahren vor einer Verbraucherschlichtungsstelle weder bereit noch dazu verpflichtet.<\/p>","protected":false},"excerpt":{"rendered":"<p>Mentions l\u00e9gales Information en vertu de l\u2019art. 5 de la loi allemande sur les t\u00e9l\u00e9m\u00e9dias (TMG) Responsable de l\u2019ensemble du contenu, y compris des descriptions de produits et des informations concernant les prix, ainsi que des \u00e9ventuelles violations de la protection des donn\u00e9es et des marques d\u00e9pos\u00e9es : RIVOLI GEN\u00c8VE Vertrieb GmbHLustgartenstrasse 10379576 Weil am [&hellip;]<\/p>","protected":false},"author":1,"featured_media":0,"parent":0,"menu_order":0,"comment_status":"closed","ping_status":"closed","template":"","meta":{"_seopress_robots_primary_cat":"","_seopress_titles_title":"","_seopress_titles_desc":"","_seopress_robots_index":"","footnotes":""},"acf":[],"_links":{"self":[{"href":"https:\/\/rivoli.ch\/de\/wp-json\/wp\/v2\/pages\/215"}],"collection":[{"href":"https:\/\/rivoli.ch\/de\/wp-json\/wp\/v2\/pages"}],"about":[{"href":"https:\/\/rivoli.ch\/de\/wp-json\/wp\/v2\/types\/page"}],"author":[{"embeddable":true,"href":"https:\/\/rivoli.ch\/de\/wp-json\/wp\/v2\/users\/1"}],"replies":[{"embeddable":true,"href":"https:\/\/rivoli.ch\/de\/wp-json\/wp\/v2\/comments?post=215"}],"version-history":[{"count":6,"href":"https:\/\/rivoli.ch\/de\/wp-json\/wp\/v2\/pages\/215\/revisions"}],"predecessor-version":[{"id":1961,"href":"https:\/\/rivoli.ch\/de\/wp-json\/wp\/v2\/pages\/215\/revisions\/1961"}],"wp:attachment":[{"href":"https:\/\/rivoli.ch\/de\/wp-json\/wp\/v2\/media?parent=215"}],"curies":[{"name":"wp","href":"https:\/\/api.w.org\/{rel}","templated":true}]}}