{"id":444,"date":"2024-04-04T21:30:03","date_gmt":"2024-04-04T19:30:03","guid":{"rendered":"https:\/\/rivoli.dev.hayloft-it.ch\/?post_type=product&#038;p=444"},"modified":"2026-05-15T13:17:13","modified_gmt":"2026-05-15T11:17:13","slug":"le-decollete-lissant-raffermissant-n02","status":"publish","type":"product","link":"http:\/\/rivoli.ch\/fr\/produits\/le-decollete-lissant-raffermissant-n02\/","title":{"rendered":"Le D\u00e9collet\u00e9 Lissant &#038; Raffermissant N\u00b002"},"content":{"rendered":"<p>Le soin <em>Lissant &amp; Raffermissant <\/em>RIVOLI, notre cr\u00e8me con\u00e7ue pour la sant\u00e9 et la beaut\u00e9 du d\u00e9collet\u00e9, est disponible dans une nouvelle formule 02 respectueuse de l\u2019\u00e9cosyst\u00e8me cutan\u00e9.<\/p>\n<p>Zone sensible par son exposition aux rayons UV, le d\u00e9collet\u00e9 est sujet au manque de fermet\u00e9 et \u00e0 la formation des rides.<\/p>\n<p>Le soin <em>Lissant &amp; Raffermissant N\u00b002 <\/em>RIVOLI combine plusieurs actions sur la peau : il hydrate, prot\u00e8ge des effets n\u00e9fastes des UV, am\u00e9liore la fermet\u00e9 et r\u00e9duit les rides. Aussi, il illumine en un instant le d\u00e9collet\u00e9.<\/p>\n<p>Le soin <em>Lissant &amp; Raffermissant N\u00b002 <\/em>RIVOLI est biomim\u00e9tique, certifi\u00e9 v\u00e9gane et ne contient ni silicones, ni parab\u00e8nes, ni MICA, ni microplastiques.<\/p>\n","protected":false},"excerpt":{"rendered":"<p>Notre cr\u00e8me anti-\u00e2ge pour un d\u00e9collet\u00e9 lumineux, liss\u00e9 et prot\u00e9g\u00e9 des m\u00e9faits des UV.<\/p>\n","protected":false},"featured_media":1074,"comment_status":"closed","ping_status":"closed","template":"","meta":{"_seopress_robots_primary_cat":"none","_seopress_titles_title":"D\u00e9collet\u00e9 rid\u00e9 : notre cr\u00e8me lissante et raffermissante | Rivoli Gen\u00e8ve","_seopress_titles_desc":"D\u00e9couvrez notre cr\u00e8me lissante et raffermissante pour un d\u00e9collet\u00e9 liss\u00e9, raffermi et lumineux. Pr\u00e9vient les taches. \u2b50 Livraison Gratuite.","_seopress_robots_index":""},"product_cat":[23],"product_tag":[],"woo-feed-brand":[],"acf":[],"_links":{"self":[{"href":"http:\/\/rivoli.ch\/fr\/wp-json\/wp\/v2\/product\/444"}],"collection":[{"href":"http:\/\/rivoli.ch\/fr\/wp-json\/wp\/v2\/product"}],"about":[{"href":"http:\/\/rivoli.ch\/fr\/wp-json\/wp\/v2\/types\/product"}],"replies":[{"embeddable":true,"href":"http:\/\/rivoli.ch\/fr\/wp-json\/wp\/v2\/comments?post=444"}],"wp:featuredmedia":[{"embeddable":true,"href":"http:\/\/rivoli.ch\/fr\/wp-json\/wp\/v2\/media\/1074"}],"wp:attachment":[{"href":"http:\/\/rivoli.ch\/fr\/wp-json\/wp\/v2\/media?parent=444"}],"wp:term":[{"taxonomy":"product_cat","embeddable":true,"href":"http:\/\/rivoli.ch\/fr\/wp-json\/wp\/v2\/product_cat?post=444"},{"taxonomy":"product_tag","embeddable":true,"href":"http:\/\/rivoli.ch\/fr\/wp-json\/wp\/v2\/product_tag?post=444"},{"taxonomy":"woo-feed-brand","embeddable":true,"href":"http:\/\/rivoli.ch\/fr\/wp-json\/wp\/v2\/woo-feed-brand?post=444"}],"curies":[{"name":"wp","href":"https:\/\/api.w.org\/{rel}","templated":true}]}}