{"id":384,"date":"2024-04-04T19:04:36","date_gmt":"2024-04-04T17:04:36","guid":{"rendered":"https:\/\/rivoli.dev.hayloft-it.ch\/?post_type=product&#038;p=384"},"modified":"2026-04-14T10:17:43","modified_gmt":"2026-04-14T08:17:43","slug":"le-visage-serum-lumiere-n02","status":"publish","type":"product","link":"http:\/\/rivoli.ch\/fr\/produits\/le-visage-serum-lumiere-n02\/","title":{"rendered":"Le Visage S\u00e9rum Lumi\u00e8re N\u00b002"},"content":{"rendered":"<p>Le <em>S\u00e9rum Lumi\u00e8re<\/em>, raviveur d\u2019\u00e9clat, revient dans une nouvelle formule 02 encore plus efficace.<\/p>\n<p><span style=\"font-family: var(--wp--preset--font-family--sans-serif); font-size: var(--wp--preset--font-size--normal); text-align: var(--bs-body-text-align);\">Dot\u00e9 de nouvelles vertus correctrices, le <\/span><em style=\"font-family: var(--wp--preset--font-family--sans-serif); text-align: var(--bs-body-text-align);\">S\u00e9rum Lumi\u00e8re N\u00b002 <\/em><span style=\"font-family: var(--wp--preset--font-family--sans-serif); font-size: var(--wp--preset--font-size--normal); text-align: var(--bs-body-text-align);\">RIVOLI apporte un coup d\u2019\u00e9clat instantan\u00e9 \u00e0 la peau (+29%* en 30 minutes) et uniformise le teint (r\u00e9duction des rougeurs et taches brunes sur 70%* des femmes apr\u00e8s 28 jours d\u2019utilisation).<\/span><\/p>\n<p>Vainqueur du Prix de Beaut\u00e9 Annabelle 2022, le <em>S\u00e9rum Lumi\u00e8re N\u00b002 <\/em>RIVOLI est un concentr\u00e9 anti-\u00e2ge au pouvoir embellisseur. Enrichi en principes actifs anti-\u00e2ge, lisse les rides et les ridules et renforce la barri\u00e8re cutan\u00e9e.<\/p>\n<p>Le <em>S\u00e9rum Lumi\u00e8re N\u00b002 <\/em>RIVOLI est certifi\u00e9 v\u00e9gane et ne contient ni parab\u00e8nes, ni silicones, ni MICA.<\/p>\n","protected":false},"excerpt":{"rendered":"<p>Notre s\u00e9rum ultra performant pour un visage \u00e9clatant et radieux.<\/p>\n","protected":false},"featured_media":1093,"comment_status":"closed","ping_status":"closed","template":"","meta":{"_seopress_robots_primary_cat":"none","_seopress_titles_title":"Serum pour un visage \u00e9clatant et radiant | Rivoli Gen\u00e8ve","_seopress_titles_desc":"S\u00e9rum visage : ravivez l\u2019\u00e9clat de votre peau et obtenez un teint lumineux et uniforme avec le S\u00e9rum Lumi\u00e8re N\u00b002 Le Visage. \u2b50 Livraison Gratuite","_seopress_robots_index":""},"product_cat":[21],"product_tag":[],"woo-feed-brand":[],"acf":[],"_links":{"self":[{"href":"http:\/\/rivoli.ch\/fr\/wp-json\/wp\/v2\/product\/384"}],"collection":[{"href":"http:\/\/rivoli.ch\/fr\/wp-json\/wp\/v2\/product"}],"about":[{"href":"http:\/\/rivoli.ch\/fr\/wp-json\/wp\/v2\/types\/product"}],"replies":[{"embeddable":true,"href":"http:\/\/rivoli.ch\/fr\/wp-json\/wp\/v2\/comments?post=384"}],"wp:featuredmedia":[{"embeddable":true,"href":"http:\/\/rivoli.ch\/fr\/wp-json\/wp\/v2\/media\/1093"}],"wp:attachment":[{"href":"http:\/\/rivoli.ch\/fr\/wp-json\/wp\/v2\/media?parent=384"}],"wp:term":[{"taxonomy":"product_cat","embeddable":true,"href":"http:\/\/rivoli.ch\/fr\/wp-json\/wp\/v2\/product_cat?post=384"},{"taxonomy":"product_tag","embeddable":true,"href":"http:\/\/rivoli.ch\/fr\/wp-json\/wp\/v2\/product_tag?post=384"},{"taxonomy":"woo-feed-brand","embeddable":true,"href":"http:\/\/rivoli.ch\/fr\/wp-json\/wp\/v2\/woo-feed-brand?post=384"}],"curies":[{"name":"wp","href":"https:\/\/api.w.org\/{rel}","templated":true}]}}