{"id":444,"date":"2024-04-04T21:30:03","date_gmt":"2024-04-04T19:30:03","guid":{"rendered":"https:\/\/rivoli.dev.hayloft-it.ch\/?post_type=product&#038;p=444"},"modified":"2026-05-15T11:17:19","modified_gmt":"2026-05-15T09:17:19","slug":"le-decollete-lissant-raffermissant-n02","status":"publish","type":"product","link":"http:\/\/rivoli.ch\/en\/products-2\/le-decollete-lissant-raffermissant-n02\/","title":{"rendered":"Le D\u00e9collet\u00e9 Lissant &#038; Raffermissant N\u00b002"},"content":{"rendered":"<p class=\"translation-block\">The RIVOLI <em>Smoothing and Firming cream<\/em>, formulated for the beauty and heath of the d\u00e9collet\u00e9, is available in a new 02 formula that respects the skin's ecosystem.<\/p>\n<p>A sensitive area due to UV exposure, the d\u00e9collet\u00e9 is prone to lack of firmness and the formation of wrinkles.<\/p>\n<p class=\"translation-block\">RIVOLI <em>Smoothing and Firming N\u00b002<\/em> combines several actions: it moisturizes and protects the skin against the harmful effects of UV rays, improves firmness, and reduces wrinkles. It also instantly illuminates the d\u00e9collet\u00e9.<\/p>\n<p class=\"translation-block\">RIVOLI <em>Smoothing and Firming N\u00b002<\/em> is biomimetic, certified vegan and contains no silicones, parabens, MICA or microplastics.<\/p>","protected":false},"excerpt":{"rendered":"<p>Our anti-aging cream for luminous, smoothed skin around the d\u00e9collet\u00e9 also protects from the damaging effects of UV exposure.<\/p>","protected":false},"featured_media":1074,"comment_status":"closed","ping_status":"closed","template":"","meta":{"_seopress_robots_primary_cat":"none","_seopress_titles_title":"D\u00e9collet\u00e9 rid\u00e9 : notre cr\u00e8me lissante et raffermissante | Rivoli Gen\u00e8ve","_seopress_titles_desc":"D\u00e9couvrez notre cr\u00e8me lissante et raffermissante pour un d\u00e9collet\u00e9 liss\u00e9, raffermi et lumineux. Pr\u00e9vient les taches. \u2b50 Livraison Gratuite.","_seopress_robots_index":""},"product_cat":[23],"product_tag":[],"woo-feed-brand":[],"acf":[],"_links":{"self":[{"href":"http:\/\/rivoli.ch\/en\/wp-json\/wp\/v2\/product\/444"}],"collection":[{"href":"http:\/\/rivoli.ch\/en\/wp-json\/wp\/v2\/product"}],"about":[{"href":"http:\/\/rivoli.ch\/en\/wp-json\/wp\/v2\/types\/product"}],"replies":[{"embeddable":true,"href":"http:\/\/rivoli.ch\/en\/wp-json\/wp\/v2\/comments?post=444"}],"wp:featuredmedia":[{"embeddable":true,"href":"http:\/\/rivoli.ch\/en\/wp-json\/wp\/v2\/media\/1074"}],"wp:attachment":[{"href":"http:\/\/rivoli.ch\/en\/wp-json\/wp\/v2\/media?parent=444"}],"wp:term":[{"taxonomy":"product_cat","embeddable":true,"href":"http:\/\/rivoli.ch\/en\/wp-json\/wp\/v2\/product_cat?post=444"},{"taxonomy":"product_tag","embeddable":true,"href":"http:\/\/rivoli.ch\/en\/wp-json\/wp\/v2\/product_tag?post=444"},{"taxonomy":"woo-feed-brand","embeddable":true,"href":"http:\/\/rivoli.ch\/en\/wp-json\/wp\/v2\/woo-feed-brand?post=444"}],"curies":[{"name":"wp","href":"https:\/\/api.w.org\/{rel}","templated":true}]}}