{"id":215,"date":"2024-02-02T13:58:58","date_gmt":"2024-02-02T12:58:58","guid":{"rendered":"https:\/\/rivoli.dev.hayloft-it.ch\/?page_id=215"},"modified":"2024-09-06T15:55:12","modified_gmt":"2024-09-06T13:55:12","slug":"mentions-legales","status":"publish","type":"page","link":"http:\/\/rivoli.ch\/en\/mentions-legales\/","title":{"rendered":"Legal mentions"},"content":{"rendered":"<h1 class=\"wp-block-heading has-large-font-size\">Legal mentions<\/h1>\n\n\n\n<p>Information pursuant to Sect. 5 German Telemedia Act (TMG)<\/p>\n\n\n\n<p>Responsible for the entire content including product descriptions and price information as well as possible data protection and trademark infringements:<\/p>\n\n\n\n<p>RIVOLI GEN\u00c8VE Vertrieb GmbH<br>Lustgartenstrasse 103<br>79576 Weil am Rhein<br>Germany<br>Phone. : +49 (0) 7621-5605371<br>Managing Director: Christian Mohn<br>Registered at: Commercial Register B of the District Court of Freiburg im Breisgau \/ HRB 103759<br>Tax-Number: 47 242 67183<br>Value Added Tax ID: DE 304 134 253<br>E-mail :&nbsp;<a href=\"mailto:contact@rivoli.ch\">contact@rivoli.ch<\/a><br>Data-Protection:&nbsp;<a href=\"mailto:contact@rivoli.ch\">contact@rivoli.ch<\/a><br>Commissioned for data protection: Thomas Ritter<\/p>\n\n\n\n<p>All orders that you initiate via this online shop are carried out exclusively by the following partner, who works for us as a commission agent:<\/p>\n\n\n\n<p>ALLTIME Logistics GmbH<br>Lustgartenstrasse 103<br>79576 Weil am Rhein<br>Germany<br>E-mail :&nbsp;service@rivoli-shop.de<br>Value Added Tax ID: DE 290 857 142<br>Managing Director: Dirk Fischer<br>Registered at: Commercial Register B of the District Court of Freiburg im Breisgau \/ HRB 710270<\/p>\n\n\n\n<p>By sending the order, you also accept the ALLTIME Logistics GmbH terms and conditions as part of the concluded purchase contract and confirm that you are aware of your right of withdrawal as a consumer. ALLTIME Logistics GmbH is the invoice issuer and sender and therefore your contractual partner. You are therefore required to clarify any problems that may arise regarding your order with ALLTIME Logistics GmbH. A debt-discharging payment is only possible to ALLTIME Logistics GmbH.<\/p>\n\n\n\n<p class=\"translation-block\">Note: The European Commission provides a platform for online dispute resolution (OS). You can find the platform at http:\/\/ec.europa.eu\/consumers\/odr RIVOLI GEN\u00c8VE Vertrieb GmbH and ALLTIME Logistics GmbH are neither willing nor obliged to participate in a dispute settlement procedure before a consumer arbitration board.<\/p>","protected":false},"excerpt":{"rendered":"<p>Mentions l\u00e9gales Information en vertu de l\u2019art. 5 de la loi allemande sur les t\u00e9l\u00e9m\u00e9dias (TMG) Responsable de l\u2019ensemble du contenu, y compris des descriptions de produits et des informations concernant les prix, ainsi que des \u00e9ventuelles violations de la protection des donn\u00e9es et des marques d\u00e9pos\u00e9es : RIVOLI GEN\u00c8VE Vertrieb GmbHLustgartenstrasse 10379576 Weil am [&hellip;]<\/p>","protected":false},"author":1,"featured_media":0,"parent":0,"menu_order":0,"comment_status":"closed","ping_status":"closed","template":"","meta":{"_seopress_robots_primary_cat":"","_seopress_titles_title":"","_seopress_titles_desc":"","_seopress_robots_index":"","footnotes":""},"acf":[],"_links":{"self":[{"href":"http:\/\/rivoli.ch\/en\/wp-json\/wp\/v2\/pages\/215"}],"collection":[{"href":"http:\/\/rivoli.ch\/en\/wp-json\/wp\/v2\/pages"}],"about":[{"href":"http:\/\/rivoli.ch\/en\/wp-json\/wp\/v2\/types\/page"}],"author":[{"embeddable":true,"href":"http:\/\/rivoli.ch\/en\/wp-json\/wp\/v2\/users\/1"}],"replies":[{"embeddable":true,"href":"http:\/\/rivoli.ch\/en\/wp-json\/wp\/v2\/comments?post=215"}],"version-history":[{"count":6,"href":"http:\/\/rivoli.ch\/en\/wp-json\/wp\/v2\/pages\/215\/revisions"}],"predecessor-version":[{"id":1961,"href":"http:\/\/rivoli.ch\/en\/wp-json\/wp\/v2\/pages\/215\/revisions\/1961"}],"wp:attachment":[{"href":"http:\/\/rivoli.ch\/en\/wp-json\/wp\/v2\/media?parent=215"}],"curies":[{"name":"wp","href":"https:\/\/api.w.org\/{rel}","templated":true}]}}