{"id":444,"date":"2024-04-04T21:30:03","date_gmt":"2024-04-04T19:30:03","guid":{"rendered":"https:\/\/rivoli.dev.hayloft-it.ch\/?post_type=product&#038;p=444"},"modified":"2026-05-15T13:17:13","modified_gmt":"2026-05-15T11:17:13","slug":"le-decollete-lissant-raffermissant-n02","status":"publish","type":"product","link":"http:\/\/rivoli.ch\/de\/produkte\/le-decollete-lissant-raffermissant-n02\/","title":{"rendered":"Le D\u00e9collet\u00e9 Lissant &#038; Raffermissant N\u00b002"},"content":{"rendered":"<p class=\"translation-block\">Das Pflegeprodukt <em>Le D\u00e9collet\u00e9 Lissant &amp; Raffermissant<\/em> RIVOLI, unsere Creme f\u00fcr ein gesundes und sch\u00f6nes Dekollet\u00e9, ist in einer neuen Formel 02 zum Schutz des \u00d6kosystems der Haut erh\u00e4ltlich.<\/p>\n<p>Der UV-exponierte Dekollet\u00e9-Bereich, neigt zur Abnahme der Hautfestigkeit und zur Faltenbildung.<\/p>\n<p class=\"translation-block\">Das Pflegeprodukt <em>Le D\u00e9collet\u00e9 Lissant &amp; Raffermissant N\u00b002<\/em> RIVOLI wirkt auf vielf\u00e4ltige Weise auf die Haut: Es spendet Feuchtigkeit, sch\u00fctzt vor den sch\u00e4dlichen Auswirkungen der UV-Strahlen, verbessert die Straffheit und reduziert Falten. Zudem verleiht es dem Dekollet\u00e9 sofortige Leuchtkraft.<\/p>\n<p class=\"translation-block\">Das Pflegeprodukt <em>Le D\u00e9collet\u00e9 Lissant &amp; Raffermissant N\u00b002<\/em> RIVOLI ist biomimetisch, vegan zertifiziert und ohne Silikonen, Parabenen, MICA und Mikroplastik<\/p>","protected":false},"excerpt":{"rendered":"<p>Unsere Anti-Aging-Creme f\u00fcr ein strahlendes, gegl\u00e4ttetes Dekollet\u00e9, gesch\u00fctzt vor den sch\u00e4dlichen Auswirkungen der UV-Strahlen.<\/p>","protected":false},"featured_media":1074,"comment_status":"closed","ping_status":"closed","template":"","meta":{"_seopress_robots_primary_cat":"none","_seopress_titles_title":"D\u00e9collet\u00e9 rid\u00e9 : notre cr\u00e8me lissante et raffermissante | Rivoli Gen\u00e8ve","_seopress_titles_desc":"D\u00e9couvrez notre cr\u00e8me lissante et raffermissante pour un d\u00e9collet\u00e9 liss\u00e9, raffermi et lumineux. Pr\u00e9vient les taches. \u2b50 Livraison Gratuite.","_seopress_robots_index":""},"product_cat":[23],"product_tag":[],"woo-feed-brand":[],"acf":[],"_links":{"self":[{"href":"http:\/\/rivoli.ch\/de\/wp-json\/wp\/v2\/product\/444"}],"collection":[{"href":"http:\/\/rivoli.ch\/de\/wp-json\/wp\/v2\/product"}],"about":[{"href":"http:\/\/rivoli.ch\/de\/wp-json\/wp\/v2\/types\/product"}],"replies":[{"embeddable":true,"href":"http:\/\/rivoli.ch\/de\/wp-json\/wp\/v2\/comments?post=444"}],"wp:featuredmedia":[{"embeddable":true,"href":"http:\/\/rivoli.ch\/de\/wp-json\/wp\/v2\/media\/1074"}],"wp:attachment":[{"href":"http:\/\/rivoli.ch\/de\/wp-json\/wp\/v2\/media?parent=444"}],"wp:term":[{"taxonomy":"product_cat","embeddable":true,"href":"http:\/\/rivoli.ch\/de\/wp-json\/wp\/v2\/product_cat?post=444"},{"taxonomy":"product_tag","embeddable":true,"href":"http:\/\/rivoli.ch\/de\/wp-json\/wp\/v2\/product_tag?post=444"},{"taxonomy":"woo-feed-brand","embeddable":true,"href":"http:\/\/rivoli.ch\/de\/wp-json\/wp\/v2\/woo-feed-brand?post=444"}],"curies":[{"name":"wp","href":"https:\/\/api.w.org\/{rel}","templated":true}]}}